{"id":358,"date":"2021-07-06T14:44:05","date_gmt":"2021-07-06T14:44:05","guid":{"rendered":"https:\/\/www.cavendishsaglik.com\/de\/?page_id=358"},"modified":"2022-10-24T12:45:43","modified_gmt":"2022-10-24T12:45:43","slug":"dienstleistungen","status":"publish","type":"page","link":"https:\/\/www.cavendishsaglik.com\/de\/dienstleistungen\/","title":{"rendered":"Dienstleistungen"},"content":{"rendered":"\t\t<div data-elementor-type=\"wp-page\" data-elementor-id=\"358\" class=\"elementor elementor-358\">\n\t\t\t\t\t\t<section class=\"elementor-section elementor-top-section elementor-element elementor-element-f42e4ff elementor-section-full_width elementor-section-height-min-height elementor-section-height-default elementor-section-items-middle\" data-id=\"f42e4ff\" data-element_type=\"section\" data-settings=\"{&quot;background_background&quot;:&quot;classic&quot;}\">\n\t\t\t\t\t\t\t<div class=\"elementor-background-overlay\"><\/div>\n\t\t\t\t\t\t\t<div class=\"elementor-container elementor-column-gap-no\">\n\t\t\t\t\t<div class=\"elementor-column elementor-col-100 elementor-top-column elementor-element elementor-element-8916efa\" data-id=\"8916efa\" data-element_type=\"column\">\n\t\t\t<div class=\"elementor-widget-wrap elementor-element-populated\">\n\t\t\t\t\t\t<section class=\"elementor-section elementor-inner-section elementor-element elementor-element-fd2bcb0 elementor-section-boxed elementor-section-height-default elementor-section-height-default\" data-id=\"fd2bcb0\" data-element_type=\"section\">\n\t\t\t\t\t\t<div class=\"elementor-container elementor-column-gap-no\">\n\t\t\t\t\t<div class=\"elementor-column elementor-col-100 elementor-inner-column elementor-element elementor-element-97b095c\" data-id=\"97b095c\" data-element_type=\"column\">\n\t\t\t<div class=\"elementor-widget-wrap elementor-element-populated\">\n\t\t\t\t\t\t<div class=\"elementor-element elementor-element-ded2c53 elementor-widget elementor-widget-heading\" data-id=\"ded2c53\" data-element_type=\"widget\" data-widget_type=\"heading.default\">\n\t\t\t\t<div class=\"elementor-widget-container\">\n\t\t\t\t\t<h4 class=\"elementor-heading-title elementor-size-default\">Unsere D\u0131enstle\u0131stungen<\/h4>\t\t\t\t<\/div>\n\t\t\t\t<\/div>\n\t\t\t\t\t<\/div>\n\t\t<\/div>\n\t\t\t\t\t<\/div>\n\t\t<\/section>\n\t\t\t\t\t<\/div>\n\t\t<\/div>\n\t\t\t\t\t<\/div>\n\t\t<\/section>\n\t\t\t\t<section class=\"elementor-section elementor-top-section elementor-element elementor-element-a8eebb7 elementor-section-boxed elementor-section-height-default elementor-section-height-default\" data-id=\"a8eebb7\" data-element_type=\"section\">\n\t\t\t\t\t\t<div class=\"elementor-container elementor-column-gap-default\">\n\t\t\t\t\t<div class=\"elementor-column elementor-col-100 elementor-top-column elementor-element elementor-element-09a04f7\" data-id=\"09a04f7\" data-element_type=\"column\">\n\t\t\t<div class=\"elementor-widget-wrap elementor-element-populated\">\n\t\t\t\t\t\t<div class=\"elementor-element elementor-element-3daee06 elementor-widget elementor-widget-spacer\" data-id=\"3daee06\" data-element_type=\"widget\" data-widget_type=\"spacer.default\">\n\t\t\t\t<div class=\"elementor-widget-container\">\n\t\t\t\t\t\t\t<div class=\"elementor-spacer\">\n\t\t\t<div class=\"elementor-spacer-inner\"><\/div>\n\t\t<\/div>\n\t\t\t\t\t\t<\/div>\n\t\t\t\t<\/div>\n\t\t\t\t<section class=\"elementor-section elementor-inner-section elementor-element elementor-element-2e02258 elementor-section-boxed elementor-section-height-default elementor-section-height-default\" data-id=\"2e02258\" data-element_type=\"section\">\n\t\t\t\t\t\t<div class=\"elementor-container elementor-column-gap-default\">\n\t\t\t\t\t<div class=\"elementor-column elementor-col-33 elementor-inner-column elementor-element elementor-element-020ee79\" data-id=\"020ee79\" data-element_type=\"column\">\n\t\t\t<div class=\"elementor-widget-wrap elementor-element-populated\">\n\t\t\t\t\t\t<div class=\"elementor-element elementor-element-eea2778 elementor-widget elementor-widget-image\" data-id=\"eea2778\" data-element_type=\"widget\" data-widget_type=\"image.default\">\n\t\t\t\t<div class=\"elementor-widget-container\">\n\t\t\t\t\t\t\t\t\t\t\t\t\t\t\t\t<a href=\"https:\/\/www.cavendishsaglik.com\/de\/dienstleistungen\/tourismus\/\">\n\t\t\t\t\t\t\t<img decoding=\"async\" src=\"https:\/\/www.cavendishsaglik.com\/de\/wp-content\/uploads\/elementor\/thumbs\/CavendishHealth-SaglikTurizmi-MiniBanner400x250-pwe6p4tu9kj27oprx43dbmlynwkb050ykqbollj5xg.jpg\" title=\"CavendishHealth-Sa\u011fl\u0131kTurizmi-MiniBanner(400&#215;250)\" alt=\"CavendishHealth-Sa\u011fl\u0131kTurizmi-MiniBanner(400x250)\" loading=\"lazy\" \/>\t\t\t\t\t\t\t\t<\/a>\n\t\t\t\t\t\t\t\t\t\t\t\t\t\t\t<\/div>\n\t\t\t\t<\/div>\n\t\t\t\t<div class=\"elementor-element elementor-element-ba87f6a elementor-widget elementor-widget-heading\" data-id=\"ba87f6a\" data-element_type=\"widget\" data-widget_type=\"heading.default\">\n\t\t\t\t<div class=\"elementor-widget-container\">\n\t\t\t\t\t<h3 class=\"elementor-heading-title elementor-size-default\"><a href=\"https:\/\/www.cavendishsaglik.com\/de\/dienstleistungen\/tourismus\/\">TOURISMUS<\/a><\/h3>\t\t\t\t<\/div>\n\t\t\t\t<\/div>\n\t\t\t\t\t<\/div>\n\t\t<\/div>\n\t\t\t\t<div class=\"elementor-column elementor-col-33 elementor-inner-column elementor-element elementor-element-bf5f63d\" data-id=\"bf5f63d\" data-element_type=\"column\">\n\t\t\t<div class=\"elementor-widget-wrap elementor-element-populated\">\n\t\t\t\t\t\t<div class=\"elementor-element elementor-element-cc8d0d9 elementor-widget elementor-widget-image\" data-id=\"cc8d0d9\" data-element_type=\"widget\" data-widget_type=\"image.default\">\n\t\t\t\t<div class=\"elementor-widget-container\">\n\t\t\t\t\t\t\t\t\t\t\t\t\t\t\t\t<a href=\"https:\/\/www.cavendishsaglik.com\/de\/dienstleistungen\/organisation\/\">\n\t\t\t\t\t\t\t<img decoding=\"async\" src=\"https:\/\/www.cavendishsaglik.com\/de\/wp-content\/uploads\/elementor\/thumbs\/CavendishHealth-Organizasyon-MiniBanner400x250-pwe6pf62cqx7rear8qk9l201755cct60a5i0vn3u10.jpg\" title=\"CavendishHealth-Organizasyon-MiniBanner(400&#215;250)\" alt=\"CavendishHealth-Organizasyon-MiniBanner(400x250)\" loading=\"lazy\" \/>\t\t\t\t\t\t\t\t<\/a>\n\t\t\t\t\t\t\t\t\t\t\t\t\t\t\t<\/div>\n\t\t\t\t<\/div>\n\t\t\t\t<div class=\"elementor-element elementor-element-db19c35 elementor-widget elementor-widget-heading\" data-id=\"db19c35\" data-element_type=\"widget\" data-widget_type=\"heading.default\">\n\t\t\t\t<div class=\"elementor-widget-container\">\n\t\t\t\t\t<h3 class=\"elementor-heading-title elementor-size-default\"><a href=\"https:\/\/www.cavendishsaglik.com\/de\/dienstleistungen\/organisation\/\">ORGANISATION<\/a><\/h3>\t\t\t\t<\/div>\n\t\t\t\t<\/div>\n\t\t\t\t\t<\/div>\n\t\t<\/div>\n\t\t\t\t<div class=\"elementor-column elementor-col-33 elementor-inner-column elementor-element elementor-element-3358d65\" data-id=\"3358d65\" data-element_type=\"column\">\n\t\t\t<div class=\"elementor-widget-wrap elementor-element-populated\">\n\t\t\t\t\t\t<div class=\"elementor-element elementor-element-6d44c55 elementor-widget elementor-widget-image\" data-id=\"6d44c55\" data-element_type=\"widget\" data-widget_type=\"image.default\">\n\t\t\t\t<div class=\"elementor-widget-container\">\n\t\t\t\t\t\t\t\t\t\t\t\t\t\t\t\t<a href=\"https:\/\/www.cavendishsaglik.com\/de\/dienstleistungen\/kooperationen-partnerprogramme\/\">\n\t\t\t\t\t\t\t<img decoding=\"async\" src=\"https:\/\/www.cavendishsaglik.com\/de\/wp-content\/uploads\/elementor\/thumbs\/CavendishHealth-AraciSaglikHizmetleri-MiniBanner400x250-pwe6plqxol680o176benkic9cu8wuow4n22f8ku2tg.jpg\" title=\"CavendishHealth-Arac\u0131Sa\u011fl\u0131kHizmetleri-MiniBanner(400&#215;250)\" alt=\"CavendishHealth-Arac\u0131Sa\u011fl\u0131kHizmetleri-MiniBanner(400x250)\" loading=\"lazy\" \/>\t\t\t\t\t\t\t\t<\/a>\n\t\t\t\t\t\t\t\t\t\t\t\t\t\t\t<\/div>\n\t\t\t\t<\/div>\n\t\t\t\t<div class=\"elementor-element elementor-element-ec67d76 elementor-widget elementor-widget-heading\" data-id=\"ec67d76\" data-element_type=\"widget\" data-widget_type=\"heading.default\">\n\t\t\t\t<div class=\"elementor-widget-container\">\n\t\t\t\t\t<h3 class=\"elementor-heading-title elementor-size-default\"><a href=\"https:\/\/www.cavendishsaglik.com\/de\/dienstleistungen\/kooperationen-partnerprogramme\/\">KOOPERATIONEN &amp; PARTNERPROGRAMME<\/a><\/h3>\t\t\t\t<\/div>\n\t\t\t\t<\/div>\n\t\t\t\t\t<\/div>\n\t\t<\/div>\n\t\t\t\t\t<\/div>\n\t\t<\/section>\n\t\t\t\t\t<\/div>\n\t\t<\/div>\n\t\t\t\t\t<\/div>\n\t\t<\/section>\n\t\t\t\t<section class=\"elementor-section elementor-top-section elementor-element elementor-element-dff1dc1 elementor-section-boxed elementor-section-height-default elementor-section-height-default\" data-id=\"dff1dc1\" data-element_type=\"section\">\n\t\t\t\t\t\t<div class=\"elementor-container elementor-column-gap-default\">\n\t\t\t\t\t<div class=\"elementor-column elementor-col-100 elementor-top-column elementor-element elementor-element-b13b47e\" data-id=\"b13b47e\" data-element_type=\"column\">\n\t\t\t<div class=\"elementor-widget-wrap elementor-element-populated\">\n\t\t\t\t\t\t<div class=\"elementor-element elementor-element-f7e89dc elementor-widget elementor-widget-text-editor\" data-id=\"f7e89dc\" data-element_type=\"widget\" data-widget_type=\"text-editor.default\">\n\t\t\t\t<div class=\"elementor-widget-container\">\n\t\t\t\t\t\t\t\t\t<p>Cavendish Health steht im Zentrum aller Gesundheitsdienste und erm\u00f6glicht es G\u00e4sten, Versicherten und Gesundheitsdienstleistern, die jedes Jahr medizinische Versorgung aus vielen Teilen der Welt erhalten m\u00f6chten, die Qualit\u00e4t und Preisstabilit\u00e4t der Behandlung mit analytischen L\u00f6sungen zu optimieren.<\/p><p>Die kostenkontrolldienste von Cavendish Health sch\u00f6pfen ihre Kraft aus dem Erfolg des Gesundheitssektors und seiner Anwendungen, der Erfahrung seines Teams und dem transparenten Gesch\u00e4ftsmodell, das auf &#8220;den g\u00fcnstigsten Preisen f\u00fcr eine qualitativ hochwertige Behandlung in der T\u00fcrkei und in der Welt&#8221; basiert.<\/p><p>Die Transparenz des Gesch\u00e4ftsmodells von Cavendish Health wird durch die Nichteinhaltung von Faktoren gekennzeichnet, die die Interessen seiner G\u00e4ste beeintr\u00e4chtigen. Cavendish Health ist eine Gesundheits-Management-Institution, die auf Augenh\u00f6he mit ihren L\u00f6sungspartnern steht, sich um leistungsorientierten Erfolg k\u00fcmmert, unabh\u00e4ngig ist und die Zusammenarbeit mit Dienstleistern sch\u00e4tzt. Cavendish Health bezieht hochwertige und vorteilhafte Gesundheitsdienste f\u00fcr seine G\u00e4ste aus seiner Erfahrung im Gesundheitswesen und einer nachhaltigen Politik, die das gemeinsame Interesse aller Gesch\u00e4ftspartner ber\u00fccksichtigt.<\/p><p>\u00a0<\/p><p>Das Kostenkontrolle Programm von Cavendish Health bietet allen Unternehmen, die Gesundheitsausgaben t\u00e4tigen, folgende L\u00f6sungen:<\/p><ul><li>Exklusive paket &#8211; \/ Listenpreisvereinbarungen mit Krankenh\u00e4usern und Kliniken<\/li><li>Kostenkontrollen auf Berichten und Rechnungen<\/li><li>Rechnungspr\u00fcfungen und Rabatte auf der Grundlage des Behandlungsprozesses<\/li><li>Erschwingliche und nachhaltige Preisgarantien<\/li><li>Regelm\u00e4\u00dfige Analysen und Marktforschung, die optimale Bedingungen f\u00fcr Gesundheitsausgaben bieten<\/li><li>Zuverl\u00e4ssige Preis-und abrechnungspraktiken mit Gesundheitseinrichtungen<\/li><\/ul><p>\u00a0<\/p><p>Cavendish Health Gesundheits-Management-Institution funktionert als Br\u00fccke zwischen Auftragnehmern f\u00fcr Gesundheitsausgaben, Krankenh\u00e4usern, Kliniken und G\u00e4sten und ist f\u00fchrend bei der Beseitigung von Koordinationsproblemen in Prozessen, bei der Steigerung der Effizienz, bei maximalen Einsparungen f\u00fcr Auftragnehmer und bei der Steigerung der Patientenzufriedenheit.<\/p><p>\u00a0<\/p><p>Das qualifizierte Gesundheitsmanagement mit schnellem Fallmanagement und Dokumentenabwicklung \u00fcbernimmt die Aktenabwicklung von Gesundheitsunternehmern und Krankenh\u00e4usern und sorgt f\u00fcr eine wertsch\u00f6pfende Effizienz in allen Phasen.<\/p><p>\u00a0<\/p><p>Die oben genannten Gesundheitsmanagement-Dienstleistungen sind wie folgt aufgelistet: Administrative Abwicklung, Zahlungszyklusmanagement, Dokumentenmanagement und Fallmanagement, Behandlungsempfehlung und Beratung, medizinisches Tourismusbetriebsmanagement, Behandlungsplanerstellung, Behandlungsverfolgung, Prozessmanagement, Reiseanpassungen und Nachbehandlungsunterst\u00fctzung, medizinisches Kostenmanagement, lokales und internationales Network &#8211; Management, Kostenkontrolle, medizinische Beratung, medizinischer transfer &amp; Ambulanz\/Luftambulanz, 7\/24 Online-Beratung<\/p>\t\t\t\t\t\t\t\t<\/div>\n\t\t\t\t<\/div>\n\t\t\t\t\t<\/div>\n\t\t<\/div>\n\t\t\t\t\t<\/div>\n\t\t<\/section>\n\t\t\t\t<section class=\"elementor-section elementor-top-section elementor-element elementor-element-fb1b3bc elementor-section-full_width elementor-section-height-min-height elementor-section-height-default elementor-section-items-middle\" data-id=\"fb1b3bc\" data-element_type=\"section\" data-settings=\"{&quot;background_background&quot;:&quot;classic&quot;}\">\n\t\t\t\t\t\t<div class=\"elementor-container elementor-column-gap-no\">\n\t\t\t\t\t<div class=\"elementor-column elementor-col-100 elementor-top-column elementor-element elementor-element-ca2476f\" data-id=\"ca2476f\" data-element_type=\"column\">\n\t\t\t<div class=\"elementor-widget-wrap elementor-element-populated\">\n\t\t\t\t\t\t<section class=\"elementor-section elementor-inner-section elementor-element elementor-element-3180d40 elementor-section-boxed elementor-section-height-default elementor-section-height-default\" data-id=\"3180d40\" data-element_type=\"section\">\n\t\t\t\t\t\t<div class=\"elementor-container elementor-column-gap-no\">\n\t\t\t\t\t<div class=\"elementor-column elementor-col-50 elementor-inner-column elementor-element elementor-element-dae5fc4\" data-id=\"dae5fc4\" data-element_type=\"column\">\n\t\t\t<div class=\"elementor-widget-wrap elementor-element-populated\">\n\t\t\t\t\t\t<div class=\"elementor-element elementor-element-4dd9714 elementor-widget__width-auto elementor-widget-tablet__width-initial elementor-widget-mobile__width-inherit elementor-view-default elementor-widget elementor-widget-icon\" data-id=\"4dd9714\" data-element_type=\"widget\" data-widget_type=\"icon.default\">\n\t\t\t\t<div class=\"elementor-widget-container\">\n\t\t\t\t\t\t\t<div class=\"elementor-icon-wrapper\">\n\t\t\t<div class=\"elementor-icon\">\n\t\t\t<i aria-hidden=\"true\" class=\"fas fa-phone-alt\"><\/i>\t\t\t<\/div>\n\t\t<\/div>\n\t\t\t\t\t\t<\/div>\n\t\t\t\t<\/div>\n\t\t\t\t<div class=\"elementor-element elementor-element-6efb47f elementor-widget__width-auto elementor-widget-tablet__width-initial elementor-widget-mobile__width-inherit elementor-widget elementor-widget-icon-box\" data-id=\"6efb47f\" data-element_type=\"widget\" data-widget_type=\"icon-box.default\">\n\t\t\t\t<div class=\"elementor-widget-container\">\n\t\t\t\t\t\t\t<div class=\"elementor-icon-box-wrapper\">\n\n\t\t\t\n\t\t\t\t\t\t<div class=\"elementor-icon-box-content\">\n\n\t\t\t\t\t\t\t\t\t<h6 class=\"elementor-icon-box-title\">\n\t\t\t\t\t\t<span  >\n\t\t\t\t\t\t\tKontakt\u0131eren S\u0131e Uns\t\t\t\t\t\t<\/span>\n\t\t\t\t\t<\/h6>\n\t\t\t\t\n\t\t\t\t\t\t\t\t\t<p class=\"elementor-icon-box-description\">\n\t\t\t\t\t\tErhalten Sie mehr Informationen \t\t\t\t\t<\/p>\n\t\t\t\t\n\t\t\t<\/div>\n\t\t\t\n\t\t<\/div>\n\t\t\t\t\t\t<\/div>\n\t\t\t\t<\/div>\n\t\t\t\t\t<\/div>\n\t\t<\/div>\n\t\t\t\t<div class=\"elementor-column elementor-col-50 elementor-inner-column elementor-element elementor-element-b08caf2\" data-id=\"b08caf2\" data-element_type=\"column\">\n\t\t\t<div class=\"elementor-widget-wrap elementor-element-populated\">\n\t\t\t\t\t\t<div class=\"elementor-element elementor-element-1af3ab8 elementor-align-right elementor-mobile-align-center elementor-widget elementor-widget-button\" data-id=\"1af3ab8\" data-element_type=\"widget\" data-widget_type=\"button.default\">\n\t\t\t\t<div class=\"elementor-widget-container\">\n\t\t\t\t\t\t\t\t\t<div class=\"elementor-button-wrapper\">\n\t\t\t\t\t<a class=\"elementor-button elementor-button-link elementor-size-sm\" href=\"https:\/\/www.cavendishsaglik.com\/de\/kontakt\/\">\n\t\t\t\t\t\t<span class=\"elementor-button-content-wrapper\">\n\t\t\t\t\t\t\t\t\t<span class=\"elementor-button-text\">Kontakt\u0131eren S\u0131e Uns<\/span>\n\t\t\t\t\t<\/span>\n\t\t\t\t\t<\/a>\n\t\t\t\t<\/div>\n\t\t\t\t\t\t\t\t<\/div>\n\t\t\t\t<\/div>\n\t\t\t\t\t<\/div>\n\t\t<\/div>\n\t\t\t\t\t<\/div>\n\t\t<\/section>\n\t\t\t\t\t<\/div>\n\t\t<\/div>\n\t\t\t\t\t<\/div>\n\t\t<\/section>\n\t\t\t\t<\/div>\n\t\t","protected":false},"excerpt":{"rendered":"<p>Unsere D\u0131enstle\u0131stungen TOURISMUS ORGANISATION KOOPERATIONEN &#038; PARTNERPROGRAMME Cavendish Health steht im Zentrum aller Gesundheitsdienste und erm\u00f6glicht es G\u00e4sten, Versicherten und Gesundheitsdienstleistern, die jedes Jahr medizinische Versorgung aus vielen Teilen der Welt erhalten m\u00f6chten, die Qualit\u00e4t und Preisstabilit\u00e4t der Behandlung mit analytischen L\u00f6sungen zu optimieren. Die kostenkontrolldienste von Cavendish Health sch\u00f6pfen ihre Kraft aus dem Erfolg &hellip; <\/p>\n<p class=\"link-more\"><a href=\"https:\/\/www.cavendishsaglik.com\/de\/dienstleistungen\/\" class=\"more-link\">Okumaya devam et<span class=\"screen-reader-text\"> &#8220;Dienstleistungen&#8221;<\/span><\/a><\/p>\n","protected":false},"author":1,"featured_media":0,"parent":0,"menu_order":0,"comment_status":"closed","ping_status":"closed","template":"elementor_header_footer","meta":{"_themeisle_gutenberg_block_has_review":false,"footnotes":""},"class_list":["post-358","page","type-page","status-publish","hentry","entry"],"yoast_head":"<!-- This site is optimized with the Yoast SEO plugin v26.5 - https:\/\/yoast.com\/wordpress\/plugins\/seo\/ -->\n<title>Dienstleistungen - Cavendish Health<\/title>\n<meta name=\"robots\" content=\"index, follow, max-snippet:-1, max-image-preview:large, max-video-preview:-1\" \/>\n<link rel=\"canonical\" href=\"https:\/\/www.cavendishsaglik.com\/de\/dienstleistungen\/\" \/>\n<meta property=\"og:locale\" content=\"tr_TR\" \/>\n<meta property=\"og:type\" content=\"article\" \/>\n<meta property=\"og:title\" content=\"Dienstleistungen - Cavendish Health\" \/>\n<meta property=\"og:description\" content=\"Unsere D\u0131enstle\u0131stungen TOURISMUS ORGANISATION KOOPERATIONEN &#038; PARTNERPROGRAMME Cavendish Health steht im Zentrum aller Gesundheitsdienste und erm\u00f6glicht es G\u00e4sten, Versicherten und Gesundheitsdienstleistern, die jedes Jahr medizinische Versorgung aus vielen Teilen der Welt erhalten m\u00f6chten, die Qualit\u00e4t und Preisstabilit\u00e4t der Behandlung mit analytischen L\u00f6sungen zu optimieren. Die kostenkontrolldienste von Cavendish Health sch\u00f6pfen ihre Kraft aus dem Erfolg &hellip; Okumaya devam et &quot;Dienstleistungen&quot;\" \/>\n<meta property=\"og:url\" content=\"https:\/\/www.cavendishsaglik.com\/de\/dienstleistungen\/\" \/>\n<meta property=\"og:site_name\" content=\"Cavendish Health\" \/>\n<meta property=\"article:modified_time\" content=\"2022-10-24T12:45:43+00:00\" \/>\n<meta property=\"og:image\" content=\"https:\/\/www.cavendishsaglik.com\/de\/wp-content\/uploads\/elementor\/thumbs\/CavendishHealth-SaglikTurizmi-MiniBanner400x250-pwe6p4tu9kj27oprx43dbmlynwkb050ykqboezdq0w.jpg\" \/>\n<meta name=\"twitter:card\" content=\"summary_large_image\" \/>\n<meta name=\"twitter:label1\" content=\"Tahmini okuma s\u00fcresi\" \/>\n\t<meta name=\"twitter:data1\" content=\"3 dakika\" \/>\n<script type=\"application\/ld+json\" class=\"yoast-schema-graph\">{\"@context\":\"https:\/\/schema.org\",\"@graph\":[{\"@type\":\"WebPage\",\"@id\":\"https:\/\/www.cavendishsaglik.com\/de\/dienstleistungen\/\",\"url\":\"https:\/\/www.cavendishsaglik.com\/de\/dienstleistungen\/\",\"name\":\"Dienstleistungen - Cavendish Health\",\"isPartOf\":{\"@id\":\"https:\/\/www.cavendishsaglik.com\/de\/#website\"},\"primaryImageOfPage\":{\"@id\":\"https:\/\/www.cavendishsaglik.com\/de\/dienstleistungen\/#primaryimage\"},\"image\":{\"@id\":\"https:\/\/www.cavendishsaglik.com\/de\/dienstleistungen\/#primaryimage\"},\"thumbnailUrl\":\"https:\/\/www.cavendishsaglik.com\/de\/wp-content\/uploads\/elementor\/thumbs\/CavendishHealth-SaglikTurizmi-MiniBanner400x250-pwe6p4tu9kj27oprx43dbmlynwkb050ykqboezdq0w.jpg\",\"datePublished\":\"2021-07-06T14:44:05+00:00\",\"dateModified\":\"2022-10-24T12:45:43+00:00\",\"breadcrumb\":{\"@id\":\"https:\/\/www.cavendishsaglik.com\/de\/dienstleistungen\/#breadcrumb\"},\"inLanguage\":\"tr\",\"potentialAction\":[{\"@type\":\"ReadAction\",\"target\":[\"https:\/\/www.cavendishsaglik.com\/de\/dienstleistungen\/\"]}]},{\"@type\":\"ImageObject\",\"inLanguage\":\"tr\",\"@id\":\"https:\/\/www.cavendishsaglik.com\/de\/dienstleistungen\/#primaryimage\",\"url\":\"https:\/\/www.cavendishsaglik.com\/de\/wp-content\/uploads\/elementor\/thumbs\/CavendishHealth-SaglikTurizmi-MiniBanner400x250-pwe6p4tu9kj27oprx43dbmlynwkb050ykqboezdq0w.jpg\",\"contentUrl\":\"https:\/\/www.cavendishsaglik.com\/de\/wp-content\/uploads\/elementor\/thumbs\/CavendishHealth-SaglikTurizmi-MiniBanner400x250-pwe6p4tu9kj27oprx43dbmlynwkb050ykqboezdq0w.jpg\"},{\"@type\":\"BreadcrumbList\",\"@id\":\"https:\/\/www.cavendishsaglik.com\/de\/dienstleistungen\/#breadcrumb\",\"itemListElement\":[{\"@type\":\"ListItem\",\"position\":1,\"name\":\"Anasayfa\",\"item\":\"https:\/\/www.cavendishsaglik.com\/de\/\"},{\"@type\":\"ListItem\",\"position\":2,\"name\":\"Dienstleistungen\"}]},{\"@type\":\"WebSite\",\"@id\":\"https:\/\/www.cavendishsaglik.com\/de\/#website\",\"url\":\"https:\/\/www.cavendishsaglik.com\/de\/\",\"name\":\"Cavendish Health\",\"description\":\"Uluslararas\u0131 Sa\u011fl\u0131k Turizmi Acentesi\",\"potentialAction\":[{\"@type\":\"SearchAction\",\"target\":{\"@type\":\"EntryPoint\",\"urlTemplate\":\"https:\/\/www.cavendishsaglik.com\/de\/?s={search_term_string}\"},\"query-input\":{\"@type\":\"PropertyValueSpecification\",\"valueRequired\":true,\"valueName\":\"search_term_string\"}}],\"inLanguage\":\"tr\"}]}<\/script>\n<!-- \/ Yoast SEO plugin. -->","yoast_head_json":{"title":"Dienstleistungen - Cavendish Health","robots":{"index":"index","follow":"follow","max-snippet":"max-snippet:-1","max-image-preview":"max-image-preview:large","max-video-preview":"max-video-preview:-1"},"canonical":"https:\/\/www.cavendishsaglik.com\/de\/dienstleistungen\/","og_locale":"tr_TR","og_type":"article","og_title":"Dienstleistungen - Cavendish Health","og_description":"Unsere D\u0131enstle\u0131stungen TOURISMUS ORGANISATION KOOPERATIONEN &#038; PARTNERPROGRAMME Cavendish Health steht im Zentrum aller Gesundheitsdienste und erm\u00f6glicht es G\u00e4sten, Versicherten und Gesundheitsdienstleistern, die jedes Jahr medizinische Versorgung aus vielen Teilen der Welt erhalten m\u00f6chten, die Qualit\u00e4t und Preisstabilit\u00e4t der Behandlung mit analytischen L\u00f6sungen zu optimieren. Die kostenkontrolldienste von Cavendish Health sch\u00f6pfen ihre Kraft aus dem Erfolg &hellip; Okumaya devam et \"Dienstleistungen\"","og_url":"https:\/\/www.cavendishsaglik.com\/de\/dienstleistungen\/","og_site_name":"Cavendish Health","article_modified_time":"2022-10-24T12:45:43+00:00","og_image":[{"url":"https:\/\/www.cavendishsaglik.com\/de\/wp-content\/uploads\/elementor\/thumbs\/CavendishHealth-SaglikTurizmi-MiniBanner400x250-pwe6p4tu9kj27oprx43dbmlynwkb050ykqboezdq0w.jpg","type":"","width":"","height":""}],"twitter_card":"summary_large_image","twitter_misc":{"Tahmini okuma s\u00fcresi":"3 dakika"},"schema":{"@context":"https:\/\/schema.org","@graph":[{"@type":"WebPage","@id":"https:\/\/www.cavendishsaglik.com\/de\/dienstleistungen\/","url":"https:\/\/www.cavendishsaglik.com\/de\/dienstleistungen\/","name":"Dienstleistungen - Cavendish Health","isPartOf":{"@id":"https:\/\/www.cavendishsaglik.com\/de\/#website"},"primaryImageOfPage":{"@id":"https:\/\/www.cavendishsaglik.com\/de\/dienstleistungen\/#primaryimage"},"image":{"@id":"https:\/\/www.cavendishsaglik.com\/de\/dienstleistungen\/#primaryimage"},"thumbnailUrl":"https:\/\/www.cavendishsaglik.com\/de\/wp-content\/uploads\/elementor\/thumbs\/CavendishHealth-SaglikTurizmi-MiniBanner400x250-pwe6p4tu9kj27oprx43dbmlynwkb050ykqboezdq0w.jpg","datePublished":"2021-07-06T14:44:05+00:00","dateModified":"2022-10-24T12:45:43+00:00","breadcrumb":{"@id":"https:\/\/www.cavendishsaglik.com\/de\/dienstleistungen\/#breadcrumb"},"inLanguage":"tr","potentialAction":[{"@type":"ReadAction","target":["https:\/\/www.cavendishsaglik.com\/de\/dienstleistungen\/"]}]},{"@type":"ImageObject","inLanguage":"tr","@id":"https:\/\/www.cavendishsaglik.com\/de\/dienstleistungen\/#primaryimage","url":"https:\/\/www.cavendishsaglik.com\/de\/wp-content\/uploads\/elementor\/thumbs\/CavendishHealth-SaglikTurizmi-MiniBanner400x250-pwe6p4tu9kj27oprx43dbmlynwkb050ykqboezdq0w.jpg","contentUrl":"https:\/\/www.cavendishsaglik.com\/de\/wp-content\/uploads\/elementor\/thumbs\/CavendishHealth-SaglikTurizmi-MiniBanner400x250-pwe6p4tu9kj27oprx43dbmlynwkb050ykqboezdq0w.jpg"},{"@type":"BreadcrumbList","@id":"https:\/\/www.cavendishsaglik.com\/de\/dienstleistungen\/#breadcrumb","itemListElement":[{"@type":"ListItem","position":1,"name":"Anasayfa","item":"https:\/\/www.cavendishsaglik.com\/de\/"},{"@type":"ListItem","position":2,"name":"Dienstleistungen"}]},{"@type":"WebSite","@id":"https:\/\/www.cavendishsaglik.com\/de\/#website","url":"https:\/\/www.cavendishsaglik.com\/de\/","name":"Cavendish Health","description":"Uluslararas\u0131 Sa\u011fl\u0131k Turizmi Acentesi","potentialAction":[{"@type":"SearchAction","target":{"@type":"EntryPoint","urlTemplate":"https:\/\/www.cavendishsaglik.com\/de\/?s={search_term_string}"},"query-input":{"@type":"PropertyValueSpecification","valueRequired":true,"valueName":"search_term_string"}}],"inLanguage":"tr"}]}},"_links":{"self":[{"href":"https:\/\/www.cavendishsaglik.com\/de\/wp-json\/wp\/v2\/pages\/358","targetHints":{"allow":["GET"]}}],"collection":[{"href":"https:\/\/www.cavendishsaglik.com\/de\/wp-json\/wp\/v2\/pages"}],"about":[{"href":"https:\/\/www.cavendishsaglik.com\/de\/wp-json\/wp\/v2\/types\/page"}],"author":[{"embeddable":true,"href":"https:\/\/www.cavendishsaglik.com\/de\/wp-json\/wp\/v2\/users\/1"}],"replies":[{"embeddable":true,"href":"https:\/\/www.cavendishsaglik.com\/de\/wp-json\/wp\/v2\/comments?post=358"}],"version-history":[{"count":63,"href":"https:\/\/www.cavendishsaglik.com\/de\/wp-json\/wp\/v2\/pages\/358\/revisions"}],"predecessor-version":[{"id":1544,"href":"https:\/\/www.cavendishsaglik.com\/de\/wp-json\/wp\/v2\/pages\/358\/revisions\/1544"}],"wp:attachment":[{"href":"https:\/\/www.cavendishsaglik.com\/de\/wp-json\/wp\/v2\/media?parent=358"}],"curies":[{"name":"wp","href":"https:\/\/api.w.org\/{rel}","templated":true}]}}