{"id":519,"date":"2021-07-31T11:13:25","date_gmt":"2021-07-31T11:13:25","guid":{"rendered":"https:\/\/www.cavendishsaglik.com\/de\/?page_id=519"},"modified":"2025-12-05T09:55:55","modified_gmt":"2025-12-05T09:55:55","slug":"uber-uns","status":"publish","type":"page","link":"https:\/\/www.cavendishsaglik.com\/de\/uber-uns\/","title":{"rendered":"\u00dcber Uns"},"content":{"rendered":"\t\t<div data-elementor-type=\"wp-page\" data-elementor-id=\"519\" class=\"elementor elementor-519\">\n\t\t\t\t\t\t<section class=\"elementor-section elementor-top-section elementor-element elementor-element-3ee8079e elementor-section-full_width elementor-section-height-min-height elementor-section-height-default elementor-section-items-middle\" data-id=\"3ee8079e\" data-element_type=\"section\" data-settings=\"{&quot;background_background&quot;:&quot;classic&quot;}\">\n\t\t\t\t\t\t\t<div class=\"elementor-background-overlay\"><\/div>\n\t\t\t\t\t\t\t<div class=\"elementor-container elementor-column-gap-no\">\n\t\t\t\t\t<div class=\"elementor-column elementor-col-100 elementor-top-column elementor-element elementor-element-6b9bffdf\" data-id=\"6b9bffdf\" data-element_type=\"column\">\n\t\t\t<div class=\"elementor-widget-wrap elementor-element-populated\">\n\t\t\t\t\t\t<section class=\"elementor-section elementor-inner-section elementor-element elementor-element-5601ada9 elementor-section-boxed elementor-section-height-default elementor-section-height-default\" data-id=\"5601ada9\" data-element_type=\"section\">\n\t\t\t\t\t\t<div class=\"elementor-container elementor-column-gap-no\">\n\t\t\t\t\t<div class=\"elementor-column elementor-col-100 elementor-inner-column elementor-element elementor-element-5d04bc77\" data-id=\"5d04bc77\" data-element_type=\"column\">\n\t\t\t<div class=\"elementor-widget-wrap elementor-element-populated\">\n\t\t\t\t\t\t<div class=\"elementor-element elementor-element-711bd505 elementor-widget elementor-widget-heading\" data-id=\"711bd505\" data-element_type=\"widget\" data-widget_type=\"heading.default\">\n\t\t\t\t<div class=\"elementor-widget-container\">\n\t\t\t\t\t<h4 class=\"elementor-heading-title elementor-size-default\">\u00dcber Uns<\/h4>\t\t\t\t<\/div>\n\t\t\t\t<\/div>\n\t\t\t\t\t<\/div>\n\t\t<\/div>\n\t\t\t\t\t<\/div>\n\t\t<\/section>\n\t\t\t\t\t<\/div>\n\t\t<\/div>\n\t\t\t\t\t<\/div>\n\t\t<\/section>\n\t\t\t\t<section class=\"elementor-section elementor-top-section elementor-element elementor-element-fd90642 elementor-section-boxed elementor-section-height-default elementor-section-height-default\" data-id=\"fd90642\" data-element_type=\"section\" data-settings=\"{&quot;background_background&quot;:&quot;classic&quot;}\">\n\t\t\t\t\t\t<div class=\"elementor-container elementor-column-gap-no\">\n\t\t\t\t\t<div class=\"elementor-column elementor-col-100 elementor-top-column elementor-element elementor-element-b057c09\" data-id=\"b057c09\" data-element_type=\"column\">\n\t\t\t<div class=\"elementor-widget-wrap elementor-element-populated\">\n\t\t\t\t\t\t<section class=\"elementor-section elementor-inner-section elementor-element elementor-element-399280e elementor-section-boxed elementor-section-height-default elementor-section-height-default\" data-id=\"399280e\" data-element_type=\"section\">\n\t\t\t\t\t\t<div class=\"elementor-container elementor-column-gap-no\">\n\t\t\t\t\t<div class=\"elementor-column elementor-col-100 elementor-inner-column elementor-element elementor-element-0705a72\" data-id=\"0705a72\" data-element_type=\"column\">\n\t\t\t<div class=\"elementor-widget-wrap elementor-element-populated\">\n\t\t\t\t\t\t<div class=\"elementor-element elementor-element-4e28f94 elementor-widget elementor-widget-image\" data-id=\"4e28f94\" data-element_type=\"widget\" data-widget_type=\"image.default\">\n\t\t\t\t<div class=\"elementor-widget-container\">\n\t\t\t\t\t\t\t\t\t\t\t\t\t\t\t<img decoding=\"async\" src=\"https:\/\/www.cavendishsaglik.com\/de\/wp-content\/uploads\/elementor\/thumbs\/CavendishHealth-Hakkimda700x469-pwe6o6zr33l6qujp5c1mdfxfta5odgz078cyqekjog.jpg\" title=\"CavendishHealth-Hakk\u0131mda(700&#215;469)\" alt=\"CavendishHealth-Hakk\u0131mda(700x469)\" loading=\"lazy\" \/>\t\t\t\t\t\t\t\t\t\t\t\t\t\t\t<\/div>\n\t\t\t\t<\/div>\n\t\t\t\t<div class=\"elementor-element elementor-element-8787a7e elementor-widget elementor-widget-heading\" data-id=\"8787a7e\" data-element_type=\"widget\" data-widget_type=\"heading.default\">\n\t\t\t\t<div class=\"elementor-widget-container\">\n\t\t\t\t\t<h4 class=\"elementor-heading-title elementor-size-default\">\u00dcber Uns<\/h4>\t\t\t\t<\/div>\n\t\t\t\t<\/div>\n\t\t\t\t<div class=\"elementor-element elementor-element-bc74364 elementor-widget elementor-widget-text-editor\" data-id=\"bc74364\" data-element_type=\"widget\" data-widget_type=\"text-editor.default\">\n\t\t\t\t<div class=\"elementor-widget-container\">\n\t\t\t\t\t\t\t\t\t<p>Cavendish Health ist ein internationales Beratungs- und Organisationsunternehmen f\u00fcr Gesundheitsmanagement, das mit seinen professionellen Mitarbeitern st\u00e4ndig w\u00e4chst und dessen Name Qualit\u00e4t, Zuverl\u00e4ssigkeit und Nutzen ausdr\u00fcckt.<\/p><p>Gesundheitsmanagement ist das Kerngesch\u00e4ft von Cavendish Health, in dem er seinen lokalen und internationalen G\u00e4sten umfassende L\u00f6sungen anbietet.Cavendish Health zielt darauf ab, kreative L\u00f6sungen zu entwickeln und Werte f\u00fcr Endbenutzer und Unternehmensg\u00e4ste zu schaffen und gleichzeitig die Kosten f\u00fcr alle Assistenzdienste zu minimieren. Es bietet eine umfassende Anleitung f\u00fcr den Patienten und Begleiter w\u00e4hrend des gesamten Prozesses und bietet die richtigen Optionen f\u00fcr alle, die in Betracht ziehen, im In-oder Ausland zu therapeutischen Zwecken zu reisen.<\/p><p><img fetchpriority=\"high\" decoding=\"async\" class=\"size-full wp-image-1638 aligncenter\" src=\"https:\/\/www.cavendishsaglik.com\/de\/wp-content\/uploads\/2025\/12\/cavendish-saglik-yetki-belgesi.jpg\" alt=\"\" width=\"900\" height=\"639\" srcset=\"https:\/\/www.cavendishsaglik.com\/de\/wp-content\/uploads\/2025\/12\/cavendish-saglik-yetki-belgesi.jpg 900w, https:\/\/www.cavendishsaglik.com\/de\/wp-content\/uploads\/2025\/12\/cavendish-saglik-yetki-belgesi-300x213.jpg 300w, https:\/\/www.cavendishsaglik.com\/de\/wp-content\/uploads\/2025\/12\/cavendish-saglik-yetki-belgesi-768x545.jpg 768w\" sizes=\"(max-width: 900px) 100vw, 900px\" \/><\/p><p>Das Gesundheitsmanagement Zentrum, bestehend aus medizinischen Netzwerkmanagern und erfahrenen Experten f\u00fcr Schadensbeurteilung, bewertet die anfallenden Kosten im Rahmen der gesetzlichen, regulatorischen und ethischen Grunds\u00e4tze und \u00fcberpr\u00fcft sie im Namen von Gastunternehmen und Leistungsepf\u00e4ngern.<\/p><p>Cavendish Health ist eine Organisation f\u00fcr Gesundheitstourismus, die ihren G\u00e4sten aus vielen Teilen der Welt das das breiteste Gesundheitsnetzwerk in der T\u00fcrkei bietet und Dienstleistungen nach internationalen Qualit\u00e4tsstandards anbietet.<\/p><p>Cavendish Health ist in der Lage, neue Gesundheitsprodukte zu entwickeln, die den Bed\u00fcrfnissen der Branche entsprechen. Dank dieses Leistungsspektrums ist es in der Lage, mit ihrem spezialisierten Gesundheitspersonal schnelle und zuverl\u00e4ssige L\u00f6sungen f\u00fcr medizinische und technische Assistenzdienste anzubieten.<\/p><p>Cavendish Health baut seine Pr\u00e4senz in der Branche mit innovativen Methoden in seinen Organisationsstruktur weiter aus.<\/p>\t\t\t\t\t\t\t\t<\/div>\n\t\t\t\t<\/div>\n\t\t\t\t\t<\/div>\n\t\t<\/div>\n\t\t\t\t\t<\/div>\n\t\t<\/section>\n\t\t\t\t\t<\/div>\n\t\t<\/div>\n\t\t\t\t\t<\/div>\n\t\t<\/section>\n\t\t\t\t<section class=\"elementor-section elementor-top-section elementor-element elementor-element-f85b206 elementor-section-full_width elementor-section-height-min-height elementor-section-height-default elementor-section-items-middle\" data-id=\"f85b206\" data-element_type=\"section\" data-settings=\"{&quot;background_background&quot;:&quot;classic&quot;}\">\n\t\t\t\t\t\t<div class=\"elementor-container elementor-column-gap-no\">\n\t\t\t\t\t<div class=\"elementor-column elementor-col-100 elementor-top-column elementor-element elementor-element-ea05fde\" data-id=\"ea05fde\" data-element_type=\"column\">\n\t\t\t<div class=\"elementor-widget-wrap elementor-element-populated\">\n\t\t\t\t\t\t<section class=\"elementor-section elementor-inner-section elementor-element elementor-element-72b40ac elementor-section-boxed elementor-section-height-default elementor-section-height-default\" data-id=\"72b40ac\" data-element_type=\"section\">\n\t\t\t\t\t\t<div class=\"elementor-container elementor-column-gap-no\">\n\t\t\t\t\t<div class=\"elementor-column elementor-col-50 elementor-inner-column elementor-element elementor-element-8986e62\" data-id=\"8986e62\" data-element_type=\"column\">\n\t\t\t<div class=\"elementor-widget-wrap elementor-element-populated\">\n\t\t\t\t\t\t<div class=\"elementor-element elementor-element-a8ed18a elementor-widget__width-auto elementor-widget-tablet__width-initial elementor-widget-mobile__width-inherit elementor-view-default elementor-widget elementor-widget-icon\" data-id=\"a8ed18a\" data-element_type=\"widget\" data-widget_type=\"icon.default\">\n\t\t\t\t<div class=\"elementor-widget-container\">\n\t\t\t\t\t\t\t<div class=\"elementor-icon-wrapper\">\n\t\t\t<div class=\"elementor-icon\">\n\t\t\t<i aria-hidden=\"true\" class=\"fas fa-phone-alt\"><\/i>\t\t\t<\/div>\n\t\t<\/div>\n\t\t\t\t\t\t<\/div>\n\t\t\t\t<\/div>\n\t\t\t\t<div class=\"elementor-element elementor-element-ba64df3 elementor-widget__width-auto elementor-widget-tablet__width-initial elementor-widget-mobile__width-inherit elementor-widget elementor-widget-icon-box\" data-id=\"ba64df3\" data-element_type=\"widget\" data-widget_type=\"icon-box.default\">\n\t\t\t\t<div class=\"elementor-widget-container\">\n\t\t\t\t\t\t\t<div class=\"elementor-icon-box-wrapper\">\n\n\t\t\t\n\t\t\t\t\t\t<div class=\"elementor-icon-box-content\">\n\n\t\t\t\t\t\t\t\t\t<h6 class=\"elementor-icon-box-title\">\n\t\t\t\t\t\t<span  >\n\t\t\t\t\t\t\tKontakt\u0131eren S\u0131e Uns\t\t\t\t\t\t<\/span>\n\t\t\t\t\t<\/h6>\n\t\t\t\t\n\t\t\t\t\t\t\t\t\t<p class=\"elementor-icon-box-description\">\n\t\t\t\t\t\tErhalten Sie mehr Informationen \t\t\t\t\t<\/p>\n\t\t\t\t\n\t\t\t<\/div>\n\t\t\t\n\t\t<\/div>\n\t\t\t\t\t\t<\/div>\n\t\t\t\t<\/div>\n\t\t\t\t\t<\/div>\n\t\t<\/div>\n\t\t\t\t<div class=\"elementor-column elementor-col-50 elementor-inner-column elementor-element elementor-element-8e77933\" data-id=\"8e77933\" data-element_type=\"column\">\n\t\t\t<div class=\"elementor-widget-wrap elementor-element-populated\">\n\t\t\t\t\t\t<div class=\"elementor-element elementor-element-d8f341d elementor-align-right elementor-mobile-align-center elementor-widget elementor-widget-button\" data-id=\"d8f341d\" data-element_type=\"widget\" data-widget_type=\"button.default\">\n\t\t\t\t<div class=\"elementor-widget-container\">\n\t\t\t\t\t\t\t\t\t<div class=\"elementor-button-wrapper\">\n\t\t\t\t\t<a class=\"elementor-button elementor-button-link elementor-size-sm\" href=\"https:\/\/www.cavendishsaglik.com\/de\/kontakt\/\">\n\t\t\t\t\t\t<span class=\"elementor-button-content-wrapper\">\n\t\t\t\t\t\t\t\t\t<span class=\"elementor-button-text\">Kontakt\u0131eren S\u0131e Uns<\/span>\n\t\t\t\t\t<\/span>\n\t\t\t\t\t<\/a>\n\t\t\t\t<\/div>\n\t\t\t\t\t\t\t\t<\/div>\n\t\t\t\t<\/div>\n\t\t\t\t\t<\/div>\n\t\t<\/div>\n\t\t\t\t\t<\/div>\n\t\t<\/section>\n\t\t\t\t\t<\/div>\n\t\t<\/div>\n\t\t\t\t\t<\/div>\n\t\t<\/section>\n\t\t\t\t<\/div>\n\t\t","protected":false},"excerpt":{"rendered":"<p>\u00dcber Uns \u00dcber Uns Cavendish Health ist ein internationales Beratungs- und Organisationsunternehmen f\u00fcr Gesundheitsmanagement, das mit seinen professionellen Mitarbeitern st\u00e4ndig w\u00e4chst und dessen Name Qualit\u00e4t, Zuverl\u00e4ssigkeit und Nutzen ausdr\u00fcckt. Gesundheitsmanagement ist das Kerngesch\u00e4ft von Cavendish Health, in dem er seinen lokalen und internationalen G\u00e4sten umfassende L\u00f6sungen anbietet.Cavendish Health zielt darauf ab, kreative L\u00f6sungen zu entwickeln &hellip; <\/p>\n<p class=\"link-more\"><a href=\"https:\/\/www.cavendishsaglik.com\/de\/uber-uns\/\" class=\"more-link\">Okumaya devam et<span class=\"screen-reader-text\"> &#8220;\u00dcber Uns&#8221;<\/span><\/a><\/p>\n","protected":false},"author":1,"featured_media":0,"parent":0,"menu_order":0,"comment_status":"closed","ping_status":"closed","template":"elementor_header_footer","meta":{"_themeisle_gutenberg_block_has_review":false,"footnotes":""},"class_list":["post-519","page","type-page","status-publish","hentry","entry"],"yoast_head":"<!-- This site is optimized with the Yoast SEO plugin v26.5 - https:\/\/yoast.com\/wordpress\/plugins\/seo\/ -->\n<title>\u00dcber Uns - Cavendish Health<\/title>\n<meta name=\"robots\" content=\"index, follow, max-snippet:-1, max-image-preview:large, max-video-preview:-1\" \/>\n<link rel=\"canonical\" href=\"https:\/\/www.cavendishsaglik.com\/de\/uber-uns\/\" \/>\n<meta property=\"og:locale\" content=\"tr_TR\" \/>\n<meta property=\"og:type\" content=\"article\" \/>\n<meta property=\"og:title\" content=\"\u00dcber Uns - Cavendish Health\" \/>\n<meta property=\"og:description\" content=\"\u00dcber Uns \u00dcber Uns Cavendish Health ist ein internationales Beratungs- und Organisationsunternehmen f\u00fcr Gesundheitsmanagement, das mit seinen professionellen Mitarbeitern st\u00e4ndig w\u00e4chst und dessen Name Qualit\u00e4t, Zuverl\u00e4ssigkeit und Nutzen ausdr\u00fcckt. Gesundheitsmanagement ist das Kerngesch\u00e4ft von Cavendish Health, in dem er seinen lokalen und internationalen G\u00e4sten umfassende L\u00f6sungen anbietet.Cavendish Health zielt darauf ab, kreative L\u00f6sungen zu entwickeln &hellip; Okumaya devam et &quot;\u00dcber Uns&quot;\" \/>\n<meta property=\"og:url\" content=\"https:\/\/www.cavendishsaglik.com\/de\/uber-uns\/\" \/>\n<meta property=\"og:site_name\" content=\"Cavendish Health\" \/>\n<meta property=\"article:modified_time\" content=\"2025-12-05T09:55:55+00:00\" \/>\n<meta property=\"og:image\" content=\"https:\/\/www.cavendishsaglik.com\/de\/wp-content\/uploads\/elementor\/thumbs\/CavendishHealth-Hakkimda700x469-pwe6o6zr33l6qujp5c1mdfxfta5odgz078cyqekjog.jpg\" \/>\n<meta name=\"twitter:card\" content=\"summary_large_image\" \/>\n<meta name=\"twitter:label1\" content=\"Tahmini okuma s\u00fcresi\" \/>\n\t<meta name=\"twitter:data1\" content=\"2 dakika\" \/>\n<script type=\"application\/ld+json\" class=\"yoast-schema-graph\">{\"@context\":\"https:\/\/schema.org\",\"@graph\":[{\"@type\":\"WebPage\",\"@id\":\"https:\/\/www.cavendishsaglik.com\/de\/uber-uns\/\",\"url\":\"https:\/\/www.cavendishsaglik.com\/de\/uber-uns\/\",\"name\":\"\u00dcber Uns - Cavendish Health\",\"isPartOf\":{\"@id\":\"https:\/\/www.cavendishsaglik.com\/de\/#website\"},\"primaryImageOfPage\":{\"@id\":\"https:\/\/www.cavendishsaglik.com\/de\/uber-uns\/#primaryimage\"},\"image\":{\"@id\":\"https:\/\/www.cavendishsaglik.com\/de\/uber-uns\/#primaryimage\"},\"thumbnailUrl\":\"https:\/\/www.cavendishsaglik.com\/de\/wp-content\/uploads\/elementor\/thumbs\/CavendishHealth-Hakkimda700x469-pwe6o6zr33l6qujp5c1mdfxfta5odgz078cyqekjog.jpg\",\"datePublished\":\"2021-07-31T11:13:25+00:00\",\"dateModified\":\"2025-12-05T09:55:55+00:00\",\"breadcrumb\":{\"@id\":\"https:\/\/www.cavendishsaglik.com\/de\/uber-uns\/#breadcrumb\"},\"inLanguage\":\"tr\",\"potentialAction\":[{\"@type\":\"ReadAction\",\"target\":[\"https:\/\/www.cavendishsaglik.com\/de\/uber-uns\/\"]}]},{\"@type\":\"ImageObject\",\"inLanguage\":\"tr\",\"@id\":\"https:\/\/www.cavendishsaglik.com\/de\/uber-uns\/#primaryimage\",\"url\":\"https:\/\/www.cavendishsaglik.com\/de\/wp-content\/uploads\/elementor\/thumbs\/CavendishHealth-Hakkimda700x469-pwe6o6zr33l6qujp5c1mdfxfta5odgz078cyqekjog.jpg\",\"contentUrl\":\"https:\/\/www.cavendishsaglik.com\/de\/wp-content\/uploads\/elementor\/thumbs\/CavendishHealth-Hakkimda700x469-pwe6o6zr33l6qujp5c1mdfxfta5odgz078cyqekjog.jpg\"},{\"@type\":\"BreadcrumbList\",\"@id\":\"https:\/\/www.cavendishsaglik.com\/de\/uber-uns\/#breadcrumb\",\"itemListElement\":[{\"@type\":\"ListItem\",\"position\":1,\"name\":\"Anasayfa\",\"item\":\"https:\/\/www.cavendishsaglik.com\/de\/\"},{\"@type\":\"ListItem\",\"position\":2,\"name\":\"\u00dcber Uns\"}]},{\"@type\":\"WebSite\",\"@id\":\"https:\/\/www.cavendishsaglik.com\/de\/#website\",\"url\":\"https:\/\/www.cavendishsaglik.com\/de\/\",\"name\":\"Cavendish Health\",\"description\":\"Uluslararas\u0131 Sa\u011fl\u0131k Turizmi Acentesi\",\"potentialAction\":[{\"@type\":\"SearchAction\",\"target\":{\"@type\":\"EntryPoint\",\"urlTemplate\":\"https:\/\/www.cavendishsaglik.com\/de\/?s={search_term_string}\"},\"query-input\":{\"@type\":\"PropertyValueSpecification\",\"valueRequired\":true,\"valueName\":\"search_term_string\"}}],\"inLanguage\":\"tr\"}]}<\/script>\n<!-- \/ Yoast SEO plugin. -->","yoast_head_json":{"title":"\u00dcber Uns - Cavendish Health","robots":{"index":"index","follow":"follow","max-snippet":"max-snippet:-1","max-image-preview":"max-image-preview:large","max-video-preview":"max-video-preview:-1"},"canonical":"https:\/\/www.cavendishsaglik.com\/de\/uber-uns\/","og_locale":"tr_TR","og_type":"article","og_title":"\u00dcber Uns - Cavendish Health","og_description":"\u00dcber Uns \u00dcber Uns Cavendish Health ist ein internationales Beratungs- und Organisationsunternehmen f\u00fcr Gesundheitsmanagement, das mit seinen professionellen Mitarbeitern st\u00e4ndig w\u00e4chst und dessen Name Qualit\u00e4t, Zuverl\u00e4ssigkeit und Nutzen ausdr\u00fcckt. Gesundheitsmanagement ist das Kerngesch\u00e4ft von Cavendish Health, in dem er seinen lokalen und internationalen G\u00e4sten umfassende L\u00f6sungen anbietet.Cavendish Health zielt darauf ab, kreative L\u00f6sungen zu entwickeln &hellip; Okumaya devam et \"\u00dcber Uns\"","og_url":"https:\/\/www.cavendishsaglik.com\/de\/uber-uns\/","og_site_name":"Cavendish Health","article_modified_time":"2025-12-05T09:55:55+00:00","og_image":[{"url":"https:\/\/www.cavendishsaglik.com\/de\/wp-content\/uploads\/elementor\/thumbs\/CavendishHealth-Hakkimda700x469-pwe6o6zr33l6qujp5c1mdfxfta5odgz078cyqekjog.jpg","type":"","width":"","height":""}],"twitter_card":"summary_large_image","twitter_misc":{"Tahmini okuma s\u00fcresi":"2 dakika"},"schema":{"@context":"https:\/\/schema.org","@graph":[{"@type":"WebPage","@id":"https:\/\/www.cavendishsaglik.com\/de\/uber-uns\/","url":"https:\/\/www.cavendishsaglik.com\/de\/uber-uns\/","name":"\u00dcber Uns - Cavendish Health","isPartOf":{"@id":"https:\/\/www.cavendishsaglik.com\/de\/#website"},"primaryImageOfPage":{"@id":"https:\/\/www.cavendishsaglik.com\/de\/uber-uns\/#primaryimage"},"image":{"@id":"https:\/\/www.cavendishsaglik.com\/de\/uber-uns\/#primaryimage"},"thumbnailUrl":"https:\/\/www.cavendishsaglik.com\/de\/wp-content\/uploads\/elementor\/thumbs\/CavendishHealth-Hakkimda700x469-pwe6o6zr33l6qujp5c1mdfxfta5odgz078cyqekjog.jpg","datePublished":"2021-07-31T11:13:25+00:00","dateModified":"2025-12-05T09:55:55+00:00","breadcrumb":{"@id":"https:\/\/www.cavendishsaglik.com\/de\/uber-uns\/#breadcrumb"},"inLanguage":"tr","potentialAction":[{"@type":"ReadAction","target":["https:\/\/www.cavendishsaglik.com\/de\/uber-uns\/"]}]},{"@type":"ImageObject","inLanguage":"tr","@id":"https:\/\/www.cavendishsaglik.com\/de\/uber-uns\/#primaryimage","url":"https:\/\/www.cavendishsaglik.com\/de\/wp-content\/uploads\/elementor\/thumbs\/CavendishHealth-Hakkimda700x469-pwe6o6zr33l6qujp5c1mdfxfta5odgz078cyqekjog.jpg","contentUrl":"https:\/\/www.cavendishsaglik.com\/de\/wp-content\/uploads\/elementor\/thumbs\/CavendishHealth-Hakkimda700x469-pwe6o6zr33l6qujp5c1mdfxfta5odgz078cyqekjog.jpg"},{"@type":"BreadcrumbList","@id":"https:\/\/www.cavendishsaglik.com\/de\/uber-uns\/#breadcrumb","itemListElement":[{"@type":"ListItem","position":1,"name":"Anasayfa","item":"https:\/\/www.cavendishsaglik.com\/de\/"},{"@type":"ListItem","position":2,"name":"\u00dcber Uns"}]},{"@type":"WebSite","@id":"https:\/\/www.cavendishsaglik.com\/de\/#website","url":"https:\/\/www.cavendishsaglik.com\/de\/","name":"Cavendish Health","description":"Uluslararas\u0131 Sa\u011fl\u0131k Turizmi Acentesi","potentialAction":[{"@type":"SearchAction","target":{"@type":"EntryPoint","urlTemplate":"https:\/\/www.cavendishsaglik.com\/de\/?s={search_term_string}"},"query-input":{"@type":"PropertyValueSpecification","valueRequired":true,"valueName":"search_term_string"}}],"inLanguage":"tr"}]}},"_links":{"self":[{"href":"https:\/\/www.cavendishsaglik.com\/de\/wp-json\/wp\/v2\/pages\/519","targetHints":{"allow":["GET"]}}],"collection":[{"href":"https:\/\/www.cavendishsaglik.com\/de\/wp-json\/wp\/v2\/pages"}],"about":[{"href":"https:\/\/www.cavendishsaglik.com\/de\/wp-json\/wp\/v2\/types\/page"}],"author":[{"embeddable":true,"href":"https:\/\/www.cavendishsaglik.com\/de\/wp-json\/wp\/v2\/users\/1"}],"replies":[{"embeddable":true,"href":"https:\/\/www.cavendishsaglik.com\/de\/wp-json\/wp\/v2\/comments?post=519"}],"version-history":[{"count":50,"href":"https:\/\/www.cavendishsaglik.com\/de\/wp-json\/wp\/v2\/pages\/519\/revisions"}],"predecessor-version":[{"id":1641,"href":"https:\/\/www.cavendishsaglik.com\/de\/wp-json\/wp\/v2\/pages\/519\/revisions\/1641"}],"wp:attachment":[{"href":"https:\/\/www.cavendishsaglik.com\/de\/wp-json\/wp\/v2\/media?parent=519"}],"curies":[{"name":"wp","href":"https:\/\/api.w.org\/{rel}","templated":true}]}}