{"id":629,"date":"2022-10-15T12:52:51","date_gmt":"2022-10-15T12:52:51","guid":{"rendered":"https:\/\/www.cavendishsaglik.com\/de\/?page_id=629"},"modified":"2022-10-24T12:46:49","modified_gmt":"2022-10-24T12:46:49","slug":"tourismus","status":"publish","type":"page","link":"https:\/\/www.cavendishsaglik.com\/de\/dienstleistungen\/tourismus\/","title":{"rendered":"Tourismus"},"content":{"rendered":"\t\t<div data-elementor-type=\"wp-page\" data-elementor-id=\"629\" class=\"elementor elementor-629\">\n\t\t\t\t\t\t<section class=\"elementor-section elementor-top-section elementor-element elementor-element-3c24a39 elementor-section-full_width elementor-section-height-min-height elementor-section-height-default elementor-section-items-middle\" data-id=\"3c24a39\" data-element_type=\"section\" data-settings=\"{&quot;background_background&quot;:&quot;classic&quot;}\">\n\t\t\t\t\t\t\t<div class=\"elementor-background-overlay\"><\/div>\n\t\t\t\t\t\t\t<div class=\"elementor-container elementor-column-gap-no\">\n\t\t\t\t\t<div class=\"elementor-column elementor-col-100 elementor-top-column elementor-element elementor-element-0988436\" data-id=\"0988436\" data-element_type=\"column\">\n\t\t\t<div class=\"elementor-widget-wrap elementor-element-populated\">\n\t\t\t\t\t\t<section class=\"elementor-section elementor-inner-section elementor-element elementor-element-0f5d187 elementor-section-boxed elementor-section-height-default elementor-section-height-default\" data-id=\"0f5d187\" data-element_type=\"section\">\n\t\t\t\t\t\t<div class=\"elementor-container elementor-column-gap-no\">\n\t\t\t\t\t<div class=\"elementor-column elementor-col-100 elementor-inner-column elementor-element elementor-element-138f982\" data-id=\"138f982\" data-element_type=\"column\">\n\t\t\t<div class=\"elementor-widget-wrap elementor-element-populated\">\n\t\t\t\t\t\t<div class=\"elementor-element elementor-element-dbfa938 elementor-widget elementor-widget-heading\" data-id=\"dbfa938\" data-element_type=\"widget\" data-widget_type=\"heading.default\">\n\t\t\t\t<div class=\"elementor-widget-container\">\n\t\t\t\t\t<h4 class=\"elementor-heading-title elementor-size-default\">Tour\u0131smus<\/h4>\t\t\t\t<\/div>\n\t\t\t\t<\/div>\n\t\t\t\t\t<\/div>\n\t\t<\/div>\n\t\t\t\t\t<\/div>\n\t\t<\/section>\n\t\t\t\t\t<\/div>\n\t\t<\/div>\n\t\t\t\t\t<\/div>\n\t\t<\/section>\n\t\t\t\t<section class=\"elementor-section elementor-top-section elementor-element elementor-element-8a3dc72 elementor-section-boxed elementor-section-height-default elementor-section-height-default\" data-id=\"8a3dc72\" data-element_type=\"section\" data-settings=\"{&quot;background_background&quot;:&quot;classic&quot;}\">\n\t\t\t\t\t\t<div class=\"elementor-container elementor-column-gap-no\">\n\t\t\t\t\t<div class=\"elementor-column elementor-col-100 elementor-top-column elementor-element elementor-element-c8623b0\" data-id=\"c8623b0\" data-element_type=\"column\">\n\t\t\t<div class=\"elementor-widget-wrap elementor-element-populated\">\n\t\t\t\t\t\t<section class=\"elementor-section elementor-inner-section elementor-element elementor-element-088d949 elementor-section-boxed elementor-section-height-default elementor-section-height-default\" data-id=\"088d949\" data-element_type=\"section\">\n\t\t\t\t\t\t<div class=\"elementor-container elementor-column-gap-no\">\n\t\t\t\t\t<div class=\"elementor-column elementor-col-100 elementor-inner-column elementor-element elementor-element-b24fdee\" data-id=\"b24fdee\" data-element_type=\"column\">\n\t\t\t<div class=\"elementor-widget-wrap elementor-element-populated\">\n\t\t\t\t\t\t<div class=\"elementor-element elementor-element-303a7b1 elementor-widget elementor-widget-image\" data-id=\"303a7b1\" data-element_type=\"widget\" data-widget_type=\"image.default\">\n\t\t\t\t<div class=\"elementor-widget-container\">\n\t\t\t\t\t\t\t\t\t\t\t\t\t\t\t<img fetchpriority=\"high\" decoding=\"async\" width=\"400\" height=\"250\" src=\"https:\/\/www.cavendishsaglik.com\/de\/wp-content\/uploads\/2022\/10\/CavendishHealth-SaglikTurizmi-MiniBanner400x250.jpg\" class=\"attachment-full size-full wp-image-1064\" alt=\"\" srcset=\"https:\/\/www.cavendishsaglik.com\/de\/wp-content\/uploads\/2022\/10\/CavendishHealth-SaglikTurizmi-MiniBanner400x250.jpg 400w, https:\/\/www.cavendishsaglik.com\/de\/wp-content\/uploads\/2022\/10\/CavendishHealth-SaglikTurizmi-MiniBanner400x250-300x188.jpg 300w\" sizes=\"(max-width: 34.9rem) calc(100vw - 2rem), (max-width: 53rem) calc(8 * (100vw \/ 12)), (min-width: 53rem) calc(6 * (100vw \/ 12)), 100vw\" \/>\t\t\t\t\t\t\t\t\t\t\t\t\t\t\t<\/div>\n\t\t\t\t<\/div>\n\t\t\t\t<div class=\"elementor-element elementor-element-684ccaa elementor-widget elementor-widget-text-editor\" data-id=\"684ccaa\" data-element_type=\"widget\" data-widget_type=\"text-editor.default\">\n\t\t\t\t<div class=\"elementor-widget-container\">\n\t\t\t\t\t\t\t\t\tDie Reise-und Tourismusdienstleistungen, die wir hier im Cavendish Health anbieten, sind die Organisation aller Arten von Reisen, Flugtickets, Reisen, VIP-Empfang am Flughafen, Hotelbuchungen und Organisationen unserer G\u00e4ste aus dem Ausland.\n<ul>\n \t<li><strong>Ticketbuchung<\/strong><\/li>\n<\/ul>\nCavendish Health bietet die besten Routen, Preise und Tracking-Dienste auf allen Strecken, indem es professionelle Flugbuchungen und Eink\u00e4ufe von Fluggesellschaften und Flugh\u00e4fen anbietet.\n<ul>\n \t<li><strong>Hotelreservierung<\/strong><\/li>\n<\/ul>\nCavendish Health bietet seinen G\u00e4sten einen zuverl\u00e4ssigen Hotelreservierungsservice. Hotelreservierungsdienste bieten G\u00e4sten und ihren Begleitern die Gewissheit von Cavendish Health f\u00fcr die Fortsetzung und Sicherheit ihrer Reisen.\n<ul>\n \t<li><strong>Taxi \/ Fahrzeug-Transfer-Arrangement<\/strong><\/li>\n<\/ul>\nDie vertraglich vereinbarten Taxi- und Shuttledienste von Cavendish Health bieten seinen G\u00e4sten, die f\u00fcr Gesundheitsdienstleistungen in die T\u00fcrkei reisen, zuverl\u00e4ssige Transportbuchungsdienste.\n<ul>\n <li><strong>\u00dcbersetzungsdienstleistungen<\/strong><\/li>\n<\/ul>\nBasierend auf der Bedeutung eines effektiven fallmanagements und der Kommunikation bietet das Cavendish Health translator Network \u00dcbersetzungen in alle weltweit g\u00e4ngigen Sprachen und unterst\u00fctzt die assistenzbed\u00fcrfnisse unserer Kunden.\t\t\t\t\t\t\t\t<\/div>\n\t\t\t\t<\/div>\n\t\t\t\t\t<\/div>\n\t\t<\/div>\n\t\t\t\t\t<\/div>\n\t\t<\/section>\n\t\t\t\t\t<\/div>\n\t\t<\/div>\n\t\t\t\t\t<\/div>\n\t\t<\/section>\n\t\t\t\t<section class=\"elementor-section elementor-top-section elementor-element elementor-element-2ae1edf elementor-section-full_width elementor-section-height-min-height elementor-section-height-default elementor-section-items-middle\" data-id=\"2ae1edf\" data-element_type=\"section\" data-settings=\"{&quot;background_background&quot;:&quot;classic&quot;}\">\n\t\t\t\t\t\t<div class=\"elementor-container elementor-column-gap-no\">\n\t\t\t\t\t<div class=\"elementor-column elementor-col-100 elementor-top-column elementor-element elementor-element-3e4bda1\" data-id=\"3e4bda1\" data-element_type=\"column\">\n\t\t\t<div class=\"elementor-widget-wrap elementor-element-populated\">\n\t\t\t\t\t\t<section class=\"elementor-section elementor-inner-section elementor-element elementor-element-3b28e25 elementor-section-boxed elementor-section-height-default elementor-section-height-default\" data-id=\"3b28e25\" data-element_type=\"section\">\n\t\t\t\t\t\t<div class=\"elementor-container elementor-column-gap-no\">\n\t\t\t\t\t<div class=\"elementor-column elementor-col-50 elementor-inner-column elementor-element elementor-element-52cd64a\" data-id=\"52cd64a\" data-element_type=\"column\">\n\t\t\t<div class=\"elementor-widget-wrap elementor-element-populated\">\n\t\t\t\t\t\t<div class=\"elementor-element elementor-element-337ddab elementor-widget__width-auto elementor-widget-tablet__width-initial elementor-widget-mobile__width-inherit elementor-view-default elementor-widget elementor-widget-icon\" data-id=\"337ddab\" data-element_type=\"widget\" data-widget_type=\"icon.default\">\n\t\t\t\t<div class=\"elementor-widget-container\">\n\t\t\t\t\t\t\t<div class=\"elementor-icon-wrapper\">\n\t\t\t<div class=\"elementor-icon\">\n\t\t\t<i aria-hidden=\"true\" class=\"fas fa-phone-alt\"><\/i>\t\t\t<\/div>\n\t\t<\/div>\n\t\t\t\t\t\t<\/div>\n\t\t\t\t<\/div>\n\t\t\t\t<div class=\"elementor-element elementor-element-0b2bf0d elementor-widget__width-auto elementor-widget-tablet__width-initial elementor-widget-mobile__width-inherit elementor-widget elementor-widget-icon-box\" data-id=\"0b2bf0d\" data-element_type=\"widget\" data-widget_type=\"icon-box.default\">\n\t\t\t\t<div class=\"elementor-widget-container\">\n\t\t\t\t\t\t\t<div class=\"elementor-icon-box-wrapper\">\n\n\t\t\t\n\t\t\t\t\t\t<div class=\"elementor-icon-box-content\">\n\n\t\t\t\t\t\t\t\t\t<h6 class=\"elementor-icon-box-title\">\n\t\t\t\t\t\t<span  >\n\t\t\t\t\t\t\tKontakt\u0131eren S\u0131e Uns\t\t\t\t\t\t<\/span>\n\t\t\t\t\t<\/h6>\n\t\t\t\t\n\t\t\t\t\t\t\t\t\t<p class=\"elementor-icon-box-description\">\n\t\t\t\t\t\tErhalten Sie mehr Informationen \t\t\t\t\t<\/p>\n\t\t\t\t\n\t\t\t<\/div>\n\t\t\t\n\t\t<\/div>\n\t\t\t\t\t\t<\/div>\n\t\t\t\t<\/div>\n\t\t\t\t\t<\/div>\n\t\t<\/div>\n\t\t\t\t<div class=\"elementor-column elementor-col-50 elementor-inner-column elementor-element elementor-element-77708c9\" data-id=\"77708c9\" data-element_type=\"column\">\n\t\t\t<div class=\"elementor-widget-wrap elementor-element-populated\">\n\t\t\t\t\t\t<div class=\"elementor-element elementor-element-8ec209e elementor-align-right elementor-mobile-align-center elementor-widget elementor-widget-button\" data-id=\"8ec209e\" data-element_type=\"widget\" data-widget_type=\"button.default\">\n\t\t\t\t<div class=\"elementor-widget-container\">\n\t\t\t\t\t\t\t\t\t<div class=\"elementor-button-wrapper\">\n\t\t\t\t\t<a class=\"elementor-button elementor-button-link elementor-size-sm\" href=\"https:\/\/www.cavendishsaglik.com\/de\/kontakt\/\">\n\t\t\t\t\t\t<span class=\"elementor-button-content-wrapper\">\n\t\t\t\t\t\t\t\t\t<span class=\"elementor-button-text\">Kontakt\u0131eren S\u0131e Uns<\/span>\n\t\t\t\t\t<\/span>\n\t\t\t\t\t<\/a>\n\t\t\t\t<\/div>\n\t\t\t\t\t\t\t\t<\/div>\n\t\t\t\t<\/div>\n\t\t\t\t\t<\/div>\n\t\t<\/div>\n\t\t\t\t\t<\/div>\n\t\t<\/section>\n\t\t\t\t\t<\/div>\n\t\t<\/div>\n\t\t\t\t\t<\/div>\n\t\t<\/section>\n\t\t\t\t<\/div>\n\t\t","protected":false},"excerpt":{"rendered":"<p>Tour\u0131smus Die Reise-und Tourismusdienstleistungen, die wir hier im Cavendish Health anbieten, sind die Organisation aller Arten von Reisen, Flugtickets, Reisen, VIP-Empfang am Flughafen, Hotelbuchungen und Organisationen unserer G\u00e4ste aus dem Ausland. Ticketbuchung Cavendish Health bietet die besten Routen, Preise und Tracking-Dienste auf allen Strecken, indem es professionelle Flugbuchungen und Eink\u00e4ufe von Fluggesellschaften und Flugh\u00e4fen anbietet. &hellip; <\/p>\n<p class=\"link-more\"><a href=\"https:\/\/www.cavendishsaglik.com\/de\/dienstleistungen\/tourismus\/\" class=\"more-link\">Okumaya devam et<span class=\"screen-reader-text\"> &#8220;Tourismus&#8221;<\/span><\/a><\/p>\n","protected":false},"author":1,"featured_media":0,"parent":358,"menu_order":0,"comment_status":"closed","ping_status":"closed","template":"elementor_header_footer","meta":{"_themeisle_gutenberg_block_has_review":false,"footnotes":""},"class_list":["post-629","page","type-page","status-publish","hentry","entry"],"yoast_head":"<!-- This site is optimized with the Yoast SEO plugin v26.5 - https:\/\/yoast.com\/wordpress\/plugins\/seo\/ -->\n<title>Tourismus - Cavendish Health<\/title>\n<meta name=\"robots\" content=\"index, follow, max-snippet:-1, max-image-preview:large, max-video-preview:-1\" \/>\n<link rel=\"canonical\" href=\"https:\/\/www.cavendishsaglik.com\/de\/dienstleistungen\/tourismus\/\" \/>\n<meta property=\"og:locale\" content=\"tr_TR\" \/>\n<meta property=\"og:type\" content=\"article\" \/>\n<meta property=\"og:title\" content=\"Tourismus - Cavendish Health\" \/>\n<meta property=\"og:description\" content=\"Tour\u0131smus Die Reise-und Tourismusdienstleistungen, die wir hier im Cavendish Health anbieten, sind die Organisation aller Arten von Reisen, Flugtickets, Reisen, VIP-Empfang am Flughafen, Hotelbuchungen und Organisationen unserer G\u00e4ste aus dem Ausland. Ticketbuchung Cavendish Health bietet die besten Routen, Preise und Tracking-Dienste auf allen Strecken, indem es professionelle Flugbuchungen und Eink\u00e4ufe von Fluggesellschaften und Flugh\u00e4fen anbietet. &hellip; Okumaya devam et &quot;Tourismus&quot;\" \/>\n<meta property=\"og:url\" content=\"https:\/\/www.cavendishsaglik.com\/de\/dienstleistungen\/tourismus\/\" \/>\n<meta property=\"og:site_name\" content=\"Cavendish Health\" \/>\n<meta property=\"article:modified_time\" content=\"2022-10-24T12:46:49+00:00\" \/>\n<meta property=\"og:image\" content=\"https:\/\/www.cavendishsaglik.com\/de\/wp-content\/uploads\/2022\/10\/CavendishHealth-SaglikTurizmi-MiniBanner400x250.jpg\" \/>\n<meta name=\"twitter:card\" content=\"summary_large_image\" \/>\n<meta name=\"twitter:label1\" content=\"Tahmini okuma s\u00fcresi\" \/>\n\t<meta name=\"twitter:data1\" content=\"2 dakika\" \/>\n<script type=\"application\/ld+json\" class=\"yoast-schema-graph\">{\"@context\":\"https:\/\/schema.org\",\"@graph\":[{\"@type\":\"WebPage\",\"@id\":\"https:\/\/www.cavendishsaglik.com\/de\/dienstleistungen\/tourismus\/\",\"url\":\"https:\/\/www.cavendishsaglik.com\/de\/dienstleistungen\/tourismus\/\",\"name\":\"Tourismus - Cavendish Health\",\"isPartOf\":{\"@id\":\"https:\/\/www.cavendishsaglik.com\/de\/#website\"},\"primaryImageOfPage\":{\"@id\":\"https:\/\/www.cavendishsaglik.com\/de\/dienstleistungen\/tourismus\/#primaryimage\"},\"image\":{\"@id\":\"https:\/\/www.cavendishsaglik.com\/de\/dienstleistungen\/tourismus\/#primaryimage\"},\"thumbnailUrl\":\"https:\/\/www.cavendishsaglik.com\/de\/wp-content\/uploads\/2022\/10\/CavendishHealth-SaglikTurizmi-MiniBanner400x250.jpg\",\"datePublished\":\"2022-10-15T12:52:51+00:00\",\"dateModified\":\"2022-10-24T12:46:49+00:00\",\"breadcrumb\":{\"@id\":\"https:\/\/www.cavendishsaglik.com\/de\/dienstleistungen\/tourismus\/#breadcrumb\"},\"inLanguage\":\"tr\",\"potentialAction\":[{\"@type\":\"ReadAction\",\"target\":[\"https:\/\/www.cavendishsaglik.com\/de\/dienstleistungen\/tourismus\/\"]}]},{\"@type\":\"ImageObject\",\"inLanguage\":\"tr\",\"@id\":\"https:\/\/www.cavendishsaglik.com\/de\/dienstleistungen\/tourismus\/#primaryimage\",\"url\":\"https:\/\/www.cavendishsaglik.com\/de\/wp-content\/uploads\/2022\/10\/CavendishHealth-SaglikTurizmi-MiniBanner400x250.jpg\",\"contentUrl\":\"https:\/\/www.cavendishsaglik.com\/de\/wp-content\/uploads\/2022\/10\/CavendishHealth-SaglikTurizmi-MiniBanner400x250.jpg\",\"width\":400,\"height\":250},{\"@type\":\"BreadcrumbList\",\"@id\":\"https:\/\/www.cavendishsaglik.com\/de\/dienstleistungen\/tourismus\/#breadcrumb\",\"itemListElement\":[{\"@type\":\"ListItem\",\"position\":1,\"name\":\"Anasayfa\",\"item\":\"https:\/\/www.cavendishsaglik.com\/de\/\"},{\"@type\":\"ListItem\",\"position\":2,\"name\":\"Dienstleistungen\",\"item\":\"https:\/\/www.cavendishsaglik.com\/de\/dienstleistungen\/\"},{\"@type\":\"ListItem\",\"position\":3,\"name\":\"Tourismus\"}]},{\"@type\":\"WebSite\",\"@id\":\"https:\/\/www.cavendishsaglik.com\/de\/#website\",\"url\":\"https:\/\/www.cavendishsaglik.com\/de\/\",\"name\":\"Cavendish Health\",\"description\":\"Uluslararas\u0131 Sa\u011fl\u0131k Turizmi Acentesi\",\"potentialAction\":[{\"@type\":\"SearchAction\",\"target\":{\"@type\":\"EntryPoint\",\"urlTemplate\":\"https:\/\/www.cavendishsaglik.com\/de\/?s={search_term_string}\"},\"query-input\":{\"@type\":\"PropertyValueSpecification\",\"valueRequired\":true,\"valueName\":\"search_term_string\"}}],\"inLanguage\":\"tr\"}]}<\/script>\n<!-- \/ Yoast SEO plugin. -->","yoast_head_json":{"title":"Tourismus - Cavendish Health","robots":{"index":"index","follow":"follow","max-snippet":"max-snippet:-1","max-image-preview":"max-image-preview:large","max-video-preview":"max-video-preview:-1"},"canonical":"https:\/\/www.cavendishsaglik.com\/de\/dienstleistungen\/tourismus\/","og_locale":"tr_TR","og_type":"article","og_title":"Tourismus - Cavendish Health","og_description":"Tour\u0131smus Die Reise-und Tourismusdienstleistungen, die wir hier im Cavendish Health anbieten, sind die Organisation aller Arten von Reisen, Flugtickets, Reisen, VIP-Empfang am Flughafen, Hotelbuchungen und Organisationen unserer G\u00e4ste aus dem Ausland. Ticketbuchung Cavendish Health bietet die besten Routen, Preise und Tracking-Dienste auf allen Strecken, indem es professionelle Flugbuchungen und Eink\u00e4ufe von Fluggesellschaften und Flugh\u00e4fen anbietet. &hellip; Okumaya devam et \"Tourismus\"","og_url":"https:\/\/www.cavendishsaglik.com\/de\/dienstleistungen\/tourismus\/","og_site_name":"Cavendish Health","article_modified_time":"2022-10-24T12:46:49+00:00","og_image":[{"url":"https:\/\/www.cavendishsaglik.com\/de\/wp-content\/uploads\/2022\/10\/CavendishHealth-SaglikTurizmi-MiniBanner400x250.jpg","type":"","width":"","height":""}],"twitter_card":"summary_large_image","twitter_misc":{"Tahmini okuma s\u00fcresi":"2 dakika"},"schema":{"@context":"https:\/\/schema.org","@graph":[{"@type":"WebPage","@id":"https:\/\/www.cavendishsaglik.com\/de\/dienstleistungen\/tourismus\/","url":"https:\/\/www.cavendishsaglik.com\/de\/dienstleistungen\/tourismus\/","name":"Tourismus - Cavendish Health","isPartOf":{"@id":"https:\/\/www.cavendishsaglik.com\/de\/#website"},"primaryImageOfPage":{"@id":"https:\/\/www.cavendishsaglik.com\/de\/dienstleistungen\/tourismus\/#primaryimage"},"image":{"@id":"https:\/\/www.cavendishsaglik.com\/de\/dienstleistungen\/tourismus\/#primaryimage"},"thumbnailUrl":"https:\/\/www.cavendishsaglik.com\/de\/wp-content\/uploads\/2022\/10\/CavendishHealth-SaglikTurizmi-MiniBanner400x250.jpg","datePublished":"2022-10-15T12:52:51+00:00","dateModified":"2022-10-24T12:46:49+00:00","breadcrumb":{"@id":"https:\/\/www.cavendishsaglik.com\/de\/dienstleistungen\/tourismus\/#breadcrumb"},"inLanguage":"tr","potentialAction":[{"@type":"ReadAction","target":["https:\/\/www.cavendishsaglik.com\/de\/dienstleistungen\/tourismus\/"]}]},{"@type":"ImageObject","inLanguage":"tr","@id":"https:\/\/www.cavendishsaglik.com\/de\/dienstleistungen\/tourismus\/#primaryimage","url":"https:\/\/www.cavendishsaglik.com\/de\/wp-content\/uploads\/2022\/10\/CavendishHealth-SaglikTurizmi-MiniBanner400x250.jpg","contentUrl":"https:\/\/www.cavendishsaglik.com\/de\/wp-content\/uploads\/2022\/10\/CavendishHealth-SaglikTurizmi-MiniBanner400x250.jpg","width":400,"height":250},{"@type":"BreadcrumbList","@id":"https:\/\/www.cavendishsaglik.com\/de\/dienstleistungen\/tourismus\/#breadcrumb","itemListElement":[{"@type":"ListItem","position":1,"name":"Anasayfa","item":"https:\/\/www.cavendishsaglik.com\/de\/"},{"@type":"ListItem","position":2,"name":"Dienstleistungen","item":"https:\/\/www.cavendishsaglik.com\/de\/dienstleistungen\/"},{"@type":"ListItem","position":3,"name":"Tourismus"}]},{"@type":"WebSite","@id":"https:\/\/www.cavendishsaglik.com\/de\/#website","url":"https:\/\/www.cavendishsaglik.com\/de\/","name":"Cavendish Health","description":"Uluslararas\u0131 Sa\u011fl\u0131k Turizmi Acentesi","potentialAction":[{"@type":"SearchAction","target":{"@type":"EntryPoint","urlTemplate":"https:\/\/www.cavendishsaglik.com\/de\/?s={search_term_string}"},"query-input":{"@type":"PropertyValueSpecification","valueRequired":true,"valueName":"search_term_string"}}],"inLanguage":"tr"}]}},"_links":{"self":[{"href":"https:\/\/www.cavendishsaglik.com\/de\/wp-json\/wp\/v2\/pages\/629","targetHints":{"allow":["GET"]}}],"collection":[{"href":"https:\/\/www.cavendishsaglik.com\/de\/wp-json\/wp\/v2\/pages"}],"about":[{"href":"https:\/\/www.cavendishsaglik.com\/de\/wp-json\/wp\/v2\/types\/page"}],"author":[{"embeddable":true,"href":"https:\/\/www.cavendishsaglik.com\/de\/wp-json\/wp\/v2\/users\/1"}],"replies":[{"embeddable":true,"href":"https:\/\/www.cavendishsaglik.com\/de\/wp-json\/wp\/v2\/comments?post=629"}],"version-history":[{"count":42,"href":"https:\/\/www.cavendishsaglik.com\/de\/wp-json\/wp\/v2\/pages\/629\/revisions"}],"predecessor-version":[{"id":1556,"href":"https:\/\/www.cavendishsaglik.com\/de\/wp-json\/wp\/v2\/pages\/629\/revisions\/1556"}],"up":[{"embeddable":true,"href":"https:\/\/www.cavendishsaglik.com\/de\/wp-json\/wp\/v2\/pages\/358"}],"wp:attachment":[{"href":"https:\/\/www.cavendishsaglik.com\/de\/wp-json\/wp\/v2\/media?parent=629"}],"curies":[{"name":"wp","href":"https:\/\/api.w.org\/{rel}","templated":true}]}}