{"id":638,"date":"2022-10-15T12:56:05","date_gmt":"2022-10-15T12:56:05","guid":{"rendered":"https:\/\/www.cavendishsaglik.com\/de\/?page_id=638"},"modified":"2022-10-24T12:46:33","modified_gmt":"2022-10-24T12:46:33","slug":"organisation","status":"publish","type":"page","link":"https:\/\/www.cavendishsaglik.com\/de\/dienstleistungen\/organisation\/","title":{"rendered":"Organisation"},"content":{"rendered":"\t\t<div data-elementor-type=\"wp-page\" data-elementor-id=\"638\" class=\"elementor elementor-638\">\n\t\t\t\t\t\t<section class=\"elementor-section elementor-top-section elementor-element elementor-element-f9d5d83 elementor-section-full_width elementor-section-height-min-height elementor-section-height-default elementor-section-items-middle\" data-id=\"f9d5d83\" data-element_type=\"section\" data-settings=\"{&quot;background_background&quot;:&quot;classic&quot;}\">\n\t\t\t\t\t\t\t<div class=\"elementor-background-overlay\"><\/div>\n\t\t\t\t\t\t\t<div class=\"elementor-container elementor-column-gap-no\">\n\t\t\t\t\t<div class=\"elementor-column elementor-col-100 elementor-top-column elementor-element elementor-element-0669ba1\" data-id=\"0669ba1\" data-element_type=\"column\">\n\t\t\t<div class=\"elementor-widget-wrap elementor-element-populated\">\n\t\t\t\t\t\t<section class=\"elementor-section elementor-inner-section elementor-element elementor-element-3ad12b8 elementor-section-boxed elementor-section-height-default elementor-section-height-default\" data-id=\"3ad12b8\" data-element_type=\"section\">\n\t\t\t\t\t\t<div class=\"elementor-container elementor-column-gap-no\">\n\t\t\t\t\t<div class=\"elementor-column elementor-col-100 elementor-inner-column elementor-element elementor-element-dfd03bc\" data-id=\"dfd03bc\" data-element_type=\"column\">\n\t\t\t<div class=\"elementor-widget-wrap elementor-element-populated\">\n\t\t\t\t\t\t<div class=\"elementor-element elementor-element-7579992 elementor-widget elementor-widget-heading\" data-id=\"7579992\" data-element_type=\"widget\" data-widget_type=\"heading.default\">\n\t\t\t\t<div class=\"elementor-widget-container\">\n\t\t\t\t\t<h4 class=\"elementor-heading-title elementor-size-default\">Organ\u0131sat\u0131on<\/h4>\t\t\t\t<\/div>\n\t\t\t\t<\/div>\n\t\t\t\t\t<\/div>\n\t\t<\/div>\n\t\t\t\t\t<\/div>\n\t\t<\/section>\n\t\t\t\t\t<\/div>\n\t\t<\/div>\n\t\t\t\t\t<\/div>\n\t\t<\/section>\n\t\t\t\t<section class=\"elementor-section elementor-top-section elementor-element elementor-element-07a4070 elementor-section-boxed elementor-section-height-default elementor-section-height-default\" data-id=\"07a4070\" data-element_type=\"section\" data-settings=\"{&quot;background_background&quot;:&quot;classic&quot;}\">\n\t\t\t\t\t\t<div class=\"elementor-container elementor-column-gap-no\">\n\t\t\t\t\t<div class=\"elementor-column elementor-col-100 elementor-top-column elementor-element elementor-element-9e9daed\" data-id=\"9e9daed\" data-element_type=\"column\">\n\t\t\t<div class=\"elementor-widget-wrap elementor-element-populated\">\n\t\t\t\t\t\t<section class=\"elementor-section elementor-inner-section elementor-element elementor-element-0138c53 elementor-section-boxed elementor-section-height-default elementor-section-height-default\" data-id=\"0138c53\" data-element_type=\"section\">\n\t\t\t\t\t\t<div class=\"elementor-container elementor-column-gap-no\">\n\t\t\t\t\t<div class=\"elementor-column elementor-col-100 elementor-inner-column elementor-element elementor-element-b7a3e25\" data-id=\"b7a3e25\" data-element_type=\"column\">\n\t\t\t<div class=\"elementor-widget-wrap elementor-element-populated\">\n\t\t\t\t\t\t<div class=\"elementor-element elementor-element-8682e66 elementor-widget elementor-widget-image\" data-id=\"8682e66\" data-element_type=\"widget\" data-widget_type=\"image.default\">\n\t\t\t\t<div class=\"elementor-widget-container\">\n\t\t\t\t\t\t\t\t\t\t\t\t\t\t\t<img fetchpriority=\"high\" decoding=\"async\" width=\"400\" height=\"250\" src=\"https:\/\/www.cavendishsaglik.com\/de\/wp-content\/uploads\/2022\/10\/CavendishHealth-Organizasyon-MiniBanner400x250.jpg\" class=\"attachment-full size-full wp-image-1065\" alt=\"\" srcset=\"https:\/\/www.cavendishsaglik.com\/de\/wp-content\/uploads\/2022\/10\/CavendishHealth-Organizasyon-MiniBanner400x250.jpg 400w, https:\/\/www.cavendishsaglik.com\/de\/wp-content\/uploads\/2022\/10\/CavendishHealth-Organizasyon-MiniBanner400x250-300x188.jpg 300w\" sizes=\"(max-width: 400px) 100vw, 400px\" \/>\t\t\t\t\t\t\t\t\t\t\t\t\t\t\t<\/div>\n\t\t\t\t<\/div>\n\t\t\t\t<div class=\"elementor-element elementor-element-35cbbc0 elementor-widget elementor-widget-text-editor\" data-id=\"35cbbc0\" data-element_type=\"widget\" data-widget_type=\"text-editor.default\">\n\t\t\t\t<div class=\"elementor-widget-container\">\n\t\t\t\t\t\t\t\t\t<p><strong>Krankenhauseinweisung und \u00dcberweisungsverfahren<br \/><br \/><\/strong>Cavendish Health ist die erste Anlaufstelle f\u00fcr Krankenhauseinweisungen und \u00dcberweisungsdienste. Vereinfachte und praktikable Prozesse bieten schnelle L\u00f6sungen f\u00fcr die verschiedenen Gesundheitsbed\u00fcrfnisse der G\u00e4ste, indem sie den schnellsten Zugang zu verschiedenen Dienstleistungen bieten, die von Gesundheitseinrichtungen in der T\u00fcrkei und in der Welt angeboten werden.<\/p><p>\u00a0<\/p><p><strong>Ambulanzdienste<\/strong><\/p><p>Wenn der Patient in eine geeignetere medizinische Einrichtung, Hotel-Krankenhaus-Flughafen-Transfers und medizinische Transferbed\u00fcrfnisse verlegt werden muss, bietet das umfangreiche Netzwerk von vertraglich vereinbarten Ambulanzdienste von Cavendish Health umfassende Transferm\u00f6glichkeiten. Der Service erm\u00f6glicht es den G\u00e4sten, sowohl von hochwertigen als auch von wirtschaftlichen Landrettungsl\u00f6sungen in der T\u00fcrkei und auf der ganzen Welt zu profitieren.<br \/><br \/><\/p><p><strong>Flugambulanz und medizinische Evakuierung<\/strong><\/p><p>Cavendish Health, dank seines weltweiten Ambulanznetzes, in F\u00e4llen, in denen der Patient aus gesundheitlichen Gr\u00fcnden in sein Heimatland zur\u00fcckgeschickt werden muss; Im Auftrag von Versicherungen, Hilfsunternehmen, Regierungen und Krankenh\u00e4usern erf\u00fcllt sie diesen Bedarf und bietet Luftrettungsdienste zu internationalen Standards und erschwinglichen Preisen an. Medizinische Berichte, Luftt\u00fcchtigkeitsberichte und alle notwendigen Dokumentationsarbeiten werden vom Cavendish Health-Partnerteam auf die schnellste und effizienteste Weise durchgef\u00fchrt.<\/p><p>\u00a0<\/p><p><strong>Zahlungsgarantie<\/strong><\/p><p>Cavendish Health bietet Zahlungsgarantien im Rahmen eines medizinischen Kostenkontrollprozesses mit vollst\u00e4ndig akkreditierten Dienstleistern im ganzen Land. Die Zahlungsgarantie beschleunigt den Entscheidungsprozess und die medizinischen Verfahren, indem sichergestellt wird, dass der Patient zur richtigen Zeit die richtige und angemessene Dienstleistung erh\u00e4lt. Cavendish Health kl\u00e4rt und st\u00e4rkt Prozesse zwischen Versicherungen, Assistenzfirmen und Krankenh\u00e4usern.<\/p><p>\u00a0<\/p><p><strong>Medizinische Zweitmeinung<\/strong><\/p><p>Cavendish Health bietet auf der Grundlage seiner Erfahrung im medizinischen Qualit\u00e4ts-und Kostenmanagement in der T\u00fcrkei einen v\u00f6llig transparenten und klaren zweitmeinungsdienst an. Es unterst\u00fctzt Versicherungsunternehmen und Gesundheitsunternehmen bei der Erf\u00fcllung ihrer Gesundheitsanforderungen in der T\u00fcrkei und weltweit mit langj\u00e4hrigen Erfahrung im Bereich medizinisches Fachwissen.<\/p>\t\t\t\t\t\t\t\t<\/div>\n\t\t\t\t<\/div>\n\t\t\t\t\t<\/div>\n\t\t<\/div>\n\t\t\t\t\t<\/div>\n\t\t<\/section>\n\t\t\t\t\t<\/div>\n\t\t<\/div>\n\t\t\t\t\t<\/div>\n\t\t<\/section>\n\t\t\t\t<section class=\"elementor-section elementor-top-section elementor-element elementor-element-1a91fc3 elementor-section-full_width elementor-section-height-min-height elementor-section-height-default elementor-section-items-middle\" data-id=\"1a91fc3\" data-element_type=\"section\" data-settings=\"{&quot;background_background&quot;:&quot;classic&quot;}\">\n\t\t\t\t\t\t<div class=\"elementor-container elementor-column-gap-no\">\n\t\t\t\t\t<div class=\"elementor-column elementor-col-100 elementor-top-column elementor-element elementor-element-4f14b68\" data-id=\"4f14b68\" data-element_type=\"column\">\n\t\t\t<div class=\"elementor-widget-wrap elementor-element-populated\">\n\t\t\t\t\t\t<section class=\"elementor-section elementor-inner-section elementor-element elementor-element-b32b11c elementor-section-boxed elementor-section-height-default elementor-section-height-default\" data-id=\"b32b11c\" data-element_type=\"section\">\n\t\t\t\t\t\t<div class=\"elementor-container elementor-column-gap-no\">\n\t\t\t\t\t<div class=\"elementor-column elementor-col-50 elementor-inner-column elementor-element elementor-element-b468689\" data-id=\"b468689\" data-element_type=\"column\">\n\t\t\t<div class=\"elementor-widget-wrap elementor-element-populated\">\n\t\t\t\t\t\t<div class=\"elementor-element elementor-element-ea6943d elementor-widget__width-auto elementor-widget-tablet__width-initial elementor-widget-mobile__width-inherit elementor-view-default elementor-widget elementor-widget-icon\" data-id=\"ea6943d\" data-element_type=\"widget\" data-widget_type=\"icon.default\">\n\t\t\t\t<div class=\"elementor-widget-container\">\n\t\t\t\t\t\t\t<div class=\"elementor-icon-wrapper\">\n\t\t\t<div class=\"elementor-icon\">\n\t\t\t<i aria-hidden=\"true\" class=\"fas fa-phone-alt\"><\/i>\t\t\t<\/div>\n\t\t<\/div>\n\t\t\t\t\t\t<\/div>\n\t\t\t\t<\/div>\n\t\t\t\t<div class=\"elementor-element elementor-element-359738d elementor-widget__width-auto elementor-widget-tablet__width-initial elementor-widget-mobile__width-inherit elementor-widget elementor-widget-icon-box\" data-id=\"359738d\" data-element_type=\"widget\" data-widget_type=\"icon-box.default\">\n\t\t\t\t<div class=\"elementor-widget-container\">\n\t\t\t\t\t\t\t<div class=\"elementor-icon-box-wrapper\">\n\n\t\t\t\n\t\t\t\t\t\t<div class=\"elementor-icon-box-content\">\n\n\t\t\t\t\t\t\t\t\t<h6 class=\"elementor-icon-box-title\">\n\t\t\t\t\t\t<span  >\n\t\t\t\t\t\t\tKontakt\u0131eren S\u0131e Uns\t\t\t\t\t\t<\/span>\n\t\t\t\t\t<\/h6>\n\t\t\t\t\n\t\t\t\t\t\t\t\t\t<p class=\"elementor-icon-box-description\">\n\t\t\t\t\t\tErhalten Sie mehr Informationen \t\t\t\t\t<\/p>\n\t\t\t\t\n\t\t\t<\/div>\n\t\t\t\n\t\t<\/div>\n\t\t\t\t\t\t<\/div>\n\t\t\t\t<\/div>\n\t\t\t\t\t<\/div>\n\t\t<\/div>\n\t\t\t\t<div class=\"elementor-column elementor-col-50 elementor-inner-column elementor-element elementor-element-1997898\" data-id=\"1997898\" data-element_type=\"column\">\n\t\t\t<div class=\"elementor-widget-wrap elementor-element-populated\">\n\t\t\t\t\t\t<div class=\"elementor-element elementor-element-490d20c elementor-align-right elementor-mobile-align-center elementor-widget elementor-widget-button\" data-id=\"490d20c\" data-element_type=\"widget\" data-widget_type=\"button.default\">\n\t\t\t\t<div class=\"elementor-widget-container\">\n\t\t\t\t\t\t\t\t\t<div class=\"elementor-button-wrapper\">\n\t\t\t\t\t<a class=\"elementor-button elementor-button-link elementor-size-sm\" href=\"https:\/\/www.cavendishsaglik.com\/de\/kontakt\/\">\n\t\t\t\t\t\t<span class=\"elementor-button-content-wrapper\">\n\t\t\t\t\t\t\t\t\t<span class=\"elementor-button-text\">Kontakt\u0131eren S\u0131e Uns<\/span>\n\t\t\t\t\t<\/span>\n\t\t\t\t\t<\/a>\n\t\t\t\t<\/div>\n\t\t\t\t\t\t\t\t<\/div>\n\t\t\t\t<\/div>\n\t\t\t\t\t<\/div>\n\t\t<\/div>\n\t\t\t\t\t<\/div>\n\t\t<\/section>\n\t\t\t\t\t<\/div>\n\t\t<\/div>\n\t\t\t\t\t<\/div>\n\t\t<\/section>\n\t\t\t\t<\/div>\n\t\t","protected":false},"excerpt":{"rendered":"<p>Organ\u0131sat\u0131on Krankenhauseinweisung und \u00dcberweisungsverfahren Cavendish Health ist die erste Anlaufstelle f\u00fcr Krankenhauseinweisungen und \u00dcberweisungsdienste. Vereinfachte und praktikable Prozesse bieten schnelle L\u00f6sungen f\u00fcr die verschiedenen Gesundheitsbed\u00fcrfnisse der G\u00e4ste, indem sie den schnellsten Zugang zu verschiedenen Dienstleistungen bieten, die von Gesundheitseinrichtungen in der T\u00fcrkei und in der Welt angeboten werden. \u00a0 Ambulanzdienste Wenn der Patient in eine &hellip; <\/p>\n<p class=\"link-more\"><a href=\"https:\/\/www.cavendishsaglik.com\/de\/dienstleistungen\/organisation\/\" class=\"more-link\">Okumaya devam et<span class=\"screen-reader-text\"> &#8220;Organisation&#8221;<\/span><\/a><\/p>\n","protected":false},"author":1,"featured_media":0,"parent":358,"menu_order":0,"comment_status":"closed","ping_status":"closed","template":"elementor_header_footer","meta":{"_themeisle_gutenberg_block_has_review":false,"footnotes":""},"class_list":["post-638","page","type-page","status-publish","hentry","entry"],"yoast_head":"<!-- This site is optimized with the Yoast SEO plugin v26.5 - https:\/\/yoast.com\/wordpress\/plugins\/seo\/ -->\n<title>Organisation - Cavendish Health<\/title>\n<meta name=\"robots\" content=\"index, follow, max-snippet:-1, max-image-preview:large, max-video-preview:-1\" \/>\n<link rel=\"canonical\" href=\"https:\/\/www.cavendishsaglik.com\/de\/dienstleistungen\/organisation\/\" \/>\n<meta property=\"og:locale\" content=\"tr_TR\" \/>\n<meta property=\"og:type\" content=\"article\" \/>\n<meta property=\"og:title\" content=\"Organisation - Cavendish Health\" \/>\n<meta property=\"og:description\" content=\"Organ\u0131sat\u0131on Krankenhauseinweisung und \u00dcberweisungsverfahren Cavendish Health ist die erste Anlaufstelle f\u00fcr Krankenhauseinweisungen und \u00dcberweisungsdienste. Vereinfachte und praktikable Prozesse bieten schnelle L\u00f6sungen f\u00fcr die verschiedenen Gesundheitsbed\u00fcrfnisse der G\u00e4ste, indem sie den schnellsten Zugang zu verschiedenen Dienstleistungen bieten, die von Gesundheitseinrichtungen in der T\u00fcrkei und in der Welt angeboten werden. \u00a0 Ambulanzdienste Wenn der Patient in eine &hellip; Okumaya devam et &quot;Organisation&quot;\" \/>\n<meta property=\"og:url\" content=\"https:\/\/www.cavendishsaglik.com\/de\/dienstleistungen\/organisation\/\" \/>\n<meta property=\"og:site_name\" content=\"Cavendish Health\" \/>\n<meta property=\"article:modified_time\" content=\"2022-10-24T12:46:33+00:00\" \/>\n<meta property=\"og:image\" content=\"https:\/\/www.cavendishsaglik.com\/de\/wp-content\/uploads\/2022\/10\/CavendishHealth-Organizasyon-MiniBanner400x250.jpg\" \/>\n<meta name=\"twitter:card\" content=\"summary_large_image\" \/>\n<meta name=\"twitter:label1\" content=\"Tahmini okuma s\u00fcresi\" \/>\n\t<meta name=\"twitter:data1\" content=\"2 dakika\" \/>\n<script type=\"application\/ld+json\" class=\"yoast-schema-graph\">{\"@context\":\"https:\/\/schema.org\",\"@graph\":[{\"@type\":\"WebPage\",\"@id\":\"https:\/\/www.cavendishsaglik.com\/de\/dienstleistungen\/organisation\/\",\"url\":\"https:\/\/www.cavendishsaglik.com\/de\/dienstleistungen\/organisation\/\",\"name\":\"Organisation - Cavendish Health\",\"isPartOf\":{\"@id\":\"https:\/\/www.cavendishsaglik.com\/de\/#website\"},\"primaryImageOfPage\":{\"@id\":\"https:\/\/www.cavendishsaglik.com\/de\/dienstleistungen\/organisation\/#primaryimage\"},\"image\":{\"@id\":\"https:\/\/www.cavendishsaglik.com\/de\/dienstleistungen\/organisation\/#primaryimage\"},\"thumbnailUrl\":\"https:\/\/www.cavendishsaglik.com\/de\/wp-content\/uploads\/2022\/10\/CavendishHealth-Organizasyon-MiniBanner400x250.jpg\",\"datePublished\":\"2022-10-15T12:56:05+00:00\",\"dateModified\":\"2022-10-24T12:46:33+00:00\",\"breadcrumb\":{\"@id\":\"https:\/\/www.cavendishsaglik.com\/de\/dienstleistungen\/organisation\/#breadcrumb\"},\"inLanguage\":\"tr\",\"potentialAction\":[{\"@type\":\"ReadAction\",\"target\":[\"https:\/\/www.cavendishsaglik.com\/de\/dienstleistungen\/organisation\/\"]}]},{\"@type\":\"ImageObject\",\"inLanguage\":\"tr\",\"@id\":\"https:\/\/www.cavendishsaglik.com\/de\/dienstleistungen\/organisation\/#primaryimage\",\"url\":\"https:\/\/www.cavendishsaglik.com\/de\/wp-content\/uploads\/2022\/10\/CavendishHealth-Organizasyon-MiniBanner400x250.jpg\",\"contentUrl\":\"https:\/\/www.cavendishsaglik.com\/de\/wp-content\/uploads\/2022\/10\/CavendishHealth-Organizasyon-MiniBanner400x250.jpg\",\"width\":400,\"height\":250},{\"@type\":\"BreadcrumbList\",\"@id\":\"https:\/\/www.cavendishsaglik.com\/de\/dienstleistungen\/organisation\/#breadcrumb\",\"itemListElement\":[{\"@type\":\"ListItem\",\"position\":1,\"name\":\"Anasayfa\",\"item\":\"https:\/\/www.cavendishsaglik.com\/de\/\"},{\"@type\":\"ListItem\",\"position\":2,\"name\":\"Dienstleistungen\",\"item\":\"https:\/\/www.cavendishsaglik.com\/de\/dienstleistungen\/\"},{\"@type\":\"ListItem\",\"position\":3,\"name\":\"Organisation\"}]},{\"@type\":\"WebSite\",\"@id\":\"https:\/\/www.cavendishsaglik.com\/de\/#website\",\"url\":\"https:\/\/www.cavendishsaglik.com\/de\/\",\"name\":\"Cavendish Health\",\"description\":\"Uluslararas\u0131 Sa\u011fl\u0131k Turizmi Acentesi\",\"potentialAction\":[{\"@type\":\"SearchAction\",\"target\":{\"@type\":\"EntryPoint\",\"urlTemplate\":\"https:\/\/www.cavendishsaglik.com\/de\/?s={search_term_string}\"},\"query-input\":{\"@type\":\"PropertyValueSpecification\",\"valueRequired\":true,\"valueName\":\"search_term_string\"}}],\"inLanguage\":\"tr\"}]}<\/script>\n<!-- \/ Yoast SEO plugin. -->","yoast_head_json":{"title":"Organisation - Cavendish Health","robots":{"index":"index","follow":"follow","max-snippet":"max-snippet:-1","max-image-preview":"max-image-preview:large","max-video-preview":"max-video-preview:-1"},"canonical":"https:\/\/www.cavendishsaglik.com\/de\/dienstleistungen\/organisation\/","og_locale":"tr_TR","og_type":"article","og_title":"Organisation - Cavendish Health","og_description":"Organ\u0131sat\u0131on Krankenhauseinweisung und \u00dcberweisungsverfahren Cavendish Health ist die erste Anlaufstelle f\u00fcr Krankenhauseinweisungen und \u00dcberweisungsdienste. Vereinfachte und praktikable Prozesse bieten schnelle L\u00f6sungen f\u00fcr die verschiedenen Gesundheitsbed\u00fcrfnisse der G\u00e4ste, indem sie den schnellsten Zugang zu verschiedenen Dienstleistungen bieten, die von Gesundheitseinrichtungen in der T\u00fcrkei und in der Welt angeboten werden. \u00a0 Ambulanzdienste Wenn der Patient in eine &hellip; Okumaya devam et \"Organisation\"","og_url":"https:\/\/www.cavendishsaglik.com\/de\/dienstleistungen\/organisation\/","og_site_name":"Cavendish Health","article_modified_time":"2022-10-24T12:46:33+00:00","og_image":[{"url":"https:\/\/www.cavendishsaglik.com\/de\/wp-content\/uploads\/2022\/10\/CavendishHealth-Organizasyon-MiniBanner400x250.jpg","type":"","width":"","height":""}],"twitter_card":"summary_large_image","twitter_misc":{"Tahmini okuma s\u00fcresi":"2 dakika"},"schema":{"@context":"https:\/\/schema.org","@graph":[{"@type":"WebPage","@id":"https:\/\/www.cavendishsaglik.com\/de\/dienstleistungen\/organisation\/","url":"https:\/\/www.cavendishsaglik.com\/de\/dienstleistungen\/organisation\/","name":"Organisation - Cavendish Health","isPartOf":{"@id":"https:\/\/www.cavendishsaglik.com\/de\/#website"},"primaryImageOfPage":{"@id":"https:\/\/www.cavendishsaglik.com\/de\/dienstleistungen\/organisation\/#primaryimage"},"image":{"@id":"https:\/\/www.cavendishsaglik.com\/de\/dienstleistungen\/organisation\/#primaryimage"},"thumbnailUrl":"https:\/\/www.cavendishsaglik.com\/de\/wp-content\/uploads\/2022\/10\/CavendishHealth-Organizasyon-MiniBanner400x250.jpg","datePublished":"2022-10-15T12:56:05+00:00","dateModified":"2022-10-24T12:46:33+00:00","breadcrumb":{"@id":"https:\/\/www.cavendishsaglik.com\/de\/dienstleistungen\/organisation\/#breadcrumb"},"inLanguage":"tr","potentialAction":[{"@type":"ReadAction","target":["https:\/\/www.cavendishsaglik.com\/de\/dienstleistungen\/organisation\/"]}]},{"@type":"ImageObject","inLanguage":"tr","@id":"https:\/\/www.cavendishsaglik.com\/de\/dienstleistungen\/organisation\/#primaryimage","url":"https:\/\/www.cavendishsaglik.com\/de\/wp-content\/uploads\/2022\/10\/CavendishHealth-Organizasyon-MiniBanner400x250.jpg","contentUrl":"https:\/\/www.cavendishsaglik.com\/de\/wp-content\/uploads\/2022\/10\/CavendishHealth-Organizasyon-MiniBanner400x250.jpg","width":400,"height":250},{"@type":"BreadcrumbList","@id":"https:\/\/www.cavendishsaglik.com\/de\/dienstleistungen\/organisation\/#breadcrumb","itemListElement":[{"@type":"ListItem","position":1,"name":"Anasayfa","item":"https:\/\/www.cavendishsaglik.com\/de\/"},{"@type":"ListItem","position":2,"name":"Dienstleistungen","item":"https:\/\/www.cavendishsaglik.com\/de\/dienstleistungen\/"},{"@type":"ListItem","position":3,"name":"Organisation"}]},{"@type":"WebSite","@id":"https:\/\/www.cavendishsaglik.com\/de\/#website","url":"https:\/\/www.cavendishsaglik.com\/de\/","name":"Cavendish Health","description":"Uluslararas\u0131 Sa\u011fl\u0131k Turizmi Acentesi","potentialAction":[{"@type":"SearchAction","target":{"@type":"EntryPoint","urlTemplate":"https:\/\/www.cavendishsaglik.com\/de\/?s={search_term_string}"},"query-input":{"@type":"PropertyValueSpecification","valueRequired":true,"valueName":"search_term_string"}}],"inLanguage":"tr"}]}},"_links":{"self":[{"href":"https:\/\/www.cavendishsaglik.com\/de\/wp-json\/wp\/v2\/pages\/638","targetHints":{"allow":["GET"]}}],"collection":[{"href":"https:\/\/www.cavendishsaglik.com\/de\/wp-json\/wp\/v2\/pages"}],"about":[{"href":"https:\/\/www.cavendishsaglik.com\/de\/wp-json\/wp\/v2\/types\/page"}],"author":[{"embeddable":true,"href":"https:\/\/www.cavendishsaglik.com\/de\/wp-json\/wp\/v2\/users\/1"}],"replies":[{"embeddable":true,"href":"https:\/\/www.cavendishsaglik.com\/de\/wp-json\/wp\/v2\/comments?post=638"}],"version-history":[{"count":30,"href":"https:\/\/www.cavendishsaglik.com\/de\/wp-json\/wp\/v2\/pages\/638\/revisions"}],"predecessor-version":[{"id":1552,"href":"https:\/\/www.cavendishsaglik.com\/de\/wp-json\/wp\/v2\/pages\/638\/revisions\/1552"}],"up":[{"embeddable":true,"href":"https:\/\/www.cavendishsaglik.com\/de\/wp-json\/wp\/v2\/pages\/358"}],"wp:attachment":[{"href":"https:\/\/www.cavendishsaglik.com\/de\/wp-json\/wp\/v2\/media?parent=638"}],"curies":[{"name":"wp","href":"https:\/\/api.w.org\/{rel}","templated":true}]}}