{"id":668,"date":"2022-10-15T13:06:56","date_gmt":"2022-10-15T13:06:56","guid":{"rendered":"https:\/\/www.cavendishsaglik.com\/de\/?page_id=668"},"modified":"2022-11-22T09:57:42","modified_gmt":"2022-11-22T09:57:42","slug":"partnerschaften-fur-zusammenarbeit","status":"publish","type":"page","link":"https:\/\/www.cavendishsaglik.com\/de\/partnerschaften-fur-zusammenarbeit\/","title":{"rendered":"Partnerschaften f\u00fcr Zusammenarbeit"},"content":{"rendered":"\t\t<div data-elementor-type=\"wp-page\" data-elementor-id=\"668\" class=\"elementor elementor-668\">\n\t\t\t\t\t\t<section class=\"elementor-section elementor-top-section elementor-element elementor-element-b584dd0 elementor-section-full_width elementor-section-height-min-height elementor-section-height-default elementor-section-items-middle\" data-id=\"b584dd0\" data-element_type=\"section\" data-settings=\"{&quot;background_background&quot;:&quot;classic&quot;}\">\n\t\t\t\t\t\t\t<div class=\"elementor-background-overlay\"><\/div>\n\t\t\t\t\t\t\t<div class=\"elementor-container elementor-column-gap-no\">\n\t\t\t\t\t<div class=\"elementor-column elementor-col-100 elementor-top-column elementor-element elementor-element-5245707\" data-id=\"5245707\" data-element_type=\"column\">\n\t\t\t<div class=\"elementor-widget-wrap elementor-element-populated\">\n\t\t\t\t\t\t<section class=\"elementor-section elementor-inner-section elementor-element elementor-element-b34940a elementor-section-boxed elementor-section-height-default elementor-section-height-default\" data-id=\"b34940a\" data-element_type=\"section\">\n\t\t\t\t\t\t<div class=\"elementor-container elementor-column-gap-no\">\n\t\t\t\t\t<div class=\"elementor-column elementor-col-100 elementor-inner-column elementor-element elementor-element-88436ad\" data-id=\"88436ad\" data-element_type=\"column\">\n\t\t\t<div class=\"elementor-widget-wrap elementor-element-populated\">\n\t\t\t\t\t\t<div class=\"elementor-element elementor-element-a9d5992 elementor-widget elementor-widget-heading\" data-id=\"a9d5992\" data-element_type=\"widget\" data-widget_type=\"heading.default\">\n\t\t\t\t<div class=\"elementor-widget-container\">\n\t\t\t\t\t<h4 class=\"elementor-heading-title elementor-size-default\">Partnerschaften f\u00fcr Zusammenarbe\u0131t<\/h4>\t\t\t\t<\/div>\n\t\t\t\t<\/div>\n\t\t\t\t\t<\/div>\n\t\t<\/div>\n\t\t\t\t\t<\/div>\n\t\t<\/section>\n\t\t\t\t\t<\/div>\n\t\t<\/div>\n\t\t\t\t\t<\/div>\n\t\t<\/section>\n\t\t\t\t<section class=\"elementor-section elementor-top-section elementor-element elementor-element-1e97c4a elementor-section-full_width elementor-section-height-default elementor-section-height-default\" data-id=\"1e97c4a\" data-element_type=\"section\" data-settings=\"{&quot;background_background&quot;:&quot;classic&quot;}\">\n\t\t\t\t\t\t<div class=\"elementor-container elementor-column-gap-no\">\n\t\t\t\t\t<div class=\"elementor-column elementor-col-100 elementor-top-column elementor-element elementor-element-c7aed42\" data-id=\"c7aed42\" data-element_type=\"column\">\n\t\t\t<div class=\"elementor-widget-wrap elementor-element-populated\">\n\t\t\t\t\t\t<section class=\"elementor-section elementor-inner-section elementor-element elementor-element-e5edc50 elementor-section-boxed elementor-section-height-default elementor-section-height-default\" data-id=\"e5edc50\" data-element_type=\"section\">\n\t\t\t\t\t\t<div class=\"elementor-container elementor-column-gap-no\">\n\t\t\t\t\t<div class=\"elementor-column elementor-col-33 elementor-inner-column elementor-element elementor-element-c95a20a\" data-id=\"c95a20a\" data-element_type=\"column\">\n\t\t\t<div class=\"elementor-widget-wrap elementor-element-populated\">\n\t\t\t\t\t\t\t<\/div>\n\t\t<\/div>\n\t\t\t\t<div class=\"elementor-column elementor-col-33 elementor-inner-column elementor-element elementor-element-b3e03a3\" data-id=\"b3e03a3\" data-element_type=\"column\">\n\t\t\t<div class=\"elementor-widget-wrap elementor-element-populated\">\n\t\t\t\t\t\t\t<\/div>\n\t\t<\/div>\n\t\t\t\t<div class=\"elementor-column elementor-col-33 elementor-inner-column elementor-element elementor-element-db7054f\" data-id=\"db7054f\" data-element_type=\"column\">\n\t\t\t<div class=\"elementor-widget-wrap elementor-element-populated\">\n\t\t\t\t\t\t\t<\/div>\n\t\t<\/div>\n\t\t\t\t\t<\/div>\n\t\t<\/section>\n\t\t\t\t<section class=\"elementor-section elementor-inner-section elementor-element elementor-element-df018a0 elementor-section-boxed elementor-section-height-default elementor-section-height-default\" data-id=\"df018a0\" data-element_type=\"section\">\n\t\t\t\t\t\t<div class=\"elementor-container elementor-column-gap-no\">\n\t\t\t\t\t<div class=\"elementor-column elementor-col-100 elementor-inner-column elementor-element elementor-element-8cbe3b2\" data-id=\"8cbe3b2\" data-element_type=\"column\">\n\t\t\t<div class=\"elementor-widget-wrap elementor-element-populated\">\n\t\t\t\t\t\t<div class=\"elementor-element elementor-element-3f9a36d elementor-widget elementor-widget-image\" data-id=\"3f9a36d\" data-element_type=\"widget\" data-widget_type=\"image.default\">\n\t\t\t\t<div class=\"elementor-widget-container\">\n\t\t\t\t\t\t\t\t\t\t\t\t\t\t\t<img decoding=\"async\" src=\"https:\/\/www.cavendishsaglik.com\/de\/wp-content\/uploads\/elementor\/thumbs\/cavendish-saglik-anlasmali-kurumlar-medicana-saglik-grubu-pxsejy79wmcdgcrdq59cds79ywlxwuyz1wxcyq8jhc.jpeg\" title=\"cavendish-saglik-anlasmali-kurumlar-medicana-saglik-grubu\" alt=\"cavendish-saglik-anlasmali-kurumlar-medicana-saglik-grubu\" loading=\"lazy\" \/>\t\t\t\t\t\t\t\t\t\t\t\t\t\t\t<\/div>\n\t\t\t\t<\/div>\n\t\t\t\t<div class=\"elementor-element elementor-element-ef458eb elementor-widget elementor-widget-text-editor\" data-id=\"ef458eb\" data-element_type=\"widget\" data-widget_type=\"text-editor.default\">\n\t\t\t\t<div class=\"elementor-widget-container\">\n\t\t\t\t\t\t\t\t\t<ul><li>Medicana Bah\u00e7elievler Hastanesi<\/li><li>Medicana Avc\u0131lar Hastanesi<\/li><li>Medicana Kad\u0131k\u00f6y Hastanesi<\/li><li>Medicana Sivas Hastanesi<\/li><li>Medicana Beylikd\u00fcz\u00fc Hastanesi<\/li><li>Medicana \u00c7aml\u0131ca Hastanesi<\/li><li>Medicana Konya Hastanesi<\/li><li>Medicana Ankara Hastanesi<\/li><li>Medicana Bursa Hastanesi<\/li><li>Medicana Samsun Hastanesi<\/li><li>Medicana \u0130zmir Hastanesi<\/li><li>Medicana Ata\u015fehir Hastanesi<\/li><\/ul><p>Das Netzwerk der medizinischen Dienstleister von Cavendish Health besteht aus vielen Gesch\u00e4ftspartnern, von den gr\u00f6\u00dften Krankenh\u00e4usern der T\u00fcrkei bis zu Boutique-Kliniken, von Land- und Luft-Ambulanzanbietern bis hin zu Dialysezentren, von Apotheken bis hin zu Anbietern medizinischer Ger\u00e4te. Es wird durch ein umfassendes Netzwerkverfahren verwaltet, das darauf basiert, dass die G\u00e4ste von der h\u00f6chsten Behandlungsqualit\u00e4t profitieren und die optimale Preis-\/Behandlungsqualit\u00e4t erreichen.<\/p><p>Alle Dienstleister werden aus erweiterten Parametern wie Leistung, Standort, Preispolitik, Kommunikation, Transparenz und F\u00e4higkeit, schnell mit Ver\u00e4nderungen Schritt zu halten, ausgew\u00e4hlt und aktualisieren sich st\u00e4ndig.<\/p><p>Dank des proaktiven und effizienten Management von Netzwerke f\u00fchrt Cavendish Health jeden von ihm verwalteten Fall zur Perfektion. Dabei f\u00fchrt er Operationen mit seiner eigenen technischen, kreativen und kontrollierten-kostspieligen Gesch\u00e4ftsmodell-Signatur durch.<\/p><p>Unsere Dienstleister betrachten Cavendish Health als einen Partner, der klare und schnelle Ma\u00dfnahmen ergreift und leicht zu kommunizieren und lohnend ist. Bei Cavendish Health haben wir einen ehrlichen, offenen und gegenseitigen Dialog in unserem Anspruch auf qualitativ hochwertigen Service.<\/p><p><strong>\u00c4RZTE<\/strong><\/p><p>Cavendish Health reagiert mit seinem Netzwerk von akkreditierten \u00c4rzten auf die Bed\u00fcrfnisse von G\u00e4sten aus dem Ausland. W\u00e4hrend viele \u00c4rzte in Istanbul und der T\u00fcrkei den G\u00e4sten von Cavendish Health aus dem Ausland die qualifiziertesten Gesundheitsdienstleistungen anbieten, k\u00f6nnen sie auch einfache L\u00f6sungen f\u00fcr ihre differenzierten Gesundheitsbed\u00fcrfnisse finden.<\/p><p><strong>KLINIKEN<\/strong><\/p><p>G\u00e4ste, die von Cavendish Health zur Behandlung in der T\u00fcrkei mit besonderen Bedingungen und Privilegien anreisen, profitieren von vorrangigen Gesundheitsdiensten in den Kliniken und medizinischen Zentren, auf die Sie verweisen.<\/p><p><strong>KRANKENH\u00c4USER <\/strong><\/p><p>G\u00e4ste, die Dienstleistungen von Cavendish Health erhalten m\u00f6chten, haben Zugang zu privilegierten Dienstleistungen, die Ihren Bed\u00fcrfnissen entsprechen, mit einer Vielzahl von vertraglichen Einrichtungen und verschiedenen Versicherungspl\u00e4nen, einschlie\u00dflich aller Untersuchungsverfahren, Operationen, Interventionen und Krankenhausaufenthalte f\u00fcr medizinische Zwecke in medizinischen Branchen.<\/p>\t\t\t\t\t\t\t\t<\/div>\n\t\t\t\t<\/div>\n\t\t\t\t\t<\/div>\n\t\t<\/div>\n\t\t\t\t\t<\/div>\n\t\t<\/section>\n\t\t\t\t\t<\/div>\n\t\t<\/div>\n\t\t\t\t\t<\/div>\n\t\t<\/section>\n\t\t\t\t<section class=\"elementor-section elementor-top-section elementor-element elementor-element-2347ff1 elementor-section-full_width elementor-section-height-min-height elementor-section-height-default elementor-section-items-middle\" data-id=\"2347ff1\" data-element_type=\"section\" data-settings=\"{&quot;background_background&quot;:&quot;classic&quot;}\">\n\t\t\t\t\t\t<div class=\"elementor-container elementor-column-gap-no\">\n\t\t\t\t\t<div class=\"elementor-column elementor-col-100 elementor-top-column elementor-element elementor-element-e6d096d\" data-id=\"e6d096d\" data-element_type=\"column\">\n\t\t\t<div class=\"elementor-widget-wrap elementor-element-populated\">\n\t\t\t\t\t\t<section class=\"elementor-section elementor-inner-section elementor-element elementor-element-065edd8 elementor-section-boxed elementor-section-height-default elementor-section-height-default\" data-id=\"065edd8\" data-element_type=\"section\">\n\t\t\t\t\t\t<div class=\"elementor-container elementor-column-gap-no\">\n\t\t\t\t\t<div class=\"elementor-column elementor-col-50 elementor-inner-column elementor-element elementor-element-85eb24c\" data-id=\"85eb24c\" data-element_type=\"column\">\n\t\t\t<div class=\"elementor-widget-wrap elementor-element-populated\">\n\t\t\t\t\t\t<div class=\"elementor-element elementor-element-fd70b8f elementor-widget__width-auto elementor-widget-tablet__width-initial elementor-widget-mobile__width-inherit elementor-view-default elementor-widget elementor-widget-icon\" data-id=\"fd70b8f\" data-element_type=\"widget\" data-widget_type=\"icon.default\">\n\t\t\t\t<div class=\"elementor-widget-container\">\n\t\t\t\t\t\t\t<div class=\"elementor-icon-wrapper\">\n\t\t\t<div class=\"elementor-icon\">\n\t\t\t<i aria-hidden=\"true\" class=\"fas fa-phone-alt\"><\/i>\t\t\t<\/div>\n\t\t<\/div>\n\t\t\t\t\t\t<\/div>\n\t\t\t\t<\/div>\n\t\t\t\t<div class=\"elementor-element elementor-element-a2ba79b elementor-widget__width-auto elementor-widget-tablet__width-initial elementor-widget-mobile__width-inherit elementor-widget elementor-widget-icon-box\" data-id=\"a2ba79b\" data-element_type=\"widget\" data-widget_type=\"icon-box.default\">\n\t\t\t\t<div class=\"elementor-widget-container\">\n\t\t\t\t\t\t\t<div class=\"elementor-icon-box-wrapper\">\n\n\t\t\t\n\t\t\t\t\t\t<div class=\"elementor-icon-box-content\">\n\n\t\t\t\t\t\t\t\t\t<h6 class=\"elementor-icon-box-title\">\n\t\t\t\t\t\t<span  >\n\t\t\t\t\t\t\tKontakt\u0131eren S\u0131e Uns\t\t\t\t\t\t<\/span>\n\t\t\t\t\t<\/h6>\n\t\t\t\t\n\t\t\t\t\t\t\t\t\t<p class=\"elementor-icon-box-description\">\n\t\t\t\t\t\tErhalten Sie mehr Informationen \t\t\t\t\t<\/p>\n\t\t\t\t\n\t\t\t<\/div>\n\t\t\t\n\t\t<\/div>\n\t\t\t\t\t\t<\/div>\n\t\t\t\t<\/div>\n\t\t\t\t\t<\/div>\n\t\t<\/div>\n\t\t\t\t<div class=\"elementor-column elementor-col-50 elementor-inner-column elementor-element elementor-element-d9f6590\" data-id=\"d9f6590\" data-element_type=\"column\">\n\t\t\t<div class=\"elementor-widget-wrap elementor-element-populated\">\n\t\t\t\t\t\t<div class=\"elementor-element elementor-element-4a67f26 elementor-align-right elementor-mobile-align-center elementor-widget elementor-widget-button\" data-id=\"4a67f26\" data-element_type=\"widget\" data-widget_type=\"button.default\">\n\t\t\t\t<div class=\"elementor-widget-container\">\n\t\t\t\t\t\t\t\t\t<div class=\"elementor-button-wrapper\">\n\t\t\t\t\t<a class=\"elementor-button elementor-button-link elementor-size-sm\" href=\"https:\/\/www.cavendishsaglik.com\/de\/kontakt\/\">\n\t\t\t\t\t\t<span class=\"elementor-button-content-wrapper\">\n\t\t\t\t\t\t\t\t\t<span class=\"elementor-button-text\">Kontakt\u0131eren S\u0131e Uns<\/span>\n\t\t\t\t\t<\/span>\n\t\t\t\t\t<\/a>\n\t\t\t\t<\/div>\n\t\t\t\t\t\t\t\t<\/div>\n\t\t\t\t<\/div>\n\t\t\t\t\t<\/div>\n\t\t<\/div>\n\t\t\t\t\t<\/div>\n\t\t<\/section>\n\t\t\t\t\t<\/div>\n\t\t<\/div>\n\t\t\t\t\t<\/div>\n\t\t<\/section>\n\t\t\t\t<\/div>\n\t\t","protected":false},"excerpt":{"rendered":"<p>Partnerschaften f\u00fcr Zusammenarbe\u0131t Medicana Bah\u00e7elievler Hastanesi Medicana Avc\u0131lar Hastanesi Medicana Kad\u0131k\u00f6y Hastanesi Medicana Sivas Hastanesi Medicana Beylikd\u00fcz\u00fc Hastanesi Medicana \u00c7aml\u0131ca Hastanesi Medicana Konya Hastanesi Medicana Ankara Hastanesi Medicana Bursa Hastanesi Medicana Samsun Hastanesi Medicana \u0130zmir Hastanesi Medicana Ata\u015fehir Hastanesi Das Netzwerk der medizinischen Dienstleister von Cavendish Health besteht aus vielen Gesch\u00e4ftspartnern, von den gr\u00f6\u00dften Krankenh\u00e4usern &hellip; <\/p>\n<p class=\"link-more\"><a href=\"https:\/\/www.cavendishsaglik.com\/de\/partnerschaften-fur-zusammenarbeit\/\" class=\"more-link\">Okumaya devam et<span class=\"screen-reader-text\"> &#8220;Partnerschaften f\u00fcr Zusammenarbeit&#8221;<\/span><\/a><\/p>\n","protected":false},"author":1,"featured_media":0,"parent":0,"menu_order":0,"comment_status":"closed","ping_status":"closed","template":"elementor_header_footer","meta":{"_themeisle_gutenberg_block_has_review":false,"footnotes":""},"class_list":["post-668","page","type-page","status-publish","hentry","entry"],"yoast_head":"<!-- This site is optimized with the Yoast SEO plugin v26.5 - https:\/\/yoast.com\/wordpress\/plugins\/seo\/ -->\n<title>Partnerschaften f\u00fcr Zusammenarbeit - Cavendish Health<\/title>\n<meta name=\"robots\" content=\"index, follow, max-snippet:-1, max-image-preview:large, max-video-preview:-1\" \/>\n<link rel=\"canonical\" href=\"https:\/\/www.cavendishsaglik.com\/de\/partnerschaften-fur-zusammenarbeit\/\" \/>\n<meta property=\"og:locale\" content=\"tr_TR\" \/>\n<meta property=\"og:type\" content=\"article\" \/>\n<meta property=\"og:title\" content=\"Partnerschaften f\u00fcr Zusammenarbeit - Cavendish Health\" \/>\n<meta property=\"og:description\" content=\"Partnerschaften f\u00fcr Zusammenarbe\u0131t Medicana Bah\u00e7elievler Hastanesi Medicana Avc\u0131lar Hastanesi Medicana Kad\u0131k\u00f6y Hastanesi Medicana Sivas Hastanesi Medicana Beylikd\u00fcz\u00fc Hastanesi Medicana \u00c7aml\u0131ca Hastanesi Medicana Konya Hastanesi Medicana Ankara Hastanesi Medicana Bursa Hastanesi Medicana Samsun Hastanesi Medicana \u0130zmir Hastanesi Medicana Ata\u015fehir Hastanesi Das Netzwerk der medizinischen Dienstleister von Cavendish Health besteht aus vielen Gesch\u00e4ftspartnern, von den gr\u00f6\u00dften Krankenh\u00e4usern &hellip; Okumaya devam et &quot;Partnerschaften f\u00fcr Zusammenarbeit&quot;\" \/>\n<meta property=\"og:url\" content=\"https:\/\/www.cavendishsaglik.com\/de\/partnerschaften-fur-zusammenarbeit\/\" \/>\n<meta property=\"og:site_name\" content=\"Cavendish Health\" \/>\n<meta property=\"article:modified_time\" content=\"2022-11-22T09:57:42+00:00\" \/>\n<meta property=\"og:image\" content=\"https:\/\/www.cavendishsaglik.com\/de\/wp-content\/uploads\/elementor\/thumbs\/cavendish-saglik-anlasmali-kurumlar-medicana-saglik-grubu-pxsejy79wmcdgcrdq59cds79ywlxwuyz1wxcyq8jhc.jpeg\" \/>\n<meta name=\"twitter:card\" content=\"summary_large_image\" \/>\n<meta name=\"twitter:label1\" content=\"Tahmini okuma s\u00fcresi\" \/>\n\t<meta name=\"twitter:data1\" content=\"3 dakika\" \/>\n<script type=\"application\/ld+json\" class=\"yoast-schema-graph\">{\"@context\":\"https:\/\/schema.org\",\"@graph\":[{\"@type\":\"WebPage\",\"@id\":\"https:\/\/www.cavendishsaglik.com\/de\/partnerschaften-fur-zusammenarbeit\/\",\"url\":\"https:\/\/www.cavendishsaglik.com\/de\/partnerschaften-fur-zusammenarbeit\/\",\"name\":\"Partnerschaften f\u00fcr Zusammenarbeit - Cavendish Health\",\"isPartOf\":{\"@id\":\"https:\/\/www.cavendishsaglik.com\/de\/#website\"},\"primaryImageOfPage\":{\"@id\":\"https:\/\/www.cavendishsaglik.com\/de\/partnerschaften-fur-zusammenarbeit\/#primaryimage\"},\"image\":{\"@id\":\"https:\/\/www.cavendishsaglik.com\/de\/partnerschaften-fur-zusammenarbeit\/#primaryimage\"},\"thumbnailUrl\":\"https:\/\/www.cavendishsaglik.com\/de\/wp-content\/uploads\/elementor\/thumbs\/cavendish-saglik-anlasmali-kurumlar-medicana-saglik-grubu-pxsejy79wmcdgcrdq59cds79ywlxwuyz1wxcyq8jhc.jpeg\",\"datePublished\":\"2022-10-15T13:06:56+00:00\",\"dateModified\":\"2022-11-22T09:57:42+00:00\",\"breadcrumb\":{\"@id\":\"https:\/\/www.cavendishsaglik.com\/de\/partnerschaften-fur-zusammenarbeit\/#breadcrumb\"},\"inLanguage\":\"tr\",\"potentialAction\":[{\"@type\":\"ReadAction\",\"target\":[\"https:\/\/www.cavendishsaglik.com\/de\/partnerschaften-fur-zusammenarbeit\/\"]}]},{\"@type\":\"ImageObject\",\"inLanguage\":\"tr\",\"@id\":\"https:\/\/www.cavendishsaglik.com\/de\/partnerschaften-fur-zusammenarbeit\/#primaryimage\",\"url\":\"https:\/\/www.cavendishsaglik.com\/de\/wp-content\/uploads\/elementor\/thumbs\/cavendish-saglik-anlasmali-kurumlar-medicana-saglik-grubu-pxsejy79wmcdgcrdq59cds79ywlxwuyz1wxcyq8jhc.jpeg\",\"contentUrl\":\"https:\/\/www.cavendishsaglik.com\/de\/wp-content\/uploads\/elementor\/thumbs\/cavendish-saglik-anlasmali-kurumlar-medicana-saglik-grubu-pxsejy79wmcdgcrdq59cds79ywlxwuyz1wxcyq8jhc.jpeg\"},{\"@type\":\"BreadcrumbList\",\"@id\":\"https:\/\/www.cavendishsaglik.com\/de\/partnerschaften-fur-zusammenarbeit\/#breadcrumb\",\"itemListElement\":[{\"@type\":\"ListItem\",\"position\":1,\"name\":\"Anasayfa\",\"item\":\"https:\/\/www.cavendishsaglik.com\/de\/\"},{\"@type\":\"ListItem\",\"position\":2,\"name\":\"Partnerschaften f\u00fcr Zusammenarbeit\"}]},{\"@type\":\"WebSite\",\"@id\":\"https:\/\/www.cavendishsaglik.com\/de\/#website\",\"url\":\"https:\/\/www.cavendishsaglik.com\/de\/\",\"name\":\"Cavendish Health\",\"description\":\"Uluslararas\u0131 Sa\u011fl\u0131k Turizmi Acentesi\",\"potentialAction\":[{\"@type\":\"SearchAction\",\"target\":{\"@type\":\"EntryPoint\",\"urlTemplate\":\"https:\/\/www.cavendishsaglik.com\/de\/?s={search_term_string}\"},\"query-input\":{\"@type\":\"PropertyValueSpecification\",\"valueRequired\":true,\"valueName\":\"search_term_string\"}}],\"inLanguage\":\"tr\"}]}<\/script>\n<!-- \/ Yoast SEO plugin. -->","yoast_head_json":{"title":"Partnerschaften f\u00fcr Zusammenarbeit - Cavendish Health","robots":{"index":"index","follow":"follow","max-snippet":"max-snippet:-1","max-image-preview":"max-image-preview:large","max-video-preview":"max-video-preview:-1"},"canonical":"https:\/\/www.cavendishsaglik.com\/de\/partnerschaften-fur-zusammenarbeit\/","og_locale":"tr_TR","og_type":"article","og_title":"Partnerschaften f\u00fcr Zusammenarbeit - Cavendish Health","og_description":"Partnerschaften f\u00fcr Zusammenarbe\u0131t Medicana Bah\u00e7elievler Hastanesi Medicana Avc\u0131lar Hastanesi Medicana Kad\u0131k\u00f6y Hastanesi Medicana Sivas Hastanesi Medicana Beylikd\u00fcz\u00fc Hastanesi Medicana \u00c7aml\u0131ca Hastanesi Medicana Konya Hastanesi Medicana Ankara Hastanesi Medicana Bursa Hastanesi Medicana Samsun Hastanesi Medicana \u0130zmir Hastanesi Medicana Ata\u015fehir Hastanesi Das Netzwerk der medizinischen Dienstleister von Cavendish Health besteht aus vielen Gesch\u00e4ftspartnern, von den gr\u00f6\u00dften Krankenh\u00e4usern &hellip; Okumaya devam et \"Partnerschaften f\u00fcr Zusammenarbeit\"","og_url":"https:\/\/www.cavendishsaglik.com\/de\/partnerschaften-fur-zusammenarbeit\/","og_site_name":"Cavendish Health","article_modified_time":"2022-11-22T09:57:42+00:00","og_image":[{"url":"https:\/\/www.cavendishsaglik.com\/de\/wp-content\/uploads\/elementor\/thumbs\/cavendish-saglik-anlasmali-kurumlar-medicana-saglik-grubu-pxsejy79wmcdgcrdq59cds79ywlxwuyz1wxcyq8jhc.jpeg","type":"","width":"","height":""}],"twitter_card":"summary_large_image","twitter_misc":{"Tahmini okuma s\u00fcresi":"3 dakika"},"schema":{"@context":"https:\/\/schema.org","@graph":[{"@type":"WebPage","@id":"https:\/\/www.cavendishsaglik.com\/de\/partnerschaften-fur-zusammenarbeit\/","url":"https:\/\/www.cavendishsaglik.com\/de\/partnerschaften-fur-zusammenarbeit\/","name":"Partnerschaften f\u00fcr Zusammenarbeit - Cavendish Health","isPartOf":{"@id":"https:\/\/www.cavendishsaglik.com\/de\/#website"},"primaryImageOfPage":{"@id":"https:\/\/www.cavendishsaglik.com\/de\/partnerschaften-fur-zusammenarbeit\/#primaryimage"},"image":{"@id":"https:\/\/www.cavendishsaglik.com\/de\/partnerschaften-fur-zusammenarbeit\/#primaryimage"},"thumbnailUrl":"https:\/\/www.cavendishsaglik.com\/de\/wp-content\/uploads\/elementor\/thumbs\/cavendish-saglik-anlasmali-kurumlar-medicana-saglik-grubu-pxsejy79wmcdgcrdq59cds79ywlxwuyz1wxcyq8jhc.jpeg","datePublished":"2022-10-15T13:06:56+00:00","dateModified":"2022-11-22T09:57:42+00:00","breadcrumb":{"@id":"https:\/\/www.cavendishsaglik.com\/de\/partnerschaften-fur-zusammenarbeit\/#breadcrumb"},"inLanguage":"tr","potentialAction":[{"@type":"ReadAction","target":["https:\/\/www.cavendishsaglik.com\/de\/partnerschaften-fur-zusammenarbeit\/"]}]},{"@type":"ImageObject","inLanguage":"tr","@id":"https:\/\/www.cavendishsaglik.com\/de\/partnerschaften-fur-zusammenarbeit\/#primaryimage","url":"https:\/\/www.cavendishsaglik.com\/de\/wp-content\/uploads\/elementor\/thumbs\/cavendish-saglik-anlasmali-kurumlar-medicana-saglik-grubu-pxsejy79wmcdgcrdq59cds79ywlxwuyz1wxcyq8jhc.jpeg","contentUrl":"https:\/\/www.cavendishsaglik.com\/de\/wp-content\/uploads\/elementor\/thumbs\/cavendish-saglik-anlasmali-kurumlar-medicana-saglik-grubu-pxsejy79wmcdgcrdq59cds79ywlxwuyz1wxcyq8jhc.jpeg"},{"@type":"BreadcrumbList","@id":"https:\/\/www.cavendishsaglik.com\/de\/partnerschaften-fur-zusammenarbeit\/#breadcrumb","itemListElement":[{"@type":"ListItem","position":1,"name":"Anasayfa","item":"https:\/\/www.cavendishsaglik.com\/de\/"},{"@type":"ListItem","position":2,"name":"Partnerschaften f\u00fcr Zusammenarbeit"}]},{"@type":"WebSite","@id":"https:\/\/www.cavendishsaglik.com\/de\/#website","url":"https:\/\/www.cavendishsaglik.com\/de\/","name":"Cavendish Health","description":"Uluslararas\u0131 Sa\u011fl\u0131k Turizmi Acentesi","potentialAction":[{"@type":"SearchAction","target":{"@type":"EntryPoint","urlTemplate":"https:\/\/www.cavendishsaglik.com\/de\/?s={search_term_string}"},"query-input":{"@type":"PropertyValueSpecification","valueRequired":true,"valueName":"search_term_string"}}],"inLanguage":"tr"}]}},"_links":{"self":[{"href":"https:\/\/www.cavendishsaglik.com\/de\/wp-json\/wp\/v2\/pages\/668","targetHints":{"allow":["GET"]}}],"collection":[{"href":"https:\/\/www.cavendishsaglik.com\/de\/wp-json\/wp\/v2\/pages"}],"about":[{"href":"https:\/\/www.cavendishsaglik.com\/de\/wp-json\/wp\/v2\/types\/page"}],"author":[{"embeddable":true,"href":"https:\/\/www.cavendishsaglik.com\/de\/wp-json\/wp\/v2\/users\/1"}],"replies":[{"embeddable":true,"href":"https:\/\/www.cavendishsaglik.com\/de\/wp-json\/wp\/v2\/comments?post=668"}],"version-history":[{"count":61,"href":"https:\/\/www.cavendishsaglik.com\/de\/wp-json\/wp\/v2\/pages\/668\/revisions"}],"predecessor-version":[{"id":1627,"href":"https:\/\/www.cavendishsaglik.com\/de\/wp-json\/wp\/v2\/pages\/668\/revisions\/1627"}],"wp:attachment":[{"href":"https:\/\/www.cavendishsaglik.com\/de\/wp-json\/wp\/v2\/media?parent=668"}],"curies":[{"name":"wp","href":"https:\/\/api.w.org\/{rel}","templated":true}]}}