{"id":673,"date":"2022-10-15T13:09:28","date_gmt":"2022-10-15T13:09:28","guid":{"rendered":"https:\/\/www.cavendishsaglik.com\/de\/?page_id=673"},"modified":"2022-10-24T12:46:08","modified_gmt":"2022-10-24T12:46:08","slug":"kooperationen-partnerprogramme","status":"publish","type":"page","link":"https:\/\/www.cavendishsaglik.com\/de\/dienstleistungen\/kooperationen-partnerprogramme\/","title":{"rendered":"Kooperationen &#038; Partnerprogramme"},"content":{"rendered":"\t\t<div data-elementor-type=\"wp-page\" data-elementor-id=\"673\" class=\"elementor elementor-673\">\n\t\t\t\t\t\t<section class=\"elementor-section elementor-top-section elementor-element elementor-element-011b334 elementor-section-full_width elementor-section-height-min-height elementor-section-height-default elementor-section-items-middle\" data-id=\"011b334\" data-element_type=\"section\" data-settings=\"{&quot;background_background&quot;:&quot;classic&quot;}\">\n\t\t\t\t\t\t\t<div class=\"elementor-background-overlay\"><\/div>\n\t\t\t\t\t\t\t<div class=\"elementor-container elementor-column-gap-no\">\n\t\t\t\t\t<div class=\"elementor-column elementor-col-100 elementor-top-column elementor-element elementor-element-b49b33f\" data-id=\"b49b33f\" data-element_type=\"column\">\n\t\t\t<div class=\"elementor-widget-wrap elementor-element-populated\">\n\t\t\t\t\t\t<section class=\"elementor-section elementor-inner-section elementor-element elementor-element-ab22803 elementor-section-boxed elementor-section-height-default elementor-section-height-default\" data-id=\"ab22803\" data-element_type=\"section\">\n\t\t\t\t\t\t<div class=\"elementor-container elementor-column-gap-no\">\n\t\t\t\t\t<div class=\"elementor-column elementor-col-100 elementor-inner-column elementor-element elementor-element-1ec43e0\" data-id=\"1ec43e0\" data-element_type=\"column\">\n\t\t\t<div class=\"elementor-widget-wrap elementor-element-populated\">\n\t\t\t\t\t\t<div class=\"elementor-element elementor-element-76cf898 elementor-widget elementor-widget-heading\" data-id=\"76cf898\" data-element_type=\"widget\" data-widget_type=\"heading.default\">\n\t\t\t\t<div class=\"elementor-widget-container\">\n\t\t\t\t\t<h4 class=\"elementor-heading-title elementor-size-default\">Kooperat\u0131onen &amp; Partnerprogramme<\/h4>\t\t\t\t<\/div>\n\t\t\t\t<\/div>\n\t\t\t\t\t<\/div>\n\t\t<\/div>\n\t\t\t\t\t<\/div>\n\t\t<\/section>\n\t\t\t\t\t<\/div>\n\t\t<\/div>\n\t\t\t\t\t<\/div>\n\t\t<\/section>\n\t\t\t\t<section class=\"elementor-section elementor-top-section elementor-element elementor-element-5f23e46 elementor-section-boxed elementor-section-height-default elementor-section-height-default\" data-id=\"5f23e46\" data-element_type=\"section\" data-settings=\"{&quot;background_background&quot;:&quot;classic&quot;}\">\n\t\t\t\t\t\t<div class=\"elementor-container elementor-column-gap-no\">\n\t\t\t\t\t<div class=\"elementor-column elementor-col-100 elementor-top-column elementor-element elementor-element-c096cb0\" data-id=\"c096cb0\" data-element_type=\"column\">\n\t\t\t<div class=\"elementor-widget-wrap elementor-element-populated\">\n\t\t\t\t\t\t<section class=\"elementor-section elementor-inner-section elementor-element elementor-element-9f4a8e0 elementor-section-boxed elementor-section-height-default elementor-section-height-default\" data-id=\"9f4a8e0\" data-element_type=\"section\">\n\t\t\t\t\t\t<div class=\"elementor-container elementor-column-gap-no\">\n\t\t\t\t\t<div class=\"elementor-column elementor-col-100 elementor-inner-column elementor-element elementor-element-7491125\" data-id=\"7491125\" data-element_type=\"column\">\n\t\t\t<div class=\"elementor-widget-wrap elementor-element-populated\">\n\t\t\t\t\t\t<div class=\"elementor-element elementor-element-e050f41 elementor-widget elementor-widget-image\" data-id=\"e050f41\" data-element_type=\"widget\" data-widget_type=\"image.default\">\n\t\t\t\t<div class=\"elementor-widget-container\">\n\t\t\t\t\t\t\t\t\t\t\t\t\t\t\t<img decoding=\"async\" src=\"https:\/\/www.cavendishsaglik.com\/de\/wp-content\/uploads\/2022\/10\/CavendishHealth-AraciSaglikHizmetleri-MiniBanner400x250.jpg\" title=\"CavendishHealth-Arac\u0131Sa\u011fl\u0131kHizmetleri-MiniBanner(400&#215;250)\" alt=\"CavendishHealth-Arac\u0131Sa\u011fl\u0131kHizmetleri-MiniBanner(400x250)\" loading=\"lazy\" \/>\t\t\t\t\t\t\t\t\t\t\t\t\t\t\t<\/div>\n\t\t\t\t<\/div>\n\t\t\t\t<div class=\"elementor-element elementor-element-60fa51e elementor-widget elementor-widget-text-editor\" data-id=\"60fa51e\" data-element_type=\"widget\" data-widget_type=\"text-editor.default\">\n\t\t\t\t<div class=\"elementor-widget-container\">\n\t\t\t\t\t\t\t\t\t<p>Cavendish Health ist ein zuverl\u00e4ssiger L\u00f6sungspartner mit erfahrenen Fachleuten in den Bereichen Gesundheitsorganisation, internationale Reise-und Krankenversicherung, Beherrschung der lokalen Dynamik und einem globalen Netzwerk. Dar\u00fcber hinaus bietet Cavendish Health dank seiner medizinischen Teams, Kliniken und Reiseb\u00fcros alle Dienstleistungen von einem Ort aus schnell und g\u00fcnstig an.<\/p><ul><li>medizinische Hotline-Dienst<\/li><li>medizinische Fallverfolgung<\/li><li>internationaler Patiententransport &amp; Luftambulanz<\/li><li>Informations-und Organisationsdienstleistungen<\/li><li>Concierge-Service<\/li><li>Hotelreservierung<\/li><li>Flugbuchung<\/li><li>VIP Transfer<\/li><li>\u00dcbersetzungsdienste<\/li><li>Verlorene \/ besch\u00e4digte Gep\u00e4ckverfolgung<\/li><li>Finanzielle Unterst\u00fctzung<\/li><\/ul>\t\t\t\t\t\t\t\t<\/div>\n\t\t\t\t<\/div>\n\t\t\t\t\t<\/div>\n\t\t<\/div>\n\t\t\t\t\t<\/div>\n\t\t<\/section>\n\t\t\t\t\t<\/div>\n\t\t<\/div>\n\t\t\t\t\t<\/div>\n\t\t<\/section>\n\t\t\t\t<section class=\"elementor-section elementor-top-section elementor-element elementor-element-edf194a elementor-section-full_width elementor-section-height-min-height elementor-section-height-default elementor-section-items-middle\" data-id=\"edf194a\" data-element_type=\"section\" data-settings=\"{&quot;background_background&quot;:&quot;classic&quot;}\">\n\t\t\t\t\t\t<div class=\"elementor-container elementor-column-gap-no\">\n\t\t\t\t\t<div class=\"elementor-column elementor-col-100 elementor-top-column elementor-element elementor-element-168cf64\" data-id=\"168cf64\" data-element_type=\"column\">\n\t\t\t<div class=\"elementor-widget-wrap elementor-element-populated\">\n\t\t\t\t\t\t<section class=\"elementor-section elementor-inner-section elementor-element elementor-element-f350a41 elementor-section-boxed elementor-section-height-default elementor-section-height-default\" data-id=\"f350a41\" data-element_type=\"section\">\n\t\t\t\t\t\t<div class=\"elementor-container elementor-column-gap-no\">\n\t\t\t\t\t<div class=\"elementor-column elementor-col-50 elementor-inner-column elementor-element elementor-element-4af8bb5\" data-id=\"4af8bb5\" data-element_type=\"column\">\n\t\t\t<div class=\"elementor-widget-wrap elementor-element-populated\">\n\t\t\t\t\t\t<div class=\"elementor-element elementor-element-95f5d65 elementor-widget__width-auto elementor-widget-tablet__width-initial elementor-widget-mobile__width-inherit elementor-view-default elementor-widget elementor-widget-icon\" data-id=\"95f5d65\" data-element_type=\"widget\" data-widget_type=\"icon.default\">\n\t\t\t\t<div class=\"elementor-widget-container\">\n\t\t\t\t\t\t\t<div class=\"elementor-icon-wrapper\">\n\t\t\t<div class=\"elementor-icon\">\n\t\t\t<i aria-hidden=\"true\" class=\"fas fa-phone-alt\"><\/i>\t\t\t<\/div>\n\t\t<\/div>\n\t\t\t\t\t\t<\/div>\n\t\t\t\t<\/div>\n\t\t\t\t<div class=\"elementor-element elementor-element-4ee01f2 elementor-widget__width-auto elementor-widget-tablet__width-initial elementor-widget-mobile__width-inherit elementor-widget elementor-widget-icon-box\" data-id=\"4ee01f2\" data-element_type=\"widget\" data-widget_type=\"icon-box.default\">\n\t\t\t\t<div class=\"elementor-widget-container\">\n\t\t\t\t\t\t\t<div class=\"elementor-icon-box-wrapper\">\n\n\t\t\t\n\t\t\t\t\t\t<div class=\"elementor-icon-box-content\">\n\n\t\t\t\t\t\t\t\t\t<h6 class=\"elementor-icon-box-title\">\n\t\t\t\t\t\t<span  >\n\t\t\t\t\t\t\tKontakt\u0131eren S\u0131e Uns\t\t\t\t\t\t<\/span>\n\t\t\t\t\t<\/h6>\n\t\t\t\t\n\t\t\t\t\t\t\t\t\t<p class=\"elementor-icon-box-description\">\n\t\t\t\t\t\tErhalten Sie mehr Informationen \t\t\t\t\t<\/p>\n\t\t\t\t\n\t\t\t<\/div>\n\t\t\t\n\t\t<\/div>\n\t\t\t\t\t\t<\/div>\n\t\t\t\t<\/div>\n\t\t\t\t\t<\/div>\n\t\t<\/div>\n\t\t\t\t<div class=\"elementor-column elementor-col-50 elementor-inner-column elementor-element elementor-element-323017d\" data-id=\"323017d\" data-element_type=\"column\">\n\t\t\t<div class=\"elementor-widget-wrap elementor-element-populated\">\n\t\t\t\t\t\t<div class=\"elementor-element elementor-element-b0ffff9 elementor-align-right elementor-mobile-align-center elementor-widget elementor-widget-button\" data-id=\"b0ffff9\" data-element_type=\"widget\" data-widget_type=\"button.default\">\n\t\t\t\t<div class=\"elementor-widget-container\">\n\t\t\t\t\t\t\t\t\t<div class=\"elementor-button-wrapper\">\n\t\t\t\t\t<a class=\"elementor-button elementor-button-link elementor-size-sm\" href=\"https:\/\/www.cavendishsaglik.com\/de\/kontakt\/\">\n\t\t\t\t\t\t<span class=\"elementor-button-content-wrapper\">\n\t\t\t\t\t\t\t\t\t<span class=\"elementor-button-text\">Kontakt\u0131eren S\u0131e Uns<\/span>\n\t\t\t\t\t<\/span>\n\t\t\t\t\t<\/a>\n\t\t\t\t<\/div>\n\t\t\t\t\t\t\t\t<\/div>\n\t\t\t\t<\/div>\n\t\t\t\t\t<\/div>\n\t\t<\/div>\n\t\t\t\t\t<\/div>\n\t\t<\/section>\n\t\t\t\t\t<\/div>\n\t\t<\/div>\n\t\t\t\t\t<\/div>\n\t\t<\/section>\n\t\t\t\t<\/div>\n\t\t","protected":false},"excerpt":{"rendered":"<p>Kooperat\u0131onen &#038; Partnerprogramme Cavendish Health ist ein zuverl\u00e4ssiger L\u00f6sungspartner mit erfahrenen Fachleuten in den Bereichen Gesundheitsorganisation, internationale Reise-und Krankenversicherung, Beherrschung der lokalen Dynamik und einem globalen Netzwerk. Dar\u00fcber hinaus bietet Cavendish Health dank seiner medizinischen Teams, Kliniken und Reiseb\u00fcros alle Dienstleistungen von einem Ort aus schnell und g\u00fcnstig an. medizinische Hotline-Dienst medizinische Fallverfolgung internationaler Patiententransport &hellip; <\/p>\n<p class=\"link-more\"><a href=\"https:\/\/www.cavendishsaglik.com\/de\/dienstleistungen\/kooperationen-partnerprogramme\/\" class=\"more-link\">Okumaya devam et<span class=\"screen-reader-text\"> &#8220;Kooperationen &#038; Partnerprogramme&#8221;<\/span><\/a><\/p>\n","protected":false},"author":1,"featured_media":0,"parent":358,"menu_order":0,"comment_status":"closed","ping_status":"closed","template":"elementor_header_footer","meta":{"_themeisle_gutenberg_block_has_review":false,"footnotes":""},"class_list":["post-673","page","type-page","status-publish","hentry","entry"],"yoast_head":"<!-- This site is optimized with the Yoast SEO plugin v26.5 - https:\/\/yoast.com\/wordpress\/plugins\/seo\/ -->\n<title>Kooperationen &amp; Partnerprogramme - Cavendish Health<\/title>\n<meta name=\"robots\" content=\"index, follow, max-snippet:-1, max-image-preview:large, max-video-preview:-1\" \/>\n<link rel=\"canonical\" href=\"https:\/\/www.cavendishsaglik.com\/de\/dienstleistungen\/kooperationen-partnerprogramme\/\" \/>\n<meta property=\"og:locale\" content=\"tr_TR\" \/>\n<meta property=\"og:type\" content=\"article\" \/>\n<meta property=\"og:title\" content=\"Kooperationen &amp; Partnerprogramme - Cavendish Health\" \/>\n<meta property=\"og:description\" content=\"Kooperat\u0131onen &#038; Partnerprogramme Cavendish Health ist ein zuverl\u00e4ssiger L\u00f6sungspartner mit erfahrenen Fachleuten in den Bereichen Gesundheitsorganisation, internationale Reise-und Krankenversicherung, Beherrschung der lokalen Dynamik und einem globalen Netzwerk. Dar\u00fcber hinaus bietet Cavendish Health dank seiner medizinischen Teams, Kliniken und Reiseb\u00fcros alle Dienstleistungen von einem Ort aus schnell und g\u00fcnstig an. medizinische Hotline-Dienst medizinische Fallverfolgung internationaler Patiententransport &hellip; Okumaya devam et &quot;Kooperationen &#038; Partnerprogramme&quot;\" \/>\n<meta property=\"og:url\" content=\"https:\/\/www.cavendishsaglik.com\/de\/dienstleistungen\/kooperationen-partnerprogramme\/\" \/>\n<meta property=\"og:site_name\" content=\"Cavendish Health\" \/>\n<meta property=\"article:modified_time\" content=\"2022-10-24T12:46:08+00:00\" \/>\n<meta property=\"og:image\" content=\"https:\/\/www.cavendishsaglik.com\/de\/wp-content\/uploads\/2022\/10\/CavendishHealth-AraciSaglikHizmetleri-MiniBanner400x250.jpg\" \/>\n<meta name=\"twitter:card\" content=\"summary_large_image\" \/>\n<meta name=\"twitter:label1\" content=\"Tahmini okuma s\u00fcresi\" \/>\n\t<meta name=\"twitter:data1\" content=\"1 dakika\" \/>\n<script type=\"application\/ld+json\" class=\"yoast-schema-graph\">{\"@context\":\"https:\/\/schema.org\",\"@graph\":[{\"@type\":\"WebPage\",\"@id\":\"https:\/\/www.cavendishsaglik.com\/de\/dienstleistungen\/kooperationen-partnerprogramme\/\",\"url\":\"https:\/\/www.cavendishsaglik.com\/de\/dienstleistungen\/kooperationen-partnerprogramme\/\",\"name\":\"Kooperationen & Partnerprogramme - Cavendish Health\",\"isPartOf\":{\"@id\":\"https:\/\/www.cavendishsaglik.com\/de\/#website\"},\"primaryImageOfPage\":{\"@id\":\"https:\/\/www.cavendishsaglik.com\/de\/dienstleistungen\/kooperationen-partnerprogramme\/#primaryimage\"},\"image\":{\"@id\":\"https:\/\/www.cavendishsaglik.com\/de\/dienstleistungen\/kooperationen-partnerprogramme\/#primaryimage\"},\"thumbnailUrl\":\"https:\/\/www.cavendishsaglik.com\/de\/wp-content\/uploads\/2022\/10\/CavendishHealth-AraciSaglikHizmetleri-MiniBanner400x250.jpg\",\"datePublished\":\"2022-10-15T13:09:28+00:00\",\"dateModified\":\"2022-10-24T12:46:08+00:00\",\"breadcrumb\":{\"@id\":\"https:\/\/www.cavendishsaglik.com\/de\/dienstleistungen\/kooperationen-partnerprogramme\/#breadcrumb\"},\"inLanguage\":\"tr\",\"potentialAction\":[{\"@type\":\"ReadAction\",\"target\":[\"https:\/\/www.cavendishsaglik.com\/de\/dienstleistungen\/kooperationen-partnerprogramme\/\"]}]},{\"@type\":\"ImageObject\",\"inLanguage\":\"tr\",\"@id\":\"https:\/\/www.cavendishsaglik.com\/de\/dienstleistungen\/kooperationen-partnerprogramme\/#primaryimage\",\"url\":\"https:\/\/www.cavendishsaglik.com\/de\/wp-content\/uploads\/2022\/10\/CavendishHealth-AraciSaglikHizmetleri-MiniBanner400x250.jpg\",\"contentUrl\":\"https:\/\/www.cavendishsaglik.com\/de\/wp-content\/uploads\/2022\/10\/CavendishHealth-AraciSaglikHizmetleri-MiniBanner400x250.jpg\",\"width\":400,\"height\":250},{\"@type\":\"BreadcrumbList\",\"@id\":\"https:\/\/www.cavendishsaglik.com\/de\/dienstleistungen\/kooperationen-partnerprogramme\/#breadcrumb\",\"itemListElement\":[{\"@type\":\"ListItem\",\"position\":1,\"name\":\"Anasayfa\",\"item\":\"https:\/\/www.cavendishsaglik.com\/de\/\"},{\"@type\":\"ListItem\",\"position\":2,\"name\":\"Dienstleistungen\",\"item\":\"https:\/\/www.cavendishsaglik.com\/de\/dienstleistungen\/\"},{\"@type\":\"ListItem\",\"position\":3,\"name\":\"Kooperationen &#038; Partnerprogramme\"}]},{\"@type\":\"WebSite\",\"@id\":\"https:\/\/www.cavendishsaglik.com\/de\/#website\",\"url\":\"https:\/\/www.cavendishsaglik.com\/de\/\",\"name\":\"Cavendish Health\",\"description\":\"Uluslararas\u0131 Sa\u011fl\u0131k Turizmi Acentesi\",\"potentialAction\":[{\"@type\":\"SearchAction\",\"target\":{\"@type\":\"EntryPoint\",\"urlTemplate\":\"https:\/\/www.cavendishsaglik.com\/de\/?s={search_term_string}\"},\"query-input\":{\"@type\":\"PropertyValueSpecification\",\"valueRequired\":true,\"valueName\":\"search_term_string\"}}],\"inLanguage\":\"tr\"}]}<\/script>\n<!-- \/ Yoast SEO plugin. -->","yoast_head_json":{"title":"Kooperationen & Partnerprogramme - Cavendish Health","robots":{"index":"index","follow":"follow","max-snippet":"max-snippet:-1","max-image-preview":"max-image-preview:large","max-video-preview":"max-video-preview:-1"},"canonical":"https:\/\/www.cavendishsaglik.com\/de\/dienstleistungen\/kooperationen-partnerprogramme\/","og_locale":"tr_TR","og_type":"article","og_title":"Kooperationen & Partnerprogramme - Cavendish Health","og_description":"Kooperat\u0131onen &#038; Partnerprogramme Cavendish Health ist ein zuverl\u00e4ssiger L\u00f6sungspartner mit erfahrenen Fachleuten in den Bereichen Gesundheitsorganisation, internationale Reise-und Krankenversicherung, Beherrschung der lokalen Dynamik und einem globalen Netzwerk. Dar\u00fcber hinaus bietet Cavendish Health dank seiner medizinischen Teams, Kliniken und Reiseb\u00fcros alle Dienstleistungen von einem Ort aus schnell und g\u00fcnstig an. medizinische Hotline-Dienst medizinische Fallverfolgung internationaler Patiententransport &hellip; Okumaya devam et \"Kooperationen &#038; Partnerprogramme\"","og_url":"https:\/\/www.cavendishsaglik.com\/de\/dienstleistungen\/kooperationen-partnerprogramme\/","og_site_name":"Cavendish Health","article_modified_time":"2022-10-24T12:46:08+00:00","og_image":[{"url":"https:\/\/www.cavendishsaglik.com\/de\/wp-content\/uploads\/2022\/10\/CavendishHealth-AraciSaglikHizmetleri-MiniBanner400x250.jpg","type":"","width":"","height":""}],"twitter_card":"summary_large_image","twitter_misc":{"Tahmini okuma s\u00fcresi":"1 dakika"},"schema":{"@context":"https:\/\/schema.org","@graph":[{"@type":"WebPage","@id":"https:\/\/www.cavendishsaglik.com\/de\/dienstleistungen\/kooperationen-partnerprogramme\/","url":"https:\/\/www.cavendishsaglik.com\/de\/dienstleistungen\/kooperationen-partnerprogramme\/","name":"Kooperationen & Partnerprogramme - Cavendish Health","isPartOf":{"@id":"https:\/\/www.cavendishsaglik.com\/de\/#website"},"primaryImageOfPage":{"@id":"https:\/\/www.cavendishsaglik.com\/de\/dienstleistungen\/kooperationen-partnerprogramme\/#primaryimage"},"image":{"@id":"https:\/\/www.cavendishsaglik.com\/de\/dienstleistungen\/kooperationen-partnerprogramme\/#primaryimage"},"thumbnailUrl":"https:\/\/www.cavendishsaglik.com\/de\/wp-content\/uploads\/2022\/10\/CavendishHealth-AraciSaglikHizmetleri-MiniBanner400x250.jpg","datePublished":"2022-10-15T13:09:28+00:00","dateModified":"2022-10-24T12:46:08+00:00","breadcrumb":{"@id":"https:\/\/www.cavendishsaglik.com\/de\/dienstleistungen\/kooperationen-partnerprogramme\/#breadcrumb"},"inLanguage":"tr","potentialAction":[{"@type":"ReadAction","target":["https:\/\/www.cavendishsaglik.com\/de\/dienstleistungen\/kooperationen-partnerprogramme\/"]}]},{"@type":"ImageObject","inLanguage":"tr","@id":"https:\/\/www.cavendishsaglik.com\/de\/dienstleistungen\/kooperationen-partnerprogramme\/#primaryimage","url":"https:\/\/www.cavendishsaglik.com\/de\/wp-content\/uploads\/2022\/10\/CavendishHealth-AraciSaglikHizmetleri-MiniBanner400x250.jpg","contentUrl":"https:\/\/www.cavendishsaglik.com\/de\/wp-content\/uploads\/2022\/10\/CavendishHealth-AraciSaglikHizmetleri-MiniBanner400x250.jpg","width":400,"height":250},{"@type":"BreadcrumbList","@id":"https:\/\/www.cavendishsaglik.com\/de\/dienstleistungen\/kooperationen-partnerprogramme\/#breadcrumb","itemListElement":[{"@type":"ListItem","position":1,"name":"Anasayfa","item":"https:\/\/www.cavendishsaglik.com\/de\/"},{"@type":"ListItem","position":2,"name":"Dienstleistungen","item":"https:\/\/www.cavendishsaglik.com\/de\/dienstleistungen\/"},{"@type":"ListItem","position":3,"name":"Kooperationen &#038; Partnerprogramme"}]},{"@type":"WebSite","@id":"https:\/\/www.cavendishsaglik.com\/de\/#website","url":"https:\/\/www.cavendishsaglik.com\/de\/","name":"Cavendish Health","description":"Uluslararas\u0131 Sa\u011fl\u0131k Turizmi Acentesi","potentialAction":[{"@type":"SearchAction","target":{"@type":"EntryPoint","urlTemplate":"https:\/\/www.cavendishsaglik.com\/de\/?s={search_term_string}"},"query-input":{"@type":"PropertyValueSpecification","valueRequired":true,"valueName":"search_term_string"}}],"inLanguage":"tr"}]}},"_links":{"self":[{"href":"https:\/\/www.cavendishsaglik.com\/de\/wp-json\/wp\/v2\/pages\/673","targetHints":{"allow":["GET"]}}],"collection":[{"href":"https:\/\/www.cavendishsaglik.com\/de\/wp-json\/wp\/v2\/pages"}],"about":[{"href":"https:\/\/www.cavendishsaglik.com\/de\/wp-json\/wp\/v2\/types\/page"}],"author":[{"embeddable":true,"href":"https:\/\/www.cavendishsaglik.com\/de\/wp-json\/wp\/v2\/users\/1"}],"replies":[{"embeddable":true,"href":"https:\/\/www.cavendishsaglik.com\/de\/wp-json\/wp\/v2\/comments?post=673"}],"version-history":[{"count":33,"href":"https:\/\/www.cavendishsaglik.com\/de\/wp-json\/wp\/v2\/pages\/673\/revisions"}],"predecessor-version":[{"id":1548,"href":"https:\/\/www.cavendishsaglik.com\/de\/wp-json\/wp\/v2\/pages\/673\/revisions\/1548"}],"up":[{"embeddable":true,"href":"https:\/\/www.cavendishsaglik.com\/de\/wp-json\/wp\/v2\/pages\/358"}],"wp:attachment":[{"href":"https:\/\/www.cavendishsaglik.com\/de\/wp-json\/wp\/v2\/media?parent=673"}],"curies":[{"name":"wp","href":"https:\/\/api.w.org\/{rel}","templated":true}]}}