{"id":695,"date":"2022-10-15T13:39:39","date_gmt":"2022-10-15T13:39:39","guid":{"rendered":"https:\/\/www.cavendishsaglik.com\/de\/?page_id=695"},"modified":"2022-10-24T12:51:31","modified_gmt":"2022-10-24T12:51:31","slug":"zahnbehandlungen-und-orale-gesundheit","status":"publish","type":"page","link":"https:\/\/www.cavendishsaglik.com\/de\/gesundhei%cc%87tsdi%cc%87enstlei%cc%87stungen\/zahnbehandlungen-und-orale-gesundheit\/","title":{"rendered":"Zahnbehandlungen Und Orale Gesundheit"},"content":{"rendered":"\t\t<div data-elementor-type=\"wp-page\" data-elementor-id=\"695\" class=\"elementor elementor-695\">\n\t\t\t\t\t\t<section class=\"elementor-section elementor-top-section elementor-element elementor-element-6ad1831 elementor-section-full_width elementor-section-height-min-height elementor-section-height-default elementor-section-items-middle\" data-id=\"6ad1831\" data-element_type=\"section\" data-settings=\"{&quot;background_background&quot;:&quot;classic&quot;}\">\n\t\t\t\t\t\t\t<div class=\"elementor-background-overlay\"><\/div>\n\t\t\t\t\t\t\t<div class=\"elementor-container elementor-column-gap-no\">\n\t\t\t\t\t<div class=\"elementor-column elementor-col-100 elementor-top-column elementor-element elementor-element-efaf52f\" data-id=\"efaf52f\" data-element_type=\"column\">\n\t\t\t<div class=\"elementor-widget-wrap elementor-element-populated\">\n\t\t\t\t\t\t<section class=\"elementor-section elementor-inner-section elementor-element elementor-element-aeb3d05 elementor-section-boxed elementor-section-height-default elementor-section-height-default\" data-id=\"aeb3d05\" data-element_type=\"section\">\n\t\t\t\t\t\t<div class=\"elementor-container elementor-column-gap-no\">\n\t\t\t\t\t<div class=\"elementor-column elementor-col-100 elementor-inner-column elementor-element elementor-element-d327832\" data-id=\"d327832\" data-element_type=\"column\">\n\t\t\t<div class=\"elementor-widget-wrap elementor-element-populated\">\n\t\t\t\t\t\t<div class=\"elementor-element elementor-element-228ddcb elementor-widget elementor-widget-heading\" data-id=\"228ddcb\" data-element_type=\"widget\" data-widget_type=\"heading.default\">\n\t\t\t\t<div class=\"elementor-widget-container\">\n\t\t\t\t\t<h4 class=\"elementor-heading-title elementor-size-default\">Zahnbehandlungen Und Orale Gesundhe\u0131t<\/h4>\t\t\t\t<\/div>\n\t\t\t\t<\/div>\n\t\t\t\t\t<\/div>\n\t\t<\/div>\n\t\t\t\t\t<\/div>\n\t\t<\/section>\n\t\t\t\t\t<\/div>\n\t\t<\/div>\n\t\t\t\t\t<\/div>\n\t\t<\/section>\n\t\t\t\t<section class=\"elementor-section elementor-top-section elementor-element elementor-element-92554bb elementor-section-boxed elementor-section-height-default elementor-section-height-default\" data-id=\"92554bb\" data-element_type=\"section\" data-settings=\"{&quot;background_background&quot;:&quot;classic&quot;}\">\n\t\t\t\t\t\t<div class=\"elementor-container elementor-column-gap-no\">\n\t\t\t\t\t<div class=\"elementor-column elementor-col-100 elementor-top-column elementor-element elementor-element-51fde75\" data-id=\"51fde75\" data-element_type=\"column\">\n\t\t\t<div class=\"elementor-widget-wrap elementor-element-populated\">\n\t\t\t\t\t\t<section class=\"elementor-section elementor-inner-section elementor-element elementor-element-21d0dbc elementor-section-boxed elementor-section-height-default elementor-section-height-default\" data-id=\"21d0dbc\" data-element_type=\"section\">\n\t\t\t\t\t\t<div class=\"elementor-container elementor-column-gap-no\">\n\t\t\t\t\t<div class=\"elementor-column elementor-col-100 elementor-inner-column elementor-element elementor-element-3cef269\" data-id=\"3cef269\" data-element_type=\"column\">\n\t\t\t<div class=\"elementor-widget-wrap elementor-element-populated\">\n\t\t\t\t\t\t<div class=\"elementor-element elementor-element-5945108 elementor-widget elementor-widget-image\" data-id=\"5945108\" data-element_type=\"widget\" data-widget_type=\"image.default\">\n\t\t\t\t<div class=\"elementor-widget-container\">\n\t\t\t\t\t\t\t\t\t\t\t\t\t\t\t<img decoding=\"async\" src=\"https:\/\/www.cavendishsaglik.com\/de\/wp-content\/uploads\/elementor\/thumbs\/CavendishHealth-DisHastaliklari-MiniBanner768x515-pwfou9vruf3nf7y31rmosuh2m8gkjhnlz8egnh60tc.jpg\" title=\"CavendishHealth-Di\u015fHastal\u0131klar\u0131-MiniBanner(768&#215;515)\" alt=\"CavendishHealth-Di\u015fHastal\u0131klar\u0131-MiniBanner(768x515)\" loading=\"lazy\" \/>\t\t\t\t\t\t\t\t\t\t\t\t\t\t\t<\/div>\n\t\t\t\t<\/div>\n\t\t\t\t<div class=\"elementor-element elementor-element-ee35d31 elementor-widget elementor-widget-text-editor\" data-id=\"ee35d31\" data-element_type=\"widget\" data-widget_type=\"text-editor.default\">\n\t\t\t\t<div class=\"elementor-widget-container\">\n\t\t\t\t\t\t\t\t\t<p><strong>ZAHN\u00c4STHETIK<\/strong><\/p><p>Probleme im Aussehen von Z\u00e4hnen sind ein wichtiges Element, das sich negativ auf das soziale Leben der Menschen auswirkt. Z\u00e4hne, die f\u00fcr das Auge angenehm aussehen und beim Lachen harmonisch angeordnet sind, wirken sich positiv auf das Leben der Menschen aus und sind wirksame Zeichen der K\u00f6rperpflege. Ein auff\u00e4lliges L\u00e4cheln tr\u00e4gt zum Erfolg und Gl\u00fcck im Gesch\u00e4fts- und Privatleben bei, indem es das Selbstbewusstsein und die soziale Kommunikation der Menschen deutlich erh\u00f6ht.<\/p><p>Probleme wie \u00dcberf\u00fcllung in der Ausrichtung der Z\u00e4hne, gro\u00dfe L\u00fccken zwischen den Z\u00e4hnen oder dunkle Z\u00e4hne beeintr\u00e4chtigen Ihr L\u00e4cheln. Dar\u00fcber hinaus wirken sich zuvor verf\u00e4rbte oder disharmonische Beschichtungen, abgedunkelte F\u00fcllungen und Zahnfleischprobleme sowohl auf die Gesundheit als auch auf die \u00c4sthetik negativ aus.<\/p><p>H\u00e4ufig angewandte Methoden in der Zahn\u00e4sthetik<\/p><ul><li>Porzellan-Laminat-Furniere<\/li><li>Vollkeramische Beschichtungen (Porzellan Kronen usw.)<\/li><li>Porzellanf\u00fcllungen<\/li><\/ul><p>\u00a0<\/p><p><strong>ZAHNIMPLANTAT<\/strong><\/p><p>Zahnimplantate sind k\u00fcnstliche Zahnwurzeln, die in den Kieferknochen eingesetzt und aus Material hergestellt werden, das mit menschlichem Gewebe kompatibel ist, um die Funktion und \u00c4sthetik der fehlenden Z\u00e4hne wiederherzustellen. Es handelt sich meist um schraubenf\u00f6rmige Strukturen, die in verschiedenen L\u00e4ngen und Durchmessern hergestellt werden, um Zahnwurzeln aus Titan mit verbesserten Oberfl\u00e4cheneigenschaften nachzuahmen.<\/p><p>\u00a0<\/p><p>Die Behandlung von Zahnimplantaten erfolgt in zwei Stufen. Die erste Stufe ist die Vorbereitung eines Schlitzes, der f\u00fcr die L\u00e4nge und den Durchmesser des Implantats geeignet ist und in dem Bereich verwendet werden soll, in dem das Implantat in der richtigen Position und im idealen Winkel platziert wird, ohne die benachbarten Z\u00e4hne, Weichteile und andere anatomische Strukturen zu besch\u00e4digen, und dann die chirurgische Phase, in der das Implantat in die vorbereitete Pfanne eingesetzt wird. Nachdem das Implantat in den Knochen eingesetzt wurde, beginnt der Heilungsprozess, der notwendig ist, damit es ein Teil des K\u00f6rpers wird und mit dem Knochen verschmilzt. Dieser Prozess dauert etwa drei Monate, aber in einigen F\u00e4llen kann er k\u00fcrzer oder l\u00e4nger sein. Dieser Prozess dauert etwa drei Monate, kann aber in einigen F\u00e4llen k\u00fcrzer oder l\u00e4nger sein. Mit dem Ende der Wartezeit wird die zweite Phase eingeleitet und mit dem Bau der zu Beginn der Behandlung geplanten Prothesen auf den Implantaten begonnen. Je nach Art der Prothese, die in diesem Stadium durchgef\u00fchrt wird, variiert es zwischen zwei Tagen und zwei Wochen.<\/p><p>Da es sich bei der Platzierung von Zahnimplantaten um einen chirurgischen Eingriff handelt, ist es vorzugsweise angebracht, diesen Eingriff von einem &#8220;Facharzt f\u00fcr Kiefer- und Gesichtschirurgie&#8221; durchf\u00fchren zu lassen.<\/p><p>\u00a0<\/p><p><strong>ZAHNBESCHICHTUNG<\/strong><\/p><p>Arten von Zahnbeschichtungen werden nach den verwendeten Materialien benannt. Abh\u00e4ngig von der Entwicklung des Technologie- und Materialwissens von der Vergangenheit bis zur Gegenwart wurden verschiedene Materialien sowohl in Bezug auf Haltbarkeit als auch auf \u00c4sthetik verwendet. Die \u00e4ltesten Materialien Waren Legierungen mit Goldgehalt. Sie sind sehr alt und haben eine lange Geschichte. Aber die \u00e4sthetischen Eigenschaften waren sehr begrenzt. In neuen Materialien werden vor allem Keramik verwendet. Keramik ist besonders vorteilhaft, wenn es darum geht, die Farbe der Z\u00e4hne eins zu eins zu kopieren. Keramik wird auch in sich selbst klassifiziert. Unter der Keramik wurde Metall als h\u00e4rtematerial verwendet. Da die Keramik, die in der Vergangenheit auf Metall angewendet wurde, die Haltbarkeit erh\u00f6ht, auch \u00e4sthetisch begrenzt ist, verwenden wir heute keine Metallkeramik mehr. Wir verwenden haupts\u00e4chlich Zirkonium-oder Vollkeramikbeschichtungen. Zirkonium-und Vollkeramikbeschichtungen sind derzeit die technologischsten Materialien in Bezug auf \u00c4sthetik und Haltbarkeit.<\/p><p>Zun\u00e4chst m\u00fcssen verd\u00e4chtige Formationen, wie Karies im Zahn, alte restaurative Materialien oder alte F\u00fcllungen, vollst\u00e4ndig gereinigt werden und die Dicke des Materials, das von den Z\u00e4hnen verwendet wird, wird reduziert.<\/p><p>\u00a0<\/p><p><strong>ZAHNAUFHELLUNG <\/strong><\/p><p>Beim Zahnaufhellung handelt es sich um die Aufl\u00f6sung von farbigen organischen und anorganischen Substanzen in den Zahnschmelz- und Dentinschichten von Z\u00e4hnen, die ihre Farbe ver\u00e4ndert haben oder aus verschiedenen Gr\u00fcnden mit Zahnaufhellungsgelen strukturell dunkel sind. Wasserstoffperoxid und Carbamidperoxid werden als Wirkstoffe in den eingesetzten Bleichsystemen eingesetzt.<\/p><p>Heute werden zwei Arten von Bleichmethoden verwendet. Die erste davon ist die Heimaufhellungstechnik, die der Patient selbst anwenden kann. Bei dieser Methode wird eine d\u00fcnne Form auf Kunststoffbasis hergestellt, die durch Messungen an den Z\u00e4hnen getragen werden kann. Der Patient tr\u00e4gt das ihm gegebene Bleichmittel selbst f\u00fcr die empfohlene Zeit mit Hilfe dieses Schimmelpilzes auf. Die Behandlung ist in etwa 1 bis 4 Wochen abgeschlossen. Da die Anwendungsphasen dieser Technik jedoch nicht unter der Kontrolle des Arztes stehen, k\u00f6nnen manchmal die gew\u00fcnschten Ergebnisse nicht erzielt werden.<\/p>\t\t\t\t\t\t\t\t<\/div>\n\t\t\t\t<\/div>\n\t\t\t\t\t<\/div>\n\t\t<\/div>\n\t\t\t\t\t<\/div>\n\t\t<\/section>\n\t\t\t\t\t<\/div>\n\t\t<\/div>\n\t\t\t\t\t<\/div>\n\t\t<\/section>\n\t\t\t\t<section class=\"elementor-section elementor-top-section elementor-element elementor-element-3e1ef85 elementor-section-full_width elementor-section-height-min-height elementor-section-height-default elementor-section-items-middle\" data-id=\"3e1ef85\" data-element_type=\"section\" data-settings=\"{&quot;background_background&quot;:&quot;classic&quot;}\">\n\t\t\t\t\t\t<div class=\"elementor-container elementor-column-gap-no\">\n\t\t\t\t\t<div class=\"elementor-column elementor-col-100 elementor-top-column elementor-element elementor-element-4ab963f\" data-id=\"4ab963f\" data-element_type=\"column\">\n\t\t\t<div class=\"elementor-widget-wrap elementor-element-populated\">\n\t\t\t\t\t\t<section class=\"elementor-section elementor-inner-section elementor-element elementor-element-6d06fc3 elementor-section-boxed elementor-section-height-default elementor-section-height-default\" data-id=\"6d06fc3\" data-element_type=\"section\">\n\t\t\t\t\t\t<div class=\"elementor-container elementor-column-gap-no\">\n\t\t\t\t\t<div class=\"elementor-column elementor-col-50 elementor-inner-column elementor-element elementor-element-1a24767\" data-id=\"1a24767\" data-element_type=\"column\">\n\t\t\t<div class=\"elementor-widget-wrap elementor-element-populated\">\n\t\t\t\t\t\t<div class=\"elementor-element elementor-element-d8dc2f5 elementor-widget__width-auto elementor-widget-tablet__width-initial elementor-widget-mobile__width-inherit elementor-view-default elementor-widget elementor-widget-icon\" data-id=\"d8dc2f5\" data-element_type=\"widget\" data-widget_type=\"icon.default\">\n\t\t\t\t<div class=\"elementor-widget-container\">\n\t\t\t\t\t\t\t<div class=\"elementor-icon-wrapper\">\n\t\t\t<div class=\"elementor-icon\">\n\t\t\t<i aria-hidden=\"true\" class=\"fas fa-phone-alt\"><\/i>\t\t\t<\/div>\n\t\t<\/div>\n\t\t\t\t\t\t<\/div>\n\t\t\t\t<\/div>\n\t\t\t\t<div class=\"elementor-element elementor-element-a40842c elementor-widget__width-auto elementor-widget-tablet__width-initial elementor-widget-mobile__width-inherit elementor-widget elementor-widget-icon-box\" data-id=\"a40842c\" data-element_type=\"widget\" data-widget_type=\"icon-box.default\">\n\t\t\t\t<div class=\"elementor-widget-container\">\n\t\t\t\t\t\t\t<div class=\"elementor-icon-box-wrapper\">\n\n\t\t\t\n\t\t\t\t\t\t<div class=\"elementor-icon-box-content\">\n\n\t\t\t\t\t\t\t\t\t<h6 class=\"elementor-icon-box-title\">\n\t\t\t\t\t\t<span  >\n\t\t\t\t\t\t\tKontakt\u0131eren S\u0131e Uns\t\t\t\t\t\t<\/span>\n\t\t\t\t\t<\/h6>\n\t\t\t\t\n\t\t\t\t\t\t\t\t\t<p class=\"elementor-icon-box-description\">\n\t\t\t\t\t\tErhalten Sie mehr Informationen \t\t\t\t\t<\/p>\n\t\t\t\t\n\t\t\t<\/div>\n\t\t\t\n\t\t<\/div>\n\t\t\t\t\t\t<\/div>\n\t\t\t\t<\/div>\n\t\t\t\t\t<\/div>\n\t\t<\/div>\n\t\t\t\t<div class=\"elementor-column elementor-col-50 elementor-inner-column elementor-element elementor-element-8ffb0be\" data-id=\"8ffb0be\" data-element_type=\"column\">\n\t\t\t<div class=\"elementor-widget-wrap elementor-element-populated\">\n\t\t\t\t\t\t<div class=\"elementor-element elementor-element-9a8ae36 elementor-align-right elementor-mobile-align-center elementor-widget elementor-widget-button\" data-id=\"9a8ae36\" data-element_type=\"widget\" data-widget_type=\"button.default\">\n\t\t\t\t<div class=\"elementor-widget-container\">\n\t\t\t\t\t\t\t\t\t<div class=\"elementor-button-wrapper\">\n\t\t\t\t\t<a class=\"elementor-button elementor-button-link elementor-size-sm\" href=\"https:\/\/www.cavendishsaglik.com\/de\/kontakt\/\">\n\t\t\t\t\t\t<span class=\"elementor-button-content-wrapper\">\n\t\t\t\t\t\t\t\t\t<span class=\"elementor-button-text\">Kontakt\u0131eren S\u0131e Uns<\/span>\n\t\t\t\t\t<\/span>\n\t\t\t\t\t<\/a>\n\t\t\t\t<\/div>\n\t\t\t\t\t\t\t\t<\/div>\n\t\t\t\t<\/div>\n\t\t\t\t\t<\/div>\n\t\t<\/div>\n\t\t\t\t\t<\/div>\n\t\t<\/section>\n\t\t\t\t\t<\/div>\n\t\t<\/div>\n\t\t\t\t\t<\/div>\n\t\t<\/section>\n\t\t\t\t<\/div>\n\t\t","protected":false},"excerpt":{"rendered":"<p>Zahnbehandlungen Und Orale Gesundhe\u0131t ZAHN\u00c4STHETIK Probleme im Aussehen von Z\u00e4hnen sind ein wichtiges Element, das sich negativ auf das soziale Leben der Menschen auswirkt. Z\u00e4hne, die f\u00fcr das Auge angenehm aussehen und beim Lachen harmonisch angeordnet sind, wirken sich positiv auf das Leben der Menschen aus und sind wirksame Zeichen der K\u00f6rperpflege. Ein auff\u00e4lliges L\u00e4cheln &hellip; <\/p>\n<p class=\"link-more\"><a href=\"https:\/\/www.cavendishsaglik.com\/de\/gesundhei%cc%87tsdi%cc%87enstlei%cc%87stungen\/zahnbehandlungen-und-orale-gesundheit\/\" class=\"more-link\">Okumaya devam et<span class=\"screen-reader-text\"> &#8220;Zahnbehandlungen Und Orale Gesundheit&#8221;<\/span><\/a><\/p>\n","protected":false},"author":1,"featured_media":0,"parent":679,"menu_order":0,"comment_status":"closed","ping_status":"closed","template":"elementor_header_footer","meta":{"_themeisle_gutenberg_block_has_review":false,"footnotes":""},"class_list":["post-695","page","type-page","status-publish","hentry","entry"],"yoast_head":"<!-- This site is optimized with the Yoast SEO plugin v26.5 - https:\/\/yoast.com\/wordpress\/plugins\/seo\/ -->\n<title>Zahnbehandlungen Und Orale Gesundheit - Cavendish Health<\/title>\n<meta name=\"robots\" content=\"index, follow, max-snippet:-1, max-image-preview:large, max-video-preview:-1\" \/>\n<link rel=\"canonical\" href=\"https:\/\/www.cavendishsaglik.com\/de\/gesundhei\u0307tsdi\u0307enstlei\u0307stungen\/zahnbehandlungen-und-orale-gesundheit\/\" \/>\n<meta property=\"og:locale\" content=\"tr_TR\" \/>\n<meta property=\"og:type\" content=\"article\" \/>\n<meta property=\"og:title\" content=\"Zahnbehandlungen Und Orale Gesundheit - Cavendish Health\" \/>\n<meta property=\"og:description\" content=\"Zahnbehandlungen Und Orale Gesundhe\u0131t ZAHN\u00c4STHETIK Probleme im Aussehen von Z\u00e4hnen sind ein wichtiges Element, das sich negativ auf das soziale Leben der Menschen auswirkt. Z\u00e4hne, die f\u00fcr das Auge angenehm aussehen und beim Lachen harmonisch angeordnet sind, wirken sich positiv auf das Leben der Menschen aus und sind wirksame Zeichen der K\u00f6rperpflege. Ein auff\u00e4lliges L\u00e4cheln &hellip; Okumaya devam et &quot;Zahnbehandlungen Und Orale Gesundheit&quot;\" \/>\n<meta property=\"og:url\" content=\"https:\/\/www.cavendishsaglik.com\/de\/gesundhei\u0307tsdi\u0307enstlei\u0307stungen\/zahnbehandlungen-und-orale-gesundheit\/\" \/>\n<meta property=\"og:site_name\" content=\"Cavendish Health\" \/>\n<meta property=\"article:modified_time\" content=\"2022-10-24T12:51:31+00:00\" \/>\n<meta property=\"og:image\" content=\"https:\/\/www.cavendishsaglik.com\/de\/wp-content\/uploads\/elementor\/thumbs\/CavendishHealth-DisHastaliklari-MiniBanner768x515-pwfou9vruf3nf7y31rmosuh2m8gkjhnlz8egnh60tc.jpg\" \/>\n<meta name=\"twitter:card\" content=\"summary_large_image\" \/>\n<meta name=\"twitter:label1\" content=\"Tahmini okuma s\u00fcresi\" \/>\n\t<meta name=\"twitter:data1\" content=\"5 dakika\" \/>\n<script type=\"application\/ld+json\" class=\"yoast-schema-graph\">{\"@context\":\"https:\/\/schema.org\",\"@graph\":[{\"@type\":\"WebPage\",\"@id\":\"https:\/\/www.cavendishsaglik.com\/de\/gesundhei%cc%87tsdi%cc%87enstlei%cc%87stungen\/zahnbehandlungen-und-orale-gesundheit\/\",\"url\":\"https:\/\/www.cavendishsaglik.com\/de\/gesundhei%cc%87tsdi%cc%87enstlei%cc%87stungen\/zahnbehandlungen-und-orale-gesundheit\/\",\"name\":\"Zahnbehandlungen Und Orale Gesundheit - Cavendish Health\",\"isPartOf\":{\"@id\":\"https:\/\/www.cavendishsaglik.com\/de\/#website\"},\"primaryImageOfPage\":{\"@id\":\"https:\/\/www.cavendishsaglik.com\/de\/gesundhei%cc%87tsdi%cc%87enstlei%cc%87stungen\/zahnbehandlungen-und-orale-gesundheit\/#primaryimage\"},\"image\":{\"@id\":\"https:\/\/www.cavendishsaglik.com\/de\/gesundhei%cc%87tsdi%cc%87enstlei%cc%87stungen\/zahnbehandlungen-und-orale-gesundheit\/#primaryimage\"},\"thumbnailUrl\":\"https:\/\/www.cavendishsaglik.com\/de\/wp-content\/uploads\/elementor\/thumbs\/CavendishHealth-DisHastaliklari-MiniBanner768x515-pwfou9vruf3nf7y31rmosuh2m8gkjhnlz8egnh60tc.jpg\",\"datePublished\":\"2022-10-15T13:39:39+00:00\",\"dateModified\":\"2022-10-24T12:51:31+00:00\",\"breadcrumb\":{\"@id\":\"https:\/\/www.cavendishsaglik.com\/de\/gesundhei%cc%87tsdi%cc%87enstlei%cc%87stungen\/zahnbehandlungen-und-orale-gesundheit\/#breadcrumb\"},\"inLanguage\":\"tr\",\"potentialAction\":[{\"@type\":\"ReadAction\",\"target\":[\"https:\/\/www.cavendishsaglik.com\/de\/gesundhei%cc%87tsdi%cc%87enstlei%cc%87stungen\/zahnbehandlungen-und-orale-gesundheit\/\"]}]},{\"@type\":\"ImageObject\",\"inLanguage\":\"tr\",\"@id\":\"https:\/\/www.cavendishsaglik.com\/de\/gesundhei%cc%87tsdi%cc%87enstlei%cc%87stungen\/zahnbehandlungen-und-orale-gesundheit\/#primaryimage\",\"url\":\"https:\/\/www.cavendishsaglik.com\/de\/wp-content\/uploads\/elementor\/thumbs\/CavendishHealth-DisHastaliklari-MiniBanner768x515-pwfou9vruf3nf7y31rmosuh2m8gkjhnlz8egnh60tc.jpg\",\"contentUrl\":\"https:\/\/www.cavendishsaglik.com\/de\/wp-content\/uploads\/elementor\/thumbs\/CavendishHealth-DisHastaliklari-MiniBanner768x515-pwfou9vruf3nf7y31rmosuh2m8gkjhnlz8egnh60tc.jpg\"},{\"@type\":\"BreadcrumbList\",\"@id\":\"https:\/\/www.cavendishsaglik.com\/de\/gesundhei%cc%87tsdi%cc%87enstlei%cc%87stungen\/zahnbehandlungen-und-orale-gesundheit\/#breadcrumb\",\"itemListElement\":[{\"@type\":\"ListItem\",\"position\":1,\"name\":\"Anasayfa\",\"item\":\"https:\/\/www.cavendishsaglik.com\/de\/\"},{\"@type\":\"ListItem\",\"position\":2,\"name\":\"Gesundhei\u0307tsdi\u0307enstlei\u0307stungen\",\"item\":\"https:\/\/www.cavendishsaglik.com\/de\/gesundhei%cc%87tsdi%cc%87enstlei%cc%87stungen\/\"},{\"@type\":\"ListItem\",\"position\":3,\"name\":\"Zahnbehandlungen Und Orale Gesundheit\"}]},{\"@type\":\"WebSite\",\"@id\":\"https:\/\/www.cavendishsaglik.com\/de\/#website\",\"url\":\"https:\/\/www.cavendishsaglik.com\/de\/\",\"name\":\"Cavendish Health\",\"description\":\"Uluslararas\u0131 Sa\u011fl\u0131k Turizmi Acentesi\",\"potentialAction\":[{\"@type\":\"SearchAction\",\"target\":{\"@type\":\"EntryPoint\",\"urlTemplate\":\"https:\/\/www.cavendishsaglik.com\/de\/?s={search_term_string}\"},\"query-input\":{\"@type\":\"PropertyValueSpecification\",\"valueRequired\":true,\"valueName\":\"search_term_string\"}}],\"inLanguage\":\"tr\"}]}<\/script>\n<!-- \/ Yoast SEO plugin. -->","yoast_head_json":{"title":"Zahnbehandlungen Und Orale Gesundheit - Cavendish Health","robots":{"index":"index","follow":"follow","max-snippet":"max-snippet:-1","max-image-preview":"max-image-preview:large","max-video-preview":"max-video-preview:-1"},"canonical":"https:\/\/www.cavendishsaglik.com\/de\/gesundhei\u0307tsdi\u0307enstlei\u0307stungen\/zahnbehandlungen-und-orale-gesundheit\/","og_locale":"tr_TR","og_type":"article","og_title":"Zahnbehandlungen Und Orale Gesundheit - Cavendish Health","og_description":"Zahnbehandlungen Und Orale Gesundhe\u0131t ZAHN\u00c4STHETIK Probleme im Aussehen von Z\u00e4hnen sind ein wichtiges Element, das sich negativ auf das soziale Leben der Menschen auswirkt. Z\u00e4hne, die f\u00fcr das Auge angenehm aussehen und beim Lachen harmonisch angeordnet sind, wirken sich positiv auf das Leben der Menschen aus und sind wirksame Zeichen der K\u00f6rperpflege. Ein auff\u00e4lliges L\u00e4cheln &hellip; Okumaya devam et \"Zahnbehandlungen Und Orale Gesundheit\"","og_url":"https:\/\/www.cavendishsaglik.com\/de\/gesundhei\u0307tsdi\u0307enstlei\u0307stungen\/zahnbehandlungen-und-orale-gesundheit\/","og_site_name":"Cavendish Health","article_modified_time":"2022-10-24T12:51:31+00:00","og_image":[{"url":"https:\/\/www.cavendishsaglik.com\/de\/wp-content\/uploads\/elementor\/thumbs\/CavendishHealth-DisHastaliklari-MiniBanner768x515-pwfou9vruf3nf7y31rmosuh2m8gkjhnlz8egnh60tc.jpg","type":"","width":"","height":""}],"twitter_card":"summary_large_image","twitter_misc":{"Tahmini okuma s\u00fcresi":"5 dakika"},"schema":{"@context":"https:\/\/schema.org","@graph":[{"@type":"WebPage","@id":"https:\/\/www.cavendishsaglik.com\/de\/gesundhei%cc%87tsdi%cc%87enstlei%cc%87stungen\/zahnbehandlungen-und-orale-gesundheit\/","url":"https:\/\/www.cavendishsaglik.com\/de\/gesundhei%cc%87tsdi%cc%87enstlei%cc%87stungen\/zahnbehandlungen-und-orale-gesundheit\/","name":"Zahnbehandlungen Und Orale Gesundheit - Cavendish Health","isPartOf":{"@id":"https:\/\/www.cavendishsaglik.com\/de\/#website"},"primaryImageOfPage":{"@id":"https:\/\/www.cavendishsaglik.com\/de\/gesundhei%cc%87tsdi%cc%87enstlei%cc%87stungen\/zahnbehandlungen-und-orale-gesundheit\/#primaryimage"},"image":{"@id":"https:\/\/www.cavendishsaglik.com\/de\/gesundhei%cc%87tsdi%cc%87enstlei%cc%87stungen\/zahnbehandlungen-und-orale-gesundheit\/#primaryimage"},"thumbnailUrl":"https:\/\/www.cavendishsaglik.com\/de\/wp-content\/uploads\/elementor\/thumbs\/CavendishHealth-DisHastaliklari-MiniBanner768x515-pwfou9vruf3nf7y31rmosuh2m8gkjhnlz8egnh60tc.jpg","datePublished":"2022-10-15T13:39:39+00:00","dateModified":"2022-10-24T12:51:31+00:00","breadcrumb":{"@id":"https:\/\/www.cavendishsaglik.com\/de\/gesundhei%cc%87tsdi%cc%87enstlei%cc%87stungen\/zahnbehandlungen-und-orale-gesundheit\/#breadcrumb"},"inLanguage":"tr","potentialAction":[{"@type":"ReadAction","target":["https:\/\/www.cavendishsaglik.com\/de\/gesundhei%cc%87tsdi%cc%87enstlei%cc%87stungen\/zahnbehandlungen-und-orale-gesundheit\/"]}]},{"@type":"ImageObject","inLanguage":"tr","@id":"https:\/\/www.cavendishsaglik.com\/de\/gesundhei%cc%87tsdi%cc%87enstlei%cc%87stungen\/zahnbehandlungen-und-orale-gesundheit\/#primaryimage","url":"https:\/\/www.cavendishsaglik.com\/de\/wp-content\/uploads\/elementor\/thumbs\/CavendishHealth-DisHastaliklari-MiniBanner768x515-pwfou9vruf3nf7y31rmosuh2m8gkjhnlz8egnh60tc.jpg","contentUrl":"https:\/\/www.cavendishsaglik.com\/de\/wp-content\/uploads\/elementor\/thumbs\/CavendishHealth-DisHastaliklari-MiniBanner768x515-pwfou9vruf3nf7y31rmosuh2m8gkjhnlz8egnh60tc.jpg"},{"@type":"BreadcrumbList","@id":"https:\/\/www.cavendishsaglik.com\/de\/gesundhei%cc%87tsdi%cc%87enstlei%cc%87stungen\/zahnbehandlungen-und-orale-gesundheit\/#breadcrumb","itemListElement":[{"@type":"ListItem","position":1,"name":"Anasayfa","item":"https:\/\/www.cavendishsaglik.com\/de\/"},{"@type":"ListItem","position":2,"name":"Gesundhei\u0307tsdi\u0307enstlei\u0307stungen","item":"https:\/\/www.cavendishsaglik.com\/de\/gesundhei%cc%87tsdi%cc%87enstlei%cc%87stungen\/"},{"@type":"ListItem","position":3,"name":"Zahnbehandlungen Und Orale Gesundheit"}]},{"@type":"WebSite","@id":"https:\/\/www.cavendishsaglik.com\/de\/#website","url":"https:\/\/www.cavendishsaglik.com\/de\/","name":"Cavendish Health","description":"Uluslararas\u0131 Sa\u011fl\u0131k Turizmi Acentesi","potentialAction":[{"@type":"SearchAction","target":{"@type":"EntryPoint","urlTemplate":"https:\/\/www.cavendishsaglik.com\/de\/?s={search_term_string}"},"query-input":{"@type":"PropertyValueSpecification","valueRequired":true,"valueName":"search_term_string"}}],"inLanguage":"tr"}]}},"_links":{"self":[{"href":"https:\/\/www.cavendishsaglik.com\/de\/wp-json\/wp\/v2\/pages\/695","targetHints":{"allow":["GET"]}}],"collection":[{"href":"https:\/\/www.cavendishsaglik.com\/de\/wp-json\/wp\/v2\/pages"}],"about":[{"href":"https:\/\/www.cavendishsaglik.com\/de\/wp-json\/wp\/v2\/types\/page"}],"author":[{"embeddable":true,"href":"https:\/\/www.cavendishsaglik.com\/de\/wp-json\/wp\/v2\/users\/1"}],"replies":[{"embeddable":true,"href":"https:\/\/www.cavendishsaglik.com\/de\/wp-json\/wp\/v2\/comments?post=695"}],"version-history":[{"count":34,"href":"https:\/\/www.cavendishsaglik.com\/de\/wp-json\/wp\/v2\/pages\/695\/revisions"}],"predecessor-version":[{"id":1582,"href":"https:\/\/www.cavendishsaglik.com\/de\/wp-json\/wp\/v2\/pages\/695\/revisions\/1582"}],"up":[{"embeddable":true,"href":"https:\/\/www.cavendishsaglik.com\/de\/wp-json\/wp\/v2\/pages\/679"}],"wp:attachment":[{"href":"https:\/\/www.cavendishsaglik.com\/de\/wp-json\/wp\/v2\/media?parent=695"}],"curies":[{"name":"wp","href":"https:\/\/api.w.org\/{rel}","templated":true}]}}