{"id":704,"date":"2022-10-15T14:02:45","date_gmt":"2022-10-15T14:02:45","guid":{"rendered":"https:\/\/www.cavendishsaglik.com\/de\/?page_id=704"},"modified":"2022-10-24T12:49:48","modified_gmt":"2022-10-24T12:49:48","slug":"medizinische-kosmetik-und-asthetische-dermatologie","status":"publish","type":"page","link":"https:\/\/www.cavendishsaglik.com\/de\/gesundhei%cc%87tsdi%cc%87enstlei%cc%87stungen\/medizinische-kosmetik-und-asthetische-dermatologie\/","title":{"rendered":"Medizinische Kosmetik und \u00c4sthetische Dermatologie"},"content":{"rendered":"\t\t<div data-elementor-type=\"wp-page\" data-elementor-id=\"704\" class=\"elementor elementor-704\">\n\t\t\t\t\t\t<section class=\"elementor-section elementor-top-section elementor-element elementor-element-a156e4b elementor-section-full_width elementor-section-height-min-height elementor-section-height-default elementor-section-items-middle\" data-id=\"a156e4b\" data-element_type=\"section\" data-settings=\"{&quot;background_background&quot;:&quot;classic&quot;}\">\n\t\t\t\t\t\t\t<div class=\"elementor-background-overlay\"><\/div>\n\t\t\t\t\t\t\t<div class=\"elementor-container elementor-column-gap-no\">\n\t\t\t\t\t<div class=\"elementor-column elementor-col-100 elementor-top-column elementor-element elementor-element-e6ed9b6\" data-id=\"e6ed9b6\" data-element_type=\"column\">\n\t\t\t<div class=\"elementor-widget-wrap elementor-element-populated\">\n\t\t\t\t\t\t<section class=\"elementor-section elementor-inner-section elementor-element elementor-element-51d6662 elementor-section-boxed elementor-section-height-default elementor-section-height-default\" data-id=\"51d6662\" data-element_type=\"section\">\n\t\t\t\t\t\t<div class=\"elementor-container elementor-column-gap-no\">\n\t\t\t\t\t<div class=\"elementor-column elementor-col-100 elementor-inner-column elementor-element elementor-element-eec4dcb\" data-id=\"eec4dcb\" data-element_type=\"column\">\n\t\t\t<div class=\"elementor-widget-wrap elementor-element-populated\">\n\t\t\t\t\t\t<div class=\"elementor-element elementor-element-6af635a elementor-widget elementor-widget-heading\" data-id=\"6af635a\" data-element_type=\"widget\" data-widget_type=\"heading.default\">\n\t\t\t\t<div class=\"elementor-widget-container\">\n\t\t\t\t\t<h4 class=\"elementor-heading-title elementor-size-default\">Med\u0131z\u0131n\u0131sche Kosmet\u0131k und \u00c4sthet\u0131sche Dermatolog\u0131e<\/h4>\t\t\t\t<\/div>\n\t\t\t\t<\/div>\n\t\t\t\t\t<\/div>\n\t\t<\/div>\n\t\t\t\t\t<\/div>\n\t\t<\/section>\n\t\t\t\t\t<\/div>\n\t\t<\/div>\n\t\t\t\t\t<\/div>\n\t\t<\/section>\n\t\t\t\t<section class=\"elementor-section elementor-top-section elementor-element elementor-element-1830724 elementor-section-boxed elementor-section-height-default elementor-section-height-default\" data-id=\"1830724\" data-element_type=\"section\" data-settings=\"{&quot;background_background&quot;:&quot;classic&quot;}\">\n\t\t\t\t\t\t<div class=\"elementor-container elementor-column-gap-no\">\n\t\t\t\t\t<div class=\"elementor-column elementor-col-100 elementor-top-column elementor-element elementor-element-2902bec\" data-id=\"2902bec\" data-element_type=\"column\">\n\t\t\t<div class=\"elementor-widget-wrap elementor-element-populated\">\n\t\t\t\t\t\t<section class=\"elementor-section elementor-inner-section elementor-element elementor-element-421274e elementor-section-boxed elementor-section-height-default elementor-section-height-default\" data-id=\"421274e\" data-element_type=\"section\">\n\t\t\t\t\t\t<div class=\"elementor-container elementor-column-gap-no\">\n\t\t\t\t\t<div class=\"elementor-column elementor-col-100 elementor-inner-column elementor-element elementor-element-817597d\" data-id=\"817597d\" data-element_type=\"column\">\n\t\t\t<div class=\"elementor-widget-wrap elementor-element-populated\">\n\t\t\t\t\t\t<div class=\"elementor-element elementor-element-804f108 elementor-widget elementor-widget-image\" data-id=\"804f108\" data-element_type=\"widget\" data-widget_type=\"image.default\">\n\t\t\t\t<div class=\"elementor-widget-container\">\n\t\t\t\t\t\t\t\t\t\t\t\t\t\t\t<img decoding=\"async\" src=\"https:\/\/www.cavendishsaglik.com\/de\/wp-content\/uploads\/elementor\/thumbs\/CavendishHealth-MedikalEstetik-MiniBanner768x515-pwfoul5u4fj3ajhp7wi7mrmlquwz3uwe0s8aespaqo.jpg\" title=\"CavendishHealth-MedikalEstetik-MiniBanner(768&#215;515)\" alt=\"CavendishHealth-MedikalEstetik-MiniBanner(768x515)\" loading=\"lazy\" \/>\t\t\t\t\t\t\t\t\t\t\t\t\t\t\t<\/div>\n\t\t\t\t<\/div>\n\t\t\t\t<div class=\"elementor-element elementor-element-213be44 elementor-widget elementor-widget-text-editor\" data-id=\"213be44\" data-element_type=\"widget\" data-widget_type=\"text-editor.default\">\n\t\t\t\t<div class=\"elementor-widget-container\">\n\t\t\t\t\t\t\t\t\t<p>Die medizinische \u00c4sthetik umfasst nicht-invasive oder minimal-invasive Technologien und Techniken, sie wird ohne Vollnarkose und ohne Einschnitte durchgef\u00fchrt. Invasive Verfahren in der medizinischen \u00c4sthetik erfordern in der Regel Injektionen auf oder unter die Haut. Auf diese Weise ist es m\u00f6glich, Falten zu entfernen, \u00fcberm\u00e4\u00dfiges Schwitzen zu verhindern, eine volumin\u00f6sere Lippenstruktur zu haben und die Hautalterung zu verz\u00f6gern.<\/p><p>Die rasante Entwicklung des internationalen Bereichs der medizinischen \u00c4sthetik ist darauf zur\u00fcckzuf\u00fchren, dass Patienten Verj\u00fcngungsverfahren verlangen, die keine Operation erfordern. Der Grund, warum Menschen diese Verfahren wollen, ist nicht, weil sie krank sind, sondern weil sie besser aussehen und sich besser f\u00fchlen wollen.<\/p><p>Alle gesunden Patienten, die keine Rhinoplastik, Gesichtsverj\u00fcngung oder anderen \u00e4sthetischen Operationen ben\u00f6tigen oder m\u00f6chten, k\u00f6nnen sich eine nicht-invasice kosmetische Behandlung machen lassen. Der Facharzt entscheidet jedoch, ob Patienten mit besonderen Erkrankungen f\u00fcr die Anwendung geeignet sind. Besonders nach dem 40. Lebensjahr, wenn die Auswirkungen des Alterns offensichtlich werden, m\u00fcssen sich die Patienten m\u00f6glicherweise einer \u00e4sthetischen Operation unterziehen. Solange der Gesundheitszustand kein Hindernis darstellt, kann die Person in jedem Alter medizinische \u00c4sthetik haben.<\/p><p>\u00a0<\/p><p><strong>Med\u0131z\u0131n\u0131sche Kosmet\u0131k und \u00c4sthet\u0131sche Dermatolog\u0131e<\/strong><\/p><p>Einer der spannendsten Bereiche der modernen Medizin ist die medizinische \u00c4sthetik. Patienten wollen nicht nur gesund sein, sondern auch das Leben in vollen Z\u00fcgen genie\u00dfen, fit sein und die Auswirkungen des Alterns minimieren. Die Patienten fordern auch die glamour\u00f6seste Ver\u00e4nderung, die m\u00f6glich ist, mit minimaler Intervention, die ein geringes Risiko birgt, wenn m\u00f6glich, ohne unter das Messer zu gehen. Wenn dies der Fall ist, sehen wir, dass das Skalpell in medizinischen \u00e4sthetischen Anwendungen durch Nadeln ersetzt wird. Hier sind einige der am meisten bevorzugten Behandlungen:<\/p><ul><li>Botox<\/li><li>Gesichtsverj\u00fcngungsanwendungen<\/li><li>Dermapen<\/li><li>K\u00f6rperformung und Cellulite-Behandlung<\/li><li>Stammzelltherapie<\/li><li>Laser und IPL<\/li><li>Narbenmanagement<\/li><li>Venenbehandlung<\/li><li>Nasenkorrektur ohne OP (Unterspritzung)<\/li><li>Lichtf\u00fcllung unter dem Auge<\/li><li>Nasolabialf\u00fcllung<\/li><li>Ausd\u00fcnnung der Wange<\/li><li>Cellulite-Behandlung<\/li><li>Faltenbehandlung<\/li><li>Fleckenbehandlung<\/li><li>Mesolifting<\/li><li>Mesotherapie-Anwendungen<\/li><li>Chemisches Peeling<\/li><li>Lippenvergr\u00f6\u00dferung<\/li><li>Dehnungsstreifenbehandlung<\/li><li>Gesichtsstraffung ohne OP<\/li><\/ul>\t\t\t\t\t\t\t\t<\/div>\n\t\t\t\t<\/div>\n\t\t\t\t\t<\/div>\n\t\t<\/div>\n\t\t\t\t\t<\/div>\n\t\t<\/section>\n\t\t\t\t\t<\/div>\n\t\t<\/div>\n\t\t\t\t\t<\/div>\n\t\t<\/section>\n\t\t\t\t<section class=\"elementor-section elementor-top-section elementor-element elementor-element-1056eb1 elementor-section-full_width elementor-section-height-min-height elementor-section-height-default elementor-section-items-middle\" data-id=\"1056eb1\" data-element_type=\"section\" data-settings=\"{&quot;background_background&quot;:&quot;classic&quot;}\">\n\t\t\t\t\t\t<div class=\"elementor-container elementor-column-gap-no\">\n\t\t\t\t\t<div class=\"elementor-column elementor-col-100 elementor-top-column elementor-element elementor-element-5f1bef1\" data-id=\"5f1bef1\" data-element_type=\"column\">\n\t\t\t<div class=\"elementor-widget-wrap elementor-element-populated\">\n\t\t\t\t\t\t<section class=\"elementor-section elementor-inner-section elementor-element elementor-element-abca13c elementor-section-boxed elementor-section-height-default elementor-section-height-default\" data-id=\"abca13c\" data-element_type=\"section\">\n\t\t\t\t\t\t<div class=\"elementor-container elementor-column-gap-no\">\n\t\t\t\t\t<div class=\"elementor-column elementor-col-50 elementor-inner-column elementor-element elementor-element-7d7e1f1\" data-id=\"7d7e1f1\" data-element_type=\"column\">\n\t\t\t<div class=\"elementor-widget-wrap elementor-element-populated\">\n\t\t\t\t\t\t<div class=\"elementor-element elementor-element-f4bfea4 elementor-widget__width-auto elementor-widget-tablet__width-initial elementor-widget-mobile__width-inherit elementor-view-default elementor-widget elementor-widget-icon\" data-id=\"f4bfea4\" data-element_type=\"widget\" data-widget_type=\"icon.default\">\n\t\t\t\t<div class=\"elementor-widget-container\">\n\t\t\t\t\t\t\t<div class=\"elementor-icon-wrapper\">\n\t\t\t<div class=\"elementor-icon\">\n\t\t\t<i aria-hidden=\"true\" class=\"fas fa-phone-alt\"><\/i>\t\t\t<\/div>\n\t\t<\/div>\n\t\t\t\t\t\t<\/div>\n\t\t\t\t<\/div>\n\t\t\t\t<div class=\"elementor-element elementor-element-93ca7a3 elementor-widget__width-auto elementor-widget-tablet__width-initial elementor-widget-mobile__width-inherit elementor-widget elementor-widget-icon-box\" data-id=\"93ca7a3\" data-element_type=\"widget\" data-widget_type=\"icon-box.default\">\n\t\t\t\t<div class=\"elementor-widget-container\">\n\t\t\t\t\t\t\t<div class=\"elementor-icon-box-wrapper\">\n\n\t\t\t\n\t\t\t\t\t\t<div class=\"elementor-icon-box-content\">\n\n\t\t\t\t\t\t\t\t\t<h6 class=\"elementor-icon-box-title\">\n\t\t\t\t\t\t<span  >\n\t\t\t\t\t\t\tKontakt\u0131eren S\u0131e Uns\t\t\t\t\t\t<\/span>\n\t\t\t\t\t<\/h6>\n\t\t\t\t\n\t\t\t\t\t\t\t\t\t<p class=\"elementor-icon-box-description\">\n\t\t\t\t\t\tErhalten Sie mehr Informationen \t\t\t\t\t<\/p>\n\t\t\t\t\n\t\t\t<\/div>\n\t\t\t\n\t\t<\/div>\n\t\t\t\t\t\t<\/div>\n\t\t\t\t<\/div>\n\t\t\t\t\t<\/div>\n\t\t<\/div>\n\t\t\t\t<div class=\"elementor-column elementor-col-50 elementor-inner-column elementor-element elementor-element-c598d14\" data-id=\"c598d14\" data-element_type=\"column\">\n\t\t\t<div class=\"elementor-widget-wrap elementor-element-populated\">\n\t\t\t\t\t\t<div class=\"elementor-element elementor-element-c13c392 elementor-align-right elementor-mobile-align-center elementor-widget elementor-widget-button\" data-id=\"c13c392\" data-element_type=\"widget\" data-widget_type=\"button.default\">\n\t\t\t\t<div class=\"elementor-widget-container\">\n\t\t\t\t\t\t\t\t\t<div class=\"elementor-button-wrapper\">\n\t\t\t\t\t<a class=\"elementor-button elementor-button-link elementor-size-sm\" href=\"https:\/\/www.cavendishsaglik.com\/de\/kontakt\/\">\n\t\t\t\t\t\t<span class=\"elementor-button-content-wrapper\">\n\t\t\t\t\t\t\t\t\t<span class=\"elementor-button-text\">Kontakt\u0131eren S\u0131e Uns<\/span>\n\t\t\t\t\t<\/span>\n\t\t\t\t\t<\/a>\n\t\t\t\t<\/div>\n\t\t\t\t\t\t\t\t<\/div>\n\t\t\t\t<\/div>\n\t\t\t\t\t<\/div>\n\t\t<\/div>\n\t\t\t\t\t<\/div>\n\t\t<\/section>\n\t\t\t\t\t<\/div>\n\t\t<\/div>\n\t\t\t\t\t<\/div>\n\t\t<\/section>\n\t\t\t\t<\/div>\n\t\t","protected":false},"excerpt":{"rendered":"<p>Med\u0131z\u0131n\u0131sche Kosmet\u0131k und \u00c4sthet\u0131sche Dermatolog\u0131e Die medizinische \u00c4sthetik umfasst nicht-invasive oder minimal-invasive Technologien und Techniken, sie wird ohne Vollnarkose und ohne Einschnitte durchgef\u00fchrt. Invasive Verfahren in der medizinischen \u00c4sthetik erfordern in der Regel Injektionen auf oder unter die Haut. Auf diese Weise ist es m\u00f6glich, Falten zu entfernen, \u00fcberm\u00e4\u00dfiges Schwitzen zu verhindern, eine volumin\u00f6sere Lippenstruktur &hellip; <\/p>\n<p class=\"link-more\"><a href=\"https:\/\/www.cavendishsaglik.com\/de\/gesundhei%cc%87tsdi%cc%87enstlei%cc%87stungen\/medizinische-kosmetik-und-asthetische-dermatologie\/\" class=\"more-link\">Okumaya devam et<span class=\"screen-reader-text\"> &#8220;Medizinische Kosmetik und \u00c4sthetische Dermatologie&#8221;<\/span><\/a><\/p>\n","protected":false},"author":1,"featured_media":0,"parent":679,"menu_order":0,"comment_status":"closed","ping_status":"closed","template":"elementor_header_footer","meta":{"_themeisle_gutenberg_block_has_review":false,"footnotes":""},"class_list":["post-704","page","type-page","status-publish","hentry","entry"],"yoast_head":"<!-- This site is optimized with the Yoast SEO plugin v26.5 - https:\/\/yoast.com\/wordpress\/plugins\/seo\/ -->\n<title>Medizinische Kosmetik und \u00c4sthetische Dermatologie - Cavendish Health<\/title>\n<meta name=\"robots\" content=\"index, follow, max-snippet:-1, max-image-preview:large, max-video-preview:-1\" \/>\n<link rel=\"canonical\" href=\"https:\/\/www.cavendishsaglik.com\/de\/gesundhei\u0307tsdi\u0307enstlei\u0307stungen\/medizinische-kosmetik-und-asthetische-dermatologie\/\" \/>\n<meta property=\"og:locale\" content=\"tr_TR\" \/>\n<meta property=\"og:type\" content=\"article\" \/>\n<meta property=\"og:title\" content=\"Medizinische Kosmetik und \u00c4sthetische Dermatologie - Cavendish Health\" \/>\n<meta property=\"og:description\" content=\"Med\u0131z\u0131n\u0131sche Kosmet\u0131k und \u00c4sthet\u0131sche Dermatolog\u0131e Die medizinische \u00c4sthetik umfasst nicht-invasive oder minimal-invasive Technologien und Techniken, sie wird ohne Vollnarkose und ohne Einschnitte durchgef\u00fchrt. Invasive Verfahren in der medizinischen \u00c4sthetik erfordern in der Regel Injektionen auf oder unter die Haut. Auf diese Weise ist es m\u00f6glich, Falten zu entfernen, \u00fcberm\u00e4\u00dfiges Schwitzen zu verhindern, eine volumin\u00f6sere Lippenstruktur &hellip; Okumaya devam et &quot;Medizinische Kosmetik und \u00c4sthetische Dermatologie&quot;\" \/>\n<meta property=\"og:url\" content=\"https:\/\/www.cavendishsaglik.com\/de\/gesundhei\u0307tsdi\u0307enstlei\u0307stungen\/medizinische-kosmetik-und-asthetische-dermatologie\/\" \/>\n<meta property=\"og:site_name\" content=\"Cavendish Health\" \/>\n<meta property=\"article:modified_time\" content=\"2022-10-24T12:49:48+00:00\" \/>\n<meta property=\"og:image\" content=\"https:\/\/www.cavendishsaglik.com\/de\/wp-content\/uploads\/elementor\/thumbs\/CavendishHealth-MedikalEstetik-MiniBanner768x515-pwfoul5u4fj3ajhp7wi7mrmlquwz3uwe0s8aespaqo.jpg\" \/>\n<meta name=\"twitter:card\" content=\"summary_large_image\" \/>\n<meta name=\"twitter:label1\" content=\"Tahmini okuma s\u00fcresi\" \/>\n\t<meta name=\"twitter:data1\" content=\"3 dakika\" \/>\n<script type=\"application\/ld+json\" class=\"yoast-schema-graph\">{\"@context\":\"https:\/\/schema.org\",\"@graph\":[{\"@type\":\"WebPage\",\"@id\":\"https:\/\/www.cavendishsaglik.com\/de\/gesundhei%cc%87tsdi%cc%87enstlei%cc%87stungen\/medizinische-kosmetik-und-asthetische-dermatologie\/\",\"url\":\"https:\/\/www.cavendishsaglik.com\/de\/gesundhei%cc%87tsdi%cc%87enstlei%cc%87stungen\/medizinische-kosmetik-und-asthetische-dermatologie\/\",\"name\":\"Medizinische Kosmetik und \u00c4sthetische Dermatologie - Cavendish Health\",\"isPartOf\":{\"@id\":\"https:\/\/www.cavendishsaglik.com\/de\/#website\"},\"primaryImageOfPage\":{\"@id\":\"https:\/\/www.cavendishsaglik.com\/de\/gesundhei%cc%87tsdi%cc%87enstlei%cc%87stungen\/medizinische-kosmetik-und-asthetische-dermatologie\/#primaryimage\"},\"image\":{\"@id\":\"https:\/\/www.cavendishsaglik.com\/de\/gesundhei%cc%87tsdi%cc%87enstlei%cc%87stungen\/medizinische-kosmetik-und-asthetische-dermatologie\/#primaryimage\"},\"thumbnailUrl\":\"https:\/\/www.cavendishsaglik.com\/de\/wp-content\/uploads\/elementor\/thumbs\/CavendishHealth-MedikalEstetik-MiniBanner768x515-pwfoul5u4fj3ajhp7wi7mrmlquwz3uwe0s8aespaqo.jpg\",\"datePublished\":\"2022-10-15T14:02:45+00:00\",\"dateModified\":\"2022-10-24T12:49:48+00:00\",\"breadcrumb\":{\"@id\":\"https:\/\/www.cavendishsaglik.com\/de\/gesundhei%cc%87tsdi%cc%87enstlei%cc%87stungen\/medizinische-kosmetik-und-asthetische-dermatologie\/#breadcrumb\"},\"inLanguage\":\"tr\",\"potentialAction\":[{\"@type\":\"ReadAction\",\"target\":[\"https:\/\/www.cavendishsaglik.com\/de\/gesundhei%cc%87tsdi%cc%87enstlei%cc%87stungen\/medizinische-kosmetik-und-asthetische-dermatologie\/\"]}]},{\"@type\":\"ImageObject\",\"inLanguage\":\"tr\",\"@id\":\"https:\/\/www.cavendishsaglik.com\/de\/gesundhei%cc%87tsdi%cc%87enstlei%cc%87stungen\/medizinische-kosmetik-und-asthetische-dermatologie\/#primaryimage\",\"url\":\"https:\/\/www.cavendishsaglik.com\/de\/wp-content\/uploads\/elementor\/thumbs\/CavendishHealth-MedikalEstetik-MiniBanner768x515-pwfoul5u4fj3ajhp7wi7mrmlquwz3uwe0s8aespaqo.jpg\",\"contentUrl\":\"https:\/\/www.cavendishsaglik.com\/de\/wp-content\/uploads\/elementor\/thumbs\/CavendishHealth-MedikalEstetik-MiniBanner768x515-pwfoul5u4fj3ajhp7wi7mrmlquwz3uwe0s8aespaqo.jpg\"},{\"@type\":\"BreadcrumbList\",\"@id\":\"https:\/\/www.cavendishsaglik.com\/de\/gesundhei%cc%87tsdi%cc%87enstlei%cc%87stungen\/medizinische-kosmetik-und-asthetische-dermatologie\/#breadcrumb\",\"itemListElement\":[{\"@type\":\"ListItem\",\"position\":1,\"name\":\"Anasayfa\",\"item\":\"https:\/\/www.cavendishsaglik.com\/de\/\"},{\"@type\":\"ListItem\",\"position\":2,\"name\":\"Gesundhei\u0307tsdi\u0307enstlei\u0307stungen\",\"item\":\"https:\/\/www.cavendishsaglik.com\/de\/gesundhei%cc%87tsdi%cc%87enstlei%cc%87stungen\/\"},{\"@type\":\"ListItem\",\"position\":3,\"name\":\"Medizinische Kosmetik und \u00c4sthetische Dermatologie\"}]},{\"@type\":\"WebSite\",\"@id\":\"https:\/\/www.cavendishsaglik.com\/de\/#website\",\"url\":\"https:\/\/www.cavendishsaglik.com\/de\/\",\"name\":\"Cavendish Health\",\"description\":\"Uluslararas\u0131 Sa\u011fl\u0131k Turizmi Acentesi\",\"potentialAction\":[{\"@type\":\"SearchAction\",\"target\":{\"@type\":\"EntryPoint\",\"urlTemplate\":\"https:\/\/www.cavendishsaglik.com\/de\/?s={search_term_string}\"},\"query-input\":{\"@type\":\"PropertyValueSpecification\",\"valueRequired\":true,\"valueName\":\"search_term_string\"}}],\"inLanguage\":\"tr\"}]}<\/script>\n<!-- \/ Yoast SEO plugin. -->","yoast_head_json":{"title":"Medizinische Kosmetik und \u00c4sthetische Dermatologie - Cavendish Health","robots":{"index":"index","follow":"follow","max-snippet":"max-snippet:-1","max-image-preview":"max-image-preview:large","max-video-preview":"max-video-preview:-1"},"canonical":"https:\/\/www.cavendishsaglik.com\/de\/gesundhei\u0307tsdi\u0307enstlei\u0307stungen\/medizinische-kosmetik-und-asthetische-dermatologie\/","og_locale":"tr_TR","og_type":"article","og_title":"Medizinische Kosmetik und \u00c4sthetische Dermatologie - Cavendish Health","og_description":"Med\u0131z\u0131n\u0131sche Kosmet\u0131k und \u00c4sthet\u0131sche Dermatolog\u0131e Die medizinische \u00c4sthetik umfasst nicht-invasive oder minimal-invasive Technologien und Techniken, sie wird ohne Vollnarkose und ohne Einschnitte durchgef\u00fchrt. Invasive Verfahren in der medizinischen \u00c4sthetik erfordern in der Regel Injektionen auf oder unter die Haut. Auf diese Weise ist es m\u00f6glich, Falten zu entfernen, \u00fcberm\u00e4\u00dfiges Schwitzen zu verhindern, eine volumin\u00f6sere Lippenstruktur &hellip; Okumaya devam et \"Medizinische Kosmetik und \u00c4sthetische Dermatologie\"","og_url":"https:\/\/www.cavendishsaglik.com\/de\/gesundhei\u0307tsdi\u0307enstlei\u0307stungen\/medizinische-kosmetik-und-asthetische-dermatologie\/","og_site_name":"Cavendish Health","article_modified_time":"2022-10-24T12:49:48+00:00","og_image":[{"url":"https:\/\/www.cavendishsaglik.com\/de\/wp-content\/uploads\/elementor\/thumbs\/CavendishHealth-MedikalEstetik-MiniBanner768x515-pwfoul5u4fj3ajhp7wi7mrmlquwz3uwe0s8aespaqo.jpg","type":"","width":"","height":""}],"twitter_card":"summary_large_image","twitter_misc":{"Tahmini okuma s\u00fcresi":"3 dakika"},"schema":{"@context":"https:\/\/schema.org","@graph":[{"@type":"WebPage","@id":"https:\/\/www.cavendishsaglik.com\/de\/gesundhei%cc%87tsdi%cc%87enstlei%cc%87stungen\/medizinische-kosmetik-und-asthetische-dermatologie\/","url":"https:\/\/www.cavendishsaglik.com\/de\/gesundhei%cc%87tsdi%cc%87enstlei%cc%87stungen\/medizinische-kosmetik-und-asthetische-dermatologie\/","name":"Medizinische Kosmetik und \u00c4sthetische Dermatologie - Cavendish Health","isPartOf":{"@id":"https:\/\/www.cavendishsaglik.com\/de\/#website"},"primaryImageOfPage":{"@id":"https:\/\/www.cavendishsaglik.com\/de\/gesundhei%cc%87tsdi%cc%87enstlei%cc%87stungen\/medizinische-kosmetik-und-asthetische-dermatologie\/#primaryimage"},"image":{"@id":"https:\/\/www.cavendishsaglik.com\/de\/gesundhei%cc%87tsdi%cc%87enstlei%cc%87stungen\/medizinische-kosmetik-und-asthetische-dermatologie\/#primaryimage"},"thumbnailUrl":"https:\/\/www.cavendishsaglik.com\/de\/wp-content\/uploads\/elementor\/thumbs\/CavendishHealth-MedikalEstetik-MiniBanner768x515-pwfoul5u4fj3ajhp7wi7mrmlquwz3uwe0s8aespaqo.jpg","datePublished":"2022-10-15T14:02:45+00:00","dateModified":"2022-10-24T12:49:48+00:00","breadcrumb":{"@id":"https:\/\/www.cavendishsaglik.com\/de\/gesundhei%cc%87tsdi%cc%87enstlei%cc%87stungen\/medizinische-kosmetik-und-asthetische-dermatologie\/#breadcrumb"},"inLanguage":"tr","potentialAction":[{"@type":"ReadAction","target":["https:\/\/www.cavendishsaglik.com\/de\/gesundhei%cc%87tsdi%cc%87enstlei%cc%87stungen\/medizinische-kosmetik-und-asthetische-dermatologie\/"]}]},{"@type":"ImageObject","inLanguage":"tr","@id":"https:\/\/www.cavendishsaglik.com\/de\/gesundhei%cc%87tsdi%cc%87enstlei%cc%87stungen\/medizinische-kosmetik-und-asthetische-dermatologie\/#primaryimage","url":"https:\/\/www.cavendishsaglik.com\/de\/wp-content\/uploads\/elementor\/thumbs\/CavendishHealth-MedikalEstetik-MiniBanner768x515-pwfoul5u4fj3ajhp7wi7mrmlquwz3uwe0s8aespaqo.jpg","contentUrl":"https:\/\/www.cavendishsaglik.com\/de\/wp-content\/uploads\/elementor\/thumbs\/CavendishHealth-MedikalEstetik-MiniBanner768x515-pwfoul5u4fj3ajhp7wi7mrmlquwz3uwe0s8aespaqo.jpg"},{"@type":"BreadcrumbList","@id":"https:\/\/www.cavendishsaglik.com\/de\/gesundhei%cc%87tsdi%cc%87enstlei%cc%87stungen\/medizinische-kosmetik-und-asthetische-dermatologie\/#breadcrumb","itemListElement":[{"@type":"ListItem","position":1,"name":"Anasayfa","item":"https:\/\/www.cavendishsaglik.com\/de\/"},{"@type":"ListItem","position":2,"name":"Gesundhei\u0307tsdi\u0307enstlei\u0307stungen","item":"https:\/\/www.cavendishsaglik.com\/de\/gesundhei%cc%87tsdi%cc%87enstlei%cc%87stungen\/"},{"@type":"ListItem","position":3,"name":"Medizinische Kosmetik und \u00c4sthetische Dermatologie"}]},{"@type":"WebSite","@id":"https:\/\/www.cavendishsaglik.com\/de\/#website","url":"https:\/\/www.cavendishsaglik.com\/de\/","name":"Cavendish Health","description":"Uluslararas\u0131 Sa\u011fl\u0131k Turizmi Acentesi","potentialAction":[{"@type":"SearchAction","target":{"@type":"EntryPoint","urlTemplate":"https:\/\/www.cavendishsaglik.com\/de\/?s={search_term_string}"},"query-input":{"@type":"PropertyValueSpecification","valueRequired":true,"valueName":"search_term_string"}}],"inLanguage":"tr"}]}},"_links":{"self":[{"href":"https:\/\/www.cavendishsaglik.com\/de\/wp-json\/wp\/v2\/pages\/704","targetHints":{"allow":["GET"]}}],"collection":[{"href":"https:\/\/www.cavendishsaglik.com\/de\/wp-json\/wp\/v2\/pages"}],"about":[{"href":"https:\/\/www.cavendishsaglik.com\/de\/wp-json\/wp\/v2\/types\/page"}],"author":[{"embeddable":true,"href":"https:\/\/www.cavendishsaglik.com\/de\/wp-json\/wp\/v2\/users\/1"}],"replies":[{"embeddable":true,"href":"https:\/\/www.cavendishsaglik.com\/de\/wp-json\/wp\/v2\/comments?post=704"}],"version-history":[{"count":44,"href":"https:\/\/www.cavendishsaglik.com\/de\/wp-json\/wp\/v2\/pages\/704\/revisions"}],"predecessor-version":[{"id":1576,"href":"https:\/\/www.cavendishsaglik.com\/de\/wp-json\/wp\/v2\/pages\/704\/revisions\/1576"}],"up":[{"embeddable":true,"href":"https:\/\/www.cavendishsaglik.com\/de\/wp-json\/wp\/v2\/pages\/679"}],"wp:attachment":[{"href":"https:\/\/www.cavendishsaglik.com\/de\/wp-json\/wp\/v2\/media?parent=704"}],"curies":[{"name":"wp","href":"https:\/\/api.w.org\/{rel}","templated":true}]}}