{"id":709,"date":"2022-10-15T14:31:39","date_gmt":"2022-10-15T14:31:39","guid":{"rendered":"https:\/\/www.cavendishsaglik.com\/de\/?page_id=709"},"modified":"2022-10-24T12:48:30","modified_gmt":"2022-10-24T12:48:30","slug":"asthetische-hautbehandlungen","status":"publish","type":"page","link":"https:\/\/www.cavendishsaglik.com\/de\/gesundhei%cc%87tsdi%cc%87enstlei%cc%87stungen\/asthetische-hautbehandlungen\/","title":{"rendered":"\u00c4sthetische Hautbehandlungen"},"content":{"rendered":"\t\t<div data-elementor-type=\"wp-page\" data-elementor-id=\"709\" class=\"elementor elementor-709\">\n\t\t\t\t\t\t<section class=\"elementor-section elementor-top-section elementor-element elementor-element-5b0fff4 elementor-section-full_width elementor-section-height-min-height elementor-section-height-default elementor-section-items-middle\" data-id=\"5b0fff4\" data-element_type=\"section\" data-settings=\"{&quot;background_background&quot;:&quot;classic&quot;}\">\n\t\t\t\t\t\t\t<div class=\"elementor-background-overlay\"><\/div>\n\t\t\t\t\t\t\t<div class=\"elementor-container elementor-column-gap-no\">\n\t\t\t\t\t<div class=\"elementor-column elementor-col-100 elementor-top-column elementor-element elementor-element-5592e4e\" data-id=\"5592e4e\" data-element_type=\"column\">\n\t\t\t<div class=\"elementor-widget-wrap elementor-element-populated\">\n\t\t\t\t\t\t<section class=\"elementor-section elementor-inner-section elementor-element elementor-element-a883eb4 elementor-section-boxed elementor-section-height-default elementor-section-height-default\" data-id=\"a883eb4\" data-element_type=\"section\">\n\t\t\t\t\t\t<div class=\"elementor-container elementor-column-gap-no\">\n\t\t\t\t\t<div class=\"elementor-column elementor-col-100 elementor-inner-column elementor-element elementor-element-9acba2c\" data-id=\"9acba2c\" data-element_type=\"column\">\n\t\t\t<div class=\"elementor-widget-wrap elementor-element-populated\">\n\t\t\t\t\t\t<div class=\"elementor-element elementor-element-410da0e elementor-widget elementor-widget-heading\" data-id=\"410da0e\" data-element_type=\"widget\" data-widget_type=\"heading.default\">\n\t\t\t\t<div class=\"elementor-widget-container\">\n\t\t\t\t\t<h4 class=\"elementor-heading-title elementor-size-default\">\u00c4sthet\u0131sche Hautbehandlungen<\/h4>\t\t\t\t<\/div>\n\t\t\t\t<\/div>\n\t\t\t\t\t<\/div>\n\t\t<\/div>\n\t\t\t\t\t<\/div>\n\t\t<\/section>\n\t\t\t\t\t<\/div>\n\t\t<\/div>\n\t\t\t\t\t<\/div>\n\t\t<\/section>\n\t\t\t\t<section class=\"elementor-section elementor-top-section elementor-element elementor-element-f510542 elementor-section-boxed elementor-section-height-default elementor-section-height-default\" data-id=\"f510542\" data-element_type=\"section\" data-settings=\"{&quot;background_background&quot;:&quot;classic&quot;}\">\n\t\t\t\t\t\t<div class=\"elementor-container elementor-column-gap-no\">\n\t\t\t\t\t<div class=\"elementor-column elementor-col-100 elementor-top-column elementor-element elementor-element-62bdf66\" data-id=\"62bdf66\" data-element_type=\"column\">\n\t\t\t<div class=\"elementor-widget-wrap elementor-element-populated\">\n\t\t\t\t\t\t<section class=\"elementor-section elementor-inner-section elementor-element elementor-element-5c7c399 elementor-section-boxed elementor-section-height-default elementor-section-height-default\" data-id=\"5c7c399\" data-element_type=\"section\">\n\t\t\t\t\t\t<div class=\"elementor-container elementor-column-gap-no\">\n\t\t\t\t\t<div class=\"elementor-column elementor-col-100 elementor-inner-column elementor-element elementor-element-0c44226\" data-id=\"0c44226\" data-element_type=\"column\">\n\t\t\t<div class=\"elementor-widget-wrap elementor-element-populated\">\n\t\t\t\t\t\t<div class=\"elementor-element elementor-element-490dee3 elementor-widget elementor-widget-image\" data-id=\"490dee3\" data-element_type=\"widget\" data-widget_type=\"image.default\">\n\t\t\t\t<div class=\"elementor-widget-container\">\n\t\t\t\t\t\t\t\t\t\t\t\t\t\t\t<img decoding=\"async\" src=\"https:\/\/www.cavendishsaglik.com\/de\/wp-content\/uploads\/elementor\/thumbs\/CavendishHealth-CiltTedavileri-MiniBanner768x515-pwhce55xm3w9pfuvcyssacjuczlpn1o0eedqg8fj4w.jpg\" title=\"CavendishHealth-CiltTedavileri-MiniBanner(768&#215;515)\" alt=\"CavendishHealth-CiltTedavileri-MiniBanner(768x515)\" loading=\"lazy\" \/>\t\t\t\t\t\t\t\t\t\t\t\t\t\t\t<\/div>\n\t\t\t\t<\/div>\n\t\t\t\t<div class=\"elementor-element elementor-element-7104046 elementor-widget elementor-widget-text-editor\" data-id=\"7104046\" data-element_type=\"widget\" data-widget_type=\"text-editor.default\">\n\t\t\t\t<div class=\"elementor-widget-container\">\n\t\t\t\t\t\t\t\t\t<p>Die Haut ist ein Organ, das Aufgrund seines st\u00e4ndigen Kontakts mit der \u00e4u\u00dferen Umgebung anf\u00e4llig f\u00fcr das Auftreten von Krankheiten ist. Das Auftreten dermatologischer Erkrankungen kann durch h\u00e4ufige Exposition gegen\u00fcber Umweltfaktoren, Chemikalien, Allergenen und \u00e4hnlichen Stimulanzien im t\u00e4glichen Leben erleichtert werden.<\/p><p>Krankheiten, die in der Haut auftreten k\u00f6nnen, k\u00f6nnen in einigen F\u00e4llen \u00e4sthetische und kosmetische Probleme und in einigen F\u00e4llen Schwierigkeiten bei der Ausf\u00fchrung der t\u00e4glichen Funktionen verursachen. Daher sollten dermatologische Erkrankungen sofort von dem Moment an behandelt werden, in dem sie bemerkt werden.<\/p><p><strong>IN WELCHEN F\u00c4LLEN SIND HAUTBEHANDLUNGEN NOTWENDIG?<\/strong><\/p><p>In widrigen Situationen, die durch Umweltbedingungen (Luftverschmutzung, saisonale \u00dcberg\u00e4nge), psychische und psychologische Bedingungen (Stressbelastung usw.) verursacht werden, treten Deformationen in Zeiten des Hormon\u00fcbergangs wie Adoleszenz, Schwangerschaft oder Hormonst\u00f6rungen und mit dem Fortschreiten des Alters auf der Haut im Laufe der Zeit auf. Es treten jedoch eine Verschlechterung der Farbe und Form der Haut, eine Dehnung der Haut im Laufe der Zeit und die Prominenz der Kapillaren auf. Eine Minimierung des Effekts ist hier mit Hautbehandlungen m\u00f6glich.<\/p><p><strong>WORAUF SIE W\u00c4HREND DES HAUTBEHANDLUNGSPROZESSES ACHTEN SOLLTEN<\/strong><\/p><p>Zuerst wird die Quelle und Art des Problems bestimmt. Was auch immer das identifizierte Problem ist, die geeignete Behandlungsform wird zusammen mit dem Spezialisten ausgew\u00e4hlt. Hautbehandlungen, die Sie selbst und auf Anregung der Umgebung durchf\u00fchren, f\u00fchren zu gr\u00f6\u00dferen und dauerhaften Problemen.<\/p><p><strong>BEHANDLUNGSTECHNIKEN F\u00dcR HAUTBEHANDLUNGEN<\/strong><\/p><ul><li>Achselschweissbehandlung<\/li><li>Tattoo Entfernung<\/li><li>Mikropigmentierung<\/li><li>Akne-Behandlung<\/li><li>Hautanalyse<\/li><li>Entfernung von Muttermalen<\/li><li>Laser-Riss-Behandlung<\/li><li>Fleckenbehandlung<\/li><li>Stammzellen (Dermatherapie)<\/li><li>Peelings<\/li><li>Laser-Kapillar-Behandlung<\/li><li>Laser-Fleck-Behandlung<\/li><li>Medizinische Hautpflege<\/li><li>Pilzkrankheiten (Psoriasis)<\/li><li>Allergien<\/li><\/ul>\t\t\t\t\t\t\t\t<\/div>\n\t\t\t\t<\/div>\n\t\t\t\t\t<\/div>\n\t\t<\/div>\n\t\t\t\t\t<\/div>\n\t\t<\/section>\n\t\t\t\t\t<\/div>\n\t\t<\/div>\n\t\t\t\t\t<\/div>\n\t\t<\/section>\n\t\t\t\t<section class=\"elementor-section elementor-top-section elementor-element elementor-element-9c5cf5e elementor-section-full_width elementor-section-height-min-height elementor-section-height-default elementor-section-items-middle\" data-id=\"9c5cf5e\" data-element_type=\"section\" data-settings=\"{&quot;background_background&quot;:&quot;classic&quot;}\">\n\t\t\t\t\t\t<div class=\"elementor-container elementor-column-gap-no\">\n\t\t\t\t\t<div class=\"elementor-column elementor-col-100 elementor-top-column elementor-element elementor-element-bdd47b3\" data-id=\"bdd47b3\" data-element_type=\"column\">\n\t\t\t<div class=\"elementor-widget-wrap elementor-element-populated\">\n\t\t\t\t\t\t<section class=\"elementor-section elementor-inner-section elementor-element elementor-element-a9a2171 elementor-section-boxed elementor-section-height-default elementor-section-height-default\" data-id=\"a9a2171\" data-element_type=\"section\">\n\t\t\t\t\t\t<div class=\"elementor-container elementor-column-gap-no\">\n\t\t\t\t\t<div class=\"elementor-column elementor-col-50 elementor-inner-column elementor-element elementor-element-e44e6fe\" data-id=\"e44e6fe\" data-element_type=\"column\">\n\t\t\t<div class=\"elementor-widget-wrap elementor-element-populated\">\n\t\t\t\t\t\t<div class=\"elementor-element elementor-element-3197dcf elementor-widget__width-auto elementor-widget-tablet__width-initial elementor-widget-mobile__width-inherit elementor-view-default elementor-widget elementor-widget-icon\" data-id=\"3197dcf\" data-element_type=\"widget\" data-widget_type=\"icon.default\">\n\t\t\t\t<div class=\"elementor-widget-container\">\n\t\t\t\t\t\t\t<div class=\"elementor-icon-wrapper\">\n\t\t\t<div class=\"elementor-icon\">\n\t\t\t<i aria-hidden=\"true\" class=\"fas fa-phone-alt\"><\/i>\t\t\t<\/div>\n\t\t<\/div>\n\t\t\t\t\t\t<\/div>\n\t\t\t\t<\/div>\n\t\t\t\t<div class=\"elementor-element elementor-element-6ca7577 elementor-widget__width-auto elementor-widget-tablet__width-initial elementor-widget-mobile__width-inherit elementor-widget elementor-widget-icon-box\" data-id=\"6ca7577\" data-element_type=\"widget\" data-widget_type=\"icon-box.default\">\n\t\t\t\t<div class=\"elementor-widget-container\">\n\t\t\t\t\t\t\t<div class=\"elementor-icon-box-wrapper\">\n\n\t\t\t\n\t\t\t\t\t\t<div class=\"elementor-icon-box-content\">\n\n\t\t\t\t\t\t\t\t\t<h6 class=\"elementor-icon-box-title\">\n\t\t\t\t\t\t<span  >\n\t\t\t\t\t\t\tKontakt\u0131eren S\u0131e Uns\t\t\t\t\t\t<\/span>\n\t\t\t\t\t<\/h6>\n\t\t\t\t\n\t\t\t\t\t\t\t\t\t<p class=\"elementor-icon-box-description\">\n\t\t\t\t\t\tErhalten Sie mehr Informationen \t\t\t\t\t<\/p>\n\t\t\t\t\n\t\t\t<\/div>\n\t\t\t\n\t\t<\/div>\n\t\t\t\t\t\t<\/div>\n\t\t\t\t<\/div>\n\t\t\t\t\t<\/div>\n\t\t<\/div>\n\t\t\t\t<div class=\"elementor-column elementor-col-50 elementor-inner-column elementor-element elementor-element-a60001f\" data-id=\"a60001f\" data-element_type=\"column\">\n\t\t\t<div class=\"elementor-widget-wrap elementor-element-populated\">\n\t\t\t\t\t\t<div class=\"elementor-element elementor-element-c0c7261 elementor-align-right elementor-mobile-align-center elementor-widget elementor-widget-button\" data-id=\"c0c7261\" data-element_type=\"widget\" data-widget_type=\"button.default\">\n\t\t\t\t<div class=\"elementor-widget-container\">\n\t\t\t\t\t\t\t\t\t<div class=\"elementor-button-wrapper\">\n\t\t\t\t\t<a class=\"elementor-button elementor-button-link elementor-size-sm\" href=\"https:\/\/www.cavendishsaglik.com\/de\/kontakt\/\">\n\t\t\t\t\t\t<span class=\"elementor-button-content-wrapper\">\n\t\t\t\t\t\t\t\t\t<span class=\"elementor-button-text\">Kontakt\u0131eren S\u0131e Uns<\/span>\n\t\t\t\t\t<\/span>\n\t\t\t\t\t<\/a>\n\t\t\t\t<\/div>\n\t\t\t\t\t\t\t\t<\/div>\n\t\t\t\t<\/div>\n\t\t\t\t\t<\/div>\n\t\t<\/div>\n\t\t\t\t\t<\/div>\n\t\t<\/section>\n\t\t\t\t\t<\/div>\n\t\t<\/div>\n\t\t\t\t\t<\/div>\n\t\t<\/section>\n\t\t\t\t<\/div>\n\t\t","protected":false},"excerpt":{"rendered":"<p>\u00c4sthet\u0131sche Hautbehandlungen Die Haut ist ein Organ, das Aufgrund seines st\u00e4ndigen Kontakts mit der \u00e4u\u00dferen Umgebung anf\u00e4llig f\u00fcr das Auftreten von Krankheiten ist. Das Auftreten dermatologischer Erkrankungen kann durch h\u00e4ufige Exposition gegen\u00fcber Umweltfaktoren, Chemikalien, Allergenen und \u00e4hnlichen Stimulanzien im t\u00e4glichen Leben erleichtert werden. Krankheiten, die in der Haut auftreten k\u00f6nnen, k\u00f6nnen in einigen F\u00e4llen \u00e4sthetische &hellip; <\/p>\n<p class=\"link-more\"><a href=\"https:\/\/www.cavendishsaglik.com\/de\/gesundhei%cc%87tsdi%cc%87enstlei%cc%87stungen\/asthetische-hautbehandlungen\/\" class=\"more-link\">Okumaya devam et<span class=\"screen-reader-text\"> &#8220;\u00c4sthetische Hautbehandlungen&#8221;<\/span><\/a><\/p>\n","protected":false},"author":1,"featured_media":0,"parent":679,"menu_order":0,"comment_status":"closed","ping_status":"closed","template":"elementor_header_footer","meta":{"_themeisle_gutenberg_block_has_review":false,"footnotes":""},"class_list":["post-709","page","type-page","status-publish","hentry","entry"],"yoast_head":"<!-- This site is optimized with the Yoast SEO plugin v26.5 - https:\/\/yoast.com\/wordpress\/plugins\/seo\/ -->\n<title>\u00c4sthetische Hautbehandlungen - Cavendish Health<\/title>\n<meta name=\"robots\" content=\"index, follow, max-snippet:-1, max-image-preview:large, max-video-preview:-1\" \/>\n<link rel=\"canonical\" href=\"https:\/\/www.cavendishsaglik.com\/de\/gesundhei\u0307tsdi\u0307enstlei\u0307stungen\/asthetische-hautbehandlungen\/\" \/>\n<meta property=\"og:locale\" content=\"tr_TR\" \/>\n<meta property=\"og:type\" content=\"article\" \/>\n<meta property=\"og:title\" content=\"\u00c4sthetische Hautbehandlungen - Cavendish Health\" \/>\n<meta property=\"og:description\" content=\"\u00c4sthet\u0131sche Hautbehandlungen Die Haut ist ein Organ, das Aufgrund seines st\u00e4ndigen Kontakts mit der \u00e4u\u00dferen Umgebung anf\u00e4llig f\u00fcr das Auftreten von Krankheiten ist. Das Auftreten dermatologischer Erkrankungen kann durch h\u00e4ufige Exposition gegen\u00fcber Umweltfaktoren, Chemikalien, Allergenen und \u00e4hnlichen Stimulanzien im t\u00e4glichen Leben erleichtert werden. Krankheiten, die in der Haut auftreten k\u00f6nnen, k\u00f6nnen in einigen F\u00e4llen \u00e4sthetische &hellip; Okumaya devam et &quot;\u00c4sthetische Hautbehandlungen&quot;\" \/>\n<meta property=\"og:url\" content=\"https:\/\/www.cavendishsaglik.com\/de\/gesundhei\u0307tsdi\u0307enstlei\u0307stungen\/asthetische-hautbehandlungen\/\" \/>\n<meta property=\"og:site_name\" content=\"Cavendish Health\" \/>\n<meta property=\"article:modified_time\" content=\"2022-10-24T12:48:30+00:00\" \/>\n<meta property=\"og:image\" content=\"https:\/\/www.cavendishsaglik.com\/de\/wp-content\/uploads\/elementor\/thumbs\/CavendishHealth-CiltTedavileri-MiniBanner768x515-pwhce55xm3w9pfuvcyssacjuczlpn1o0eedqg8fj4w.jpg\" \/>\n<meta name=\"twitter:card\" content=\"summary_large_image\" \/>\n<meta name=\"twitter:label1\" content=\"Tahmini okuma s\u00fcresi\" \/>\n\t<meta name=\"twitter:data1\" content=\"2 dakika\" \/>\n<script type=\"application\/ld+json\" class=\"yoast-schema-graph\">{\"@context\":\"https:\/\/schema.org\",\"@graph\":[{\"@type\":\"WebPage\",\"@id\":\"https:\/\/www.cavendishsaglik.com\/de\/gesundhei%cc%87tsdi%cc%87enstlei%cc%87stungen\/asthetische-hautbehandlungen\/\",\"url\":\"https:\/\/www.cavendishsaglik.com\/de\/gesundhei%cc%87tsdi%cc%87enstlei%cc%87stungen\/asthetische-hautbehandlungen\/\",\"name\":\"\u00c4sthetische Hautbehandlungen - Cavendish Health\",\"isPartOf\":{\"@id\":\"https:\/\/www.cavendishsaglik.com\/de\/#website\"},\"primaryImageOfPage\":{\"@id\":\"https:\/\/www.cavendishsaglik.com\/de\/gesundhei%cc%87tsdi%cc%87enstlei%cc%87stungen\/asthetische-hautbehandlungen\/#primaryimage\"},\"image\":{\"@id\":\"https:\/\/www.cavendishsaglik.com\/de\/gesundhei%cc%87tsdi%cc%87enstlei%cc%87stungen\/asthetische-hautbehandlungen\/#primaryimage\"},\"thumbnailUrl\":\"https:\/\/www.cavendishsaglik.com\/de\/wp-content\/uploads\/elementor\/thumbs\/CavendishHealth-CiltTedavileri-MiniBanner768x515-pwhce55xm3w9pfuvcyssacjuczlpn1o0eedqg8fj4w.jpg\",\"datePublished\":\"2022-10-15T14:31:39+00:00\",\"dateModified\":\"2022-10-24T12:48:30+00:00\",\"breadcrumb\":{\"@id\":\"https:\/\/www.cavendishsaglik.com\/de\/gesundhei%cc%87tsdi%cc%87enstlei%cc%87stungen\/asthetische-hautbehandlungen\/#breadcrumb\"},\"inLanguage\":\"tr\",\"potentialAction\":[{\"@type\":\"ReadAction\",\"target\":[\"https:\/\/www.cavendishsaglik.com\/de\/gesundhei%cc%87tsdi%cc%87enstlei%cc%87stungen\/asthetische-hautbehandlungen\/\"]}]},{\"@type\":\"ImageObject\",\"inLanguage\":\"tr\",\"@id\":\"https:\/\/www.cavendishsaglik.com\/de\/gesundhei%cc%87tsdi%cc%87enstlei%cc%87stungen\/asthetische-hautbehandlungen\/#primaryimage\",\"url\":\"https:\/\/www.cavendishsaglik.com\/de\/wp-content\/uploads\/elementor\/thumbs\/CavendishHealth-CiltTedavileri-MiniBanner768x515-pwhce55xm3w9pfuvcyssacjuczlpn1o0eedqg8fj4w.jpg\",\"contentUrl\":\"https:\/\/www.cavendishsaglik.com\/de\/wp-content\/uploads\/elementor\/thumbs\/CavendishHealth-CiltTedavileri-MiniBanner768x515-pwhce55xm3w9pfuvcyssacjuczlpn1o0eedqg8fj4w.jpg\"},{\"@type\":\"BreadcrumbList\",\"@id\":\"https:\/\/www.cavendishsaglik.com\/de\/gesundhei%cc%87tsdi%cc%87enstlei%cc%87stungen\/asthetische-hautbehandlungen\/#breadcrumb\",\"itemListElement\":[{\"@type\":\"ListItem\",\"position\":1,\"name\":\"Anasayfa\",\"item\":\"https:\/\/www.cavendishsaglik.com\/de\/\"},{\"@type\":\"ListItem\",\"position\":2,\"name\":\"Gesundhei\u0307tsdi\u0307enstlei\u0307stungen\",\"item\":\"https:\/\/www.cavendishsaglik.com\/de\/gesundhei%cc%87tsdi%cc%87enstlei%cc%87stungen\/\"},{\"@type\":\"ListItem\",\"position\":3,\"name\":\"\u00c4sthetische Hautbehandlungen\"}]},{\"@type\":\"WebSite\",\"@id\":\"https:\/\/www.cavendishsaglik.com\/de\/#website\",\"url\":\"https:\/\/www.cavendishsaglik.com\/de\/\",\"name\":\"Cavendish Health\",\"description\":\"Uluslararas\u0131 Sa\u011fl\u0131k Turizmi Acentesi\",\"potentialAction\":[{\"@type\":\"SearchAction\",\"target\":{\"@type\":\"EntryPoint\",\"urlTemplate\":\"https:\/\/www.cavendishsaglik.com\/de\/?s={search_term_string}\"},\"query-input\":{\"@type\":\"PropertyValueSpecification\",\"valueRequired\":true,\"valueName\":\"search_term_string\"}}],\"inLanguage\":\"tr\"}]}<\/script>\n<!-- \/ Yoast SEO plugin. -->","yoast_head_json":{"title":"\u00c4sthetische Hautbehandlungen - Cavendish Health","robots":{"index":"index","follow":"follow","max-snippet":"max-snippet:-1","max-image-preview":"max-image-preview:large","max-video-preview":"max-video-preview:-1"},"canonical":"https:\/\/www.cavendishsaglik.com\/de\/gesundhei\u0307tsdi\u0307enstlei\u0307stungen\/asthetische-hautbehandlungen\/","og_locale":"tr_TR","og_type":"article","og_title":"\u00c4sthetische Hautbehandlungen - Cavendish Health","og_description":"\u00c4sthet\u0131sche Hautbehandlungen Die Haut ist ein Organ, das Aufgrund seines st\u00e4ndigen Kontakts mit der \u00e4u\u00dferen Umgebung anf\u00e4llig f\u00fcr das Auftreten von Krankheiten ist. Das Auftreten dermatologischer Erkrankungen kann durch h\u00e4ufige Exposition gegen\u00fcber Umweltfaktoren, Chemikalien, Allergenen und \u00e4hnlichen Stimulanzien im t\u00e4glichen Leben erleichtert werden. Krankheiten, die in der Haut auftreten k\u00f6nnen, k\u00f6nnen in einigen F\u00e4llen \u00e4sthetische &hellip; Okumaya devam et \"\u00c4sthetische Hautbehandlungen\"","og_url":"https:\/\/www.cavendishsaglik.com\/de\/gesundhei\u0307tsdi\u0307enstlei\u0307stungen\/asthetische-hautbehandlungen\/","og_site_name":"Cavendish Health","article_modified_time":"2022-10-24T12:48:30+00:00","og_image":[{"url":"https:\/\/www.cavendishsaglik.com\/de\/wp-content\/uploads\/elementor\/thumbs\/CavendishHealth-CiltTedavileri-MiniBanner768x515-pwhce55xm3w9pfuvcyssacjuczlpn1o0eedqg8fj4w.jpg","type":"","width":"","height":""}],"twitter_card":"summary_large_image","twitter_misc":{"Tahmini okuma s\u00fcresi":"2 dakika"},"schema":{"@context":"https:\/\/schema.org","@graph":[{"@type":"WebPage","@id":"https:\/\/www.cavendishsaglik.com\/de\/gesundhei%cc%87tsdi%cc%87enstlei%cc%87stungen\/asthetische-hautbehandlungen\/","url":"https:\/\/www.cavendishsaglik.com\/de\/gesundhei%cc%87tsdi%cc%87enstlei%cc%87stungen\/asthetische-hautbehandlungen\/","name":"\u00c4sthetische Hautbehandlungen - Cavendish Health","isPartOf":{"@id":"https:\/\/www.cavendishsaglik.com\/de\/#website"},"primaryImageOfPage":{"@id":"https:\/\/www.cavendishsaglik.com\/de\/gesundhei%cc%87tsdi%cc%87enstlei%cc%87stungen\/asthetische-hautbehandlungen\/#primaryimage"},"image":{"@id":"https:\/\/www.cavendishsaglik.com\/de\/gesundhei%cc%87tsdi%cc%87enstlei%cc%87stungen\/asthetische-hautbehandlungen\/#primaryimage"},"thumbnailUrl":"https:\/\/www.cavendishsaglik.com\/de\/wp-content\/uploads\/elementor\/thumbs\/CavendishHealth-CiltTedavileri-MiniBanner768x515-pwhce55xm3w9pfuvcyssacjuczlpn1o0eedqg8fj4w.jpg","datePublished":"2022-10-15T14:31:39+00:00","dateModified":"2022-10-24T12:48:30+00:00","breadcrumb":{"@id":"https:\/\/www.cavendishsaglik.com\/de\/gesundhei%cc%87tsdi%cc%87enstlei%cc%87stungen\/asthetische-hautbehandlungen\/#breadcrumb"},"inLanguage":"tr","potentialAction":[{"@type":"ReadAction","target":["https:\/\/www.cavendishsaglik.com\/de\/gesundhei%cc%87tsdi%cc%87enstlei%cc%87stungen\/asthetische-hautbehandlungen\/"]}]},{"@type":"ImageObject","inLanguage":"tr","@id":"https:\/\/www.cavendishsaglik.com\/de\/gesundhei%cc%87tsdi%cc%87enstlei%cc%87stungen\/asthetische-hautbehandlungen\/#primaryimage","url":"https:\/\/www.cavendishsaglik.com\/de\/wp-content\/uploads\/elementor\/thumbs\/CavendishHealth-CiltTedavileri-MiniBanner768x515-pwhce55xm3w9pfuvcyssacjuczlpn1o0eedqg8fj4w.jpg","contentUrl":"https:\/\/www.cavendishsaglik.com\/de\/wp-content\/uploads\/elementor\/thumbs\/CavendishHealth-CiltTedavileri-MiniBanner768x515-pwhce55xm3w9pfuvcyssacjuczlpn1o0eedqg8fj4w.jpg"},{"@type":"BreadcrumbList","@id":"https:\/\/www.cavendishsaglik.com\/de\/gesundhei%cc%87tsdi%cc%87enstlei%cc%87stungen\/asthetische-hautbehandlungen\/#breadcrumb","itemListElement":[{"@type":"ListItem","position":1,"name":"Anasayfa","item":"https:\/\/www.cavendishsaglik.com\/de\/"},{"@type":"ListItem","position":2,"name":"Gesundhei\u0307tsdi\u0307enstlei\u0307stungen","item":"https:\/\/www.cavendishsaglik.com\/de\/gesundhei%cc%87tsdi%cc%87enstlei%cc%87stungen\/"},{"@type":"ListItem","position":3,"name":"\u00c4sthetische Hautbehandlungen"}]},{"@type":"WebSite","@id":"https:\/\/www.cavendishsaglik.com\/de\/#website","url":"https:\/\/www.cavendishsaglik.com\/de\/","name":"Cavendish Health","description":"Uluslararas\u0131 Sa\u011fl\u0131k Turizmi Acentesi","potentialAction":[{"@type":"SearchAction","target":{"@type":"EntryPoint","urlTemplate":"https:\/\/www.cavendishsaglik.com\/de\/?s={search_term_string}"},"query-input":{"@type":"PropertyValueSpecification","valueRequired":true,"valueName":"search_term_string"}}],"inLanguage":"tr"}]}},"_links":{"self":[{"href":"https:\/\/www.cavendishsaglik.com\/de\/wp-json\/wp\/v2\/pages\/709","targetHints":{"allow":["GET"]}}],"collection":[{"href":"https:\/\/www.cavendishsaglik.com\/de\/wp-json\/wp\/v2\/pages"}],"about":[{"href":"https:\/\/www.cavendishsaglik.com\/de\/wp-json\/wp\/v2\/types\/page"}],"author":[{"embeddable":true,"href":"https:\/\/www.cavendishsaglik.com\/de\/wp-json\/wp\/v2\/users\/1"}],"replies":[{"embeddable":true,"href":"https:\/\/www.cavendishsaglik.com\/de\/wp-json\/wp\/v2\/comments?post=709"}],"version-history":[{"count":34,"href":"https:\/\/www.cavendishsaglik.com\/de\/wp-json\/wp\/v2\/pages\/709\/revisions"}],"predecessor-version":[{"id":1566,"href":"https:\/\/www.cavendishsaglik.com\/de\/wp-json\/wp\/v2\/pages\/709\/revisions\/1566"}],"up":[{"embeddable":true,"href":"https:\/\/www.cavendishsaglik.com\/de\/wp-json\/wp\/v2\/pages\/679"}],"wp:attachment":[{"href":"https:\/\/www.cavendishsaglik.com\/de\/wp-json\/wp\/v2\/media?parent=709"}],"curies":[{"name":"wp","href":"https:\/\/api.w.org\/{rel}","templated":true}]}}