{"id":358,"date":"2021-07-06T14:44:05","date_gmt":"2021-07-06T14:44:05","guid":{"rendered":"https:\/\/www.cavendishsaglik.com\/en\/?page_id=358"},"modified":"2022-10-20T10:34:55","modified_gmt":"2022-10-20T10:34:55","slug":"our-services","status":"publish","type":"page","link":"https:\/\/www.cavendishsaglik.com\/en\/our-services\/","title":{"rendered":"Our Services"},"content":{"rendered":"\t\t<div data-elementor-type=\"wp-page\" data-elementor-id=\"358\" class=\"elementor elementor-358\">\n\t\t\t\t\t\t<section class=\"elementor-section elementor-top-section elementor-element elementor-element-f42e4ff elementor-section-full_width elementor-section-height-min-height elementor-section-height-default elementor-section-items-middle\" data-id=\"f42e4ff\" data-element_type=\"section\" data-settings=\"{&quot;background_background&quot;:&quot;classic&quot;}\">\n\t\t\t\t\t\t\t<div class=\"elementor-background-overlay\"><\/div>\n\t\t\t\t\t\t\t<div class=\"elementor-container elementor-column-gap-no\">\n\t\t\t\t\t<div class=\"elementor-column elementor-col-100 elementor-top-column elementor-element elementor-element-8916efa\" data-id=\"8916efa\" data-element_type=\"column\">\n\t\t\t<div class=\"elementor-widget-wrap elementor-element-populated\">\n\t\t\t\t\t\t<section class=\"elementor-section elementor-inner-section elementor-element elementor-element-fd2bcb0 elementor-section-boxed elementor-section-height-default elementor-section-height-default\" data-id=\"fd2bcb0\" data-element_type=\"section\">\n\t\t\t\t\t\t<div class=\"elementor-container elementor-column-gap-no\">\n\t\t\t\t\t<div class=\"elementor-column elementor-col-100 elementor-inner-column elementor-element elementor-element-97b095c\" data-id=\"97b095c\" data-element_type=\"column\">\n\t\t\t<div class=\"elementor-widget-wrap elementor-element-populated\">\n\t\t\t\t\t\t<div class=\"elementor-element elementor-element-ded2c53 elementor-widget elementor-widget-heading\" data-id=\"ded2c53\" data-element_type=\"widget\" data-widget_type=\"heading.default\">\n\t\t\t\t<div class=\"elementor-widget-container\">\n\t\t\t\t\t<h4 class=\"elementor-heading-title elementor-size-default\">Our Services <\/h4>\t\t\t\t<\/div>\n\t\t\t\t<\/div>\n\t\t\t\t\t<\/div>\n\t\t<\/div>\n\t\t\t\t\t<\/div>\n\t\t<\/section>\n\t\t\t\t\t<\/div>\n\t\t<\/div>\n\t\t\t\t\t<\/div>\n\t\t<\/section>\n\t\t\t\t<section class=\"elementor-section elementor-top-section elementor-element elementor-element-a8eebb7 elementor-section-boxed elementor-section-height-default elementor-section-height-default\" data-id=\"a8eebb7\" data-element_type=\"section\">\n\t\t\t\t\t\t<div class=\"elementor-container elementor-column-gap-default\">\n\t\t\t\t\t<div class=\"elementor-column elementor-col-100 elementor-top-column elementor-element elementor-element-09a04f7\" data-id=\"09a04f7\" data-element_type=\"column\">\n\t\t\t<div class=\"elementor-widget-wrap elementor-element-populated\">\n\t\t\t\t\t\t<div class=\"elementor-element elementor-element-3daee06 elementor-widget elementor-widget-spacer\" data-id=\"3daee06\" data-element_type=\"widget\" data-widget_type=\"spacer.default\">\n\t\t\t\t<div class=\"elementor-widget-container\">\n\t\t\t\t\t\t\t<div class=\"elementor-spacer\">\n\t\t\t<div class=\"elementor-spacer-inner\"><\/div>\n\t\t<\/div>\n\t\t\t\t\t\t<\/div>\n\t\t\t\t<\/div>\n\t\t\t\t<section class=\"elementor-section elementor-inner-section elementor-element elementor-element-2e02258 elementor-section-boxed elementor-section-height-default elementor-section-height-default\" data-id=\"2e02258\" data-element_type=\"section\">\n\t\t\t\t\t\t<div class=\"elementor-container elementor-column-gap-default\">\n\t\t\t\t\t<div class=\"elementor-column elementor-col-33 elementor-inner-column elementor-element elementor-element-020ee79\" data-id=\"020ee79\" data-element_type=\"column\">\n\t\t\t<div class=\"elementor-widget-wrap elementor-element-populated\">\n\t\t\t\t\t\t<div class=\"elementor-element elementor-element-eea2778 elementor-widget elementor-widget-image\" data-id=\"eea2778\" data-element_type=\"widget\" data-widget_type=\"image.default\">\n\t\t\t\t<div class=\"elementor-widget-container\">\n\t\t\t\t\t\t\t\t\t\t\t\t\t\t\t\t<a href=\"https:\/\/www.cavendishsaglik.com\/en\/our-services\/tourism\/\">\n\t\t\t\t\t\t\t<img decoding=\"async\" src=\"https:\/\/www.cavendishsaglik.com\/en\/wp-content\/uploads\/elementor\/thumbs\/CavendishHealth-SaglikTurizmi-MiniBanner400x250-pwe6p4tu9kj27oprx43dbmlynwkb050ykqbollj5xg.jpg\" title=\"CavendishHealth-Sa\u011fl\u0131kTurizmi-MiniBanner(400&#215;250)\" alt=\"CavendishHealth-Sa\u011fl\u0131kTurizmi-MiniBanner(400x250)\" loading=\"lazy\" \/>\t\t\t\t\t\t\t\t<\/a>\n\t\t\t\t\t\t\t\t\t\t\t\t\t\t\t<\/div>\n\t\t\t\t<\/div>\n\t\t\t\t<div class=\"elementor-element elementor-element-ba87f6a elementor-widget elementor-widget-heading\" data-id=\"ba87f6a\" data-element_type=\"widget\" data-widget_type=\"heading.default\">\n\t\t\t\t<div class=\"elementor-widget-container\">\n\t\t\t\t\t<h3 class=\"elementor-heading-title elementor-size-default\"><a href=\"https:\/\/www.cavendishsaglik.com\/en\/our-services\/tourism\/\">TOURISM<\/a><\/h3>\t\t\t\t<\/div>\n\t\t\t\t<\/div>\n\t\t\t\t\t<\/div>\n\t\t<\/div>\n\t\t\t\t<div class=\"elementor-column elementor-col-33 elementor-inner-column elementor-element elementor-element-bf5f63d\" data-id=\"bf5f63d\" data-element_type=\"column\">\n\t\t\t<div class=\"elementor-widget-wrap elementor-element-populated\">\n\t\t\t\t\t\t<div class=\"elementor-element elementor-element-cc8d0d9 elementor-widget elementor-widget-image\" data-id=\"cc8d0d9\" data-element_type=\"widget\" data-widget_type=\"image.default\">\n\t\t\t\t<div class=\"elementor-widget-container\">\n\t\t\t\t\t\t\t\t\t\t\t\t\t\t\t\t<a href=\"https:\/\/www.cavendishsaglik.com\/en\/our-services\/organisation\/\">\n\t\t\t\t\t\t\t<img decoding=\"async\" src=\"https:\/\/www.cavendishsaglik.com\/en\/wp-content\/uploads\/elementor\/thumbs\/CavendishHealth-Organizasyon-MiniBanner400x250-pwe6pf62cqx7rear8qk9l201755cct60a5i0vn3u10.jpg\" title=\"CavendishHealth-Organizasyon-MiniBanner(400&#215;250)\" alt=\"CavendishHealth-Organizasyon-MiniBanner(400x250)\" loading=\"lazy\" \/>\t\t\t\t\t\t\t\t<\/a>\n\t\t\t\t\t\t\t\t\t\t\t\t\t\t\t<\/div>\n\t\t\t\t<\/div>\n\t\t\t\t<div class=\"elementor-element elementor-element-db19c35 elementor-widget elementor-widget-heading\" data-id=\"db19c35\" data-element_type=\"widget\" data-widget_type=\"heading.default\">\n\t\t\t\t<div class=\"elementor-widget-container\">\n\t\t\t\t\t<h3 class=\"elementor-heading-title elementor-size-default\"><a href=\"https:\/\/www.cavendishsaglik.com\/en\/our-services\/organisation\/\">ORGANISATION<\/a><\/h3>\t\t\t\t<\/div>\n\t\t\t\t<\/div>\n\t\t\t\t\t<\/div>\n\t\t<\/div>\n\t\t\t\t<div class=\"elementor-column elementor-col-33 elementor-inner-column elementor-element elementor-element-3358d65\" data-id=\"3358d65\" data-element_type=\"column\">\n\t\t\t<div class=\"elementor-widget-wrap elementor-element-populated\">\n\t\t\t\t\t\t<div class=\"elementor-element elementor-element-6d44c55 elementor-widget elementor-widget-image\" data-id=\"6d44c55\" data-element_type=\"widget\" data-widget_type=\"image.default\">\n\t\t\t\t<div class=\"elementor-widget-container\">\n\t\t\t\t\t\t\t\t\t\t\t\t\t\t\t\t<a href=\"https:\/\/www.cavendishsaglik.com\/en\/our-services\/intermediary-health-services\/\">\n\t\t\t\t\t\t\t<img decoding=\"async\" src=\"https:\/\/www.cavendishsaglik.com\/en\/wp-content\/uploads\/elementor\/thumbs\/CavendishHealth-AraciSaglikHizmetleri-MiniBanner400x250-pwe6plqxol680o176benkic9cu8wuow4n22f8ku2tg.jpg\" title=\"CavendishHealth-Arac\u0131Sa\u011fl\u0131kHizmetleri-MiniBanner(400&#215;250)\" alt=\"CavendishHealth-Arac\u0131Sa\u011fl\u0131kHizmetleri-MiniBanner(400x250)\" loading=\"lazy\" \/>\t\t\t\t\t\t\t\t<\/a>\n\t\t\t\t\t\t\t\t\t\t\t\t\t\t\t<\/div>\n\t\t\t\t<\/div>\n\t\t\t\t<div class=\"elementor-element elementor-element-ec67d76 elementor-widget elementor-widget-heading\" data-id=\"ec67d76\" data-element_type=\"widget\" data-widget_type=\"heading.default\">\n\t\t\t\t<div class=\"elementor-widget-container\">\n\t\t\t\t\t<h3 class=\"elementor-heading-title elementor-size-default\"><a href=\"https:\/\/www.cavendishsaglik.com\/en\/our-services\/intermediary-health-services\/\">INTERMEDIARY HEALTH SERVICES<\/a><\/h3>\t\t\t\t<\/div>\n\t\t\t\t<\/div>\n\t\t\t\t\t<\/div>\n\t\t<\/div>\n\t\t\t\t\t<\/div>\n\t\t<\/section>\n\t\t\t\t\t<\/div>\n\t\t<\/div>\n\t\t\t\t\t<\/div>\n\t\t<\/section>\n\t\t\t\t<section class=\"elementor-section elementor-top-section elementor-element elementor-element-dff1dc1 elementor-section-boxed elementor-section-height-default elementor-section-height-default\" data-id=\"dff1dc1\" data-element_type=\"section\">\n\t\t\t\t\t\t<div class=\"elementor-container elementor-column-gap-default\">\n\t\t\t\t\t<div class=\"elementor-column elementor-col-100 elementor-top-column elementor-element elementor-element-b13b47e\" data-id=\"b13b47e\" data-element_type=\"column\">\n\t\t\t<div class=\"elementor-widget-wrap elementor-element-populated\">\n\t\t\t\t\t\t<div class=\"elementor-element elementor-element-f7e89dc elementor-widget elementor-widget-text-editor\" data-id=\"f7e89dc\" data-element_type=\"widget\" data-widget_type=\"text-editor.default\">\n\t\t\t\t<div class=\"elementor-widget-container\">\n\t\t\t\t\t\t\t\t\t<p>Cavendish Health is at the center of all health services. It enables its guests, who want to receive health services, to optimize their treatment costs with analytical solutions and the quality &amp; price balance.<\/p><p>Cavendish Health&#8217;s cost control services derive their strength from the success of the healthcare industry and its practices, as well as the experience of its team, and its transparent business model based on &#8220;the most affordable pricing available for quality treatment in Turkey and in the world&#8221;<\/p><p>The transparency of the Cavendish Health business model is registered by not using factors that would harm the interests of its guests. Cavendish Health is an independent health management institution that is equidistant from its solution partners, cares about performance-based success, and values cooperation with service providers. It receives quality and advantageous health services for its guests from its experience in the health sector and from sustainable policies that consider the common interest of all business partners.<\/p><p>The Cavendish Health cost control program provides the following solutions to health insurance companies and similar institutions;<\/p><ul><li>Privileged package\/list price agreements with hospitals and clinics<\/li><li>Cost controls on reports and invoices<\/li><li>Invoice controls and discounts based on the treatment process<\/li><li>Affordable and sustainable price guarantees<\/li><li>Regular analyzes and market research by offering the ideal conditions for health expenditures<\/li><li>Ongoing reliable pricing and billing practices with healthcare institutions<\/li><\/ul><p>Cavendish Health healthcare management services act as a bridge between healthcare expenditure contractors, hospitals, clinics, and guests, leading the way in eliminating coordination problems in processes, increasing efficiency, providing maximum savings for contractors, and increasing patient satisfaction.<\/p><p>\u201cSpecialized health management\u201d with fast case management and paperwork procedure; it handles the file operations of healthcare and hospitals and provides value-added efficiency for all stages.<\/p><p>The mentioned specialized health management support services are listed as follows: Administrative proceedings, payment cycle management, document and case management, treatment referral and advice, medical tourism operation management, treatment plan production, treatment follow-up, process management, travel arrangements and post-treatment support, medical cost management, local and international network management, cost control, secondary medical opinion service, medical consultancy, medical transfer &amp; air and land ambulance services, 24\/7 online solution.<\/p>\t\t\t\t\t\t\t\t<\/div>\n\t\t\t\t<\/div>\n\t\t\t\t\t<\/div>\n\t\t<\/div>\n\t\t\t\t\t<\/div>\n\t\t<\/section>\n\t\t\t\t<section class=\"elementor-section elementor-top-section elementor-element elementor-element-add31e6 elementor-section-full_width elementor-section-height-min-height elementor-section-height-default elementor-section-items-middle\" data-id=\"add31e6\" data-element_type=\"section\" data-settings=\"{&quot;background_background&quot;:&quot;classic&quot;}\">\n\t\t\t\t\t\t<div class=\"elementor-container elementor-column-gap-no\">\n\t\t\t\t\t<div class=\"elementor-column elementor-col-100 elementor-top-column elementor-element elementor-element-40d194e\" data-id=\"40d194e\" data-element_type=\"column\">\n\t\t\t<div class=\"elementor-widget-wrap elementor-element-populated\">\n\t\t\t\t\t\t<section class=\"elementor-section elementor-inner-section elementor-element elementor-element-bf5b3ca elementor-section-boxed elementor-section-height-default elementor-section-height-default\" data-id=\"bf5b3ca\" data-element_type=\"section\">\n\t\t\t\t\t\t<div class=\"elementor-container elementor-column-gap-no\">\n\t\t\t\t\t<div class=\"elementor-column elementor-col-50 elementor-inner-column elementor-element elementor-element-b536349\" data-id=\"b536349\" data-element_type=\"column\">\n\t\t\t<div class=\"elementor-widget-wrap elementor-element-populated\">\n\t\t\t\t\t\t<div class=\"elementor-element elementor-element-50d322b elementor-widget__width-auto elementor-widget-tablet__width-initial elementor-widget-mobile__width-inherit elementor-view-default elementor-widget elementor-widget-icon\" data-id=\"50d322b\" data-element_type=\"widget\" data-widget_type=\"icon.default\">\n\t\t\t\t<div class=\"elementor-widget-container\">\n\t\t\t\t\t\t\t<div class=\"elementor-icon-wrapper\">\n\t\t\t<div class=\"elementor-icon\">\n\t\t\t<i aria-hidden=\"true\" class=\"fas fa-phone-alt\"><\/i>\t\t\t<\/div>\n\t\t<\/div>\n\t\t\t\t\t\t<\/div>\n\t\t\t\t<\/div>\n\t\t\t\t<div class=\"elementor-element elementor-element-28da7d9 elementor-widget__width-auto elementor-widget-tablet__width-initial elementor-widget-mobile__width-inherit elementor-widget elementor-widget-icon-box\" data-id=\"28da7d9\" data-element_type=\"widget\" data-widget_type=\"icon-box.default\">\n\t\t\t\t<div class=\"elementor-widget-container\">\n\t\t\t\t\t\t\t<div class=\"elementor-icon-box-wrapper\">\n\n\t\t\t\n\t\t\t\t\t\t<div class=\"elementor-icon-box-content\">\n\n\t\t\t\t\t\t\t\t\t<h6 class=\"elementor-icon-box-title\">\n\t\t\t\t\t\t<span  >\n\t\t\t\t\t\t\tContact Us\t\t\t\t\t\t<\/span>\n\t\t\t\t\t<\/h6>\n\t\t\t\t\n\t\t\t\t\t\t\t\t\t<p class=\"elementor-icon-box-description\">\n\t\t\t\t\t\tLet our experts answer your questions.\t\t\t\t\t<\/p>\n\t\t\t\t\n\t\t\t<\/div>\n\t\t\t\n\t\t<\/div>\n\t\t\t\t\t\t<\/div>\n\t\t\t\t<\/div>\n\t\t\t\t\t<\/div>\n\t\t<\/div>\n\t\t\t\t<div class=\"elementor-column elementor-col-50 elementor-inner-column elementor-element elementor-element-6000523\" data-id=\"6000523\" data-element_type=\"column\">\n\t\t\t<div class=\"elementor-widget-wrap elementor-element-populated\">\n\t\t\t\t\t\t<div class=\"elementor-element elementor-element-4fef9e0 elementor-align-right elementor-mobile-align-center elementor-widget elementor-widget-button\" data-id=\"4fef9e0\" data-element_type=\"widget\" data-widget_type=\"button.default\">\n\t\t\t\t<div class=\"elementor-widget-container\">\n\t\t\t\t\t\t\t\t\t<div class=\"elementor-button-wrapper\">\n\t\t\t\t\t<a class=\"elementor-button elementor-button-link elementor-size-sm\" href=\"https:\/\/www.cavendishsaglik.com\/en\/contact\/\">\n\t\t\t\t\t\t<span class=\"elementor-button-content-wrapper\">\n\t\t\t\t\t\t\t\t\t<span class=\"elementor-button-text\">Contact Us<\/span>\n\t\t\t\t\t<\/span>\n\t\t\t\t\t<\/a>\n\t\t\t\t<\/div>\n\t\t\t\t\t\t\t\t<\/div>\n\t\t\t\t<\/div>\n\t\t\t\t\t<\/div>\n\t\t<\/div>\n\t\t\t\t\t<\/div>\n\t\t<\/section>\n\t\t\t\t\t<\/div>\n\t\t<\/div>\n\t\t\t\t\t<\/div>\n\t\t<\/section>\n\t\t\t\t<\/div>\n\t\t","protected":false},"excerpt":{"rendered":"<p>Our Services TOURISM ORGANISATION INTERMEDIARY HEALTH SERVICES Cavendish Health is at the center of all health services. It enables its guests, who want to receive health services, to optimize their treatment costs with analytical solutions and the quality &amp; price balance. Cavendish Health&#8217;s cost control services derive their strength from the success of the healthcare &hellip; <\/p>\n<p class=\"link-more\"><a href=\"https:\/\/www.cavendishsaglik.com\/en\/our-services\/\" class=\"more-link\">Okumaya devam et<span class=\"screen-reader-text\"> &#8220;Our Services&#8221;<\/span><\/a><\/p>\n","protected":false},"author":1,"featured_media":0,"parent":0,"menu_order":0,"comment_status":"closed","ping_status":"closed","template":"elementor_header_footer","meta":{"_themeisle_gutenberg_block_has_review":false,"footnotes":""},"class_list":["post-358","page","type-page","status-publish","hentry","entry"],"yoast_head":"<!-- This site is optimized with the Yoast SEO plugin v26.5 - https:\/\/yoast.com\/wordpress\/plugins\/seo\/ -->\n<title>Our Services - Cavendish Health<\/title>\n<meta name=\"robots\" content=\"index, follow, max-snippet:-1, max-image-preview:large, max-video-preview:-1\" \/>\n<link rel=\"canonical\" href=\"https:\/\/www.cavendishsaglik.com\/en\/our-services\/\" \/>\n<meta property=\"og:locale\" content=\"tr_TR\" \/>\n<meta property=\"og:type\" content=\"article\" \/>\n<meta property=\"og:title\" content=\"Our Services - Cavendish Health\" \/>\n<meta property=\"og:description\" content=\"Our Services TOURISM ORGANISATION INTERMEDIARY HEALTH SERVICES Cavendish Health is at the center of all health services. It enables its guests, who want to receive health services, to optimize their treatment costs with analytical solutions and the quality &amp; price balance. Cavendish Health&#8217;s cost control services derive their strength from the success of the healthcare &hellip; Okumaya devam et &quot;Our Services&quot;\" \/>\n<meta property=\"og:url\" content=\"https:\/\/www.cavendishsaglik.com\/en\/our-services\/\" \/>\n<meta property=\"og:site_name\" content=\"Cavendish Health\" \/>\n<meta property=\"article:modified_time\" content=\"2022-10-20T10:34:55+00:00\" \/>\n<meta property=\"og:image\" content=\"http:\/\/www.cavendishsaglik.com\/en\/wp-content\/uploads\/elementor\/thumbs\/CavendishHealth-SaglikTurizmi-MiniBanner400x250-pwe6p4tu9kj27oprx43dbmlynwkb050ykqboezdq0w.jpg\" \/>\n<meta name=\"twitter:card\" content=\"summary_large_image\" \/>\n<meta name=\"twitter:label1\" content=\"Tahmini okuma s\u00fcresi\" \/>\n\t<meta name=\"twitter:data1\" content=\"3 dakika\" \/>\n<script type=\"application\/ld+json\" class=\"yoast-schema-graph\">{\"@context\":\"https:\/\/schema.org\",\"@graph\":[{\"@type\":\"WebPage\",\"@id\":\"https:\/\/www.cavendishsaglik.com\/en\/our-services\/\",\"url\":\"https:\/\/www.cavendishsaglik.com\/en\/our-services\/\",\"name\":\"Our Services - Cavendish Health\",\"isPartOf\":{\"@id\":\"https:\/\/www.cavendishsaglik.com\/en\/#website\"},\"primaryImageOfPage\":{\"@id\":\"https:\/\/www.cavendishsaglik.com\/en\/our-services\/#primaryimage\"},\"image\":{\"@id\":\"https:\/\/www.cavendishsaglik.com\/en\/our-services\/#primaryimage\"},\"thumbnailUrl\":\"http:\/\/www.cavendishsaglik.com\/en\/wp-content\/uploads\/elementor\/thumbs\/CavendishHealth-SaglikTurizmi-MiniBanner400x250-pwe6p4tu9kj27oprx43dbmlynwkb050ykqboezdq0w.jpg\",\"datePublished\":\"2021-07-06T14:44:05+00:00\",\"dateModified\":\"2022-10-20T10:34:55+00:00\",\"breadcrumb\":{\"@id\":\"https:\/\/www.cavendishsaglik.com\/en\/our-services\/#breadcrumb\"},\"inLanguage\":\"tr\",\"potentialAction\":[{\"@type\":\"ReadAction\",\"target\":[\"https:\/\/www.cavendishsaglik.com\/en\/our-services\/\"]}]},{\"@type\":\"ImageObject\",\"inLanguage\":\"tr\",\"@id\":\"https:\/\/www.cavendishsaglik.com\/en\/our-services\/#primaryimage\",\"url\":\"http:\/\/www.cavendishsaglik.com\/en\/wp-content\/uploads\/elementor\/thumbs\/CavendishHealth-SaglikTurizmi-MiniBanner400x250-pwe6p4tu9kj27oprx43dbmlynwkb050ykqboezdq0w.jpg\",\"contentUrl\":\"http:\/\/www.cavendishsaglik.com\/en\/wp-content\/uploads\/elementor\/thumbs\/CavendishHealth-SaglikTurizmi-MiniBanner400x250-pwe6p4tu9kj27oprx43dbmlynwkb050ykqboezdq0w.jpg\"},{\"@type\":\"BreadcrumbList\",\"@id\":\"https:\/\/www.cavendishsaglik.com\/en\/our-services\/#breadcrumb\",\"itemListElement\":[{\"@type\":\"ListItem\",\"position\":1,\"name\":\"Anasayfa\",\"item\":\"https:\/\/www.cavendishsaglik.com\/en\/\"},{\"@type\":\"ListItem\",\"position\":2,\"name\":\"Our Services\"}]},{\"@type\":\"WebSite\",\"@id\":\"https:\/\/www.cavendishsaglik.com\/en\/#website\",\"url\":\"https:\/\/www.cavendishsaglik.com\/en\/\",\"name\":\"Cavendish Health\",\"description\":\"Uluslararas\u0131 Sa\u011fl\u0131k Turizmi Acentesi\",\"potentialAction\":[{\"@type\":\"SearchAction\",\"target\":{\"@type\":\"EntryPoint\",\"urlTemplate\":\"https:\/\/www.cavendishsaglik.com\/en\/?s={search_term_string}\"},\"query-input\":{\"@type\":\"PropertyValueSpecification\",\"valueRequired\":true,\"valueName\":\"search_term_string\"}}],\"inLanguage\":\"tr\"}]}<\/script>\n<!-- \/ Yoast SEO plugin. -->","yoast_head_json":{"title":"Our Services - Cavendish Health","robots":{"index":"index","follow":"follow","max-snippet":"max-snippet:-1","max-image-preview":"max-image-preview:large","max-video-preview":"max-video-preview:-1"},"canonical":"https:\/\/www.cavendishsaglik.com\/en\/our-services\/","og_locale":"tr_TR","og_type":"article","og_title":"Our Services - Cavendish Health","og_description":"Our Services TOURISM ORGANISATION INTERMEDIARY HEALTH SERVICES Cavendish Health is at the center of all health services. It enables its guests, who want to receive health services, to optimize their treatment costs with analytical solutions and the quality &amp; price balance. Cavendish Health&#8217;s cost control services derive their strength from the success of the healthcare &hellip; Okumaya devam et \"Our Services\"","og_url":"https:\/\/www.cavendishsaglik.com\/en\/our-services\/","og_site_name":"Cavendish Health","article_modified_time":"2022-10-20T10:34:55+00:00","og_image":[{"url":"http:\/\/www.cavendishsaglik.com\/en\/wp-content\/uploads\/elementor\/thumbs\/CavendishHealth-SaglikTurizmi-MiniBanner400x250-pwe6p4tu9kj27oprx43dbmlynwkb050ykqboezdq0w.jpg","type":"","width":"","height":""}],"twitter_card":"summary_large_image","twitter_misc":{"Tahmini okuma s\u00fcresi":"3 dakika"},"schema":{"@context":"https:\/\/schema.org","@graph":[{"@type":"WebPage","@id":"https:\/\/www.cavendishsaglik.com\/en\/our-services\/","url":"https:\/\/www.cavendishsaglik.com\/en\/our-services\/","name":"Our Services - Cavendish Health","isPartOf":{"@id":"https:\/\/www.cavendishsaglik.com\/en\/#website"},"primaryImageOfPage":{"@id":"https:\/\/www.cavendishsaglik.com\/en\/our-services\/#primaryimage"},"image":{"@id":"https:\/\/www.cavendishsaglik.com\/en\/our-services\/#primaryimage"},"thumbnailUrl":"http:\/\/www.cavendishsaglik.com\/en\/wp-content\/uploads\/elementor\/thumbs\/CavendishHealth-SaglikTurizmi-MiniBanner400x250-pwe6p4tu9kj27oprx43dbmlynwkb050ykqboezdq0w.jpg","datePublished":"2021-07-06T14:44:05+00:00","dateModified":"2022-10-20T10:34:55+00:00","breadcrumb":{"@id":"https:\/\/www.cavendishsaglik.com\/en\/our-services\/#breadcrumb"},"inLanguage":"tr","potentialAction":[{"@type":"ReadAction","target":["https:\/\/www.cavendishsaglik.com\/en\/our-services\/"]}]},{"@type":"ImageObject","inLanguage":"tr","@id":"https:\/\/www.cavendishsaglik.com\/en\/our-services\/#primaryimage","url":"http:\/\/www.cavendishsaglik.com\/en\/wp-content\/uploads\/elementor\/thumbs\/CavendishHealth-SaglikTurizmi-MiniBanner400x250-pwe6p4tu9kj27oprx43dbmlynwkb050ykqboezdq0w.jpg","contentUrl":"http:\/\/www.cavendishsaglik.com\/en\/wp-content\/uploads\/elementor\/thumbs\/CavendishHealth-SaglikTurizmi-MiniBanner400x250-pwe6p4tu9kj27oprx43dbmlynwkb050ykqboezdq0w.jpg"},{"@type":"BreadcrumbList","@id":"https:\/\/www.cavendishsaglik.com\/en\/our-services\/#breadcrumb","itemListElement":[{"@type":"ListItem","position":1,"name":"Anasayfa","item":"https:\/\/www.cavendishsaglik.com\/en\/"},{"@type":"ListItem","position":2,"name":"Our Services"}]},{"@type":"WebSite","@id":"https:\/\/www.cavendishsaglik.com\/en\/#website","url":"https:\/\/www.cavendishsaglik.com\/en\/","name":"Cavendish Health","description":"Uluslararas\u0131 Sa\u011fl\u0131k Turizmi Acentesi","potentialAction":[{"@type":"SearchAction","target":{"@type":"EntryPoint","urlTemplate":"https:\/\/www.cavendishsaglik.com\/en\/?s={search_term_string}"},"query-input":{"@type":"PropertyValueSpecification","valueRequired":true,"valueName":"search_term_string"}}],"inLanguage":"tr"}]}},"_links":{"self":[{"href":"https:\/\/www.cavendishsaglik.com\/en\/wp-json\/wp\/v2\/pages\/358","targetHints":{"allow":["GET"]}}],"collection":[{"href":"https:\/\/www.cavendishsaglik.com\/en\/wp-json\/wp\/v2\/pages"}],"about":[{"href":"https:\/\/www.cavendishsaglik.com\/en\/wp-json\/wp\/v2\/types\/page"}],"author":[{"embeddable":true,"href":"https:\/\/www.cavendishsaglik.com\/en\/wp-json\/wp\/v2\/users\/1"}],"replies":[{"embeddable":true,"href":"https:\/\/www.cavendishsaglik.com\/en\/wp-json\/wp\/v2\/comments?post=358"}],"version-history":[{"count":59,"href":"https:\/\/www.cavendishsaglik.com\/en\/wp-json\/wp\/v2\/pages\/358\/revisions"}],"predecessor-version":[{"id":1420,"href":"https:\/\/www.cavendishsaglik.com\/en\/wp-json\/wp\/v2\/pages\/358\/revisions\/1420"}],"wp:attachment":[{"href":"https:\/\/www.cavendishsaglik.com\/en\/wp-json\/wp\/v2\/media?parent=358"}],"curies":[{"name":"wp","href":"https:\/\/api.w.org\/{rel}","templated":true}]}}