{"id":519,"date":"2021-07-31T11:13:25","date_gmt":"2021-07-31T11:13:25","guid":{"rendered":"https:\/\/www.cavendishsaglik.com\/en\/?page_id=519"},"modified":"2025-12-05T09:46:04","modified_gmt":"2025-12-05T09:46:04","slug":"about-us","status":"publish","type":"page","link":"https:\/\/www.cavendishsaglik.com\/en\/about-us\/","title":{"rendered":"About Us"},"content":{"rendered":"\t\t<div data-elementor-type=\"wp-page\" data-elementor-id=\"519\" class=\"elementor elementor-519\">\n\t\t\t\t\t\t<section class=\"elementor-section elementor-top-section elementor-element elementor-element-3ee8079e elementor-section-full_width elementor-section-height-min-height elementor-section-height-default elementor-section-items-middle\" data-id=\"3ee8079e\" data-element_type=\"section\" data-settings=\"{&quot;background_background&quot;:&quot;classic&quot;}\">\n\t\t\t\t\t\t\t<div class=\"elementor-background-overlay\"><\/div>\n\t\t\t\t\t\t\t<div class=\"elementor-container elementor-column-gap-no\">\n\t\t\t\t\t<div class=\"elementor-column elementor-col-100 elementor-top-column elementor-element elementor-element-6b9bffdf\" data-id=\"6b9bffdf\" data-element_type=\"column\">\n\t\t\t<div class=\"elementor-widget-wrap elementor-element-populated\">\n\t\t\t\t\t\t<section class=\"elementor-section elementor-inner-section elementor-element elementor-element-5601ada9 elementor-section-boxed elementor-section-height-default elementor-section-height-default\" data-id=\"5601ada9\" data-element_type=\"section\">\n\t\t\t\t\t\t<div class=\"elementor-container elementor-column-gap-no\">\n\t\t\t\t\t<div class=\"elementor-column elementor-col-100 elementor-inner-column elementor-element elementor-element-5d04bc77\" data-id=\"5d04bc77\" data-element_type=\"column\">\n\t\t\t<div class=\"elementor-widget-wrap elementor-element-populated\">\n\t\t\t\t\t\t<div class=\"elementor-element elementor-element-711bd505 elementor-widget elementor-widget-heading\" data-id=\"711bd505\" data-element_type=\"widget\" data-widget_type=\"heading.default\">\n\t\t\t\t<div class=\"elementor-widget-container\">\n\t\t\t\t\t<h4 class=\"elementor-heading-title elementor-size-default\">About Us<\/h4>\t\t\t\t<\/div>\n\t\t\t\t<\/div>\n\t\t\t\t\t<\/div>\n\t\t<\/div>\n\t\t\t\t\t<\/div>\n\t\t<\/section>\n\t\t\t\t\t<\/div>\n\t\t<\/div>\n\t\t\t\t\t<\/div>\n\t\t<\/section>\n\t\t\t\t<section class=\"elementor-section elementor-top-section elementor-element elementor-element-fd90642 elementor-section-boxed elementor-section-height-default elementor-section-height-default\" data-id=\"fd90642\" data-element_type=\"section\" data-settings=\"{&quot;background_background&quot;:&quot;classic&quot;}\">\n\t\t\t\t\t\t<div class=\"elementor-container elementor-column-gap-no\">\n\t\t\t\t\t<div class=\"elementor-column elementor-col-100 elementor-top-column elementor-element elementor-element-b057c09\" data-id=\"b057c09\" data-element_type=\"column\">\n\t\t\t<div class=\"elementor-widget-wrap elementor-element-populated\">\n\t\t\t\t\t\t<section class=\"elementor-section elementor-inner-section elementor-element elementor-element-399280e elementor-section-boxed elementor-section-height-default elementor-section-height-default\" data-id=\"399280e\" data-element_type=\"section\">\n\t\t\t\t\t\t<div class=\"elementor-container elementor-column-gap-no\">\n\t\t\t\t\t<div class=\"elementor-column elementor-col-100 elementor-inner-column elementor-element elementor-element-0705a72\" data-id=\"0705a72\" data-element_type=\"column\">\n\t\t\t<div class=\"elementor-widget-wrap elementor-element-populated\">\n\t\t\t\t\t\t<div class=\"elementor-element elementor-element-4e28f94 elementor-widget elementor-widget-image\" data-id=\"4e28f94\" data-element_type=\"widget\" data-widget_type=\"image.default\">\n\t\t\t\t<div class=\"elementor-widget-container\">\n\t\t\t\t\t\t\t\t\t\t\t\t\t\t\t<img decoding=\"async\" src=\"https:\/\/www.cavendishsaglik.com\/en\/wp-content\/uploads\/elementor\/thumbs\/CavendishHealth-Hakkimda700x469-pwe6o6zr33l6qujp5c1mdfxfta5odgz078cyqekjog.jpg\" title=\"CavendishHealth-Hakk\u0131mda(700&#215;469)\" alt=\"CavendishHealth-Hakk\u0131mda(700x469)\" loading=\"lazy\" \/>\t\t\t\t\t\t\t\t\t\t\t\t\t\t\t<\/div>\n\t\t\t\t<\/div>\n\t\t\t\t<div class=\"elementor-element elementor-element-8787a7e elementor-widget elementor-widget-heading\" data-id=\"8787a7e\" data-element_type=\"widget\" data-widget_type=\"heading.default\">\n\t\t\t\t<div class=\"elementor-widget-container\">\n\t\t\t\t\t<h4 class=\"elementor-heading-title elementor-size-default\">About Us<\/h4>\t\t\t\t<\/div>\n\t\t\t\t<\/div>\n\t\t\t\t<div class=\"elementor-element elementor-element-bc74364 elementor-widget elementor-widget-text-editor\" data-id=\"bc74364\" data-element_type=\"widget\" data-widget_type=\"text-editor.default\">\n\t\t\t\t<div class=\"elementor-widget-container\">\n\t\t\t\t\t\t\t\t\t<p>Cavendish Health, which is constantly growing with its professional staff and whose name expresses quality, reliability, and benefit, is an international health management consultancy and organization company.<\/p><p>Health management services are the core business of Cavendish Health, which offers comprehensive solutions to both local and international guests. Cavendish Health aims to create creative solutions and create value for end users and corporate guests while minimizing costs in all assistant services. It offers full-fledged guidance for the patient and their companions in the whole process, by recommending the most appropriate options for anyone considering traveling for treatment, in the country or abroad.<\/p><p><img fetchpriority=\"high\" decoding=\"async\" class=\"size-full wp-image-1625 aligncenter\" src=\"https:\/\/www.cavendishsaglik.com\/en\/wp-content\/uploads\/2025\/12\/cavendish-saglik-yetki-belgesi.jpg\" alt=\"\" width=\"900\" height=\"639\" srcset=\"https:\/\/www.cavendishsaglik.com\/en\/wp-content\/uploads\/2025\/12\/cavendish-saglik-yetki-belgesi.jpg 900w, https:\/\/www.cavendishsaglik.com\/en\/wp-content\/uploads\/2025\/12\/cavendish-saglik-yetki-belgesi-300x213.jpg 300w, https:\/\/www.cavendishsaglik.com\/en\/wp-content\/uploads\/2025\/12\/cavendish-saglik-yetki-belgesi-768x545.jpg 768w\" sizes=\"(max-width: 900px) 100vw, 900px\" \/><\/p><p>A health management center consisting of medical network managers and experienced damage assessment experts; minimizes the resulting costs by evaluating them within the framework of laws, regulations, and ethical practice principles, by controlling them on behalf of both guest companies and service recipients.<\/p><p>Cavendish Health is health tourism and assistant institution that provides services at international quality standards by offering the widest health network in Turkey to its guests from many parts of the world.<\/p><p>Cavendish Health is also able to develop new healthcare products that can meet the needs of the industry. Thanks to this range of services, we can offer fast and reliable solutions for medical and technical assistance services with our specialized healthcare staff.<\/p><p>Cavendish Health continues to strengthen its presence in the sector with its innovative methods in its organizational structure.<\/p>\t\t\t\t\t\t\t\t<\/div>\n\t\t\t\t<\/div>\n\t\t\t\t\t<\/div>\n\t\t<\/div>\n\t\t\t\t\t<\/div>\n\t\t<\/section>\n\t\t\t\t\t<\/div>\n\t\t<\/div>\n\t\t\t\t\t<\/div>\n\t\t<\/section>\n\t\t\t\t<section class=\"elementor-section elementor-top-section elementor-element elementor-element-67a68bc elementor-section-full_width elementor-section-height-min-height elementor-section-height-default elementor-section-items-middle\" data-id=\"67a68bc\" data-element_type=\"section\" data-settings=\"{&quot;background_background&quot;:&quot;classic&quot;}\">\n\t\t\t\t\t\t<div class=\"elementor-container elementor-column-gap-no\">\n\t\t\t\t\t<div class=\"elementor-column elementor-col-100 elementor-top-column elementor-element elementor-element-9f42e1f\" data-id=\"9f42e1f\" data-element_type=\"column\">\n\t\t\t<div class=\"elementor-widget-wrap elementor-element-populated\">\n\t\t\t\t\t\t<section class=\"elementor-section elementor-inner-section elementor-element elementor-element-2d13d3a elementor-section-boxed elementor-section-height-default elementor-section-height-default\" data-id=\"2d13d3a\" data-element_type=\"section\">\n\t\t\t\t\t\t<div class=\"elementor-container elementor-column-gap-no\">\n\t\t\t\t\t<div class=\"elementor-column elementor-col-50 elementor-inner-column elementor-element elementor-element-d773b4c\" data-id=\"d773b4c\" data-element_type=\"column\">\n\t\t\t<div class=\"elementor-widget-wrap elementor-element-populated\">\n\t\t\t\t\t\t<div class=\"elementor-element elementor-element-316a6f9 elementor-widget__width-auto elementor-widget-tablet__width-initial elementor-widget-mobile__width-inherit elementor-view-default elementor-widget elementor-widget-icon\" data-id=\"316a6f9\" data-element_type=\"widget\" data-widget_type=\"icon.default\">\n\t\t\t\t<div class=\"elementor-widget-container\">\n\t\t\t\t\t\t\t<div class=\"elementor-icon-wrapper\">\n\t\t\t<div class=\"elementor-icon\">\n\t\t\t<i aria-hidden=\"true\" class=\"fas fa-phone-alt\"><\/i>\t\t\t<\/div>\n\t\t<\/div>\n\t\t\t\t\t\t<\/div>\n\t\t\t\t<\/div>\n\t\t\t\t<div class=\"elementor-element elementor-element-89c2d8d elementor-widget__width-auto elementor-widget-tablet__width-initial elementor-widget-mobile__width-inherit elementor-widget elementor-widget-icon-box\" data-id=\"89c2d8d\" data-element_type=\"widget\" data-widget_type=\"icon-box.default\">\n\t\t\t\t<div class=\"elementor-widget-container\">\n\t\t\t\t\t\t\t<div class=\"elementor-icon-box-wrapper\">\n\n\t\t\t\n\t\t\t\t\t\t<div class=\"elementor-icon-box-content\">\n\n\t\t\t\t\t\t\t\t\t<h6 class=\"elementor-icon-box-title\">\n\t\t\t\t\t\t<span  >\n\t\t\t\t\t\t\tContact Us\t\t\t\t\t\t<\/span>\n\t\t\t\t\t<\/h6>\n\t\t\t\t\n\t\t\t\t\t\t\t\t\t<p class=\"elementor-icon-box-description\">\n\t\t\t\t\t\tLet our experts answer your questions.\t\t\t\t\t<\/p>\n\t\t\t\t\n\t\t\t<\/div>\n\t\t\t\n\t\t<\/div>\n\t\t\t\t\t\t<\/div>\n\t\t\t\t<\/div>\n\t\t\t\t\t<\/div>\n\t\t<\/div>\n\t\t\t\t<div class=\"elementor-column elementor-col-50 elementor-inner-column elementor-element elementor-element-e6e77ab\" data-id=\"e6e77ab\" data-element_type=\"column\">\n\t\t\t<div class=\"elementor-widget-wrap elementor-element-populated\">\n\t\t\t\t\t\t<div class=\"elementor-element elementor-element-abb6a98 elementor-align-right elementor-mobile-align-center elementor-widget elementor-widget-button\" data-id=\"abb6a98\" data-element_type=\"widget\" data-widget_type=\"button.default\">\n\t\t\t\t<div class=\"elementor-widget-container\">\n\t\t\t\t\t\t\t\t\t<div class=\"elementor-button-wrapper\">\n\t\t\t\t\t<a class=\"elementor-button elementor-button-link elementor-size-sm\" href=\"https:\/\/www.cavendishsaglik.com\/en\/contact\/\">\n\t\t\t\t\t\t<span class=\"elementor-button-content-wrapper\">\n\t\t\t\t\t\t\t\t\t<span class=\"elementor-button-text\">Contact Us<\/span>\n\t\t\t\t\t<\/span>\n\t\t\t\t\t<\/a>\n\t\t\t\t<\/div>\n\t\t\t\t\t\t\t\t<\/div>\n\t\t\t\t<\/div>\n\t\t\t\t\t<\/div>\n\t\t<\/div>\n\t\t\t\t\t<\/div>\n\t\t<\/section>\n\t\t\t\t\t<\/div>\n\t\t<\/div>\n\t\t\t\t\t<\/div>\n\t\t<\/section>\n\t\t\t\t<\/div>\n\t\t","protected":false},"excerpt":{"rendered":"<p>About Us About Us Cavendish Health, which is constantly growing with its professional staff and whose name expresses quality, reliability, and benefit, is an international health management consultancy and organization company. Health management services are the core business of Cavendish Health, which offers comprehensive solutions to both local and international guests. Cavendish Health aims to &hellip; <\/p>\n<p class=\"link-more\"><a href=\"https:\/\/www.cavendishsaglik.com\/en\/about-us\/\" class=\"more-link\">Okumaya devam et<span class=\"screen-reader-text\"> &#8220;About Us&#8221;<\/span><\/a><\/p>\n","protected":false},"author":1,"featured_media":0,"parent":0,"menu_order":0,"comment_status":"closed","ping_status":"closed","template":"elementor_header_footer","meta":{"_themeisle_gutenberg_block_has_review":false,"footnotes":""},"class_list":["post-519","page","type-page","status-publish","hentry","entry"],"yoast_head":"<!-- This site is optimized with the Yoast SEO plugin v26.5 - https:\/\/yoast.com\/wordpress\/plugins\/seo\/ -->\n<title>About Us - Cavendish Health<\/title>\n<meta name=\"robots\" content=\"index, follow, max-snippet:-1, max-image-preview:large, max-video-preview:-1\" \/>\n<link rel=\"canonical\" href=\"https:\/\/www.cavendishsaglik.com\/en\/about-us\/\" \/>\n<meta property=\"og:locale\" content=\"tr_TR\" \/>\n<meta property=\"og:type\" content=\"article\" \/>\n<meta property=\"og:title\" content=\"About Us - Cavendish Health\" \/>\n<meta property=\"og:description\" content=\"About Us About Us Cavendish Health, which is constantly growing with its professional staff and whose name expresses quality, reliability, and benefit, is an international health management consultancy and organization company. Health management services are the core business of Cavendish Health, which offers comprehensive solutions to both local and international guests. Cavendish Health aims to &hellip; Okumaya devam et &quot;About Us&quot;\" \/>\n<meta property=\"og:url\" content=\"https:\/\/www.cavendishsaglik.com\/en\/about-us\/\" \/>\n<meta property=\"og:site_name\" content=\"Cavendish Health\" \/>\n<meta property=\"article:modified_time\" content=\"2025-12-05T09:46:04+00:00\" \/>\n<meta property=\"og:image\" content=\"https:\/\/www.cavendishsaglik.com\/en\/wp-content\/uploads\/elementor\/thumbs\/CavendishHealth-Hakkimda700x469-pwe6o6zr33l6qujp5c1mdfxfta5odgz078cyqekjog.jpg\" \/>\n<meta name=\"twitter:card\" content=\"summary_large_image\" \/>\n<meta name=\"twitter:label1\" content=\"Tahmini okuma s\u00fcresi\" \/>\n\t<meta name=\"twitter:data1\" content=\"2 dakika\" \/>\n<script type=\"application\/ld+json\" class=\"yoast-schema-graph\">{\"@context\":\"https:\/\/schema.org\",\"@graph\":[{\"@type\":\"WebPage\",\"@id\":\"https:\/\/www.cavendishsaglik.com\/en\/about-us\/\",\"url\":\"https:\/\/www.cavendishsaglik.com\/en\/about-us\/\",\"name\":\"About Us - Cavendish Health\",\"isPartOf\":{\"@id\":\"https:\/\/www.cavendishsaglik.com\/en\/#website\"},\"primaryImageOfPage\":{\"@id\":\"https:\/\/www.cavendishsaglik.com\/en\/about-us\/#primaryimage\"},\"image\":{\"@id\":\"https:\/\/www.cavendishsaglik.com\/en\/about-us\/#primaryimage\"},\"thumbnailUrl\":\"https:\/\/www.cavendishsaglik.com\/en\/wp-content\/uploads\/elementor\/thumbs\/CavendishHealth-Hakkimda700x469-pwe6o6zr33l6qujp5c1mdfxfta5odgz078cyqekjog.jpg\",\"datePublished\":\"2021-07-31T11:13:25+00:00\",\"dateModified\":\"2025-12-05T09:46:04+00:00\",\"breadcrumb\":{\"@id\":\"https:\/\/www.cavendishsaglik.com\/en\/about-us\/#breadcrumb\"},\"inLanguage\":\"tr\",\"potentialAction\":[{\"@type\":\"ReadAction\",\"target\":[\"https:\/\/www.cavendishsaglik.com\/en\/about-us\/\"]}]},{\"@type\":\"ImageObject\",\"inLanguage\":\"tr\",\"@id\":\"https:\/\/www.cavendishsaglik.com\/en\/about-us\/#primaryimage\",\"url\":\"https:\/\/www.cavendishsaglik.com\/en\/wp-content\/uploads\/elementor\/thumbs\/CavendishHealth-Hakkimda700x469-pwe6o6zr33l6qujp5c1mdfxfta5odgz078cyqekjog.jpg\",\"contentUrl\":\"https:\/\/www.cavendishsaglik.com\/en\/wp-content\/uploads\/elementor\/thumbs\/CavendishHealth-Hakkimda700x469-pwe6o6zr33l6qujp5c1mdfxfta5odgz078cyqekjog.jpg\"},{\"@type\":\"BreadcrumbList\",\"@id\":\"https:\/\/www.cavendishsaglik.com\/en\/about-us\/#breadcrumb\",\"itemListElement\":[{\"@type\":\"ListItem\",\"position\":1,\"name\":\"Anasayfa\",\"item\":\"https:\/\/www.cavendishsaglik.com\/en\/\"},{\"@type\":\"ListItem\",\"position\":2,\"name\":\"About Us\"}]},{\"@type\":\"WebSite\",\"@id\":\"https:\/\/www.cavendishsaglik.com\/en\/#website\",\"url\":\"https:\/\/www.cavendishsaglik.com\/en\/\",\"name\":\"Cavendish Health\",\"description\":\"Uluslararas\u0131 Sa\u011fl\u0131k Turizmi Acentesi\",\"potentialAction\":[{\"@type\":\"SearchAction\",\"target\":{\"@type\":\"EntryPoint\",\"urlTemplate\":\"https:\/\/www.cavendishsaglik.com\/en\/?s={search_term_string}\"},\"query-input\":{\"@type\":\"PropertyValueSpecification\",\"valueRequired\":true,\"valueName\":\"search_term_string\"}}],\"inLanguage\":\"tr\"}]}<\/script>\n<!-- \/ Yoast SEO plugin. -->","yoast_head_json":{"title":"About Us - Cavendish Health","robots":{"index":"index","follow":"follow","max-snippet":"max-snippet:-1","max-image-preview":"max-image-preview:large","max-video-preview":"max-video-preview:-1"},"canonical":"https:\/\/www.cavendishsaglik.com\/en\/about-us\/","og_locale":"tr_TR","og_type":"article","og_title":"About Us - Cavendish Health","og_description":"About Us About Us Cavendish Health, which is constantly growing with its professional staff and whose name expresses quality, reliability, and benefit, is an international health management consultancy and organization company. Health management services are the core business of Cavendish Health, which offers comprehensive solutions to both local and international guests. Cavendish Health aims to &hellip; Okumaya devam et \"About Us\"","og_url":"https:\/\/www.cavendishsaglik.com\/en\/about-us\/","og_site_name":"Cavendish Health","article_modified_time":"2025-12-05T09:46:04+00:00","og_image":[{"url":"https:\/\/www.cavendishsaglik.com\/en\/wp-content\/uploads\/elementor\/thumbs\/CavendishHealth-Hakkimda700x469-pwe6o6zr33l6qujp5c1mdfxfta5odgz078cyqekjog.jpg","type":"","width":"","height":""}],"twitter_card":"summary_large_image","twitter_misc":{"Tahmini okuma s\u00fcresi":"2 dakika"},"schema":{"@context":"https:\/\/schema.org","@graph":[{"@type":"WebPage","@id":"https:\/\/www.cavendishsaglik.com\/en\/about-us\/","url":"https:\/\/www.cavendishsaglik.com\/en\/about-us\/","name":"About Us - Cavendish Health","isPartOf":{"@id":"https:\/\/www.cavendishsaglik.com\/en\/#website"},"primaryImageOfPage":{"@id":"https:\/\/www.cavendishsaglik.com\/en\/about-us\/#primaryimage"},"image":{"@id":"https:\/\/www.cavendishsaglik.com\/en\/about-us\/#primaryimage"},"thumbnailUrl":"https:\/\/www.cavendishsaglik.com\/en\/wp-content\/uploads\/elementor\/thumbs\/CavendishHealth-Hakkimda700x469-pwe6o6zr33l6qujp5c1mdfxfta5odgz078cyqekjog.jpg","datePublished":"2021-07-31T11:13:25+00:00","dateModified":"2025-12-05T09:46:04+00:00","breadcrumb":{"@id":"https:\/\/www.cavendishsaglik.com\/en\/about-us\/#breadcrumb"},"inLanguage":"tr","potentialAction":[{"@type":"ReadAction","target":["https:\/\/www.cavendishsaglik.com\/en\/about-us\/"]}]},{"@type":"ImageObject","inLanguage":"tr","@id":"https:\/\/www.cavendishsaglik.com\/en\/about-us\/#primaryimage","url":"https:\/\/www.cavendishsaglik.com\/en\/wp-content\/uploads\/elementor\/thumbs\/CavendishHealth-Hakkimda700x469-pwe6o6zr33l6qujp5c1mdfxfta5odgz078cyqekjog.jpg","contentUrl":"https:\/\/www.cavendishsaglik.com\/en\/wp-content\/uploads\/elementor\/thumbs\/CavendishHealth-Hakkimda700x469-pwe6o6zr33l6qujp5c1mdfxfta5odgz078cyqekjog.jpg"},{"@type":"BreadcrumbList","@id":"https:\/\/www.cavendishsaglik.com\/en\/about-us\/#breadcrumb","itemListElement":[{"@type":"ListItem","position":1,"name":"Anasayfa","item":"https:\/\/www.cavendishsaglik.com\/en\/"},{"@type":"ListItem","position":2,"name":"About Us"}]},{"@type":"WebSite","@id":"https:\/\/www.cavendishsaglik.com\/en\/#website","url":"https:\/\/www.cavendishsaglik.com\/en\/","name":"Cavendish Health","description":"Uluslararas\u0131 Sa\u011fl\u0131k Turizmi Acentesi","potentialAction":[{"@type":"SearchAction","target":{"@type":"EntryPoint","urlTemplate":"https:\/\/www.cavendishsaglik.com\/en\/?s={search_term_string}"},"query-input":{"@type":"PropertyValueSpecification","valueRequired":true,"valueName":"search_term_string"}}],"inLanguage":"tr"}]}},"_links":{"self":[{"href":"https:\/\/www.cavendishsaglik.com\/en\/wp-json\/wp\/v2\/pages\/519","targetHints":{"allow":["GET"]}}],"collection":[{"href":"https:\/\/www.cavendishsaglik.com\/en\/wp-json\/wp\/v2\/pages"}],"about":[{"href":"https:\/\/www.cavendishsaglik.com\/en\/wp-json\/wp\/v2\/types\/page"}],"author":[{"embeddable":true,"href":"https:\/\/www.cavendishsaglik.com\/en\/wp-json\/wp\/v2\/users\/1"}],"replies":[{"embeddable":true,"href":"https:\/\/www.cavendishsaglik.com\/en\/wp-json\/wp\/v2\/comments?post=519"}],"version-history":[{"count":41,"href":"https:\/\/www.cavendishsaglik.com\/en\/wp-json\/wp\/v2\/pages\/519\/revisions"}],"predecessor-version":[{"id":1628,"href":"https:\/\/www.cavendishsaglik.com\/en\/wp-json\/wp\/v2\/pages\/519\/revisions\/1628"}],"wp:attachment":[{"href":"https:\/\/www.cavendishsaglik.com\/en\/wp-json\/wp\/v2\/media?parent=519"}],"curies":[{"name":"wp","href":"https:\/\/api.w.org\/{rel}","templated":true}]}}