{"id":629,"date":"2022-10-15T12:52:51","date_gmt":"2022-10-15T12:52:51","guid":{"rendered":"https:\/\/www.cavendishsaglik.com\/en\/?page_id=629"},"modified":"2022-10-20T19:57:24","modified_gmt":"2022-10-20T19:57:24","slug":"tourism","status":"publish","type":"page","link":"https:\/\/www.cavendishsaglik.com\/en\/our-services\/tourism\/","title":{"rendered":"Tourism"},"content":{"rendered":"\t\t<div data-elementor-type=\"wp-page\" data-elementor-id=\"629\" class=\"elementor elementor-629\">\n\t\t\t\t\t\t<section class=\"elementor-section elementor-top-section elementor-element elementor-element-3c24a39 elementor-section-full_width elementor-section-height-min-height elementor-section-height-default elementor-section-items-middle\" data-id=\"3c24a39\" data-element_type=\"section\" data-settings=\"{&quot;background_background&quot;:&quot;classic&quot;}\">\n\t\t\t\t\t\t\t<div class=\"elementor-background-overlay\"><\/div>\n\t\t\t\t\t\t\t<div class=\"elementor-container elementor-column-gap-no\">\n\t\t\t\t\t<div class=\"elementor-column elementor-col-100 elementor-top-column elementor-element elementor-element-0988436\" data-id=\"0988436\" data-element_type=\"column\">\n\t\t\t<div class=\"elementor-widget-wrap elementor-element-populated\">\n\t\t\t\t\t\t<section class=\"elementor-section elementor-inner-section elementor-element elementor-element-0f5d187 elementor-section-boxed elementor-section-height-default elementor-section-height-default\" data-id=\"0f5d187\" data-element_type=\"section\">\n\t\t\t\t\t\t<div class=\"elementor-container elementor-column-gap-no\">\n\t\t\t\t\t<div class=\"elementor-column elementor-col-100 elementor-inner-column elementor-element elementor-element-138f982\" data-id=\"138f982\" data-element_type=\"column\">\n\t\t\t<div class=\"elementor-widget-wrap elementor-element-populated\">\n\t\t\t\t\t\t<div class=\"elementor-element elementor-element-dbfa938 elementor-widget elementor-widget-heading\" data-id=\"dbfa938\" data-element_type=\"widget\" data-widget_type=\"heading.default\">\n\t\t\t\t<div class=\"elementor-widget-container\">\n\t\t\t\t\t<h4 class=\"elementor-heading-title elementor-size-default\">Tourism<\/h4>\t\t\t\t<\/div>\n\t\t\t\t<\/div>\n\t\t\t\t\t<\/div>\n\t\t<\/div>\n\t\t\t\t\t<\/div>\n\t\t<\/section>\n\t\t\t\t\t<\/div>\n\t\t<\/div>\n\t\t\t\t\t<\/div>\n\t\t<\/section>\n\t\t\t\t<section class=\"elementor-section elementor-top-section elementor-element elementor-element-8a3dc72 elementor-section-boxed elementor-section-height-default elementor-section-height-default\" data-id=\"8a3dc72\" data-element_type=\"section\" data-settings=\"{&quot;background_background&quot;:&quot;classic&quot;}\">\n\t\t\t\t\t\t<div class=\"elementor-container elementor-column-gap-no\">\n\t\t\t\t\t<div class=\"elementor-column elementor-col-100 elementor-top-column elementor-element elementor-element-c8623b0\" data-id=\"c8623b0\" data-element_type=\"column\">\n\t\t\t<div class=\"elementor-widget-wrap elementor-element-populated\">\n\t\t\t\t\t\t<section class=\"elementor-section elementor-inner-section elementor-element elementor-element-088d949 elementor-section-boxed elementor-section-height-default elementor-section-height-default\" data-id=\"088d949\" data-element_type=\"section\">\n\t\t\t\t\t\t<div class=\"elementor-container elementor-column-gap-no\">\n\t\t\t\t\t<div class=\"elementor-column elementor-col-100 elementor-inner-column elementor-element elementor-element-b24fdee\" data-id=\"b24fdee\" data-element_type=\"column\">\n\t\t\t<div class=\"elementor-widget-wrap elementor-element-populated\">\n\t\t\t\t\t\t<div class=\"elementor-element elementor-element-303a7b1 elementor-widget elementor-widget-image\" data-id=\"303a7b1\" data-element_type=\"widget\" data-widget_type=\"image.default\">\n\t\t\t\t<div class=\"elementor-widget-container\">\n\t\t\t\t\t\t\t\t\t\t\t\t\t\t\t<img fetchpriority=\"high\" decoding=\"async\" width=\"400\" height=\"250\" src=\"https:\/\/www.cavendishsaglik.com\/en\/wp-content\/uploads\/2022\/10\/CavendishHealth-SaglikTurizmi-MiniBanner400x250.jpg\" class=\"attachment-full size-full wp-image-1064\" alt=\"\" srcset=\"https:\/\/www.cavendishsaglik.com\/en\/wp-content\/uploads\/2022\/10\/CavendishHealth-SaglikTurizmi-MiniBanner400x250.jpg 400w, https:\/\/www.cavendishsaglik.com\/en\/wp-content\/uploads\/2022\/10\/CavendishHealth-SaglikTurizmi-MiniBanner400x250-300x188.jpg 300w\" sizes=\"(max-width: 400px) 100vw, 400px\" \/>\t\t\t\t\t\t\t\t\t\t\t\t\t\t\t<\/div>\n\t\t\t\t<\/div>\n\t\t\t\t<div class=\"elementor-element elementor-element-684ccaa elementor-widget elementor-widget-text-editor\" data-id=\"684ccaa\" data-element_type=\"widget\" data-widget_type=\"text-editor.default\">\n\t\t\t\t<div class=\"elementor-widget-container\">\n\t\t\t\t\t\t\t\t\t<p>The travel and tourism services we offer as Cavendish Health are arranging all kinds of travel, flight tickets, excursions, airport VIP reception, hotel reservations and organizations for our guests from abroad.<\/p><ul><li><strong>Ticket supply<\/strong><\/li><\/ul><p>Cavendish Health offers the best itinerary, price and tracking service by providing professional flight ticket reservation and purchase service covering airline companies and airports on all routes.<\/p><ul><li><strong>Hotel reservation<\/strong><\/li><\/ul><p>Cavendish Health offers reliable hotel reservation services to its guests with its contracted hotels. Cavendish Health hotel reservation services ensure the safety of our guests&#8217; travels.<\/p><ul><li><strong>Taxi \/ Vehicle-Transfer Arrangement <\/strong><\/li><\/ul><p>Cavendish Health&#8217;s contracted taxi and transfer services provide reliable transportation reservation services to guests traveling to Turkey for healthcare services.<\/p><ul><li><strong>Translation Arrangement<\/strong><\/li><\/ul><p>Cavendish Health translator network is based on the importance of effective case management and communication thus the language barrier issue will be eliminated by providing translators for all extensive languages \u200b\u200bof the world.<\/p>\t\t\t\t\t\t\t\t<\/div>\n\t\t\t\t<\/div>\n\t\t\t\t\t<\/div>\n\t\t<\/div>\n\t\t\t\t\t<\/div>\n\t\t<\/section>\n\t\t\t\t\t<\/div>\n\t\t<\/div>\n\t\t\t\t\t<\/div>\n\t\t<\/section>\n\t\t\t\t<section class=\"elementor-section elementor-top-section elementor-element elementor-element-a160c2f elementor-section-full_width elementor-section-height-min-height elementor-section-height-default elementor-section-items-middle\" data-id=\"a160c2f\" data-element_type=\"section\" data-settings=\"{&quot;background_background&quot;:&quot;classic&quot;}\">\n\t\t\t\t\t\t<div class=\"elementor-container elementor-column-gap-no\">\n\t\t\t\t\t<div class=\"elementor-column elementor-col-100 elementor-top-column elementor-element elementor-element-63bee75\" data-id=\"63bee75\" data-element_type=\"column\">\n\t\t\t<div class=\"elementor-widget-wrap elementor-element-populated\">\n\t\t\t\t\t\t<section class=\"elementor-section elementor-inner-section elementor-element elementor-element-83c8c48 elementor-section-boxed elementor-section-height-default elementor-section-height-default\" data-id=\"83c8c48\" data-element_type=\"section\">\n\t\t\t\t\t\t<div class=\"elementor-container elementor-column-gap-no\">\n\t\t\t\t\t<div class=\"elementor-column elementor-col-50 elementor-inner-column elementor-element elementor-element-0be831d\" data-id=\"0be831d\" data-element_type=\"column\">\n\t\t\t<div class=\"elementor-widget-wrap elementor-element-populated\">\n\t\t\t\t\t\t<div class=\"elementor-element elementor-element-e45ec4d elementor-widget__width-auto elementor-widget-tablet__width-initial elementor-widget-mobile__width-inherit elementor-view-default elementor-widget elementor-widget-icon\" data-id=\"e45ec4d\" data-element_type=\"widget\" data-widget_type=\"icon.default\">\n\t\t\t\t<div class=\"elementor-widget-container\">\n\t\t\t\t\t\t\t<div class=\"elementor-icon-wrapper\">\n\t\t\t<div class=\"elementor-icon\">\n\t\t\t<i aria-hidden=\"true\" class=\"fas fa-phone-alt\"><\/i>\t\t\t<\/div>\n\t\t<\/div>\n\t\t\t\t\t\t<\/div>\n\t\t\t\t<\/div>\n\t\t\t\t<div class=\"elementor-element elementor-element-a316369 elementor-widget__width-auto elementor-widget-tablet__width-initial elementor-widget-mobile__width-inherit elementor-widget elementor-widget-icon-box\" data-id=\"a316369\" data-element_type=\"widget\" data-widget_type=\"icon-box.default\">\n\t\t\t\t<div class=\"elementor-widget-container\">\n\t\t\t\t\t\t\t<div class=\"elementor-icon-box-wrapper\">\n\n\t\t\t\n\t\t\t\t\t\t<div class=\"elementor-icon-box-content\">\n\n\t\t\t\t\t\t\t\t\t<h6 class=\"elementor-icon-box-title\">\n\t\t\t\t\t\t<span  >\n\t\t\t\t\t\t\tContact Us\t\t\t\t\t\t<\/span>\n\t\t\t\t\t<\/h6>\n\t\t\t\t\n\t\t\t\t\t\t\t\t\t<p class=\"elementor-icon-box-description\">\n\t\t\t\t\t\tLet our experts answer your questions.\t\t\t\t\t<\/p>\n\t\t\t\t\n\t\t\t<\/div>\n\t\t\t\n\t\t<\/div>\n\t\t\t\t\t\t<\/div>\n\t\t\t\t<\/div>\n\t\t\t\t\t<\/div>\n\t\t<\/div>\n\t\t\t\t<div class=\"elementor-column elementor-col-50 elementor-inner-column elementor-element elementor-element-9f85a5b\" data-id=\"9f85a5b\" data-element_type=\"column\">\n\t\t\t<div class=\"elementor-widget-wrap elementor-element-populated\">\n\t\t\t\t\t\t<div class=\"elementor-element elementor-element-1f53a84 elementor-align-right elementor-mobile-align-center elementor-widget elementor-widget-button\" data-id=\"1f53a84\" data-element_type=\"widget\" data-widget_type=\"button.default\">\n\t\t\t\t<div class=\"elementor-widget-container\">\n\t\t\t\t\t\t\t\t\t<div class=\"elementor-button-wrapper\">\n\t\t\t\t\t<a class=\"elementor-button elementor-button-link elementor-size-sm\" href=\"https:\/\/www.cavendishsaglik.com\/en\/contact\/\">\n\t\t\t\t\t\t<span class=\"elementor-button-content-wrapper\">\n\t\t\t\t\t\t\t\t\t<span class=\"elementor-button-text\">Contact Us<\/span>\n\t\t\t\t\t<\/span>\n\t\t\t\t\t<\/a>\n\t\t\t\t<\/div>\n\t\t\t\t\t\t\t\t<\/div>\n\t\t\t\t<\/div>\n\t\t\t\t\t<\/div>\n\t\t<\/div>\n\t\t\t\t\t<\/div>\n\t\t<\/section>\n\t\t\t\t\t<\/div>\n\t\t<\/div>\n\t\t\t\t\t<\/div>\n\t\t<\/section>\n\t\t\t\t<\/div>\n\t\t","protected":false},"excerpt":{"rendered":"<p>Tourism The travel and tourism services we offer as Cavendish Health are arranging all kinds of travel, flight tickets, excursions, airport VIP reception, hotel reservations and organizations for our guests from abroad. Ticket supply Cavendish Health offers the best itinerary, price and tracking service by providing professional flight ticket reservation and purchase service covering airline &hellip; <\/p>\n<p class=\"link-more\"><a href=\"https:\/\/www.cavendishsaglik.com\/en\/our-services\/tourism\/\" class=\"more-link\">Okumaya devam et<span class=\"screen-reader-text\"> &#8220;Tourism&#8221;<\/span><\/a><\/p>\n","protected":false},"author":1,"featured_media":0,"parent":358,"menu_order":0,"comment_status":"closed","ping_status":"closed","template":"elementor_header_footer","meta":{"_themeisle_gutenberg_block_has_review":false,"footnotes":""},"class_list":["post-629","page","type-page","status-publish","hentry","entry"],"yoast_head":"<!-- This site is optimized with the Yoast SEO plugin v26.5 - https:\/\/yoast.com\/wordpress\/plugins\/seo\/ -->\n<title>Tourism - Cavendish Health<\/title>\n<meta name=\"robots\" content=\"index, follow, max-snippet:-1, max-image-preview:large, max-video-preview:-1\" \/>\n<link rel=\"canonical\" href=\"https:\/\/www.cavendishsaglik.com\/en\/our-services\/tourism\/\" \/>\n<meta property=\"og:locale\" content=\"tr_TR\" \/>\n<meta property=\"og:type\" content=\"article\" \/>\n<meta property=\"og:title\" content=\"Tourism - Cavendish Health\" \/>\n<meta property=\"og:description\" content=\"Tourism The travel and tourism services we offer as Cavendish Health are arranging all kinds of travel, flight tickets, excursions, airport VIP reception, hotel reservations and organizations for our guests from abroad. Ticket supply Cavendish Health offers the best itinerary, price and tracking service by providing professional flight ticket reservation and purchase service covering airline &hellip; Okumaya devam et &quot;Tourism&quot;\" \/>\n<meta property=\"og:url\" content=\"https:\/\/www.cavendishsaglik.com\/en\/our-services\/tourism\/\" \/>\n<meta property=\"og:site_name\" content=\"Cavendish Health\" \/>\n<meta property=\"article:modified_time\" content=\"2022-10-20T19:57:24+00:00\" \/>\n<meta property=\"og:image\" content=\"https:\/\/www.cavendishsaglik.com\/en\/wp-content\/uploads\/2022\/10\/CavendishHealth-SaglikTurizmi-MiniBanner400x250.jpg\" \/>\n<meta name=\"twitter:card\" content=\"summary_large_image\" \/>\n<meta name=\"twitter:label1\" content=\"Tahmini okuma s\u00fcresi\" \/>\n\t<meta name=\"twitter:data1\" content=\"2 dakika\" \/>\n<script type=\"application\/ld+json\" class=\"yoast-schema-graph\">{\"@context\":\"https:\/\/schema.org\",\"@graph\":[{\"@type\":\"WebPage\",\"@id\":\"https:\/\/www.cavendishsaglik.com\/en\/our-services\/tourism\/\",\"url\":\"https:\/\/www.cavendishsaglik.com\/en\/our-services\/tourism\/\",\"name\":\"Tourism - Cavendish Health\",\"isPartOf\":{\"@id\":\"https:\/\/www.cavendishsaglik.com\/en\/#website\"},\"primaryImageOfPage\":{\"@id\":\"https:\/\/www.cavendishsaglik.com\/en\/our-services\/tourism\/#primaryimage\"},\"image\":{\"@id\":\"https:\/\/www.cavendishsaglik.com\/en\/our-services\/tourism\/#primaryimage\"},\"thumbnailUrl\":\"https:\/\/www.cavendishsaglik.com\/en\/wp-content\/uploads\/2022\/10\/CavendishHealth-SaglikTurizmi-MiniBanner400x250.jpg\",\"datePublished\":\"2022-10-15T12:52:51+00:00\",\"dateModified\":\"2022-10-20T19:57:24+00:00\",\"breadcrumb\":{\"@id\":\"https:\/\/www.cavendishsaglik.com\/en\/our-services\/tourism\/#breadcrumb\"},\"inLanguage\":\"tr\",\"potentialAction\":[{\"@type\":\"ReadAction\",\"target\":[\"https:\/\/www.cavendishsaglik.com\/en\/our-services\/tourism\/\"]}]},{\"@type\":\"ImageObject\",\"inLanguage\":\"tr\",\"@id\":\"https:\/\/www.cavendishsaglik.com\/en\/our-services\/tourism\/#primaryimage\",\"url\":\"https:\/\/www.cavendishsaglik.com\/en\/wp-content\/uploads\/2022\/10\/CavendishHealth-SaglikTurizmi-MiniBanner400x250.jpg\",\"contentUrl\":\"https:\/\/www.cavendishsaglik.com\/en\/wp-content\/uploads\/2022\/10\/CavendishHealth-SaglikTurizmi-MiniBanner400x250.jpg\",\"width\":400,\"height\":250},{\"@type\":\"BreadcrumbList\",\"@id\":\"https:\/\/www.cavendishsaglik.com\/en\/our-services\/tourism\/#breadcrumb\",\"itemListElement\":[{\"@type\":\"ListItem\",\"position\":1,\"name\":\"Anasayfa\",\"item\":\"https:\/\/www.cavendishsaglik.com\/en\/\"},{\"@type\":\"ListItem\",\"position\":2,\"name\":\"Our Services\",\"item\":\"https:\/\/www.cavendishsaglik.com\/en\/our-services\/\"},{\"@type\":\"ListItem\",\"position\":3,\"name\":\"Tourism\"}]},{\"@type\":\"WebSite\",\"@id\":\"https:\/\/www.cavendishsaglik.com\/en\/#website\",\"url\":\"https:\/\/www.cavendishsaglik.com\/en\/\",\"name\":\"Cavendish Health\",\"description\":\"Uluslararas\u0131 Sa\u011fl\u0131k Turizmi Acentesi\",\"potentialAction\":[{\"@type\":\"SearchAction\",\"target\":{\"@type\":\"EntryPoint\",\"urlTemplate\":\"https:\/\/www.cavendishsaglik.com\/en\/?s={search_term_string}\"},\"query-input\":{\"@type\":\"PropertyValueSpecification\",\"valueRequired\":true,\"valueName\":\"search_term_string\"}}],\"inLanguage\":\"tr\"}]}<\/script>\n<!-- \/ Yoast SEO plugin. -->","yoast_head_json":{"title":"Tourism - Cavendish Health","robots":{"index":"index","follow":"follow","max-snippet":"max-snippet:-1","max-image-preview":"max-image-preview:large","max-video-preview":"max-video-preview:-1"},"canonical":"https:\/\/www.cavendishsaglik.com\/en\/our-services\/tourism\/","og_locale":"tr_TR","og_type":"article","og_title":"Tourism - Cavendish Health","og_description":"Tourism The travel and tourism services we offer as Cavendish Health are arranging all kinds of travel, flight tickets, excursions, airport VIP reception, hotel reservations and organizations for our guests from abroad. Ticket supply Cavendish Health offers the best itinerary, price and tracking service by providing professional flight ticket reservation and purchase service covering airline &hellip; Okumaya devam et \"Tourism\"","og_url":"https:\/\/www.cavendishsaglik.com\/en\/our-services\/tourism\/","og_site_name":"Cavendish Health","article_modified_time":"2022-10-20T19:57:24+00:00","og_image":[{"url":"https:\/\/www.cavendishsaglik.com\/en\/wp-content\/uploads\/2022\/10\/CavendishHealth-SaglikTurizmi-MiniBanner400x250.jpg","type":"","width":"","height":""}],"twitter_card":"summary_large_image","twitter_misc":{"Tahmini okuma s\u00fcresi":"2 dakika"},"schema":{"@context":"https:\/\/schema.org","@graph":[{"@type":"WebPage","@id":"https:\/\/www.cavendishsaglik.com\/en\/our-services\/tourism\/","url":"https:\/\/www.cavendishsaglik.com\/en\/our-services\/tourism\/","name":"Tourism - Cavendish Health","isPartOf":{"@id":"https:\/\/www.cavendishsaglik.com\/en\/#website"},"primaryImageOfPage":{"@id":"https:\/\/www.cavendishsaglik.com\/en\/our-services\/tourism\/#primaryimage"},"image":{"@id":"https:\/\/www.cavendishsaglik.com\/en\/our-services\/tourism\/#primaryimage"},"thumbnailUrl":"https:\/\/www.cavendishsaglik.com\/en\/wp-content\/uploads\/2022\/10\/CavendishHealth-SaglikTurizmi-MiniBanner400x250.jpg","datePublished":"2022-10-15T12:52:51+00:00","dateModified":"2022-10-20T19:57:24+00:00","breadcrumb":{"@id":"https:\/\/www.cavendishsaglik.com\/en\/our-services\/tourism\/#breadcrumb"},"inLanguage":"tr","potentialAction":[{"@type":"ReadAction","target":["https:\/\/www.cavendishsaglik.com\/en\/our-services\/tourism\/"]}]},{"@type":"ImageObject","inLanguage":"tr","@id":"https:\/\/www.cavendishsaglik.com\/en\/our-services\/tourism\/#primaryimage","url":"https:\/\/www.cavendishsaglik.com\/en\/wp-content\/uploads\/2022\/10\/CavendishHealth-SaglikTurizmi-MiniBanner400x250.jpg","contentUrl":"https:\/\/www.cavendishsaglik.com\/en\/wp-content\/uploads\/2022\/10\/CavendishHealth-SaglikTurizmi-MiniBanner400x250.jpg","width":400,"height":250},{"@type":"BreadcrumbList","@id":"https:\/\/www.cavendishsaglik.com\/en\/our-services\/tourism\/#breadcrumb","itemListElement":[{"@type":"ListItem","position":1,"name":"Anasayfa","item":"https:\/\/www.cavendishsaglik.com\/en\/"},{"@type":"ListItem","position":2,"name":"Our Services","item":"https:\/\/www.cavendishsaglik.com\/en\/our-services\/"},{"@type":"ListItem","position":3,"name":"Tourism"}]},{"@type":"WebSite","@id":"https:\/\/www.cavendishsaglik.com\/en\/#website","url":"https:\/\/www.cavendishsaglik.com\/en\/","name":"Cavendish Health","description":"Uluslararas\u0131 Sa\u011fl\u0131k Turizmi Acentesi","potentialAction":[{"@type":"SearchAction","target":{"@type":"EntryPoint","urlTemplate":"https:\/\/www.cavendishsaglik.com\/en\/?s={search_term_string}"},"query-input":{"@type":"PropertyValueSpecification","valueRequired":true,"valueName":"search_term_string"}}],"inLanguage":"tr"}]}},"_links":{"self":[{"href":"https:\/\/www.cavendishsaglik.com\/en\/wp-json\/wp\/v2\/pages\/629","targetHints":{"allow":["GET"]}}],"collection":[{"href":"https:\/\/www.cavendishsaglik.com\/en\/wp-json\/wp\/v2\/pages"}],"about":[{"href":"https:\/\/www.cavendishsaglik.com\/en\/wp-json\/wp\/v2\/types\/page"}],"author":[{"embeddable":true,"href":"https:\/\/www.cavendishsaglik.com\/en\/wp-json\/wp\/v2\/users\/1"}],"replies":[{"embeddable":true,"href":"https:\/\/www.cavendishsaglik.com\/en\/wp-json\/wp\/v2\/comments?post=629"}],"version-history":[{"count":36,"href":"https:\/\/www.cavendishsaglik.com\/en\/wp-json\/wp\/v2\/pages\/629\/revisions"}],"predecessor-version":[{"id":1570,"href":"https:\/\/www.cavendishsaglik.com\/en\/wp-json\/wp\/v2\/pages\/629\/revisions\/1570"}],"up":[{"embeddable":true,"href":"https:\/\/www.cavendishsaglik.com\/en\/wp-json\/wp\/v2\/pages\/358"}],"wp:attachment":[{"href":"https:\/\/www.cavendishsaglik.com\/en\/wp-json\/wp\/v2\/media?parent=629"}],"curies":[{"name":"wp","href":"https:\/\/api.w.org\/{rel}","templated":true}]}}