{"id":638,"date":"2022-10-15T12:56:05","date_gmt":"2022-10-15T12:56:05","guid":{"rendered":"https:\/\/www.cavendishsaglik.com\/en\/?page_id=638"},"modified":"2022-10-20T19:57:34","modified_gmt":"2022-10-20T19:57:34","slug":"organisation","status":"publish","type":"page","link":"https:\/\/www.cavendishsaglik.com\/en\/our-services\/organisation\/","title":{"rendered":"Organisation"},"content":{"rendered":"\t\t<div data-elementor-type=\"wp-page\" data-elementor-id=\"638\" class=\"elementor elementor-638\">\n\t\t\t\t\t\t<section class=\"elementor-section elementor-top-section elementor-element elementor-element-f9d5d83 elementor-section-full_width elementor-section-height-min-height elementor-section-height-default elementor-section-items-middle\" data-id=\"f9d5d83\" data-element_type=\"section\" data-settings=\"{&quot;background_background&quot;:&quot;classic&quot;}\">\n\t\t\t\t\t\t\t<div class=\"elementor-background-overlay\"><\/div>\n\t\t\t\t\t\t\t<div class=\"elementor-container elementor-column-gap-no\">\n\t\t\t\t\t<div class=\"elementor-column elementor-col-100 elementor-top-column elementor-element elementor-element-0669ba1\" data-id=\"0669ba1\" data-element_type=\"column\">\n\t\t\t<div class=\"elementor-widget-wrap elementor-element-populated\">\n\t\t\t\t\t\t<section class=\"elementor-section elementor-inner-section elementor-element elementor-element-3ad12b8 elementor-section-boxed elementor-section-height-default elementor-section-height-default\" data-id=\"3ad12b8\" data-element_type=\"section\">\n\t\t\t\t\t\t<div class=\"elementor-container elementor-column-gap-no\">\n\t\t\t\t\t<div class=\"elementor-column elementor-col-100 elementor-inner-column elementor-element elementor-element-dfd03bc\" data-id=\"dfd03bc\" data-element_type=\"column\">\n\t\t\t<div class=\"elementor-widget-wrap elementor-element-populated\">\n\t\t\t\t\t\t<div class=\"elementor-element elementor-element-7579992 elementor-widget elementor-widget-heading\" data-id=\"7579992\" data-element_type=\"widget\" data-widget_type=\"heading.default\">\n\t\t\t\t<div class=\"elementor-widget-container\">\n\t\t\t\t\t<h4 class=\"elementor-heading-title elementor-size-default\">ORGANISATION<\/h4>\t\t\t\t<\/div>\n\t\t\t\t<\/div>\n\t\t\t\t\t<\/div>\n\t\t<\/div>\n\t\t\t\t\t<\/div>\n\t\t<\/section>\n\t\t\t\t\t<\/div>\n\t\t<\/div>\n\t\t\t\t\t<\/div>\n\t\t<\/section>\n\t\t\t\t<section class=\"elementor-section elementor-top-section elementor-element elementor-element-07a4070 elementor-section-boxed elementor-section-height-default elementor-section-height-default\" data-id=\"07a4070\" data-element_type=\"section\" data-settings=\"{&quot;background_background&quot;:&quot;classic&quot;}\">\n\t\t\t\t\t\t<div class=\"elementor-container elementor-column-gap-no\">\n\t\t\t\t\t<div class=\"elementor-column elementor-col-100 elementor-top-column elementor-element elementor-element-9e9daed\" data-id=\"9e9daed\" data-element_type=\"column\">\n\t\t\t<div class=\"elementor-widget-wrap elementor-element-populated\">\n\t\t\t\t\t\t<section class=\"elementor-section elementor-inner-section elementor-element elementor-element-0138c53 elementor-section-boxed elementor-section-height-default elementor-section-height-default\" data-id=\"0138c53\" data-element_type=\"section\">\n\t\t\t\t\t\t<div class=\"elementor-container elementor-column-gap-no\">\n\t\t\t\t\t<div class=\"elementor-column elementor-col-100 elementor-inner-column elementor-element elementor-element-b7a3e25\" data-id=\"b7a3e25\" data-element_type=\"column\">\n\t\t\t<div class=\"elementor-widget-wrap elementor-element-populated\">\n\t\t\t\t\t\t<div class=\"elementor-element elementor-element-8682e66 elementor-widget elementor-widget-image\" data-id=\"8682e66\" data-element_type=\"widget\" data-widget_type=\"image.default\">\n\t\t\t\t<div class=\"elementor-widget-container\">\n\t\t\t\t\t\t\t\t\t\t\t\t\t\t\t<img fetchpriority=\"high\" decoding=\"async\" width=\"400\" height=\"250\" src=\"https:\/\/www.cavendishsaglik.com\/en\/wp-content\/uploads\/2022\/10\/CavendishHealth-Organizasyon-MiniBanner400x250.jpg\" class=\"attachment-full size-full wp-image-1065\" alt=\"\" srcset=\"https:\/\/www.cavendishsaglik.com\/en\/wp-content\/uploads\/2022\/10\/CavendishHealth-Organizasyon-MiniBanner400x250.jpg 400w, https:\/\/www.cavendishsaglik.com\/en\/wp-content\/uploads\/2022\/10\/CavendishHealth-Organizasyon-MiniBanner400x250-300x188.jpg 300w\" sizes=\"(max-width: 400px) 100vw, 400px\" \/>\t\t\t\t\t\t\t\t\t\t\t\t\t\t\t<\/div>\n\t\t\t\t<\/div>\n\t\t\t\t<div class=\"elementor-element elementor-element-35cbbc0 elementor-widget elementor-widget-text-editor\" data-id=\"35cbbc0\" data-element_type=\"widget\" data-widget_type=\"text-editor.default\">\n\t\t\t\t<div class=\"elementor-widget-container\">\n\t\t\t\t\t\t\t\t\t<p><strong>Hospital Admission and Referral Procedures<\/strong><\/p><p>Cavendish Health is the first point of contact for hospital admission and referral services. Simplified and practical processes provide the fastest access to various services offered by health institutions in Turkey and around the world with quick solutions to the different health needs of guests.<\/p><p><strong>Ambulance Service <\/strong><\/p><p>In case of need of a patient to be transferred to a more suitable medical institution, in hotel-hospital-airport transfers and medical transfer needs, Cavendish Health&#8217;s wide contracted land ambulance network provides comprehensive transfer opportunities.<\/p><p><strong>Air Ambulance and Medical Evacuation<\/strong><\/p><p>Cavendish Health, thanks to its worldwide air ambulance network, when a patient needs to be repatriated for health reasons, Cavendish contracted air ambulance service will be holding this need on behalf of insurance companies, assistant companies, governments, and hospitals at international standards and affordable prices. The Cavendish Health partner team will carry out medical reports, airworthiness reports and all necessary document works in the fastest and most effective way.<\/p><p><strong>Payment Guarantee<\/strong><\/p><p>Cavendish Health provides payment guarantees as a part of the medical cost control process with fully accredited service providers nationwide. The payment guarantee accelerates the decision-making process and medical procedures by ensuring that the patient receives the right and appropriate service at the right time. Clarifies and strengthens processes between insurance, assistant companies and hospitals.<\/p><p><strong>Medical Secondary Opinion<\/strong><\/p><p>Cavendish Health offers a completely transparent and clear secondary opinion service based on experiences in medical quality and cost management in Turkey. It supports all the operational necessary for insurance and health companies to fulfill their health needs in Turkey and around the world, with medical \u201cknow-how\u201d based on long years.<\/p>\t\t\t\t\t\t\t\t<\/div>\n\t\t\t\t<\/div>\n\t\t\t\t\t<\/div>\n\t\t<\/div>\n\t\t\t\t\t<\/div>\n\t\t<\/section>\n\t\t\t\t\t<\/div>\n\t\t<\/div>\n\t\t\t\t\t<\/div>\n\t\t<\/section>\n\t\t\t\t<section class=\"elementor-section elementor-top-section elementor-element elementor-element-86052d4 elementor-section-full_width elementor-section-height-min-height elementor-section-height-default elementor-section-items-middle\" data-id=\"86052d4\" data-element_type=\"section\" data-settings=\"{&quot;background_background&quot;:&quot;classic&quot;}\">\n\t\t\t\t\t\t<div class=\"elementor-container elementor-column-gap-no\">\n\t\t\t\t\t<div class=\"elementor-column elementor-col-100 elementor-top-column elementor-element elementor-element-c39d929\" data-id=\"c39d929\" data-element_type=\"column\">\n\t\t\t<div class=\"elementor-widget-wrap elementor-element-populated\">\n\t\t\t\t\t\t<section class=\"elementor-section elementor-inner-section elementor-element elementor-element-7e65a07 elementor-section-boxed elementor-section-height-default elementor-section-height-default\" data-id=\"7e65a07\" data-element_type=\"section\">\n\t\t\t\t\t\t<div class=\"elementor-container elementor-column-gap-no\">\n\t\t\t\t\t<div class=\"elementor-column elementor-col-50 elementor-inner-column elementor-element elementor-element-9e1c024\" data-id=\"9e1c024\" data-element_type=\"column\">\n\t\t\t<div class=\"elementor-widget-wrap elementor-element-populated\">\n\t\t\t\t\t\t<div class=\"elementor-element elementor-element-30524ba elementor-widget__width-auto elementor-widget-tablet__width-initial elementor-widget-mobile__width-inherit elementor-view-default elementor-widget elementor-widget-icon\" data-id=\"30524ba\" data-element_type=\"widget\" data-widget_type=\"icon.default\">\n\t\t\t\t<div class=\"elementor-widget-container\">\n\t\t\t\t\t\t\t<div class=\"elementor-icon-wrapper\">\n\t\t\t<div class=\"elementor-icon\">\n\t\t\t<i aria-hidden=\"true\" class=\"fas fa-phone-alt\"><\/i>\t\t\t<\/div>\n\t\t<\/div>\n\t\t\t\t\t\t<\/div>\n\t\t\t\t<\/div>\n\t\t\t\t<div class=\"elementor-element elementor-element-0337d35 elementor-widget__width-auto elementor-widget-tablet__width-initial elementor-widget-mobile__width-inherit elementor-widget elementor-widget-icon-box\" data-id=\"0337d35\" data-element_type=\"widget\" data-widget_type=\"icon-box.default\">\n\t\t\t\t<div class=\"elementor-widget-container\">\n\t\t\t\t\t\t\t<div class=\"elementor-icon-box-wrapper\">\n\n\t\t\t\n\t\t\t\t\t\t<div class=\"elementor-icon-box-content\">\n\n\t\t\t\t\t\t\t\t\t<h6 class=\"elementor-icon-box-title\">\n\t\t\t\t\t\t<span  >\n\t\t\t\t\t\t\tContact Us\t\t\t\t\t\t<\/span>\n\t\t\t\t\t<\/h6>\n\t\t\t\t\n\t\t\t\t\t\t\t\t\t<p class=\"elementor-icon-box-description\">\n\t\t\t\t\t\tLet our experts answer your questions.\t\t\t\t\t<\/p>\n\t\t\t\t\n\t\t\t<\/div>\n\t\t\t\n\t\t<\/div>\n\t\t\t\t\t\t<\/div>\n\t\t\t\t<\/div>\n\t\t\t\t\t<\/div>\n\t\t<\/div>\n\t\t\t\t<div class=\"elementor-column elementor-col-50 elementor-inner-column elementor-element elementor-element-b91f7d1\" data-id=\"b91f7d1\" data-element_type=\"column\">\n\t\t\t<div class=\"elementor-widget-wrap elementor-element-populated\">\n\t\t\t\t\t\t<div class=\"elementor-element elementor-element-b36eb01 elementor-align-right elementor-mobile-align-center elementor-widget elementor-widget-button\" data-id=\"b36eb01\" data-element_type=\"widget\" data-widget_type=\"button.default\">\n\t\t\t\t<div class=\"elementor-widget-container\">\n\t\t\t\t\t\t\t\t\t<div class=\"elementor-button-wrapper\">\n\t\t\t\t\t<a class=\"elementor-button elementor-button-link elementor-size-sm\" href=\"https:\/\/www.cavendishsaglik.com\/en\/contact\/\">\n\t\t\t\t\t\t<span class=\"elementor-button-content-wrapper\">\n\t\t\t\t\t\t\t\t\t<span class=\"elementor-button-text\">Contact Us<\/span>\n\t\t\t\t\t<\/span>\n\t\t\t\t\t<\/a>\n\t\t\t\t<\/div>\n\t\t\t\t\t\t\t\t<\/div>\n\t\t\t\t<\/div>\n\t\t\t\t\t<\/div>\n\t\t<\/div>\n\t\t\t\t\t<\/div>\n\t\t<\/section>\n\t\t\t\t\t<\/div>\n\t\t<\/div>\n\t\t\t\t\t<\/div>\n\t\t<\/section>\n\t\t\t\t<\/div>\n\t\t","protected":false},"excerpt":{"rendered":"<p>ORGANISATION Hospital Admission and Referral Procedures Cavendish Health is the first point of contact for hospital admission and referral services. Simplified and practical processes provide the fastest access to various services offered by health institutions in Turkey and around the world with quick solutions to the different health needs of guests. Ambulance Service In case &hellip; <\/p>\n<p class=\"link-more\"><a href=\"https:\/\/www.cavendishsaglik.com\/en\/our-services\/organisation\/\" class=\"more-link\">Okumaya devam et<span class=\"screen-reader-text\"> &#8220;Organisation&#8221;<\/span><\/a><\/p>\n","protected":false},"author":1,"featured_media":0,"parent":358,"menu_order":0,"comment_status":"closed","ping_status":"closed","template":"elementor_header_footer","meta":{"_themeisle_gutenberg_block_has_review":false,"footnotes":""},"class_list":["post-638","page","type-page","status-publish","hentry","entry"],"yoast_head":"<!-- This site is optimized with the Yoast SEO plugin v26.5 - https:\/\/yoast.com\/wordpress\/plugins\/seo\/ -->\n<title>Organisation - Cavendish Health<\/title>\n<meta name=\"robots\" content=\"index, follow, max-snippet:-1, max-image-preview:large, max-video-preview:-1\" \/>\n<link rel=\"canonical\" href=\"https:\/\/www.cavendishsaglik.com\/en\/our-services\/organisation\/\" \/>\n<meta property=\"og:locale\" content=\"tr_TR\" \/>\n<meta property=\"og:type\" content=\"article\" \/>\n<meta property=\"og:title\" content=\"Organisation - Cavendish Health\" \/>\n<meta property=\"og:description\" content=\"ORGANISATION Hospital Admission and Referral Procedures Cavendish Health is the first point of contact for hospital admission and referral services. Simplified and practical processes provide the fastest access to various services offered by health institutions in Turkey and around the world with quick solutions to the different health needs of guests. Ambulance Service In case &hellip; Okumaya devam et &quot;Organisation&quot;\" \/>\n<meta property=\"og:url\" content=\"https:\/\/www.cavendishsaglik.com\/en\/our-services\/organisation\/\" \/>\n<meta property=\"og:site_name\" content=\"Cavendish Health\" \/>\n<meta property=\"article:modified_time\" content=\"2022-10-20T19:57:34+00:00\" \/>\n<meta property=\"og:image\" content=\"https:\/\/www.cavendishsaglik.com\/en\/wp-content\/uploads\/2022\/10\/CavendishHealth-Organizasyon-MiniBanner400x250.jpg\" \/>\n<meta name=\"twitter:card\" content=\"summary_large_image\" \/>\n<meta name=\"twitter:label1\" content=\"Tahmini okuma s\u00fcresi\" \/>\n\t<meta name=\"twitter:data1\" content=\"2 dakika\" \/>\n<script type=\"application\/ld+json\" class=\"yoast-schema-graph\">{\"@context\":\"https:\/\/schema.org\",\"@graph\":[{\"@type\":\"WebPage\",\"@id\":\"https:\/\/www.cavendishsaglik.com\/en\/our-services\/organisation\/\",\"url\":\"https:\/\/www.cavendishsaglik.com\/en\/our-services\/organisation\/\",\"name\":\"Organisation - Cavendish Health\",\"isPartOf\":{\"@id\":\"https:\/\/www.cavendishsaglik.com\/en\/#website\"},\"primaryImageOfPage\":{\"@id\":\"https:\/\/www.cavendishsaglik.com\/en\/our-services\/organisation\/#primaryimage\"},\"image\":{\"@id\":\"https:\/\/www.cavendishsaglik.com\/en\/our-services\/organisation\/#primaryimage\"},\"thumbnailUrl\":\"https:\/\/www.cavendishsaglik.com\/en\/wp-content\/uploads\/2022\/10\/CavendishHealth-Organizasyon-MiniBanner400x250.jpg\",\"datePublished\":\"2022-10-15T12:56:05+00:00\",\"dateModified\":\"2022-10-20T19:57:34+00:00\",\"breadcrumb\":{\"@id\":\"https:\/\/www.cavendishsaglik.com\/en\/our-services\/organisation\/#breadcrumb\"},\"inLanguage\":\"tr\",\"potentialAction\":[{\"@type\":\"ReadAction\",\"target\":[\"https:\/\/www.cavendishsaglik.com\/en\/our-services\/organisation\/\"]}]},{\"@type\":\"ImageObject\",\"inLanguage\":\"tr\",\"@id\":\"https:\/\/www.cavendishsaglik.com\/en\/our-services\/organisation\/#primaryimage\",\"url\":\"https:\/\/www.cavendishsaglik.com\/en\/wp-content\/uploads\/2022\/10\/CavendishHealth-Organizasyon-MiniBanner400x250.jpg\",\"contentUrl\":\"https:\/\/www.cavendishsaglik.com\/en\/wp-content\/uploads\/2022\/10\/CavendishHealth-Organizasyon-MiniBanner400x250.jpg\",\"width\":400,\"height\":250},{\"@type\":\"BreadcrumbList\",\"@id\":\"https:\/\/www.cavendishsaglik.com\/en\/our-services\/organisation\/#breadcrumb\",\"itemListElement\":[{\"@type\":\"ListItem\",\"position\":1,\"name\":\"Anasayfa\",\"item\":\"https:\/\/www.cavendishsaglik.com\/en\/\"},{\"@type\":\"ListItem\",\"position\":2,\"name\":\"Our Services\",\"item\":\"https:\/\/www.cavendishsaglik.com\/en\/our-services\/\"},{\"@type\":\"ListItem\",\"position\":3,\"name\":\"Organisation\"}]},{\"@type\":\"WebSite\",\"@id\":\"https:\/\/www.cavendishsaglik.com\/en\/#website\",\"url\":\"https:\/\/www.cavendishsaglik.com\/en\/\",\"name\":\"Cavendish Health\",\"description\":\"Uluslararas\u0131 Sa\u011fl\u0131k Turizmi Acentesi\",\"potentialAction\":[{\"@type\":\"SearchAction\",\"target\":{\"@type\":\"EntryPoint\",\"urlTemplate\":\"https:\/\/www.cavendishsaglik.com\/en\/?s={search_term_string}\"},\"query-input\":{\"@type\":\"PropertyValueSpecification\",\"valueRequired\":true,\"valueName\":\"search_term_string\"}}],\"inLanguage\":\"tr\"}]}<\/script>\n<!-- \/ Yoast SEO plugin. -->","yoast_head_json":{"title":"Organisation - Cavendish Health","robots":{"index":"index","follow":"follow","max-snippet":"max-snippet:-1","max-image-preview":"max-image-preview:large","max-video-preview":"max-video-preview:-1"},"canonical":"https:\/\/www.cavendishsaglik.com\/en\/our-services\/organisation\/","og_locale":"tr_TR","og_type":"article","og_title":"Organisation - Cavendish Health","og_description":"ORGANISATION Hospital Admission and Referral Procedures Cavendish Health is the first point of contact for hospital admission and referral services. Simplified and practical processes provide the fastest access to various services offered by health institutions in Turkey and around the world with quick solutions to the different health needs of guests. Ambulance Service In case &hellip; Okumaya devam et \"Organisation\"","og_url":"https:\/\/www.cavendishsaglik.com\/en\/our-services\/organisation\/","og_site_name":"Cavendish Health","article_modified_time":"2022-10-20T19:57:34+00:00","og_image":[{"url":"https:\/\/www.cavendishsaglik.com\/en\/wp-content\/uploads\/2022\/10\/CavendishHealth-Organizasyon-MiniBanner400x250.jpg","type":"","width":"","height":""}],"twitter_card":"summary_large_image","twitter_misc":{"Tahmini okuma s\u00fcresi":"2 dakika"},"schema":{"@context":"https:\/\/schema.org","@graph":[{"@type":"WebPage","@id":"https:\/\/www.cavendishsaglik.com\/en\/our-services\/organisation\/","url":"https:\/\/www.cavendishsaglik.com\/en\/our-services\/organisation\/","name":"Organisation - Cavendish Health","isPartOf":{"@id":"https:\/\/www.cavendishsaglik.com\/en\/#website"},"primaryImageOfPage":{"@id":"https:\/\/www.cavendishsaglik.com\/en\/our-services\/organisation\/#primaryimage"},"image":{"@id":"https:\/\/www.cavendishsaglik.com\/en\/our-services\/organisation\/#primaryimage"},"thumbnailUrl":"https:\/\/www.cavendishsaglik.com\/en\/wp-content\/uploads\/2022\/10\/CavendishHealth-Organizasyon-MiniBanner400x250.jpg","datePublished":"2022-10-15T12:56:05+00:00","dateModified":"2022-10-20T19:57:34+00:00","breadcrumb":{"@id":"https:\/\/www.cavendishsaglik.com\/en\/our-services\/organisation\/#breadcrumb"},"inLanguage":"tr","potentialAction":[{"@type":"ReadAction","target":["https:\/\/www.cavendishsaglik.com\/en\/our-services\/organisation\/"]}]},{"@type":"ImageObject","inLanguage":"tr","@id":"https:\/\/www.cavendishsaglik.com\/en\/our-services\/organisation\/#primaryimage","url":"https:\/\/www.cavendishsaglik.com\/en\/wp-content\/uploads\/2022\/10\/CavendishHealth-Organizasyon-MiniBanner400x250.jpg","contentUrl":"https:\/\/www.cavendishsaglik.com\/en\/wp-content\/uploads\/2022\/10\/CavendishHealth-Organizasyon-MiniBanner400x250.jpg","width":400,"height":250},{"@type":"BreadcrumbList","@id":"https:\/\/www.cavendishsaglik.com\/en\/our-services\/organisation\/#breadcrumb","itemListElement":[{"@type":"ListItem","position":1,"name":"Anasayfa","item":"https:\/\/www.cavendishsaglik.com\/en\/"},{"@type":"ListItem","position":2,"name":"Our Services","item":"https:\/\/www.cavendishsaglik.com\/en\/our-services\/"},{"@type":"ListItem","position":3,"name":"Organisation"}]},{"@type":"WebSite","@id":"https:\/\/www.cavendishsaglik.com\/en\/#website","url":"https:\/\/www.cavendishsaglik.com\/en\/","name":"Cavendish Health","description":"Uluslararas\u0131 Sa\u011fl\u0131k Turizmi Acentesi","potentialAction":[{"@type":"SearchAction","target":{"@type":"EntryPoint","urlTemplate":"https:\/\/www.cavendishsaglik.com\/en\/?s={search_term_string}"},"query-input":{"@type":"PropertyValueSpecification","valueRequired":true,"valueName":"search_term_string"}}],"inLanguage":"tr"}]}},"_links":{"self":[{"href":"https:\/\/www.cavendishsaglik.com\/en\/wp-json\/wp\/v2\/pages\/638","targetHints":{"allow":["GET"]}}],"collection":[{"href":"https:\/\/www.cavendishsaglik.com\/en\/wp-json\/wp\/v2\/pages"}],"about":[{"href":"https:\/\/www.cavendishsaglik.com\/en\/wp-json\/wp\/v2\/types\/page"}],"author":[{"embeddable":true,"href":"https:\/\/www.cavendishsaglik.com\/en\/wp-json\/wp\/v2\/users\/1"}],"replies":[{"embeddable":true,"href":"https:\/\/www.cavendishsaglik.com\/en\/wp-json\/wp\/v2\/comments?post=638"}],"version-history":[{"count":27,"href":"https:\/\/www.cavendishsaglik.com\/en\/wp-json\/wp\/v2\/pages\/638\/revisions"}],"predecessor-version":[{"id":1573,"href":"https:\/\/www.cavendishsaglik.com\/en\/wp-json\/wp\/v2\/pages\/638\/revisions\/1573"}],"up":[{"embeddable":true,"href":"https:\/\/www.cavendishsaglik.com\/en\/wp-json\/wp\/v2\/pages\/358"}],"wp:attachment":[{"href":"https:\/\/www.cavendishsaglik.com\/en\/wp-json\/wp\/v2\/media?parent=638"}],"curies":[{"name":"wp","href":"https:\/\/api.w.org\/{rel}","templated":true}]}}