{"id":668,"date":"2022-10-15T13:06:56","date_gmt":"2022-10-15T13:06:56","guid":{"rendered":"https:\/\/www.cavendishsaglik.com\/en\/?page_id=668"},"modified":"2022-11-22T09:55:05","modified_gmt":"2022-11-22T09:55:05","slug":"contracted-institutions","status":"publish","type":"page","link":"https:\/\/www.cavendishsaglik.com\/en\/contracted-institutions\/","title":{"rendered":"Contracted Institutions"},"content":{"rendered":"\t\t<div data-elementor-type=\"wp-page\" data-elementor-id=\"668\" class=\"elementor elementor-668\">\n\t\t\t\t\t\t<section class=\"elementor-section elementor-top-section elementor-element elementor-element-b584dd0 elementor-section-full_width elementor-section-height-min-height elementor-section-height-default elementor-section-items-middle\" data-id=\"b584dd0\" data-element_type=\"section\" data-settings=\"{&quot;background_background&quot;:&quot;classic&quot;}\">\n\t\t\t\t\t\t\t<div class=\"elementor-background-overlay\"><\/div>\n\t\t\t\t\t\t\t<div class=\"elementor-container elementor-column-gap-no\">\n\t\t\t\t\t<div class=\"elementor-column elementor-col-100 elementor-top-column elementor-element elementor-element-5245707\" data-id=\"5245707\" data-element_type=\"column\">\n\t\t\t<div class=\"elementor-widget-wrap elementor-element-populated\">\n\t\t\t\t\t\t<section class=\"elementor-section elementor-inner-section elementor-element elementor-element-b34940a elementor-section-boxed elementor-section-height-default elementor-section-height-default\" data-id=\"b34940a\" data-element_type=\"section\">\n\t\t\t\t\t\t<div class=\"elementor-container elementor-column-gap-no\">\n\t\t\t\t\t<div class=\"elementor-column elementor-col-100 elementor-inner-column elementor-element elementor-element-88436ad\" data-id=\"88436ad\" data-element_type=\"column\">\n\t\t\t<div class=\"elementor-widget-wrap elementor-element-populated\">\n\t\t\t\t\t\t<div class=\"elementor-element elementor-element-a9d5992 elementor-widget elementor-widget-heading\" data-id=\"a9d5992\" data-element_type=\"widget\" data-widget_type=\"heading.default\">\n\t\t\t\t<div class=\"elementor-widget-container\">\n\t\t\t\t\t<h4 class=\"elementor-heading-title elementor-size-default\">Contracted Inst\u0131tut\u0131ons<\/h4>\t\t\t\t<\/div>\n\t\t\t\t<\/div>\n\t\t\t\t\t<\/div>\n\t\t<\/div>\n\t\t\t\t\t<\/div>\n\t\t<\/section>\n\t\t\t\t\t<\/div>\n\t\t<\/div>\n\t\t\t\t\t<\/div>\n\t\t<\/section>\n\t\t\t\t<section class=\"elementor-section elementor-top-section elementor-element elementor-element-1e97c4a elementor-section-full_width elementor-section-height-default elementor-section-height-default\" data-id=\"1e97c4a\" data-element_type=\"section\" data-settings=\"{&quot;background_background&quot;:&quot;classic&quot;}\">\n\t\t\t\t\t\t<div class=\"elementor-container elementor-column-gap-no\">\n\t\t\t\t\t<div class=\"elementor-column elementor-col-100 elementor-top-column elementor-element elementor-element-c7aed42\" data-id=\"c7aed42\" data-element_type=\"column\">\n\t\t\t<div class=\"elementor-widget-wrap elementor-element-populated\">\n\t\t\t\t\t\t<section class=\"elementor-section elementor-inner-section elementor-element elementor-element-c788797 elementor-section-boxed elementor-section-height-default elementor-section-height-default\" data-id=\"c788797\" data-element_type=\"section\">\n\t\t\t\t\t\t<div class=\"elementor-container elementor-column-gap-no\">\n\t\t\t\t\t<div class=\"elementor-column elementor-col-33 elementor-inner-column elementor-element elementor-element-8f54154\" data-id=\"8f54154\" data-element_type=\"column\">\n\t\t\t<div class=\"elementor-widget-wrap elementor-element-populated\">\n\t\t\t\t\t\t\t<\/div>\n\t\t<\/div>\n\t\t\t\t<div class=\"elementor-column elementor-col-33 elementor-inner-column elementor-element elementor-element-4efde28\" data-id=\"4efde28\" data-element_type=\"column\">\n\t\t\t<div class=\"elementor-widget-wrap elementor-element-populated\">\n\t\t\t\t\t\t\t<\/div>\n\t\t<\/div>\n\t\t\t\t<div class=\"elementor-column elementor-col-33 elementor-inner-column elementor-element elementor-element-cdf0f32\" data-id=\"cdf0f32\" data-element_type=\"column\">\n\t\t\t<div class=\"elementor-widget-wrap elementor-element-populated\">\n\t\t\t\t\t\t\t<\/div>\n\t\t<\/div>\n\t\t\t\t\t<\/div>\n\t\t<\/section>\n\t\t\t\t<section class=\"elementor-section elementor-inner-section elementor-element elementor-element-df018a0 elementor-section-boxed elementor-section-height-default elementor-section-height-default\" data-id=\"df018a0\" data-element_type=\"section\">\n\t\t\t\t\t\t<div class=\"elementor-container elementor-column-gap-no\">\n\t\t\t\t\t<div class=\"elementor-column elementor-col-100 elementor-inner-column elementor-element elementor-element-8cbe3b2\" data-id=\"8cbe3b2\" data-element_type=\"column\">\n\t\t\t<div class=\"elementor-widget-wrap elementor-element-populated\">\n\t\t\t\t\t\t<div class=\"elementor-element elementor-element-3f9a36d elementor-widget elementor-widget-image\" data-id=\"3f9a36d\" data-element_type=\"widget\" data-widget_type=\"image.default\">\n\t\t\t\t<div class=\"elementor-widget-container\">\n\t\t\t\t\t\t\t\t\t\t\t\t\t\t\t<img decoding=\"async\" src=\"https:\/\/www.cavendishsaglik.com\/en\/wp-content\/uploads\/elementor\/thumbs\/cavendish-saglik-anlasmali-kurumlar-medicana-saglik-grubu-pxse9j5o5q2yrxw5k5578wucy5yhlmm2mcmmhbomg0.jpeg\" title=\"cavendish-saglik-anlasmali-kurumlar-medicana-saglik-grubu\" alt=\"cavendish-saglik-anlasmali-kurumlar-medicana-saglik-grubu\" loading=\"lazy\" \/>\t\t\t\t\t\t\t\t\t\t\t\t\t\t\t<\/div>\n\t\t\t\t<\/div>\n\t\t\t\t<div class=\"elementor-element elementor-element-ef458eb elementor-widget elementor-widget-text-editor\" data-id=\"ef458eb\" data-element_type=\"widget\" data-widget_type=\"text-editor.default\">\n\t\t\t\t<div class=\"elementor-widget-container\">\n\t\t\t\t\t\t\t\t\t<ul><li>Medicana Bah\u00e7elievler Hastanesi<\/li><li>Medicana Avc\u0131lar Hastanesi<\/li><li>Medicana Kad\u0131k\u00f6y Hastanesi<\/li><li>Medicana Sivas Hastanesi<\/li><li>Medicana Beylikd\u00fcz\u00fc Hastanesi<\/li><li>Medicana \u00c7aml\u0131ca Hastanesi<\/li><li>Medicana Konya Hastanesi<\/li><li>Medicana Ankara Hastanesi<\/li><li>Medicana Bursa Hastanesi<\/li><li>Medicana Samsun Hastanesi<\/li><li>Medicana \u0130zmir Hastanesi<\/li><li>Medicana Ata\u015fehir Hastanesi<\/li><\/ul><p>Cavendish Health&#8217;s medical service provider network consists of many business partners from Turkey&#8217;s largest hospitals to boutique clinics, from land and air ambulance providers to dialysis centers, and from pharmacies to medical equipment providers.\u00a0<\/p><p>It is managed with a comprehensive networking procedure based on the guests benefiting from the highest quality treatment and reaching the optimum price\/treatment quality.<\/p><p>All service providers are selected from advanced parameters such as performance, location, pricing policy, communication, transparency and ability to adapt quickly to change and are constantly renewing themselves.<\/p><p>Thanks to the proactive and efficient management of the Network, Cavendish Health makes every single case it manages to excel. Meanwhile, it carries out operations with its unique technical, creative and controlled-cost business model signature.<\/p><p>Our service providers see Cavendish Health as a partner that takes clear and fast action, is easy to communicate with and is rewarding. As Cavendish Health, we have an honest, open and reciprocal stance in our demand for quality service.<\/p><p><strong>DOCTORS<\/strong><\/p><p>Cavendish Health responds to the needs of guests from abroad with a network of contracted accredited physicians. While many physicians in Istanbul and Turkey provide the highest quality health service to the guests of Cavendish Health from abroad, they can also find easy solutions to their different health needs.<\/p><p><strong>CLINICS<\/strong><\/p><p>Guests conveyed in Turkey by Cavendish Health for any health treatment with special conditions, privileges will be benefitting from the priority health services at the clinics and medical centers where they are referred.<\/p><p><strong>HOSPITALS<\/strong><\/p><p>Guests who wish to receive service from Cavendish Health can access privileged services according to their needs with various contracted institution options and different policy plans, including all examination procedures, surgery, intervention and hospitalizations for medical treatment in medical branches.<\/p>\t\t\t\t\t\t\t\t<\/div>\n\t\t\t\t<\/div>\n\t\t\t\t\t<\/div>\n\t\t<\/div>\n\t\t\t\t\t<\/div>\n\t\t<\/section>\n\t\t\t\t\t<\/div>\n\t\t<\/div>\n\t\t\t\t\t<\/div>\n\t\t<\/section>\n\t\t\t\t<section class=\"elementor-section elementor-top-section elementor-element elementor-element-c696f35 elementor-section-full_width elementor-section-height-min-height elementor-section-height-default elementor-section-items-middle\" data-id=\"c696f35\" data-element_type=\"section\" data-settings=\"{&quot;background_background&quot;:&quot;classic&quot;}\">\n\t\t\t\t\t\t<div class=\"elementor-container elementor-column-gap-no\">\n\t\t\t\t\t<div class=\"elementor-column elementor-col-100 elementor-top-column elementor-element elementor-element-8dd53b3\" data-id=\"8dd53b3\" data-element_type=\"column\">\n\t\t\t<div class=\"elementor-widget-wrap elementor-element-populated\">\n\t\t\t\t\t\t<section class=\"elementor-section elementor-inner-section elementor-element elementor-element-c873df0 elementor-section-boxed elementor-section-height-default elementor-section-height-default\" data-id=\"c873df0\" data-element_type=\"section\">\n\t\t\t\t\t\t<div class=\"elementor-container elementor-column-gap-no\">\n\t\t\t\t\t<div class=\"elementor-column elementor-col-50 elementor-inner-column elementor-element elementor-element-78572c7\" data-id=\"78572c7\" data-element_type=\"column\">\n\t\t\t<div class=\"elementor-widget-wrap elementor-element-populated\">\n\t\t\t\t\t\t<div class=\"elementor-element elementor-element-d5958ac elementor-widget__width-auto elementor-widget-tablet__width-initial elementor-widget-mobile__width-inherit elementor-view-default elementor-widget elementor-widget-icon\" data-id=\"d5958ac\" data-element_type=\"widget\" data-widget_type=\"icon.default\">\n\t\t\t\t<div class=\"elementor-widget-container\">\n\t\t\t\t\t\t\t<div class=\"elementor-icon-wrapper\">\n\t\t\t<div class=\"elementor-icon\">\n\t\t\t<i aria-hidden=\"true\" class=\"fas fa-phone-alt\"><\/i>\t\t\t<\/div>\n\t\t<\/div>\n\t\t\t\t\t\t<\/div>\n\t\t\t\t<\/div>\n\t\t\t\t<div class=\"elementor-element elementor-element-2b62530 elementor-widget__width-auto elementor-widget-tablet__width-initial elementor-widget-mobile__width-inherit elementor-widget elementor-widget-icon-box\" data-id=\"2b62530\" data-element_type=\"widget\" data-widget_type=\"icon-box.default\">\n\t\t\t\t<div class=\"elementor-widget-container\">\n\t\t\t\t\t\t\t<div class=\"elementor-icon-box-wrapper\">\n\n\t\t\t\n\t\t\t\t\t\t<div class=\"elementor-icon-box-content\">\n\n\t\t\t\t\t\t\t\t\t<h6 class=\"elementor-icon-box-title\">\n\t\t\t\t\t\t<span  >\n\t\t\t\t\t\t\tContact Us\t\t\t\t\t\t<\/span>\n\t\t\t\t\t<\/h6>\n\t\t\t\t\n\t\t\t\t\t\t\t\t\t<p class=\"elementor-icon-box-description\">\n\t\t\t\t\t\tLet our experts answer your questions.\t\t\t\t\t<\/p>\n\t\t\t\t\n\t\t\t<\/div>\n\t\t\t\n\t\t<\/div>\n\t\t\t\t\t\t<\/div>\n\t\t\t\t<\/div>\n\t\t\t\t\t<\/div>\n\t\t<\/div>\n\t\t\t\t<div class=\"elementor-column elementor-col-50 elementor-inner-column elementor-element elementor-element-191083c\" data-id=\"191083c\" data-element_type=\"column\">\n\t\t\t<div class=\"elementor-widget-wrap elementor-element-populated\">\n\t\t\t\t\t\t<div class=\"elementor-element elementor-element-4d3e20f elementor-align-right elementor-mobile-align-center elementor-widget elementor-widget-button\" data-id=\"4d3e20f\" data-element_type=\"widget\" data-widget_type=\"button.default\">\n\t\t\t\t<div class=\"elementor-widget-container\">\n\t\t\t\t\t\t\t\t\t<div class=\"elementor-button-wrapper\">\n\t\t\t\t\t<a class=\"elementor-button elementor-button-link elementor-size-sm\" href=\"https:\/\/www.cavendishsaglik.com\/en\/contact\/\">\n\t\t\t\t\t\t<span class=\"elementor-button-content-wrapper\">\n\t\t\t\t\t\t\t\t\t<span class=\"elementor-button-text\">Contact Us<\/span>\n\t\t\t\t\t<\/span>\n\t\t\t\t\t<\/a>\n\t\t\t\t<\/div>\n\t\t\t\t\t\t\t\t<\/div>\n\t\t\t\t<\/div>\n\t\t\t\t\t<\/div>\n\t\t<\/div>\n\t\t\t\t\t<\/div>\n\t\t<\/section>\n\t\t\t\t\t<\/div>\n\t\t<\/div>\n\t\t\t\t\t<\/div>\n\t\t<\/section>\n\t\t\t\t<\/div>\n\t\t","protected":false},"excerpt":{"rendered":"<p>Contracted Inst\u0131tut\u0131ons Medicana Bah\u00e7elievler Hastanesi Medicana Avc\u0131lar Hastanesi Medicana Kad\u0131k\u00f6y Hastanesi Medicana Sivas Hastanesi Medicana Beylikd\u00fcz\u00fc Hastanesi Medicana \u00c7aml\u0131ca Hastanesi Medicana Konya Hastanesi Medicana Ankara Hastanesi Medicana Bursa Hastanesi Medicana Samsun Hastanesi Medicana \u0130zmir Hastanesi Medicana Ata\u015fehir Hastanesi Cavendish Health&#8217;s medical service provider network consists of many business partners from Turkey&#8217;s largest hospitals to boutique &hellip; <\/p>\n<p class=\"link-more\"><a href=\"https:\/\/www.cavendishsaglik.com\/en\/contracted-institutions\/\" class=\"more-link\">Okumaya devam et<span class=\"screen-reader-text\"> &#8220;Contracted Institutions&#8221;<\/span><\/a><\/p>\n","protected":false},"author":1,"featured_media":0,"parent":0,"menu_order":0,"comment_status":"closed","ping_status":"closed","template":"elementor_header_footer","meta":{"_themeisle_gutenberg_block_has_review":false,"footnotes":""},"class_list":["post-668","page","type-page","status-publish","hentry","entry"],"yoast_head":"<!-- This site is optimized with the Yoast SEO plugin v26.5 - https:\/\/yoast.com\/wordpress\/plugins\/seo\/ -->\n<title>Contracted Institutions - Cavendish Health<\/title>\n<meta name=\"robots\" content=\"index, follow, max-snippet:-1, max-image-preview:large, max-video-preview:-1\" \/>\n<link rel=\"canonical\" href=\"https:\/\/www.cavendishsaglik.com\/en\/contracted-institutions\/\" \/>\n<meta property=\"og:locale\" content=\"tr_TR\" \/>\n<meta property=\"og:type\" content=\"article\" \/>\n<meta property=\"og:title\" content=\"Contracted Institutions - Cavendish Health\" \/>\n<meta property=\"og:description\" content=\"Contracted Inst\u0131tut\u0131ons Medicana Bah\u00e7elievler Hastanesi Medicana Avc\u0131lar Hastanesi Medicana Kad\u0131k\u00f6y Hastanesi Medicana Sivas Hastanesi Medicana Beylikd\u00fcz\u00fc Hastanesi Medicana \u00c7aml\u0131ca Hastanesi Medicana Konya Hastanesi Medicana Ankara Hastanesi Medicana Bursa Hastanesi Medicana Samsun Hastanesi Medicana \u0130zmir Hastanesi Medicana Ata\u015fehir Hastanesi Cavendish Health&#8217;s medical service provider network consists of many business partners from Turkey&#8217;s largest hospitals to boutique &hellip; Okumaya devam et &quot;Contracted Institutions&quot;\" \/>\n<meta property=\"og:url\" content=\"https:\/\/www.cavendishsaglik.com\/en\/contracted-institutions\/\" \/>\n<meta property=\"og:site_name\" content=\"Cavendish Health\" \/>\n<meta property=\"article:modified_time\" content=\"2022-11-22T09:55:05+00:00\" \/>\n<meta property=\"og:image\" content=\"https:\/\/www.cavendishsaglik.com\/en\/wp-content\/uploads\/elementor\/thumbs\/cavendish-saglik-anlasmali-kurumlar-medicana-saglik-grubu-pxse9j5o5q2yrxw5k5578wucy5yhlmm2mcmmhbomg0.jpeg\" \/>\n<meta name=\"twitter:card\" content=\"summary_large_image\" \/>\n<meta name=\"twitter:label1\" content=\"Tahmini okuma s\u00fcresi\" \/>\n\t<meta name=\"twitter:data1\" content=\"3 dakika\" \/>\n<script type=\"application\/ld+json\" class=\"yoast-schema-graph\">{\"@context\":\"https:\/\/schema.org\",\"@graph\":[{\"@type\":\"WebPage\",\"@id\":\"https:\/\/www.cavendishsaglik.com\/en\/contracted-institutions\/\",\"url\":\"https:\/\/www.cavendishsaglik.com\/en\/contracted-institutions\/\",\"name\":\"Contracted Institutions - Cavendish Health\",\"isPartOf\":{\"@id\":\"https:\/\/www.cavendishsaglik.com\/en\/#website\"},\"primaryImageOfPage\":{\"@id\":\"https:\/\/www.cavendishsaglik.com\/en\/contracted-institutions\/#primaryimage\"},\"image\":{\"@id\":\"https:\/\/www.cavendishsaglik.com\/en\/contracted-institutions\/#primaryimage\"},\"thumbnailUrl\":\"https:\/\/www.cavendishsaglik.com\/en\/wp-content\/uploads\/elementor\/thumbs\/cavendish-saglik-anlasmali-kurumlar-medicana-saglik-grubu-pxse9j5o5q2yrxw5k5578wucy5yhlmm2mcmmhbomg0.jpeg\",\"datePublished\":\"2022-10-15T13:06:56+00:00\",\"dateModified\":\"2022-11-22T09:55:05+00:00\",\"breadcrumb\":{\"@id\":\"https:\/\/www.cavendishsaglik.com\/en\/contracted-institutions\/#breadcrumb\"},\"inLanguage\":\"tr\",\"potentialAction\":[{\"@type\":\"ReadAction\",\"target\":[\"https:\/\/www.cavendishsaglik.com\/en\/contracted-institutions\/\"]}]},{\"@type\":\"ImageObject\",\"inLanguage\":\"tr\",\"@id\":\"https:\/\/www.cavendishsaglik.com\/en\/contracted-institutions\/#primaryimage\",\"url\":\"https:\/\/www.cavendishsaglik.com\/en\/wp-content\/uploads\/elementor\/thumbs\/cavendish-saglik-anlasmali-kurumlar-medicana-saglik-grubu-pxse9j5o5q2yrxw5k5578wucy5yhlmm2mcmmhbomg0.jpeg\",\"contentUrl\":\"https:\/\/www.cavendishsaglik.com\/en\/wp-content\/uploads\/elementor\/thumbs\/cavendish-saglik-anlasmali-kurumlar-medicana-saglik-grubu-pxse9j5o5q2yrxw5k5578wucy5yhlmm2mcmmhbomg0.jpeg\"},{\"@type\":\"BreadcrumbList\",\"@id\":\"https:\/\/www.cavendishsaglik.com\/en\/contracted-institutions\/#breadcrumb\",\"itemListElement\":[{\"@type\":\"ListItem\",\"position\":1,\"name\":\"Anasayfa\",\"item\":\"https:\/\/www.cavendishsaglik.com\/en\/\"},{\"@type\":\"ListItem\",\"position\":2,\"name\":\"Contracted Institutions\"}]},{\"@type\":\"WebSite\",\"@id\":\"https:\/\/www.cavendishsaglik.com\/en\/#website\",\"url\":\"https:\/\/www.cavendishsaglik.com\/en\/\",\"name\":\"Cavendish Health\",\"description\":\"Uluslararas\u0131 Sa\u011fl\u0131k Turizmi Acentesi\",\"potentialAction\":[{\"@type\":\"SearchAction\",\"target\":{\"@type\":\"EntryPoint\",\"urlTemplate\":\"https:\/\/www.cavendishsaglik.com\/en\/?s={search_term_string}\"},\"query-input\":{\"@type\":\"PropertyValueSpecification\",\"valueRequired\":true,\"valueName\":\"search_term_string\"}}],\"inLanguage\":\"tr\"}]}<\/script>\n<!-- \/ Yoast SEO plugin. -->","yoast_head_json":{"title":"Contracted Institutions - Cavendish Health","robots":{"index":"index","follow":"follow","max-snippet":"max-snippet:-1","max-image-preview":"max-image-preview:large","max-video-preview":"max-video-preview:-1"},"canonical":"https:\/\/www.cavendishsaglik.com\/en\/contracted-institutions\/","og_locale":"tr_TR","og_type":"article","og_title":"Contracted Institutions - Cavendish Health","og_description":"Contracted Inst\u0131tut\u0131ons Medicana Bah\u00e7elievler Hastanesi Medicana Avc\u0131lar Hastanesi Medicana Kad\u0131k\u00f6y Hastanesi Medicana Sivas Hastanesi Medicana Beylikd\u00fcz\u00fc Hastanesi Medicana \u00c7aml\u0131ca Hastanesi Medicana Konya Hastanesi Medicana Ankara Hastanesi Medicana Bursa Hastanesi Medicana Samsun Hastanesi Medicana \u0130zmir Hastanesi Medicana Ata\u015fehir Hastanesi Cavendish Health&#8217;s medical service provider network consists of many business partners from Turkey&#8217;s largest hospitals to boutique &hellip; Okumaya devam et \"Contracted Institutions\"","og_url":"https:\/\/www.cavendishsaglik.com\/en\/contracted-institutions\/","og_site_name":"Cavendish Health","article_modified_time":"2022-11-22T09:55:05+00:00","og_image":[{"url":"https:\/\/www.cavendishsaglik.com\/en\/wp-content\/uploads\/elementor\/thumbs\/cavendish-saglik-anlasmali-kurumlar-medicana-saglik-grubu-pxse9j5o5q2yrxw5k5578wucy5yhlmm2mcmmhbomg0.jpeg","type":"","width":"","height":""}],"twitter_card":"summary_large_image","twitter_misc":{"Tahmini okuma s\u00fcresi":"3 dakika"},"schema":{"@context":"https:\/\/schema.org","@graph":[{"@type":"WebPage","@id":"https:\/\/www.cavendishsaglik.com\/en\/contracted-institutions\/","url":"https:\/\/www.cavendishsaglik.com\/en\/contracted-institutions\/","name":"Contracted Institutions - Cavendish Health","isPartOf":{"@id":"https:\/\/www.cavendishsaglik.com\/en\/#website"},"primaryImageOfPage":{"@id":"https:\/\/www.cavendishsaglik.com\/en\/contracted-institutions\/#primaryimage"},"image":{"@id":"https:\/\/www.cavendishsaglik.com\/en\/contracted-institutions\/#primaryimage"},"thumbnailUrl":"https:\/\/www.cavendishsaglik.com\/en\/wp-content\/uploads\/elementor\/thumbs\/cavendish-saglik-anlasmali-kurumlar-medicana-saglik-grubu-pxse9j5o5q2yrxw5k5578wucy5yhlmm2mcmmhbomg0.jpeg","datePublished":"2022-10-15T13:06:56+00:00","dateModified":"2022-11-22T09:55:05+00:00","breadcrumb":{"@id":"https:\/\/www.cavendishsaglik.com\/en\/contracted-institutions\/#breadcrumb"},"inLanguage":"tr","potentialAction":[{"@type":"ReadAction","target":["https:\/\/www.cavendishsaglik.com\/en\/contracted-institutions\/"]}]},{"@type":"ImageObject","inLanguage":"tr","@id":"https:\/\/www.cavendishsaglik.com\/en\/contracted-institutions\/#primaryimage","url":"https:\/\/www.cavendishsaglik.com\/en\/wp-content\/uploads\/elementor\/thumbs\/cavendish-saglik-anlasmali-kurumlar-medicana-saglik-grubu-pxse9j5o5q2yrxw5k5578wucy5yhlmm2mcmmhbomg0.jpeg","contentUrl":"https:\/\/www.cavendishsaglik.com\/en\/wp-content\/uploads\/elementor\/thumbs\/cavendish-saglik-anlasmali-kurumlar-medicana-saglik-grubu-pxse9j5o5q2yrxw5k5578wucy5yhlmm2mcmmhbomg0.jpeg"},{"@type":"BreadcrumbList","@id":"https:\/\/www.cavendishsaglik.com\/en\/contracted-institutions\/#breadcrumb","itemListElement":[{"@type":"ListItem","position":1,"name":"Anasayfa","item":"https:\/\/www.cavendishsaglik.com\/en\/"},{"@type":"ListItem","position":2,"name":"Contracted Institutions"}]},{"@type":"WebSite","@id":"https:\/\/www.cavendishsaglik.com\/en\/#website","url":"https:\/\/www.cavendishsaglik.com\/en\/","name":"Cavendish Health","description":"Uluslararas\u0131 Sa\u011fl\u0131k Turizmi Acentesi","potentialAction":[{"@type":"SearchAction","target":{"@type":"EntryPoint","urlTemplate":"https:\/\/www.cavendishsaglik.com\/en\/?s={search_term_string}"},"query-input":{"@type":"PropertyValueSpecification","valueRequired":true,"valueName":"search_term_string"}}],"inLanguage":"tr"}]}},"_links":{"self":[{"href":"https:\/\/www.cavendishsaglik.com\/en\/wp-json\/wp\/v2\/pages\/668","targetHints":{"allow":["GET"]}}],"collection":[{"href":"https:\/\/www.cavendishsaglik.com\/en\/wp-json\/wp\/v2\/pages"}],"about":[{"href":"https:\/\/www.cavendishsaglik.com\/en\/wp-json\/wp\/v2\/types\/page"}],"author":[{"embeddable":true,"href":"https:\/\/www.cavendishsaglik.com\/en\/wp-json\/wp\/v2\/users\/1"}],"replies":[{"embeddable":true,"href":"https:\/\/www.cavendishsaglik.com\/en\/wp-json\/wp\/v2\/comments?post=668"}],"version-history":[{"count":57,"href":"https:\/\/www.cavendishsaglik.com\/en\/wp-json\/wp\/v2\/pages\/668\/revisions"}],"predecessor-version":[{"id":1623,"href":"https:\/\/www.cavendishsaglik.com\/en\/wp-json\/wp\/v2\/pages\/668\/revisions\/1623"}],"wp:attachment":[{"href":"https:\/\/www.cavendishsaglik.com\/en\/wp-json\/wp\/v2\/media?parent=668"}],"curies":[{"name":"wp","href":"https:\/\/api.w.org\/{rel}","templated":true}]}}