{"id":695,"date":"2022-10-15T13:39:39","date_gmt":"2022-10-15T13:39:39","guid":{"rendered":"https:\/\/www.cavendishsaglik.com\/en\/?page_id=695"},"modified":"2022-10-20T11:43:04","modified_gmt":"2022-10-20T11:43:04","slug":"dental-treatments-and-oral-health","status":"publish","type":"page","link":"https:\/\/www.cavendishsaglik.com\/en\/health-services\/dental-treatments-and-oral-health\/","title":{"rendered":"Dental Treatments and Oral Health"},"content":{"rendered":"\t\t<div data-elementor-type=\"wp-page\" data-elementor-id=\"695\" class=\"elementor elementor-695\">\n\t\t\t\t\t\t<section class=\"elementor-section elementor-top-section elementor-element elementor-element-6ad1831 elementor-section-full_width elementor-section-height-min-height elementor-section-height-default elementor-section-items-middle\" data-id=\"6ad1831\" data-element_type=\"section\" data-settings=\"{&quot;background_background&quot;:&quot;classic&quot;}\">\n\t\t\t\t\t\t\t<div class=\"elementor-background-overlay\"><\/div>\n\t\t\t\t\t\t\t<div class=\"elementor-container elementor-column-gap-no\">\n\t\t\t\t\t<div class=\"elementor-column elementor-col-100 elementor-top-column elementor-element elementor-element-efaf52f\" data-id=\"efaf52f\" data-element_type=\"column\">\n\t\t\t<div class=\"elementor-widget-wrap elementor-element-populated\">\n\t\t\t\t\t\t<section class=\"elementor-section elementor-inner-section elementor-element elementor-element-aeb3d05 elementor-section-boxed elementor-section-height-default elementor-section-height-default\" data-id=\"aeb3d05\" data-element_type=\"section\">\n\t\t\t\t\t\t<div class=\"elementor-container elementor-column-gap-no\">\n\t\t\t\t\t<div class=\"elementor-column elementor-col-100 elementor-inner-column elementor-element elementor-element-d327832\" data-id=\"d327832\" data-element_type=\"column\">\n\t\t\t<div class=\"elementor-widget-wrap elementor-element-populated\">\n\t\t\t\t\t\t<div class=\"elementor-element elementor-element-228ddcb elementor-widget elementor-widget-heading\" data-id=\"228ddcb\" data-element_type=\"widget\" data-widget_type=\"heading.default\">\n\t\t\t\t<div class=\"elementor-widget-container\">\n\t\t\t\t\t<h4 class=\"elementor-heading-title elementor-size-default\">DENTAL  TREATMENTS  AND  ORAL  HEALTH<\/h4>\t\t\t\t<\/div>\n\t\t\t\t<\/div>\n\t\t\t\t\t<\/div>\n\t\t<\/div>\n\t\t\t\t\t<\/div>\n\t\t<\/section>\n\t\t\t\t\t<\/div>\n\t\t<\/div>\n\t\t\t\t\t<\/div>\n\t\t<\/section>\n\t\t\t\t<section class=\"elementor-section elementor-top-section elementor-element elementor-element-92554bb elementor-section-boxed elementor-section-height-default elementor-section-height-default\" data-id=\"92554bb\" data-element_type=\"section\" data-settings=\"{&quot;background_background&quot;:&quot;classic&quot;}\">\n\t\t\t\t\t\t<div class=\"elementor-container elementor-column-gap-no\">\n\t\t\t\t\t<div class=\"elementor-column elementor-col-100 elementor-top-column elementor-element elementor-element-51fde75\" data-id=\"51fde75\" data-element_type=\"column\">\n\t\t\t<div class=\"elementor-widget-wrap elementor-element-populated\">\n\t\t\t\t\t\t<section class=\"elementor-section elementor-inner-section elementor-element elementor-element-21d0dbc elementor-section-boxed elementor-section-height-default elementor-section-height-default\" data-id=\"21d0dbc\" data-element_type=\"section\">\n\t\t\t\t\t\t<div class=\"elementor-container elementor-column-gap-no\">\n\t\t\t\t\t<div class=\"elementor-column elementor-col-100 elementor-inner-column elementor-element elementor-element-3cef269\" data-id=\"3cef269\" data-element_type=\"column\">\n\t\t\t<div class=\"elementor-widget-wrap elementor-element-populated\">\n\t\t\t\t\t\t<div class=\"elementor-element elementor-element-5945108 elementor-widget elementor-widget-image\" data-id=\"5945108\" data-element_type=\"widget\" data-widget_type=\"image.default\">\n\t\t\t\t<div class=\"elementor-widget-container\">\n\t\t\t\t\t\t\t\t\t\t\t\t\t\t\t<img decoding=\"async\" src=\"https:\/\/www.cavendishsaglik.com\/en\/wp-content\/uploads\/elementor\/thumbs\/CavendishHealth-DisHastaliklari-MiniBanner768x515-pwfou9vruf3nf7y31rmosuh2m8gkjhnlz8egnh60tc.jpg\" title=\"CavendishHealth-Di\u015fHastal\u0131klar\u0131-MiniBanner(768&#215;515)\" alt=\"CavendishHealth-Di\u015fHastal\u0131klar\u0131-MiniBanner(768x515)\" loading=\"lazy\" \/>\t\t\t\t\t\t\t\t\t\t\t\t\t\t\t<\/div>\n\t\t\t\t<\/div>\n\t\t\t\t<div class=\"elementor-element elementor-element-ee35d31 elementor-widget elementor-widget-text-editor\" data-id=\"ee35d31\" data-element_type=\"widget\" data-widget_type=\"text-editor.default\">\n\t\t\t\t<div class=\"elementor-widget-container\">\n\t\t\t\t\t\t\t\t\t<p><strong>DENTAL AESTHETICS<\/strong><\/p><p>Problems in the appearance of teeth are an important element that negatively affects people&#8217;s social life. Teeth that are pleasing to the eye and line up in harmony when you laugh, have a positive effect on people&#8217;s lives and are among the effective signs of personal care. A glamorous smile significantly increases people&#8217;s self-confidence and social communication, contributing to success and happiness in their business and private lives.<\/p><p>Problems such as irregularities in the alignment of the teeth, large gaps between the teeth or dark teeth affect your smile negatively. In addition, previously discolored or discolored coatings, darkened fillings and gingival problems also adversely affect both health and aesthetics.<\/p><p>Frequently Applied Methods in Dental Aesthetics<\/p><ul><li>Lamina (leaf) porcelains<\/li><li>Full ceramic crowns<\/li><li>Porcelain fillings<\/li><\/ul><p>\u00a0<\/p><p><strong>DENTAL IMPLANT<\/strong><\/p><p>Dental implants are artificial tooth roots that are placed in the jawbone in order to restore the function and aesthetics of missing teeth and are made of material compatible with human tissues. They are screw-shaped structures produced in various lengths and diameters, designed to imitate tooth roots, mostly produced from titanium with improved surface properties.<\/p><p>Dental implant treatment is carried out in two stages. The first stage is the surgical stage in which a socket suitable for the length and diameter of the implant, which is decided to be used in the region where the implant will be placed, is prepared in the right position and at the ideal angle without damaging the neighboring teeth, soft tissues and other anatomical structures, and then the implant is placed in the prepared socket. After the implant is placed in the bone, the healing process necessary for it to become a part of the body and fuse with the bone begins. This process takes about three months, but in some cases it can be shorter or longer. With the end of the waiting period, the second stage is started and the construction of the prostheses planned at the beginning of the treatment begins on the implants. At this stage, it varies between two days and two weeks, depending on the type of prosthesis to be made.<\/p><p>Since the placement of dental implants is a surgical procedure, this procedure should perform by a Maxillofacial Surgeon.<\/p><p>\u00a0<\/p><p><strong>DENTAL CROWNS<\/strong><\/p><p>Dental veneers are named according to the materials used. From the past to the present, different materials have been used in terms of both durability and aesthetics, depending on the development of technology and material knowledge. The earliest materials were gold-containing alloys. they were very old and very long history capping but aesthetic feature was very limited.<\/p><p>Especially ceramics are used in new materials. Ceramics are very advantageous materials, especially in terms of replicating tooth color exactly. Ceramics are also classified within themselves. Metal was used as the hardening material under the ceramics. Since ceramics applied to metal in the past and increasing durability were also aesthetically limited, we no longer use metal ceramic coatings today. We mostly use zirconium infrastructure or full ceramic coatings. Zirconium and full ceramic material coatings are currently the most technological materials in terms of aesthetics and durability.<\/p><p>First of all, suspicious formations such as decayed old restorative materials or old fillings in the tooth must be completely cleaned and the teeth are reduced as much as the thickness of the material to be used from the teeth.<\/p><p>\u00a0<\/p><p><strong>TEETH WHITENING<\/strong><\/p><p>Teeth bleaching involves the dissolution of colored organic and inorganic substances found in the enamel and dentin layers of teeth that have changed color for various reasons or are structurally dark, with tooth whitening gels. Hydrogen peroxide and carbamide peroxide are used as active agents in the bleaching systems used.<\/p><p>Two types of bleaching methods are used today. The first of these is the home bleaching technique that the patient can apply on his own. In this method, a special thin plastic-based mold is prepared for him to wear on his teeth by taking measurements. The patient applies the whitening agent given to him with the help of this mold for the recommended time. Treatment is completed in approximately 1 to 4 weeks.<\/p>\t\t\t\t\t\t\t\t<\/div>\n\t\t\t\t<\/div>\n\t\t\t\t\t<\/div>\n\t\t<\/div>\n\t\t\t\t\t<\/div>\n\t\t<\/section>\n\t\t\t\t\t<\/div>\n\t\t<\/div>\n\t\t\t\t\t<\/div>\n\t\t<\/section>\n\t\t\t\t<section class=\"elementor-section elementor-top-section elementor-element elementor-element-be7325e elementor-section-full_width elementor-section-height-min-height elementor-section-height-default elementor-section-items-middle\" data-id=\"be7325e\" data-element_type=\"section\" data-settings=\"{&quot;background_background&quot;:&quot;classic&quot;}\">\n\t\t\t\t\t\t<div class=\"elementor-container elementor-column-gap-no\">\n\t\t\t\t\t<div class=\"elementor-column elementor-col-100 elementor-top-column elementor-element elementor-element-61e671e\" data-id=\"61e671e\" data-element_type=\"column\">\n\t\t\t<div class=\"elementor-widget-wrap elementor-element-populated\">\n\t\t\t\t\t\t<section class=\"elementor-section elementor-inner-section elementor-element elementor-element-18e4138 elementor-section-boxed elementor-section-height-default elementor-section-height-default\" data-id=\"18e4138\" data-element_type=\"section\">\n\t\t\t\t\t\t<div class=\"elementor-container elementor-column-gap-no\">\n\t\t\t\t\t<div class=\"elementor-column elementor-col-50 elementor-inner-column elementor-element elementor-element-9a9983c\" data-id=\"9a9983c\" data-element_type=\"column\">\n\t\t\t<div class=\"elementor-widget-wrap elementor-element-populated\">\n\t\t\t\t\t\t<div class=\"elementor-element elementor-element-9febc03 elementor-widget__width-auto elementor-widget-tablet__width-initial elementor-widget-mobile__width-inherit elementor-view-default elementor-widget elementor-widget-icon\" data-id=\"9febc03\" data-element_type=\"widget\" data-widget_type=\"icon.default\">\n\t\t\t\t<div class=\"elementor-widget-container\">\n\t\t\t\t\t\t\t<div class=\"elementor-icon-wrapper\">\n\t\t\t<div class=\"elementor-icon\">\n\t\t\t<i aria-hidden=\"true\" class=\"fas fa-phone-alt\"><\/i>\t\t\t<\/div>\n\t\t<\/div>\n\t\t\t\t\t\t<\/div>\n\t\t\t\t<\/div>\n\t\t\t\t<div class=\"elementor-element elementor-element-c8f4ed9 elementor-widget__width-auto elementor-widget-tablet__width-initial elementor-widget-mobile__width-inherit elementor-widget elementor-widget-icon-box\" data-id=\"c8f4ed9\" data-element_type=\"widget\" data-widget_type=\"icon-box.default\">\n\t\t\t\t<div class=\"elementor-widget-container\">\n\t\t\t\t\t\t\t<div class=\"elementor-icon-box-wrapper\">\n\n\t\t\t\n\t\t\t\t\t\t<div class=\"elementor-icon-box-content\">\n\n\t\t\t\t\t\t\t\t\t<h6 class=\"elementor-icon-box-title\">\n\t\t\t\t\t\t<span  >\n\t\t\t\t\t\t\tContact Us\t\t\t\t\t\t<\/span>\n\t\t\t\t\t<\/h6>\n\t\t\t\t\n\t\t\t\t\t\t\t\t\t<p class=\"elementor-icon-box-description\">\n\t\t\t\t\t\tLet our experts answer your questions.\t\t\t\t\t<\/p>\n\t\t\t\t\n\t\t\t<\/div>\n\t\t\t\n\t\t<\/div>\n\t\t\t\t\t\t<\/div>\n\t\t\t\t<\/div>\n\t\t\t\t\t<\/div>\n\t\t<\/div>\n\t\t\t\t<div class=\"elementor-column elementor-col-50 elementor-inner-column elementor-element elementor-element-fa34615\" data-id=\"fa34615\" data-element_type=\"column\">\n\t\t\t<div class=\"elementor-widget-wrap elementor-element-populated\">\n\t\t\t\t\t\t<div class=\"elementor-element elementor-element-c42175e elementor-align-right elementor-mobile-align-center elementor-widget elementor-widget-button\" data-id=\"c42175e\" data-element_type=\"widget\" data-widget_type=\"button.default\">\n\t\t\t\t<div class=\"elementor-widget-container\">\n\t\t\t\t\t\t\t\t\t<div class=\"elementor-button-wrapper\">\n\t\t\t\t\t<a class=\"elementor-button elementor-button-link elementor-size-sm\" href=\"https:\/\/www.cavendishsaglik.com\/en\/contact\/\">\n\t\t\t\t\t\t<span class=\"elementor-button-content-wrapper\">\n\t\t\t\t\t\t\t\t\t<span class=\"elementor-button-text\">Contact Us<\/span>\n\t\t\t\t\t<\/span>\n\t\t\t\t\t<\/a>\n\t\t\t\t<\/div>\n\t\t\t\t\t\t\t\t<\/div>\n\t\t\t\t<\/div>\n\t\t\t\t\t<\/div>\n\t\t<\/div>\n\t\t\t\t\t<\/div>\n\t\t<\/section>\n\t\t\t\t\t<\/div>\n\t\t<\/div>\n\t\t\t\t\t<\/div>\n\t\t<\/section>\n\t\t\t\t<\/div>\n\t\t","protected":false},"excerpt":{"rendered":"<p>DENTAL TREATMENTS AND ORAL HEALTH DENTAL AESTHETICS Problems in the appearance of teeth are an important element that negatively affects people&#8217;s social life. Teeth that are pleasing to the eye and line up in harmony when you laugh, have a positive effect on people&#8217;s lives and are among the effective signs of personal care. A &hellip; <\/p>\n<p class=\"link-more\"><a href=\"https:\/\/www.cavendishsaglik.com\/en\/health-services\/dental-treatments-and-oral-health\/\" class=\"more-link\">Okumaya devam et<span class=\"screen-reader-text\"> &#8220;Dental Treatments and Oral Health&#8221;<\/span><\/a><\/p>\n","protected":false},"author":1,"featured_media":0,"parent":679,"menu_order":0,"comment_status":"closed","ping_status":"closed","template":"elementor_header_footer","meta":{"_themeisle_gutenberg_block_has_review":false,"footnotes":""},"class_list":["post-695","page","type-page","status-publish","hentry","entry"],"yoast_head":"<!-- This site is optimized with the Yoast SEO plugin v26.5 - https:\/\/yoast.com\/wordpress\/plugins\/seo\/ -->\n<title>Dental Treatments and Oral Health - Cavendish Health<\/title>\n<meta name=\"robots\" content=\"index, follow, max-snippet:-1, max-image-preview:large, max-video-preview:-1\" \/>\n<link rel=\"canonical\" href=\"https:\/\/www.cavendishsaglik.com\/en\/health-services\/dental-treatments-and-oral-health\/\" \/>\n<meta property=\"og:locale\" content=\"tr_TR\" \/>\n<meta property=\"og:type\" content=\"article\" \/>\n<meta property=\"og:title\" content=\"Dental Treatments and Oral Health - Cavendish Health\" \/>\n<meta property=\"og:description\" content=\"DENTAL TREATMENTS AND ORAL HEALTH DENTAL AESTHETICS Problems in the appearance of teeth are an important element that negatively affects people&#8217;s social life. Teeth that are pleasing to the eye and line up in harmony when you laugh, have a positive effect on people&#8217;s lives and are among the effective signs of personal care. A &hellip; Okumaya devam et &quot;Dental Treatments and Oral Health&quot;\" \/>\n<meta property=\"og:url\" content=\"https:\/\/www.cavendishsaglik.com\/en\/health-services\/dental-treatments-and-oral-health\/\" \/>\n<meta property=\"og:site_name\" content=\"Cavendish Health\" \/>\n<meta property=\"article:modified_time\" content=\"2022-10-20T11:43:04+00:00\" \/>\n<meta property=\"og:image\" content=\"http:\/\/www.cavendishsaglik.com\/en\/wp-content\/uploads\/elementor\/thumbs\/CavendishHealth-DisHastaliklari-MiniBanner768x515-pwfou9vruf3nf7y31rmosuh2m8gkjhnlz8egnh60tc.jpg\" \/>\n<meta name=\"twitter:card\" content=\"summary_large_image\" \/>\n<meta name=\"twitter:label1\" content=\"Tahmini okuma s\u00fcresi\" \/>\n\t<meta name=\"twitter:data1\" content=\"5 dakika\" \/>\n<script type=\"application\/ld+json\" class=\"yoast-schema-graph\">{\"@context\":\"https:\/\/schema.org\",\"@graph\":[{\"@type\":\"WebPage\",\"@id\":\"https:\/\/www.cavendishsaglik.com\/en\/health-services\/dental-treatments-and-oral-health\/\",\"url\":\"https:\/\/www.cavendishsaglik.com\/en\/health-services\/dental-treatments-and-oral-health\/\",\"name\":\"Dental Treatments and Oral Health - Cavendish Health\",\"isPartOf\":{\"@id\":\"https:\/\/www.cavendishsaglik.com\/en\/#website\"},\"primaryImageOfPage\":{\"@id\":\"https:\/\/www.cavendishsaglik.com\/en\/health-services\/dental-treatments-and-oral-health\/#primaryimage\"},\"image\":{\"@id\":\"https:\/\/www.cavendishsaglik.com\/en\/health-services\/dental-treatments-and-oral-health\/#primaryimage\"},\"thumbnailUrl\":\"http:\/\/www.cavendishsaglik.com\/en\/wp-content\/uploads\/elementor\/thumbs\/CavendishHealth-DisHastaliklari-MiniBanner768x515-pwfou9vruf3nf7y31rmosuh2m8gkjhnlz8egnh60tc.jpg\",\"datePublished\":\"2022-10-15T13:39:39+00:00\",\"dateModified\":\"2022-10-20T11:43:04+00:00\",\"breadcrumb\":{\"@id\":\"https:\/\/www.cavendishsaglik.com\/en\/health-services\/dental-treatments-and-oral-health\/#breadcrumb\"},\"inLanguage\":\"tr\",\"potentialAction\":[{\"@type\":\"ReadAction\",\"target\":[\"https:\/\/www.cavendishsaglik.com\/en\/health-services\/dental-treatments-and-oral-health\/\"]}]},{\"@type\":\"ImageObject\",\"inLanguage\":\"tr\",\"@id\":\"https:\/\/www.cavendishsaglik.com\/en\/health-services\/dental-treatments-and-oral-health\/#primaryimage\",\"url\":\"http:\/\/www.cavendishsaglik.com\/en\/wp-content\/uploads\/elementor\/thumbs\/CavendishHealth-DisHastaliklari-MiniBanner768x515-pwfou9vruf3nf7y31rmosuh2m8gkjhnlz8egnh60tc.jpg\",\"contentUrl\":\"http:\/\/www.cavendishsaglik.com\/en\/wp-content\/uploads\/elementor\/thumbs\/CavendishHealth-DisHastaliklari-MiniBanner768x515-pwfou9vruf3nf7y31rmosuh2m8gkjhnlz8egnh60tc.jpg\"},{\"@type\":\"BreadcrumbList\",\"@id\":\"https:\/\/www.cavendishsaglik.com\/en\/health-services\/dental-treatments-and-oral-health\/#breadcrumb\",\"itemListElement\":[{\"@type\":\"ListItem\",\"position\":1,\"name\":\"Anasayfa\",\"item\":\"https:\/\/www.cavendishsaglik.com\/en\/\"},{\"@type\":\"ListItem\",\"position\":2,\"name\":\"Health Services\",\"item\":\"https:\/\/www.cavendishsaglik.com\/en\/health-services\/\"},{\"@type\":\"ListItem\",\"position\":3,\"name\":\"Dental Treatments and Oral Health\"}]},{\"@type\":\"WebSite\",\"@id\":\"https:\/\/www.cavendishsaglik.com\/en\/#website\",\"url\":\"https:\/\/www.cavendishsaglik.com\/en\/\",\"name\":\"Cavendish Health\",\"description\":\"Uluslararas\u0131 Sa\u011fl\u0131k Turizmi Acentesi\",\"potentialAction\":[{\"@type\":\"SearchAction\",\"target\":{\"@type\":\"EntryPoint\",\"urlTemplate\":\"https:\/\/www.cavendishsaglik.com\/en\/?s={search_term_string}\"},\"query-input\":{\"@type\":\"PropertyValueSpecification\",\"valueRequired\":true,\"valueName\":\"search_term_string\"}}],\"inLanguage\":\"tr\"}]}<\/script>\n<!-- \/ Yoast SEO plugin. -->","yoast_head_json":{"title":"Dental Treatments and Oral Health - Cavendish Health","robots":{"index":"index","follow":"follow","max-snippet":"max-snippet:-1","max-image-preview":"max-image-preview:large","max-video-preview":"max-video-preview:-1"},"canonical":"https:\/\/www.cavendishsaglik.com\/en\/health-services\/dental-treatments-and-oral-health\/","og_locale":"tr_TR","og_type":"article","og_title":"Dental Treatments and Oral Health - Cavendish Health","og_description":"DENTAL TREATMENTS AND ORAL HEALTH DENTAL AESTHETICS Problems in the appearance of teeth are an important element that negatively affects people&#8217;s social life. Teeth that are pleasing to the eye and line up in harmony when you laugh, have a positive effect on people&#8217;s lives and are among the effective signs of personal care. A &hellip; Okumaya devam et \"Dental Treatments and Oral Health\"","og_url":"https:\/\/www.cavendishsaglik.com\/en\/health-services\/dental-treatments-and-oral-health\/","og_site_name":"Cavendish Health","article_modified_time":"2022-10-20T11:43:04+00:00","og_image":[{"url":"http:\/\/www.cavendishsaglik.com\/en\/wp-content\/uploads\/elementor\/thumbs\/CavendishHealth-DisHastaliklari-MiniBanner768x515-pwfou9vruf3nf7y31rmosuh2m8gkjhnlz8egnh60tc.jpg","type":"","width":"","height":""}],"twitter_card":"summary_large_image","twitter_misc":{"Tahmini okuma s\u00fcresi":"5 dakika"},"schema":{"@context":"https:\/\/schema.org","@graph":[{"@type":"WebPage","@id":"https:\/\/www.cavendishsaglik.com\/en\/health-services\/dental-treatments-and-oral-health\/","url":"https:\/\/www.cavendishsaglik.com\/en\/health-services\/dental-treatments-and-oral-health\/","name":"Dental Treatments and Oral Health - Cavendish Health","isPartOf":{"@id":"https:\/\/www.cavendishsaglik.com\/en\/#website"},"primaryImageOfPage":{"@id":"https:\/\/www.cavendishsaglik.com\/en\/health-services\/dental-treatments-and-oral-health\/#primaryimage"},"image":{"@id":"https:\/\/www.cavendishsaglik.com\/en\/health-services\/dental-treatments-and-oral-health\/#primaryimage"},"thumbnailUrl":"http:\/\/www.cavendishsaglik.com\/en\/wp-content\/uploads\/elementor\/thumbs\/CavendishHealth-DisHastaliklari-MiniBanner768x515-pwfou9vruf3nf7y31rmosuh2m8gkjhnlz8egnh60tc.jpg","datePublished":"2022-10-15T13:39:39+00:00","dateModified":"2022-10-20T11:43:04+00:00","breadcrumb":{"@id":"https:\/\/www.cavendishsaglik.com\/en\/health-services\/dental-treatments-and-oral-health\/#breadcrumb"},"inLanguage":"tr","potentialAction":[{"@type":"ReadAction","target":["https:\/\/www.cavendishsaglik.com\/en\/health-services\/dental-treatments-and-oral-health\/"]}]},{"@type":"ImageObject","inLanguage":"tr","@id":"https:\/\/www.cavendishsaglik.com\/en\/health-services\/dental-treatments-and-oral-health\/#primaryimage","url":"http:\/\/www.cavendishsaglik.com\/en\/wp-content\/uploads\/elementor\/thumbs\/CavendishHealth-DisHastaliklari-MiniBanner768x515-pwfou9vruf3nf7y31rmosuh2m8gkjhnlz8egnh60tc.jpg","contentUrl":"http:\/\/www.cavendishsaglik.com\/en\/wp-content\/uploads\/elementor\/thumbs\/CavendishHealth-DisHastaliklari-MiniBanner768x515-pwfou9vruf3nf7y31rmosuh2m8gkjhnlz8egnh60tc.jpg"},{"@type":"BreadcrumbList","@id":"https:\/\/www.cavendishsaglik.com\/en\/health-services\/dental-treatments-and-oral-health\/#breadcrumb","itemListElement":[{"@type":"ListItem","position":1,"name":"Anasayfa","item":"https:\/\/www.cavendishsaglik.com\/en\/"},{"@type":"ListItem","position":2,"name":"Health Services","item":"https:\/\/www.cavendishsaglik.com\/en\/health-services\/"},{"@type":"ListItem","position":3,"name":"Dental Treatments and Oral Health"}]},{"@type":"WebSite","@id":"https:\/\/www.cavendishsaglik.com\/en\/#website","url":"https:\/\/www.cavendishsaglik.com\/en\/","name":"Cavendish Health","description":"Uluslararas\u0131 Sa\u011fl\u0131k Turizmi Acentesi","potentialAction":[{"@type":"SearchAction","target":{"@type":"EntryPoint","urlTemplate":"https:\/\/www.cavendishsaglik.com\/en\/?s={search_term_string}"},"query-input":{"@type":"PropertyValueSpecification","valueRequired":true,"valueName":"search_term_string"}}],"inLanguage":"tr"}]}},"_links":{"self":[{"href":"https:\/\/www.cavendishsaglik.com\/en\/wp-json\/wp\/v2\/pages\/695","targetHints":{"allow":["GET"]}}],"collection":[{"href":"https:\/\/www.cavendishsaglik.com\/en\/wp-json\/wp\/v2\/pages"}],"about":[{"href":"https:\/\/www.cavendishsaglik.com\/en\/wp-json\/wp\/v2\/types\/page"}],"author":[{"embeddable":true,"href":"https:\/\/www.cavendishsaglik.com\/en\/wp-json\/wp\/v2\/users\/1"}],"replies":[{"embeddable":true,"href":"https:\/\/www.cavendishsaglik.com\/en\/wp-json\/wp\/v2\/comments?post=695"}],"version-history":[{"count":32,"href":"https:\/\/www.cavendishsaglik.com\/en\/wp-json\/wp\/v2\/pages\/695\/revisions"}],"predecessor-version":[{"id":1559,"href":"https:\/\/www.cavendishsaglik.com\/en\/wp-json\/wp\/v2\/pages\/695\/revisions\/1559"}],"up":[{"embeddable":true,"href":"https:\/\/www.cavendishsaglik.com\/en\/wp-json\/wp\/v2\/pages\/679"}],"wp:attachment":[{"href":"https:\/\/www.cavendishsaglik.com\/en\/wp-json\/wp\/v2\/media?parent=695"}],"curies":[{"name":"wp","href":"https:\/\/api.w.org\/{rel}","templated":true}]}}