{"id":704,"date":"2022-10-15T14:02:45","date_gmt":"2022-10-15T14:02:45","guid":{"rendered":"https:\/\/www.cavendishsaglik.com\/en\/?page_id=704"},"modified":"2022-10-20T11:43:40","modified_gmt":"2022-10-20T11:43:40","slug":"medical-aesthetic-cosmetic-treatments","status":"publish","type":"page","link":"https:\/\/www.cavendishsaglik.com\/en\/health-services\/medical-aesthetic-cosmetic-treatments\/","title":{"rendered":"Medical Aesthetic &#038; Cosmetic Treatments"},"content":{"rendered":"\t\t<div data-elementor-type=\"wp-page\" data-elementor-id=\"704\" class=\"elementor elementor-704\">\n\t\t\t\t\t\t<section class=\"elementor-section elementor-top-section elementor-element elementor-element-a156e4b elementor-section-full_width elementor-section-height-min-height elementor-section-height-default elementor-section-items-middle\" data-id=\"a156e4b\" data-element_type=\"section\" data-settings=\"{&quot;background_background&quot;:&quot;classic&quot;}\">\n\t\t\t\t\t\t\t<div class=\"elementor-background-overlay\"><\/div>\n\t\t\t\t\t\t\t<div class=\"elementor-container elementor-column-gap-no\">\n\t\t\t\t\t<div class=\"elementor-column elementor-col-100 elementor-top-column elementor-element elementor-element-e6ed9b6\" data-id=\"e6ed9b6\" data-element_type=\"column\">\n\t\t\t<div class=\"elementor-widget-wrap elementor-element-populated\">\n\t\t\t\t\t\t<section class=\"elementor-section elementor-inner-section elementor-element elementor-element-51d6662 elementor-section-boxed elementor-section-height-default elementor-section-height-default\" data-id=\"51d6662\" data-element_type=\"section\">\n\t\t\t\t\t\t<div class=\"elementor-container elementor-column-gap-no\">\n\t\t\t\t\t<div class=\"elementor-column elementor-col-100 elementor-inner-column elementor-element elementor-element-eec4dcb\" data-id=\"eec4dcb\" data-element_type=\"column\">\n\t\t\t<div class=\"elementor-widget-wrap elementor-element-populated\">\n\t\t\t\t\t\t<div class=\"elementor-element elementor-element-6af635a elementor-widget elementor-widget-heading\" data-id=\"6af635a\" data-element_type=\"widget\" data-widget_type=\"heading.default\">\n\t\t\t\t<div class=\"elementor-widget-container\">\n\t\t\t\t\t<h4 class=\"elementor-heading-title elementor-size-default\">MEDICAL AESTHETIC &amp; COSMETIC TREATMENTS<\/h4>\t\t\t\t<\/div>\n\t\t\t\t<\/div>\n\t\t\t\t\t<\/div>\n\t\t<\/div>\n\t\t\t\t\t<\/div>\n\t\t<\/section>\n\t\t\t\t\t<\/div>\n\t\t<\/div>\n\t\t\t\t\t<\/div>\n\t\t<\/section>\n\t\t\t\t<section class=\"elementor-section elementor-top-section elementor-element elementor-element-1830724 elementor-section-boxed elementor-section-height-default elementor-section-height-default\" data-id=\"1830724\" data-element_type=\"section\" data-settings=\"{&quot;background_background&quot;:&quot;classic&quot;}\">\n\t\t\t\t\t\t<div class=\"elementor-container elementor-column-gap-no\">\n\t\t\t\t\t<div class=\"elementor-column elementor-col-100 elementor-top-column elementor-element elementor-element-2902bec\" data-id=\"2902bec\" data-element_type=\"column\">\n\t\t\t<div class=\"elementor-widget-wrap elementor-element-populated\">\n\t\t\t\t\t\t<section class=\"elementor-section elementor-inner-section elementor-element elementor-element-421274e elementor-section-boxed elementor-section-height-default elementor-section-height-default\" data-id=\"421274e\" data-element_type=\"section\">\n\t\t\t\t\t\t<div class=\"elementor-container elementor-column-gap-no\">\n\t\t\t\t\t<div class=\"elementor-column elementor-col-100 elementor-inner-column elementor-element elementor-element-817597d\" data-id=\"817597d\" data-element_type=\"column\">\n\t\t\t<div class=\"elementor-widget-wrap elementor-element-populated\">\n\t\t\t\t\t\t<div class=\"elementor-element elementor-element-804f108 elementor-widget elementor-widget-image\" data-id=\"804f108\" data-element_type=\"widget\" data-widget_type=\"image.default\">\n\t\t\t\t<div class=\"elementor-widget-container\">\n\t\t\t\t\t\t\t\t\t\t\t\t\t\t\t<img decoding=\"async\" src=\"https:\/\/www.cavendishsaglik.com\/en\/wp-content\/uploads\/elementor\/thumbs\/CavendishHealth-MedikalEstetik-MiniBanner768x515-pwfoul5u4fj3ajhp7wi7mrmlquwz3uwe0s8aespaqo.jpg\" title=\"CavendishHealth-MedikalEstetik-MiniBanner(768&#215;515)\" alt=\"CavendishHealth-MedikalEstetik-MiniBanner(768x515)\" loading=\"lazy\" \/>\t\t\t\t\t\t\t\t\t\t\t\t\t\t\t<\/div>\n\t\t\t\t<\/div>\n\t\t\t\t<div class=\"elementor-element elementor-element-213be44 elementor-widget elementor-widget-text-editor\" data-id=\"213be44\" data-element_type=\"widget\" data-widget_type=\"text-editor.default\">\n\t\t\t\t<div class=\"elementor-widget-container\">\n\t\t\t\t\t\t\t\t\t<p>Medical aesthetics includes non-invasive or minimally invasive technologies and techniques, without general anesthesia and without cutting tissues. Invasive procedures in medical aesthetics often require injections under the skin or under the skin. In this way, it is possible to remove wrinkles, prevent excessive sweating, have a more voluminous lip structure and delay the aging of the skin.<\/p><p>The rapid development of the field of medical aesthetics internationally is due to the demand of patients for non-surgical rejuvenation procedures. People want these procedures not because they are sick, but because they want to look and feel better.<\/p><p>All healthy patients who do not need surgery in rhinoplasty, facial rejuvenation and other aesthetic operations can have medical aesthetics. However, the specialist doctor will decide whether patients with special conditions are suitable for the application. Especially after the age of 40, when the effects of aging begin to become evident, patients may need aesthetic surgery. As long as health conditions do not create an obstacle, a person can have medical aesthetics at any age.<\/p><p>\u00a0<\/p><p><strong>COSMETIC &amp; MEDICAL AESTHETIC APPLICATIONS<\/strong><\/p><p>One of the most exciting areas of modern medicine: medical aesthetics. Patients do not only want to be healthy, but also want to live life to the fullest, be fit and minimize the effects of aging. In addition, patients demand the most eye-catching change possible with a minimum of intervention, which is fast, with little risk, and will not go under the knife if possible. When this is the case, we see that needles have replaced the scalpel in medical aesthetic applications.<\/p><p>Here are some of the most preferred applications:<\/p><ul><li>Botox<\/li><li>Facial Rejuvenation Applications<\/li><li>Dermapen<\/li><li>Body Shaping and Cellulite Treatment<\/li><li>Stem Cell Therapy<\/li><li>Laser and IPL<\/li><li>Scar Management<\/li><li>Venous Treatment<\/li><li>Non-Surgical Rhinoplasty<\/li><li>Under Eye Light Filling<\/li><li>Between Eyebrows \/ Cheek \/ Chin Filling<\/li><li>Nasolabial Filling<\/li><li>Cheek Thinning<\/li><li>Wrinkle Treatment<\/li><li>Spot Treatment<\/li><li>Mesolifting<\/li><li>Mesotherapy Applications<\/li><li>Chemical Peeling<\/li><li>Lip filler<\/li><li>Scar Treatment<\/li><li>Non-Surgical Face Lift<\/li><\/ul>\t\t\t\t\t\t\t\t<\/div>\n\t\t\t\t<\/div>\n\t\t\t\t\t<\/div>\n\t\t<\/div>\n\t\t\t\t\t<\/div>\n\t\t<\/section>\n\t\t\t\t\t<\/div>\n\t\t<\/div>\n\t\t\t\t\t<\/div>\n\t\t<\/section>\n\t\t\t\t<section class=\"elementor-section elementor-top-section elementor-element elementor-element-492948d elementor-section-full_width elementor-section-height-min-height elementor-section-height-default elementor-section-items-middle\" data-id=\"492948d\" data-element_type=\"section\" data-settings=\"{&quot;background_background&quot;:&quot;classic&quot;}\">\n\t\t\t\t\t\t<div class=\"elementor-container elementor-column-gap-no\">\n\t\t\t\t\t<div class=\"elementor-column elementor-col-100 elementor-top-column elementor-element elementor-element-d9aaaf5\" data-id=\"d9aaaf5\" data-element_type=\"column\">\n\t\t\t<div class=\"elementor-widget-wrap elementor-element-populated\">\n\t\t\t\t\t\t<section class=\"elementor-section elementor-inner-section elementor-element elementor-element-b199bc4 elementor-section-boxed elementor-section-height-default elementor-section-height-default\" data-id=\"b199bc4\" data-element_type=\"section\">\n\t\t\t\t\t\t<div class=\"elementor-container elementor-column-gap-no\">\n\t\t\t\t\t<div class=\"elementor-column elementor-col-50 elementor-inner-column elementor-element elementor-element-7873f22\" data-id=\"7873f22\" data-element_type=\"column\">\n\t\t\t<div class=\"elementor-widget-wrap elementor-element-populated\">\n\t\t\t\t\t\t<div class=\"elementor-element elementor-element-c2ecf01 elementor-widget__width-auto elementor-widget-tablet__width-initial elementor-widget-mobile__width-inherit elementor-view-default elementor-widget elementor-widget-icon\" data-id=\"c2ecf01\" data-element_type=\"widget\" data-widget_type=\"icon.default\">\n\t\t\t\t<div class=\"elementor-widget-container\">\n\t\t\t\t\t\t\t<div class=\"elementor-icon-wrapper\">\n\t\t\t<div class=\"elementor-icon\">\n\t\t\t<i aria-hidden=\"true\" class=\"fas fa-phone-alt\"><\/i>\t\t\t<\/div>\n\t\t<\/div>\n\t\t\t\t\t\t<\/div>\n\t\t\t\t<\/div>\n\t\t\t\t<div class=\"elementor-element elementor-element-e5509cb elementor-widget__width-auto elementor-widget-tablet__width-initial elementor-widget-mobile__width-inherit elementor-widget elementor-widget-icon-box\" data-id=\"e5509cb\" data-element_type=\"widget\" data-widget_type=\"icon-box.default\">\n\t\t\t\t<div class=\"elementor-widget-container\">\n\t\t\t\t\t\t\t<div class=\"elementor-icon-box-wrapper\">\n\n\t\t\t\n\t\t\t\t\t\t<div class=\"elementor-icon-box-content\">\n\n\t\t\t\t\t\t\t\t\t<h6 class=\"elementor-icon-box-title\">\n\t\t\t\t\t\t<span  >\n\t\t\t\t\t\t\tContact Us\t\t\t\t\t\t<\/span>\n\t\t\t\t\t<\/h6>\n\t\t\t\t\n\t\t\t\t\t\t\t\t\t<p class=\"elementor-icon-box-description\">\n\t\t\t\t\t\tLet our experts answer your questions.\t\t\t\t\t<\/p>\n\t\t\t\t\n\t\t\t<\/div>\n\t\t\t\n\t\t<\/div>\n\t\t\t\t\t\t<\/div>\n\t\t\t\t<\/div>\n\t\t\t\t\t<\/div>\n\t\t<\/div>\n\t\t\t\t<div class=\"elementor-column elementor-col-50 elementor-inner-column elementor-element elementor-element-20d4660\" data-id=\"20d4660\" data-element_type=\"column\">\n\t\t\t<div class=\"elementor-widget-wrap elementor-element-populated\">\n\t\t\t\t\t\t<div class=\"elementor-element elementor-element-a53790c elementor-align-right elementor-mobile-align-center elementor-widget elementor-widget-button\" data-id=\"a53790c\" data-element_type=\"widget\" data-widget_type=\"button.default\">\n\t\t\t\t<div class=\"elementor-widget-container\">\n\t\t\t\t\t\t\t\t\t<div class=\"elementor-button-wrapper\">\n\t\t\t\t\t<a class=\"elementor-button elementor-button-link elementor-size-sm\" href=\"https:\/\/www.cavendishsaglik.com\/en\/contact\/\">\n\t\t\t\t\t\t<span class=\"elementor-button-content-wrapper\">\n\t\t\t\t\t\t\t\t\t<span class=\"elementor-button-text\">Contact Us<\/span>\n\t\t\t\t\t<\/span>\n\t\t\t\t\t<\/a>\n\t\t\t\t<\/div>\n\t\t\t\t\t\t\t\t<\/div>\n\t\t\t\t<\/div>\n\t\t\t\t\t<\/div>\n\t\t<\/div>\n\t\t\t\t\t<\/div>\n\t\t<\/section>\n\t\t\t\t\t<\/div>\n\t\t<\/div>\n\t\t\t\t\t<\/div>\n\t\t<\/section>\n\t\t\t\t<\/div>\n\t\t","protected":false},"excerpt":{"rendered":"<p>MEDICAL AESTHETIC &#038; COSMETIC TREATMENTS Medical aesthetics includes non-invasive or minimally invasive technologies and techniques, without general anesthesia and without cutting tissues. Invasive procedures in medical aesthetics often require injections under the skin or under the skin. In this way, it is possible to remove wrinkles, prevent excessive sweating, have a more voluminous lip structure &hellip; <\/p>\n<p class=\"link-more\"><a href=\"https:\/\/www.cavendishsaglik.com\/en\/health-services\/medical-aesthetic-cosmetic-treatments\/\" class=\"more-link\">Okumaya devam et<span class=\"screen-reader-text\"> &#8220;Medical Aesthetic &#038; Cosmetic Treatments&#8221;<\/span><\/a><\/p>\n","protected":false},"author":1,"featured_media":0,"parent":679,"menu_order":0,"comment_status":"closed","ping_status":"closed","template":"elementor_header_footer","meta":{"_themeisle_gutenberg_block_has_review":false,"footnotes":""},"class_list":["post-704","page","type-page","status-publish","hentry","entry"],"yoast_head":"<!-- This site is optimized with the Yoast SEO plugin v26.5 - https:\/\/yoast.com\/wordpress\/plugins\/seo\/ -->\n<title>Medical Aesthetic &amp; Cosmetic Treatments - Cavendish Health<\/title>\n<meta name=\"robots\" content=\"index, follow, max-snippet:-1, max-image-preview:large, max-video-preview:-1\" \/>\n<link rel=\"canonical\" href=\"https:\/\/www.cavendishsaglik.com\/en\/health-services\/medical-aesthetic-cosmetic-treatments\/\" \/>\n<meta property=\"og:locale\" content=\"tr_TR\" \/>\n<meta property=\"og:type\" content=\"article\" \/>\n<meta property=\"og:title\" content=\"Medical Aesthetic &amp; Cosmetic Treatments - Cavendish Health\" \/>\n<meta property=\"og:description\" content=\"MEDICAL AESTHETIC &#038; COSMETIC TREATMENTS Medical aesthetics includes non-invasive or minimally invasive technologies and techniques, without general anesthesia and without cutting tissues. Invasive procedures in medical aesthetics often require injections under the skin or under the skin. In this way, it is possible to remove wrinkles, prevent excessive sweating, have a more voluminous lip structure &hellip; Okumaya devam et &quot;Medical Aesthetic &#038; Cosmetic Treatments&quot;\" \/>\n<meta property=\"og:url\" content=\"https:\/\/www.cavendishsaglik.com\/en\/health-services\/medical-aesthetic-cosmetic-treatments\/\" \/>\n<meta property=\"og:site_name\" content=\"Cavendish Health\" \/>\n<meta property=\"article:modified_time\" content=\"2022-10-20T11:43:40+00:00\" \/>\n<meta property=\"og:image\" content=\"http:\/\/www.cavendishsaglik.com\/en\/wp-content\/uploads\/elementor\/thumbs\/CavendishHealth-MedikalEstetik-MiniBanner768x515-pwfoul5u4fj3ajhp7wi7mrmlquwz3uwe0s8aespaqo.jpg\" \/>\n<meta name=\"twitter:card\" content=\"summary_large_image\" \/>\n<meta name=\"twitter:label1\" content=\"Tahmini okuma s\u00fcresi\" \/>\n\t<meta name=\"twitter:data1\" content=\"3 dakika\" \/>\n<script type=\"application\/ld+json\" class=\"yoast-schema-graph\">{\"@context\":\"https:\/\/schema.org\",\"@graph\":[{\"@type\":\"WebPage\",\"@id\":\"https:\/\/www.cavendishsaglik.com\/en\/health-services\/medical-aesthetic-cosmetic-treatments\/\",\"url\":\"https:\/\/www.cavendishsaglik.com\/en\/health-services\/medical-aesthetic-cosmetic-treatments\/\",\"name\":\"Medical Aesthetic & Cosmetic Treatments - Cavendish Health\",\"isPartOf\":{\"@id\":\"https:\/\/www.cavendishsaglik.com\/en\/#website\"},\"primaryImageOfPage\":{\"@id\":\"https:\/\/www.cavendishsaglik.com\/en\/health-services\/medical-aesthetic-cosmetic-treatments\/#primaryimage\"},\"image\":{\"@id\":\"https:\/\/www.cavendishsaglik.com\/en\/health-services\/medical-aesthetic-cosmetic-treatments\/#primaryimage\"},\"thumbnailUrl\":\"http:\/\/www.cavendishsaglik.com\/en\/wp-content\/uploads\/elementor\/thumbs\/CavendishHealth-MedikalEstetik-MiniBanner768x515-pwfoul5u4fj3ajhp7wi7mrmlquwz3uwe0s8aespaqo.jpg\",\"datePublished\":\"2022-10-15T14:02:45+00:00\",\"dateModified\":\"2022-10-20T11:43:40+00:00\",\"breadcrumb\":{\"@id\":\"https:\/\/www.cavendishsaglik.com\/en\/health-services\/medical-aesthetic-cosmetic-treatments\/#breadcrumb\"},\"inLanguage\":\"tr\",\"potentialAction\":[{\"@type\":\"ReadAction\",\"target\":[\"https:\/\/www.cavendishsaglik.com\/en\/health-services\/medical-aesthetic-cosmetic-treatments\/\"]}]},{\"@type\":\"ImageObject\",\"inLanguage\":\"tr\",\"@id\":\"https:\/\/www.cavendishsaglik.com\/en\/health-services\/medical-aesthetic-cosmetic-treatments\/#primaryimage\",\"url\":\"http:\/\/www.cavendishsaglik.com\/en\/wp-content\/uploads\/elementor\/thumbs\/CavendishHealth-MedikalEstetik-MiniBanner768x515-pwfoul5u4fj3ajhp7wi7mrmlquwz3uwe0s8aespaqo.jpg\",\"contentUrl\":\"http:\/\/www.cavendishsaglik.com\/en\/wp-content\/uploads\/elementor\/thumbs\/CavendishHealth-MedikalEstetik-MiniBanner768x515-pwfoul5u4fj3ajhp7wi7mrmlquwz3uwe0s8aespaqo.jpg\"},{\"@type\":\"BreadcrumbList\",\"@id\":\"https:\/\/www.cavendishsaglik.com\/en\/health-services\/medical-aesthetic-cosmetic-treatments\/#breadcrumb\",\"itemListElement\":[{\"@type\":\"ListItem\",\"position\":1,\"name\":\"Anasayfa\",\"item\":\"https:\/\/www.cavendishsaglik.com\/en\/\"},{\"@type\":\"ListItem\",\"position\":2,\"name\":\"Health Services\",\"item\":\"https:\/\/www.cavendishsaglik.com\/en\/health-services\/\"},{\"@type\":\"ListItem\",\"position\":3,\"name\":\"Medical Aesthetic &#038; Cosmetic Treatments\"}]},{\"@type\":\"WebSite\",\"@id\":\"https:\/\/www.cavendishsaglik.com\/en\/#website\",\"url\":\"https:\/\/www.cavendishsaglik.com\/en\/\",\"name\":\"Cavendish Health\",\"description\":\"Uluslararas\u0131 Sa\u011fl\u0131k Turizmi Acentesi\",\"potentialAction\":[{\"@type\":\"SearchAction\",\"target\":{\"@type\":\"EntryPoint\",\"urlTemplate\":\"https:\/\/www.cavendishsaglik.com\/en\/?s={search_term_string}\"},\"query-input\":{\"@type\":\"PropertyValueSpecification\",\"valueRequired\":true,\"valueName\":\"search_term_string\"}}],\"inLanguage\":\"tr\"}]}<\/script>\n<!-- \/ Yoast SEO plugin. -->","yoast_head_json":{"title":"Medical Aesthetic & Cosmetic Treatments - Cavendish Health","robots":{"index":"index","follow":"follow","max-snippet":"max-snippet:-1","max-image-preview":"max-image-preview:large","max-video-preview":"max-video-preview:-1"},"canonical":"https:\/\/www.cavendishsaglik.com\/en\/health-services\/medical-aesthetic-cosmetic-treatments\/","og_locale":"tr_TR","og_type":"article","og_title":"Medical Aesthetic & Cosmetic Treatments - Cavendish Health","og_description":"MEDICAL AESTHETIC &#038; COSMETIC TREATMENTS Medical aesthetics includes non-invasive or minimally invasive technologies and techniques, without general anesthesia and without cutting tissues. Invasive procedures in medical aesthetics often require injections under the skin or under the skin. In this way, it is possible to remove wrinkles, prevent excessive sweating, have a more voluminous lip structure &hellip; Okumaya devam et \"Medical Aesthetic &#038; Cosmetic Treatments\"","og_url":"https:\/\/www.cavendishsaglik.com\/en\/health-services\/medical-aesthetic-cosmetic-treatments\/","og_site_name":"Cavendish Health","article_modified_time":"2022-10-20T11:43:40+00:00","og_image":[{"url":"http:\/\/www.cavendishsaglik.com\/en\/wp-content\/uploads\/elementor\/thumbs\/CavendishHealth-MedikalEstetik-MiniBanner768x515-pwfoul5u4fj3ajhp7wi7mrmlquwz3uwe0s8aespaqo.jpg","type":"","width":"","height":""}],"twitter_card":"summary_large_image","twitter_misc":{"Tahmini okuma s\u00fcresi":"3 dakika"},"schema":{"@context":"https:\/\/schema.org","@graph":[{"@type":"WebPage","@id":"https:\/\/www.cavendishsaglik.com\/en\/health-services\/medical-aesthetic-cosmetic-treatments\/","url":"https:\/\/www.cavendishsaglik.com\/en\/health-services\/medical-aesthetic-cosmetic-treatments\/","name":"Medical Aesthetic & Cosmetic Treatments - Cavendish Health","isPartOf":{"@id":"https:\/\/www.cavendishsaglik.com\/en\/#website"},"primaryImageOfPage":{"@id":"https:\/\/www.cavendishsaglik.com\/en\/health-services\/medical-aesthetic-cosmetic-treatments\/#primaryimage"},"image":{"@id":"https:\/\/www.cavendishsaglik.com\/en\/health-services\/medical-aesthetic-cosmetic-treatments\/#primaryimage"},"thumbnailUrl":"http:\/\/www.cavendishsaglik.com\/en\/wp-content\/uploads\/elementor\/thumbs\/CavendishHealth-MedikalEstetik-MiniBanner768x515-pwfoul5u4fj3ajhp7wi7mrmlquwz3uwe0s8aespaqo.jpg","datePublished":"2022-10-15T14:02:45+00:00","dateModified":"2022-10-20T11:43:40+00:00","breadcrumb":{"@id":"https:\/\/www.cavendishsaglik.com\/en\/health-services\/medical-aesthetic-cosmetic-treatments\/#breadcrumb"},"inLanguage":"tr","potentialAction":[{"@type":"ReadAction","target":["https:\/\/www.cavendishsaglik.com\/en\/health-services\/medical-aesthetic-cosmetic-treatments\/"]}]},{"@type":"ImageObject","inLanguage":"tr","@id":"https:\/\/www.cavendishsaglik.com\/en\/health-services\/medical-aesthetic-cosmetic-treatments\/#primaryimage","url":"http:\/\/www.cavendishsaglik.com\/en\/wp-content\/uploads\/elementor\/thumbs\/CavendishHealth-MedikalEstetik-MiniBanner768x515-pwfoul5u4fj3ajhp7wi7mrmlquwz3uwe0s8aespaqo.jpg","contentUrl":"http:\/\/www.cavendishsaglik.com\/en\/wp-content\/uploads\/elementor\/thumbs\/CavendishHealth-MedikalEstetik-MiniBanner768x515-pwfoul5u4fj3ajhp7wi7mrmlquwz3uwe0s8aespaqo.jpg"},{"@type":"BreadcrumbList","@id":"https:\/\/www.cavendishsaglik.com\/en\/health-services\/medical-aesthetic-cosmetic-treatments\/#breadcrumb","itemListElement":[{"@type":"ListItem","position":1,"name":"Anasayfa","item":"https:\/\/www.cavendishsaglik.com\/en\/"},{"@type":"ListItem","position":2,"name":"Health Services","item":"https:\/\/www.cavendishsaglik.com\/en\/health-services\/"},{"@type":"ListItem","position":3,"name":"Medical Aesthetic &#038; Cosmetic Treatments"}]},{"@type":"WebSite","@id":"https:\/\/www.cavendishsaglik.com\/en\/#website","url":"https:\/\/www.cavendishsaglik.com\/en\/","name":"Cavendish Health","description":"Uluslararas\u0131 Sa\u011fl\u0131k Turizmi Acentesi","potentialAction":[{"@type":"SearchAction","target":{"@type":"EntryPoint","urlTemplate":"https:\/\/www.cavendishsaglik.com\/en\/?s={search_term_string}"},"query-input":{"@type":"PropertyValueSpecification","valueRequired":true,"valueName":"search_term_string"}}],"inLanguage":"tr"}]}},"_links":{"self":[{"href":"https:\/\/www.cavendishsaglik.com\/en\/wp-json\/wp\/v2\/pages\/704","targetHints":{"allow":["GET"]}}],"collection":[{"href":"https:\/\/www.cavendishsaglik.com\/en\/wp-json\/wp\/v2\/pages"}],"about":[{"href":"https:\/\/www.cavendishsaglik.com\/en\/wp-json\/wp\/v2\/types\/page"}],"author":[{"embeddable":true,"href":"https:\/\/www.cavendishsaglik.com\/en\/wp-json\/wp\/v2\/users\/1"}],"replies":[{"embeddable":true,"href":"https:\/\/www.cavendishsaglik.com\/en\/wp-json\/wp\/v2\/comments?post=704"}],"version-history":[{"count":32,"href":"https:\/\/www.cavendishsaglik.com\/en\/wp-json\/wp\/v2\/pages\/704\/revisions"}],"predecessor-version":[{"id":1562,"href":"https:\/\/www.cavendishsaglik.com\/en\/wp-json\/wp\/v2\/pages\/704\/revisions\/1562"}],"up":[{"embeddable":true,"href":"https:\/\/www.cavendishsaglik.com\/en\/wp-json\/wp\/v2\/pages\/679"}],"wp:attachment":[{"href":"https:\/\/www.cavendishsaglik.com\/en\/wp-json\/wp\/v2\/media?parent=704"}],"curies":[{"name":"wp","href":"https:\/\/api.w.org\/{rel}","templated":true}]}}