{"id":709,"date":"2022-10-15T14:31:39","date_gmt":"2022-10-15T14:31:39","guid":{"rendered":"https:\/\/www.cavendishsaglik.com\/en\/?page_id=709"},"modified":"2022-10-20T11:44:00","modified_gmt":"2022-10-20T11:44:00","slug":"skin-treatments","status":"publish","type":"page","link":"https:\/\/www.cavendishsaglik.com\/en\/health-services\/skin-treatments\/","title":{"rendered":"Skin Treatments"},"content":{"rendered":"\t\t<div data-elementor-type=\"wp-page\" data-elementor-id=\"709\" class=\"elementor elementor-709\">\n\t\t\t\t\t\t<section class=\"elementor-section elementor-top-section elementor-element elementor-element-5b0fff4 elementor-section-full_width elementor-section-height-min-height elementor-section-height-default elementor-section-items-middle\" data-id=\"5b0fff4\" data-element_type=\"section\" data-settings=\"{&quot;background_background&quot;:&quot;classic&quot;}\">\n\t\t\t\t\t\t\t<div class=\"elementor-background-overlay\"><\/div>\n\t\t\t\t\t\t\t<div class=\"elementor-container elementor-column-gap-no\">\n\t\t\t\t\t<div class=\"elementor-column elementor-col-100 elementor-top-column elementor-element elementor-element-5592e4e\" data-id=\"5592e4e\" data-element_type=\"column\">\n\t\t\t<div class=\"elementor-widget-wrap elementor-element-populated\">\n\t\t\t\t\t\t<section class=\"elementor-section elementor-inner-section elementor-element elementor-element-a883eb4 elementor-section-boxed elementor-section-height-default elementor-section-height-default\" data-id=\"a883eb4\" data-element_type=\"section\">\n\t\t\t\t\t\t<div class=\"elementor-container elementor-column-gap-no\">\n\t\t\t\t\t<div class=\"elementor-column elementor-col-100 elementor-inner-column elementor-element elementor-element-9acba2c\" data-id=\"9acba2c\" data-element_type=\"column\">\n\t\t\t<div class=\"elementor-widget-wrap elementor-element-populated\">\n\t\t\t\t\t\t<div class=\"elementor-element elementor-element-410da0e elementor-widget elementor-widget-heading\" data-id=\"410da0e\" data-element_type=\"widget\" data-widget_type=\"heading.default\">\n\t\t\t\t<div class=\"elementor-widget-container\">\n\t\t\t\t\t<h4 class=\"elementor-heading-title elementor-size-default\">SKIN TREATMENTS<\/h4>\t\t\t\t<\/div>\n\t\t\t\t<\/div>\n\t\t\t\t\t<\/div>\n\t\t<\/div>\n\t\t\t\t\t<\/div>\n\t\t<\/section>\n\t\t\t\t\t<\/div>\n\t\t<\/div>\n\t\t\t\t\t<\/div>\n\t\t<\/section>\n\t\t\t\t<section class=\"elementor-section elementor-top-section elementor-element elementor-element-f510542 elementor-section-boxed elementor-section-height-default elementor-section-height-default\" data-id=\"f510542\" data-element_type=\"section\" data-settings=\"{&quot;background_background&quot;:&quot;classic&quot;}\">\n\t\t\t\t\t\t<div class=\"elementor-container elementor-column-gap-no\">\n\t\t\t\t\t<div class=\"elementor-column elementor-col-100 elementor-top-column elementor-element elementor-element-62bdf66\" data-id=\"62bdf66\" data-element_type=\"column\">\n\t\t\t<div class=\"elementor-widget-wrap elementor-element-populated\">\n\t\t\t\t\t\t<section class=\"elementor-section elementor-inner-section elementor-element elementor-element-5c7c399 elementor-section-boxed elementor-section-height-default elementor-section-height-default\" data-id=\"5c7c399\" data-element_type=\"section\">\n\t\t\t\t\t\t<div class=\"elementor-container elementor-column-gap-no\">\n\t\t\t\t\t<div class=\"elementor-column elementor-col-100 elementor-inner-column elementor-element elementor-element-0c44226\" data-id=\"0c44226\" data-element_type=\"column\">\n\t\t\t<div class=\"elementor-widget-wrap elementor-element-populated\">\n\t\t\t\t\t\t<div class=\"elementor-element elementor-element-490dee3 elementor-widget elementor-widget-image\" data-id=\"490dee3\" data-element_type=\"widget\" data-widget_type=\"image.default\">\n\t\t\t\t<div class=\"elementor-widget-container\">\n\t\t\t\t\t\t\t\t\t\t\t\t\t\t\t<img decoding=\"async\" src=\"https:\/\/www.cavendishsaglik.com\/en\/wp-content\/uploads\/elementor\/thumbs\/CavendishHealth-CiltTedavileri-MiniBanner768x515-pwhce55xm3w9pfuvcyssacjuczlpn1o0eedqg8fj4w.jpg\" title=\"CavendishHealth-CiltTedavileri-MiniBanner(768&#215;515)\" alt=\"CavendishHealth-CiltTedavileri-MiniBanner(768x515)\" loading=\"lazy\" \/>\t\t\t\t\t\t\t\t\t\t\t\t\t\t\t<\/div>\n\t\t\t\t<\/div>\n\t\t\t\t<div class=\"elementor-element elementor-element-7104046 elementor-widget elementor-widget-text-editor\" data-id=\"7104046\" data-element_type=\"widget\" data-widget_type=\"text-editor.default\">\n\t\t\t\t<div class=\"elementor-widget-container\">\n\t\t\t\t\t\t\t\t\t<p>The skin is an organ that is open to the formation of diseases because it is in constant contact with the external environment. Due to frequent exposure to environmental factors, chemicals, allergens and similar stimulants in daily life, the emergence of dermatological disorders may become easier.<\/p><p>Diseases that may occur on the skin may cause aesthetic and cosmetic problems in some cases, and in some cases difficulties in performing daily functions. Therefore, dermatological diseases should be treated immediately as soon as they are noticed.<\/p><p><strong>WHEN ARE SKIN TREATMENTS NECESSARY?<\/strong><\/p><p>In adverse conditions brought by environmental conditions (air pollution, seasonal changes), mental and psychological conditions (exposure to stress, etc.), hormone transition periods such as adolescence, pregnancy, or hormonal disorders, and over time, deformations occur on the skin with aging. Along with this, changes in the color and shape of the skin, stretching of the skin over time, and capillary veins appear. It is possible to minimize the effect here with skin treatments.<\/p><p><strong>THINGS TO CONSIDER DURING SKIN TREATMENTS<\/strong><\/p><p>First, the source and type of the problem is determined by determining what the problem is in the skin. Whatever the identified problem is, the appropriate treatment method is selected together with the specialist. Skin treatments that you will do on your own and with the advice of the environment will lead to bigger and permanent problems.<\/p><p><strong>TREATMENT TECHNIQUES USED FOR SKIN TREATMENTS<\/strong><\/p><ul><li>Extreme sweating treatment<\/li><li>Tattoo removal<\/li><li>Micropigmentation<\/li><li>Acne treatment<\/li><li>Skin analysis<\/li><li>Mole treatment<\/li><li>Fractional laser treatment<\/li><li>Spot treatment<\/li><li>Stem cell therapy<\/li><li>Peelings<\/li><li>Laser capillary vessel treatment\u00a0<\/li><li>Laser spot treatment<\/li><li>Medical skin care<\/li><li>Fungal diseases<\/li><li>Psoriasis (psoriasis)<\/li><li>Drug allergies<\/li><\/ul>\t\t\t\t\t\t\t\t<\/div>\n\t\t\t\t<\/div>\n\t\t\t\t\t<\/div>\n\t\t<\/div>\n\t\t\t\t\t<\/div>\n\t\t<\/section>\n\t\t\t\t\t<\/div>\n\t\t<\/div>\n\t\t\t\t\t<\/div>\n\t\t<\/section>\n\t\t\t\t<section class=\"elementor-section elementor-top-section elementor-element elementor-element-1695466 elementor-section-full_width elementor-section-height-min-height elementor-section-height-default elementor-section-items-middle\" data-id=\"1695466\" data-element_type=\"section\" data-settings=\"{&quot;background_background&quot;:&quot;classic&quot;}\">\n\t\t\t\t\t\t<div class=\"elementor-container elementor-column-gap-no\">\n\t\t\t\t\t<div class=\"elementor-column elementor-col-100 elementor-top-column elementor-element elementor-element-eafe016\" data-id=\"eafe016\" data-element_type=\"column\">\n\t\t\t<div class=\"elementor-widget-wrap elementor-element-populated\">\n\t\t\t\t\t\t<section class=\"elementor-section elementor-inner-section elementor-element elementor-element-33873d9 elementor-section-boxed elementor-section-height-default elementor-section-height-default\" data-id=\"33873d9\" data-element_type=\"section\">\n\t\t\t\t\t\t<div class=\"elementor-container elementor-column-gap-no\">\n\t\t\t\t\t<div class=\"elementor-column elementor-col-50 elementor-inner-column elementor-element elementor-element-142e6f9\" data-id=\"142e6f9\" data-element_type=\"column\">\n\t\t\t<div class=\"elementor-widget-wrap elementor-element-populated\">\n\t\t\t\t\t\t<div class=\"elementor-element elementor-element-0cc4025 elementor-widget__width-auto elementor-widget-tablet__width-initial elementor-widget-mobile__width-inherit elementor-view-default elementor-widget elementor-widget-icon\" data-id=\"0cc4025\" data-element_type=\"widget\" data-widget_type=\"icon.default\">\n\t\t\t\t<div class=\"elementor-widget-container\">\n\t\t\t\t\t\t\t<div class=\"elementor-icon-wrapper\">\n\t\t\t<div class=\"elementor-icon\">\n\t\t\t<i aria-hidden=\"true\" class=\"fas fa-phone-alt\"><\/i>\t\t\t<\/div>\n\t\t<\/div>\n\t\t\t\t\t\t<\/div>\n\t\t\t\t<\/div>\n\t\t\t\t<div class=\"elementor-element elementor-element-856b333 elementor-widget__width-auto elementor-widget-tablet__width-initial elementor-widget-mobile__width-inherit elementor-widget elementor-widget-icon-box\" data-id=\"856b333\" data-element_type=\"widget\" data-widget_type=\"icon-box.default\">\n\t\t\t\t<div class=\"elementor-widget-container\">\n\t\t\t\t\t\t\t<div class=\"elementor-icon-box-wrapper\">\n\n\t\t\t\n\t\t\t\t\t\t<div class=\"elementor-icon-box-content\">\n\n\t\t\t\t\t\t\t\t\t<h6 class=\"elementor-icon-box-title\">\n\t\t\t\t\t\t<span  >\n\t\t\t\t\t\t\tContact Us\t\t\t\t\t\t<\/span>\n\t\t\t\t\t<\/h6>\n\t\t\t\t\n\t\t\t\t\t\t\t\t\t<p class=\"elementor-icon-box-description\">\n\t\t\t\t\t\tLet our experts answer your questions.\t\t\t\t\t<\/p>\n\t\t\t\t\n\t\t\t<\/div>\n\t\t\t\n\t\t<\/div>\n\t\t\t\t\t\t<\/div>\n\t\t\t\t<\/div>\n\t\t\t\t\t<\/div>\n\t\t<\/div>\n\t\t\t\t<div class=\"elementor-column elementor-col-50 elementor-inner-column elementor-element elementor-element-913f243\" data-id=\"913f243\" data-element_type=\"column\">\n\t\t\t<div class=\"elementor-widget-wrap elementor-element-populated\">\n\t\t\t\t\t\t<div class=\"elementor-element elementor-element-cca9bbb elementor-align-right elementor-mobile-align-center elementor-widget elementor-widget-button\" data-id=\"cca9bbb\" data-element_type=\"widget\" data-widget_type=\"button.default\">\n\t\t\t\t<div class=\"elementor-widget-container\">\n\t\t\t\t\t\t\t\t\t<div class=\"elementor-button-wrapper\">\n\t\t\t\t\t<a class=\"elementor-button elementor-button-link elementor-size-sm\" href=\"https:\/\/www.cavendishsaglik.com\/en\/contact\/\">\n\t\t\t\t\t\t<span class=\"elementor-button-content-wrapper\">\n\t\t\t\t\t\t\t\t\t<span class=\"elementor-button-text\">Contact Us<\/span>\n\t\t\t\t\t<\/span>\n\t\t\t\t\t<\/a>\n\t\t\t\t<\/div>\n\t\t\t\t\t\t\t\t<\/div>\n\t\t\t\t<\/div>\n\t\t\t\t\t<\/div>\n\t\t<\/div>\n\t\t\t\t\t<\/div>\n\t\t<\/section>\n\t\t\t\t\t<\/div>\n\t\t<\/div>\n\t\t\t\t\t<\/div>\n\t\t<\/section>\n\t\t\t\t<\/div>\n\t\t","protected":false},"excerpt":{"rendered":"<p>SKIN TREATMENTS The skin is an organ that is open to the formation of diseases because it is in constant contact with the external environment. Due to frequent exposure to environmental factors, chemicals, allergens and similar stimulants in daily life, the emergence of dermatological disorders may become easier. Diseases that may occur on the skin &hellip; <\/p>\n<p class=\"link-more\"><a href=\"https:\/\/www.cavendishsaglik.com\/en\/health-services\/skin-treatments\/\" class=\"more-link\">Okumaya devam et<span class=\"screen-reader-text\"> &#8220;Skin Treatments&#8221;<\/span><\/a><\/p>\n","protected":false},"author":1,"featured_media":0,"parent":679,"menu_order":0,"comment_status":"closed","ping_status":"closed","template":"elementor_header_footer","meta":{"_themeisle_gutenberg_block_has_review":false,"footnotes":""},"class_list":["post-709","page","type-page","status-publish","hentry","entry"],"yoast_head":"<!-- This site is optimized with the Yoast SEO plugin v26.5 - https:\/\/yoast.com\/wordpress\/plugins\/seo\/ -->\n<title>Skin Treatments - Cavendish Health<\/title>\n<meta name=\"robots\" content=\"index, follow, max-snippet:-1, max-image-preview:large, max-video-preview:-1\" \/>\n<link rel=\"canonical\" href=\"https:\/\/www.cavendishsaglik.com\/en\/health-services\/skin-treatments\/\" \/>\n<meta property=\"og:locale\" content=\"tr_TR\" \/>\n<meta property=\"og:type\" content=\"article\" \/>\n<meta property=\"og:title\" content=\"Skin Treatments - Cavendish Health\" \/>\n<meta property=\"og:description\" content=\"SKIN TREATMENTS The skin is an organ that is open to the formation of diseases because it is in constant contact with the external environment. Due to frequent exposure to environmental factors, chemicals, allergens and similar stimulants in daily life, the emergence of dermatological disorders may become easier. Diseases that may occur on the skin &hellip; Okumaya devam et &quot;Skin Treatments&quot;\" \/>\n<meta property=\"og:url\" content=\"https:\/\/www.cavendishsaglik.com\/en\/health-services\/skin-treatments\/\" \/>\n<meta property=\"og:site_name\" content=\"Cavendish Health\" \/>\n<meta property=\"article:modified_time\" content=\"2022-10-20T11:44:00+00:00\" \/>\n<meta property=\"og:image\" content=\"http:\/\/www.cavendishsaglik.com\/en\/wp-content\/uploads\/elementor\/thumbs\/CavendishHealth-CiltTedavileri-MiniBanner768x515-pwhce55xm3w9pfuvcyssacjuczlpn1o0eedqg8fj4w.jpg\" \/>\n<meta name=\"twitter:card\" content=\"summary_large_image\" \/>\n<meta name=\"twitter:label1\" content=\"Tahmini okuma s\u00fcresi\" \/>\n\t<meta name=\"twitter:data1\" content=\"2 dakika\" \/>\n<script type=\"application\/ld+json\" class=\"yoast-schema-graph\">{\"@context\":\"https:\/\/schema.org\",\"@graph\":[{\"@type\":\"WebPage\",\"@id\":\"https:\/\/www.cavendishsaglik.com\/en\/health-services\/skin-treatments\/\",\"url\":\"https:\/\/www.cavendishsaglik.com\/en\/health-services\/skin-treatments\/\",\"name\":\"Skin Treatments - Cavendish Health\",\"isPartOf\":{\"@id\":\"https:\/\/www.cavendishsaglik.com\/en\/#website\"},\"primaryImageOfPage\":{\"@id\":\"https:\/\/www.cavendishsaglik.com\/en\/health-services\/skin-treatments\/#primaryimage\"},\"image\":{\"@id\":\"https:\/\/www.cavendishsaglik.com\/en\/health-services\/skin-treatments\/#primaryimage\"},\"thumbnailUrl\":\"http:\/\/www.cavendishsaglik.com\/en\/wp-content\/uploads\/elementor\/thumbs\/CavendishHealth-CiltTedavileri-MiniBanner768x515-pwhce55xm3w9pfuvcyssacjuczlpn1o0eedqg8fj4w.jpg\",\"datePublished\":\"2022-10-15T14:31:39+00:00\",\"dateModified\":\"2022-10-20T11:44:00+00:00\",\"breadcrumb\":{\"@id\":\"https:\/\/www.cavendishsaglik.com\/en\/health-services\/skin-treatments\/#breadcrumb\"},\"inLanguage\":\"tr\",\"potentialAction\":[{\"@type\":\"ReadAction\",\"target\":[\"https:\/\/www.cavendishsaglik.com\/en\/health-services\/skin-treatments\/\"]}]},{\"@type\":\"ImageObject\",\"inLanguage\":\"tr\",\"@id\":\"https:\/\/www.cavendishsaglik.com\/en\/health-services\/skin-treatments\/#primaryimage\",\"url\":\"http:\/\/www.cavendishsaglik.com\/en\/wp-content\/uploads\/elementor\/thumbs\/CavendishHealth-CiltTedavileri-MiniBanner768x515-pwhce55xm3w9pfuvcyssacjuczlpn1o0eedqg8fj4w.jpg\",\"contentUrl\":\"http:\/\/www.cavendishsaglik.com\/en\/wp-content\/uploads\/elementor\/thumbs\/CavendishHealth-CiltTedavileri-MiniBanner768x515-pwhce55xm3w9pfuvcyssacjuczlpn1o0eedqg8fj4w.jpg\"},{\"@type\":\"BreadcrumbList\",\"@id\":\"https:\/\/www.cavendishsaglik.com\/en\/health-services\/skin-treatments\/#breadcrumb\",\"itemListElement\":[{\"@type\":\"ListItem\",\"position\":1,\"name\":\"Anasayfa\",\"item\":\"https:\/\/www.cavendishsaglik.com\/en\/\"},{\"@type\":\"ListItem\",\"position\":2,\"name\":\"Health Services\",\"item\":\"https:\/\/www.cavendishsaglik.com\/en\/health-services\/\"},{\"@type\":\"ListItem\",\"position\":3,\"name\":\"Skin Treatments\"}]},{\"@type\":\"WebSite\",\"@id\":\"https:\/\/www.cavendishsaglik.com\/en\/#website\",\"url\":\"https:\/\/www.cavendishsaglik.com\/en\/\",\"name\":\"Cavendish Health\",\"description\":\"Uluslararas\u0131 Sa\u011fl\u0131k Turizmi Acentesi\",\"potentialAction\":[{\"@type\":\"SearchAction\",\"target\":{\"@type\":\"EntryPoint\",\"urlTemplate\":\"https:\/\/www.cavendishsaglik.com\/en\/?s={search_term_string}\"},\"query-input\":{\"@type\":\"PropertyValueSpecification\",\"valueRequired\":true,\"valueName\":\"search_term_string\"}}],\"inLanguage\":\"tr\"}]}<\/script>\n<!-- \/ Yoast SEO plugin. -->","yoast_head_json":{"title":"Skin Treatments - Cavendish Health","robots":{"index":"index","follow":"follow","max-snippet":"max-snippet:-1","max-image-preview":"max-image-preview:large","max-video-preview":"max-video-preview:-1"},"canonical":"https:\/\/www.cavendishsaglik.com\/en\/health-services\/skin-treatments\/","og_locale":"tr_TR","og_type":"article","og_title":"Skin Treatments - Cavendish Health","og_description":"SKIN TREATMENTS The skin is an organ that is open to the formation of diseases because it is in constant contact with the external environment. Due to frequent exposure to environmental factors, chemicals, allergens and similar stimulants in daily life, the emergence of dermatological disorders may become easier. Diseases that may occur on the skin &hellip; Okumaya devam et \"Skin Treatments\"","og_url":"https:\/\/www.cavendishsaglik.com\/en\/health-services\/skin-treatments\/","og_site_name":"Cavendish Health","article_modified_time":"2022-10-20T11:44:00+00:00","og_image":[{"url":"http:\/\/www.cavendishsaglik.com\/en\/wp-content\/uploads\/elementor\/thumbs\/CavendishHealth-CiltTedavileri-MiniBanner768x515-pwhce55xm3w9pfuvcyssacjuczlpn1o0eedqg8fj4w.jpg","type":"","width":"","height":""}],"twitter_card":"summary_large_image","twitter_misc":{"Tahmini okuma s\u00fcresi":"2 dakika"},"schema":{"@context":"https:\/\/schema.org","@graph":[{"@type":"WebPage","@id":"https:\/\/www.cavendishsaglik.com\/en\/health-services\/skin-treatments\/","url":"https:\/\/www.cavendishsaglik.com\/en\/health-services\/skin-treatments\/","name":"Skin Treatments - Cavendish Health","isPartOf":{"@id":"https:\/\/www.cavendishsaglik.com\/en\/#website"},"primaryImageOfPage":{"@id":"https:\/\/www.cavendishsaglik.com\/en\/health-services\/skin-treatments\/#primaryimage"},"image":{"@id":"https:\/\/www.cavendishsaglik.com\/en\/health-services\/skin-treatments\/#primaryimage"},"thumbnailUrl":"http:\/\/www.cavendishsaglik.com\/en\/wp-content\/uploads\/elementor\/thumbs\/CavendishHealth-CiltTedavileri-MiniBanner768x515-pwhce55xm3w9pfuvcyssacjuczlpn1o0eedqg8fj4w.jpg","datePublished":"2022-10-15T14:31:39+00:00","dateModified":"2022-10-20T11:44:00+00:00","breadcrumb":{"@id":"https:\/\/www.cavendishsaglik.com\/en\/health-services\/skin-treatments\/#breadcrumb"},"inLanguage":"tr","potentialAction":[{"@type":"ReadAction","target":["https:\/\/www.cavendishsaglik.com\/en\/health-services\/skin-treatments\/"]}]},{"@type":"ImageObject","inLanguage":"tr","@id":"https:\/\/www.cavendishsaglik.com\/en\/health-services\/skin-treatments\/#primaryimage","url":"http:\/\/www.cavendishsaglik.com\/en\/wp-content\/uploads\/elementor\/thumbs\/CavendishHealth-CiltTedavileri-MiniBanner768x515-pwhce55xm3w9pfuvcyssacjuczlpn1o0eedqg8fj4w.jpg","contentUrl":"http:\/\/www.cavendishsaglik.com\/en\/wp-content\/uploads\/elementor\/thumbs\/CavendishHealth-CiltTedavileri-MiniBanner768x515-pwhce55xm3w9pfuvcyssacjuczlpn1o0eedqg8fj4w.jpg"},{"@type":"BreadcrumbList","@id":"https:\/\/www.cavendishsaglik.com\/en\/health-services\/skin-treatments\/#breadcrumb","itemListElement":[{"@type":"ListItem","position":1,"name":"Anasayfa","item":"https:\/\/www.cavendishsaglik.com\/en\/"},{"@type":"ListItem","position":2,"name":"Health Services","item":"https:\/\/www.cavendishsaglik.com\/en\/health-services\/"},{"@type":"ListItem","position":3,"name":"Skin Treatments"}]},{"@type":"WebSite","@id":"https:\/\/www.cavendishsaglik.com\/en\/#website","url":"https:\/\/www.cavendishsaglik.com\/en\/","name":"Cavendish Health","description":"Uluslararas\u0131 Sa\u011fl\u0131k Turizmi Acentesi","potentialAction":[{"@type":"SearchAction","target":{"@type":"EntryPoint","urlTemplate":"https:\/\/www.cavendishsaglik.com\/en\/?s={search_term_string}"},"query-input":{"@type":"PropertyValueSpecification","valueRequired":true,"valueName":"search_term_string"}}],"inLanguage":"tr"}]}},"_links":{"self":[{"href":"https:\/\/www.cavendishsaglik.com\/en\/wp-json\/wp\/v2\/pages\/709","targetHints":{"allow":["GET"]}}],"collection":[{"href":"https:\/\/www.cavendishsaglik.com\/en\/wp-json\/wp\/v2\/pages"}],"about":[{"href":"https:\/\/www.cavendishsaglik.com\/en\/wp-json\/wp\/v2\/types\/page"}],"author":[{"embeddable":true,"href":"https:\/\/www.cavendishsaglik.com\/en\/wp-json\/wp\/v2\/users\/1"}],"replies":[{"embeddable":true,"href":"https:\/\/www.cavendishsaglik.com\/en\/wp-json\/wp\/v2\/comments?post=709"}],"version-history":[{"count":35,"href":"https:\/\/www.cavendishsaglik.com\/en\/wp-json\/wp\/v2\/pages\/709\/revisions"}],"predecessor-version":[{"id":1564,"href":"https:\/\/www.cavendishsaglik.com\/en\/wp-json\/wp\/v2\/pages\/709\/revisions\/1564"}],"up":[{"embeddable":true,"href":"https:\/\/www.cavendishsaglik.com\/en\/wp-json\/wp\/v2\/pages\/679"}],"wp:attachment":[{"href":"https:\/\/www.cavendishsaglik.com\/en\/wp-json\/wp\/v2\/media?parent=709"}],"curies":[{"name":"wp","href":"https:\/\/api.w.org\/{rel}","templated":true}]}}